{"id":1882,"date":"2018-09-03T17:41:27","date_gmt":"2018-09-03T15:41:27","guid":{"rendered":"https:\/\/www.hidrolab.org\/?page_id=1882"},"modified":"2022-08-26T21:21:26","modified_gmt":"2022-08-26T19:21:26","slug":"proyecto-biometal","status":"publish","type":"page","link":"https:\/\/www.hidrolab.org\/fr\/trabajos-realizados\/proyecto-biometal\/","title":{"rendered":"Projet Biometal"},"content":{"rendered":"<p>Projet Biometal. D\u00e9veloppement d&rsquo;une nouvelle m\u00e9thode pour \u00e9liminer les m\u00e9taux dissous.<\/p>\n<p><img loading=\"lazy\" class=\"alignnone wp-image-1867\" src=\"https:\/\/www.hidrolab.org\/fr\/wp-content\/uploads\/sites\/4\/2017\/04\/biometal-01-300x247.png\" alt=\"Novel Biotechnologies for Treating Wastewater\" width=\"740\" height=\"609\" srcset=\"https:\/\/www.hidrolab.org\/fr\/wp-content\/uploads\/sites\/4\/2017\/04\/biometal-01-300x247.png 300w, https:\/\/www.hidrolab.org\/fr\/wp-content\/uploads\/sites\/4\/2017\/04\/biometal-01-768x632.png 768w, https:\/\/www.hidrolab.org\/fr\/wp-content\/uploads\/sites\/4\/2017\/04\/biometal-01.png 943w\" sizes=\"(max-width: 740px) 100vw, 740px\" \/><\/p>\n<p><img loading=\"lazy\" class=\"alignnone wp-image-1868\" src=\"https:\/\/www.hidrolab.org\/fr\/wp-content\/uploads\/sites\/4\/2017\/04\/biometal-02-300x293.png\" alt=\"Proyecto Biometal\" width=\"558\" height=\"545\" srcset=\"https:\/\/www.hidrolab.org\/fr\/wp-content\/uploads\/sites\/4\/2017\/04\/biometal-02-300x293.png 300w, https:\/\/www.hidrolab.org\/fr\/wp-content\/uploads\/sites\/4\/2017\/04\/biometal-02.png 568w\" sizes=\"(max-width: 558px) 100vw, 558px\" \/><\/p>\n","protected":false},"excerpt":{"rendered":"<p>Projet Biometal. D\u00e9veloppement d&rsquo;une nouvelle m\u00e9thode pour \u00e9liminer les m\u00e9taux dissous.<\/p>\n","protected":false},"author":1,"featured_media":1867,"parent":1872,"menu_order":0,"comment_status":"closed","ping_status":"closed","template":"","meta":{"_monsterinsights_skip_tracking":false,"_monsterinsights_sitenote_active":false,"_monsterinsights_sitenote_note":"","_monsterinsights_sitenote_category":0,"_genesis_hide_title":false,"_genesis_hide_breadcrumbs":false,"_genesis_hide_singular_image":false,"_genesis_hide_footer_widgets":false,"_genesis_custom_body_class":"","_genesis_custom_post_class":"","_genesis_layout":""},"yoast_head":"<!-- This site is optimized with the Yoast SEO plugin v19.6.1 - https:\/\/yoast.com\/wordpress\/plugins\/seo\/ -->\n<title>Projet Biometal - Fran\u00e7ais<\/title>\n<meta name=\"robots\" content=\"index, follow, max-snippet:-1, max-image-preview:large, max-video-preview:-1\" \/>\n<link rel=\"canonical\" href=\"https:\/\/www.hidrolab.org\/fr\/trabajos-realizados\/proyecto-biometal\/\" \/>\n<meta property=\"og:locale\" content=\"fr_FR\" \/>\n<meta property=\"og:type\" content=\"article\" \/>\n<meta property=\"og:title\" content=\"Projet Biometal - Fran\u00e7ais\" \/>\n<meta property=\"og:description\" content=\"Projet Biometal. D\u00e9veloppement d&rsquo;une nouvelle m\u00e9thode pour \u00e9liminer les m\u00e9taux dissous.\" \/>\n<meta property=\"og:url\" content=\"https:\/\/www.hidrolab.org\/fr\/trabajos-realizados\/proyecto-biometal\/\" \/>\n<meta property=\"og:site_name\" content=\"Fran\u00e7ais\" \/>\n<meta property=\"article:modified_time\" content=\"2022-08-26T19:21:26+00:00\" \/>\n<meta property=\"og:image\" content=\"https:\/\/www.hidrolab.org\/fr\/wp-content\/uploads\/sites\/4\/2017\/04\/biometal-01.png\" \/>\n\t<meta property=\"og:image:width\" content=\"943\" \/>\n\t<meta property=\"og:image:height\" content=\"776\" \/>\n\t<meta property=\"og:image:type\" content=\"image\/png\" \/>\n<meta name=\"twitter:card\" content=\"summary_large_image\" \/>\n<script type=\"application\/ld+json\" class=\"yoast-schema-graph\">{\"@context\":\"https:\/\/schema.org\",\"@graph\":[{\"@type\":\"WebPage\",\"@id\":\"https:\/\/www.hidrolab.org\/fr\/trabajos-realizados\/proyecto-biometal\/\",\"url\":\"https:\/\/www.hidrolab.org\/fr\/trabajos-realizados\/proyecto-biometal\/\",\"name\":\"Projet Biometal - Fran\u00e7ais\",\"isPartOf\":{\"@id\":\"https:\/\/www.hidrolab.org\/fr\/#website\"},\"datePublished\":\"2018-09-03T15:41:27+00:00\",\"dateModified\":\"2022-08-26T19:21:26+00:00\",\"breadcrumb\":{\"@id\":\"https:\/\/www.hidrolab.org\/fr\/trabajos-realizados\/proyecto-biometal\/#breadcrumb\"},\"inLanguage\":\"fr-FR\",\"potentialAction\":[{\"@type\":\"ReadAction\",\"target\":[\"https:\/\/www.hidrolab.org\/fr\/trabajos-realizados\/proyecto-biometal\/\"]}]},{\"@type\":\"BreadcrumbList\",\"@id\":\"https:\/\/www.hidrolab.org\/fr\/trabajos-realizados\/proyecto-biometal\/#breadcrumb\",\"itemListElement\":[{\"@type\":\"ListItem\",\"position\":1,\"name\":\"Portada\",\"item\":\"https:\/\/www.hidrolab.org\/fr\/\"},{\"@type\":\"ListItem\",\"position\":2,\"name\":\"Travaux r\u00e9alis\u00e9s\",\"item\":\"https:\/\/www.hidrolab.org\/fr\/trabajos-realizados\/\"},{\"@type\":\"ListItem\",\"position\":3,\"name\":\"Projet Biometal\"}]},{\"@type\":\"WebSite\",\"@id\":\"https:\/\/www.hidrolab.org\/fr\/#website\",\"url\":\"https:\/\/www.hidrolab.org\/fr\/\",\"name\":\"Fran\u00e7ais\",\"description\":\"An\u00e1lisis de aguas\",\"publisher\":{\"@id\":\"https:\/\/www.hidrolab.org\/fr\/#organization\"},\"potentialAction\":[{\"@type\":\"SearchAction\",\"target\":{\"@type\":\"EntryPoint\",\"urlTemplate\":\"https:\/\/www.hidrolab.org\/fr\/?s={search_term_string}\"},\"query-input\":\"required name=search_term_string\"}],\"inLanguage\":\"fr-FR\"},{\"@type\":\"Organization\",\"@id\":\"https:\/\/www.hidrolab.org\/fr\/#organization\",\"name\":\"Fran\u00e7ais\",\"url\":\"https:\/\/www.hidrolab.org\/fr\/\",\"sameAs\":[],\"logo\":{\"@type\":\"ImageObject\",\"inLanguage\":\"fr-FR\",\"@id\":\"https:\/\/www.hidrolab.org\/fr\/#\/schema\/logo\/image\/\",\"url\":\"https:\/\/www.hidrolab.org\/fr\/wp-content\/uploads\/sites\/4\/2018\/08\/Logo-Completo.png\",\"contentUrl\":\"https:\/\/www.hidrolab.org\/fr\/wp-content\/uploads\/sites\/4\/2018\/08\/Logo-Completo.png\",\"width\":1680,\"height\":440,\"caption\":\"Fran\u00e7ais\"},\"image\":{\"@id\":\"https:\/\/www.hidrolab.org\/fr\/#\/schema\/logo\/image\/\"}}]}<\/script>\n<!-- \/ Yoast SEO plugin. -->","yoast_head_json":{"title":"Projet Biometal - Fran\u00e7ais","robots":{"index":"index","follow":"follow","max-snippet":"max-snippet:-1","max-image-preview":"max-image-preview:large","max-video-preview":"max-video-preview:-1"},"canonical":"https:\/\/www.hidrolab.org\/fr\/trabajos-realizados\/proyecto-biometal\/","og_locale":"fr_FR","og_type":"article","og_title":"Projet Biometal - Fran\u00e7ais","og_description":"Projet Biometal. D\u00e9veloppement d&rsquo;une nouvelle m\u00e9thode pour \u00e9liminer les m\u00e9taux dissous.","og_url":"https:\/\/www.hidrolab.org\/fr\/trabajos-realizados\/proyecto-biometal\/","og_site_name":"Fran\u00e7ais","article_modified_time":"2022-08-26T19:21:26+00:00","og_image":[{"width":943,"height":776,"url":"https:\/\/www.hidrolab.org\/fr\/wp-content\/uploads\/sites\/4\/2017\/04\/biometal-01.png","type":"image\/png"}],"twitter_card":"summary_large_image","schema":{"@context":"https:\/\/schema.org","@graph":[{"@type":"WebPage","@id":"https:\/\/www.hidrolab.org\/fr\/trabajos-realizados\/proyecto-biometal\/","url":"https:\/\/www.hidrolab.org\/fr\/trabajos-realizados\/proyecto-biometal\/","name":"Projet Biometal - Fran\u00e7ais","isPartOf":{"@id":"https:\/\/www.hidrolab.org\/fr\/#website"},"datePublished":"2018-09-03T15:41:27+00:00","dateModified":"2022-08-26T19:21:26+00:00","breadcrumb":{"@id":"https:\/\/www.hidrolab.org\/fr\/trabajos-realizados\/proyecto-biometal\/#breadcrumb"},"inLanguage":"fr-FR","potentialAction":[{"@type":"ReadAction","target":["https:\/\/www.hidrolab.org\/fr\/trabajos-realizados\/proyecto-biometal\/"]}]},{"@type":"BreadcrumbList","@id":"https:\/\/www.hidrolab.org\/fr\/trabajos-realizados\/proyecto-biometal\/#breadcrumb","itemListElement":[{"@type":"ListItem","position":1,"name":"Portada","item":"https:\/\/www.hidrolab.org\/fr\/"},{"@type":"ListItem","position":2,"name":"Travaux r\u00e9alis\u00e9s","item":"https:\/\/www.hidrolab.org\/fr\/trabajos-realizados\/"},{"@type":"ListItem","position":3,"name":"Projet Biometal"}]},{"@type":"WebSite","@id":"https:\/\/www.hidrolab.org\/fr\/#website","url":"https:\/\/www.hidrolab.org\/fr\/","name":"Fran\u00e7ais","description":"An\u00e1lisis de aguas","publisher":{"@id":"https:\/\/www.hidrolab.org\/fr\/#organization"},"potentialAction":[{"@type":"SearchAction","target":{"@type":"EntryPoint","urlTemplate":"https:\/\/www.hidrolab.org\/fr\/?s={search_term_string}"},"query-input":"required name=search_term_string"}],"inLanguage":"fr-FR"},{"@type":"Organization","@id":"https:\/\/www.hidrolab.org\/fr\/#organization","name":"Fran\u00e7ais","url":"https:\/\/www.hidrolab.org\/fr\/","sameAs":[],"logo":{"@type":"ImageObject","inLanguage":"fr-FR","@id":"https:\/\/www.hidrolab.org\/fr\/#\/schema\/logo\/image\/","url":"https:\/\/www.hidrolab.org\/fr\/wp-content\/uploads\/sites\/4\/2018\/08\/Logo-Completo.png","contentUrl":"https:\/\/www.hidrolab.org\/fr\/wp-content\/uploads\/sites\/4\/2018\/08\/Logo-Completo.png","width":1680,"height":440,"caption":"Fran\u00e7ais"},"image":{"@id":"https:\/\/www.hidrolab.org\/fr\/#\/schema\/logo\/image\/"}}]}},"_links":{"self":[{"href":"https:\/\/www.hidrolab.org\/fr\/wp-json\/wp\/v2\/pages\/1882"}],"collection":[{"href":"https:\/\/www.hidrolab.org\/fr\/wp-json\/wp\/v2\/pages"}],"about":[{"href":"https:\/\/www.hidrolab.org\/fr\/wp-json\/wp\/v2\/types\/page"}],"author":[{"embeddable":true,"href":"https:\/\/www.hidrolab.org\/fr\/wp-json\/wp\/v2\/users\/1"}],"replies":[{"embeddable":true,"href":"https:\/\/www.hidrolab.org\/fr\/wp-json\/wp\/v2\/comments?post=1882"}],"version-history":[{"count":5,"href":"https:\/\/www.hidrolab.org\/fr\/wp-json\/wp\/v2\/pages\/1882\/revisions"}],"predecessor-version":[{"id":2144,"href":"https:\/\/www.hidrolab.org\/fr\/wp-json\/wp\/v2\/pages\/1882\/revisions\/2144"}],"up":[{"embeddable":true,"href":"https:\/\/www.hidrolab.org\/fr\/wp-json\/wp\/v2\/pages\/1872"}],"wp:featuredmedia":[{"embeddable":true,"href":"https:\/\/www.hidrolab.org\/fr\/wp-json\/wp\/v2\/media\/1867"}],"wp:attachment":[{"href":"https:\/\/www.hidrolab.org\/fr\/wp-json\/wp\/v2\/media?parent=1882"}],"curies":[{"name":"wp","href":"https:\/\/api.w.org\/{rel}","templated":true}]}}