{"id":1878,"date":"2018-09-03T17:37:59","date_gmt":"2018-09-03T15:37:59","guid":{"rendered":"https:\/\/www.hidrolab.org\/?page_id=1878"},"modified":"2022-08-26T21:15:44","modified_gmt":"2022-08-26T19:15:44","slug":"medidores-de-humedad-del-suelo","status":"publish","type":"page","link":"https:\/\/www.hidrolab.org\/fr\/trabajos-realizados\/medidores-de-humedad-del-suelo\/","title":{"rendered":"Humidim\u00e8tres du sol"},"content":{"rendered":"<p>Humidim\u00e8tres du sol pour travaux agricoles \u00e0 S\u00e9ville<\/p>\n<p><img loading=\"lazy\" class=\"alignnone  wp-image-1910\" src=\"https:\/\/www.hidrolab.org\/fr\/wp-content\/uploads\/sites\/4\/2018\/09\/delta-t-humedad-del-suelo-300x154.png\" alt=\"Productos para la medida de la humedad del suelo\" width=\"1157\" height=\"594\" srcset=\"https:\/\/www.hidrolab.org\/fr\/wp-content\/uploads\/sites\/4\/2018\/09\/delta-t-humedad-del-suelo-300x154.png 300w, https:\/\/www.hidrolab.org\/fr\/wp-content\/uploads\/sites\/4\/2018\/09\/delta-t-humedad-del-suelo-768x393.png 768w, https:\/\/www.hidrolab.org\/fr\/wp-content\/uploads\/sites\/4\/2018\/09\/delta-t-humedad-del-suelo.png 898w\" sizes=\"(max-width: 1157px) 100vw, 1157px\" \/><\/p>\n<p><img loading=\"lazy\" class=\"alignnone  wp-image-1912\" src=\"https:\/\/www.hidrolab.org\/fr\/wp-content\/uploads\/sites\/4\/2018\/09\/delta-t-humedad-del-suelo-herramientas-300x208.png\" alt=\"Herramientas para la medici\u00f3n de la humedad del suelo\" width=\"1158\" height=\"803\" srcset=\"https:\/\/www.hidrolab.org\/fr\/wp-content\/uploads\/sites\/4\/2018\/09\/delta-t-humedad-del-suelo-herramientas-300x208.png 300w, https:\/\/www.hidrolab.org\/fr\/wp-content\/uploads\/sites\/4\/2018\/09\/delta-t-humedad-del-suelo-herramientas-768x532.png 768w, https:\/\/www.hidrolab.org\/fr\/wp-content\/uploads\/sites\/4\/2018\/09\/delta-t-humedad-del-suelo-herramientas-1024x709.png 1024w, https:\/\/www.hidrolab.org\/fr\/wp-content\/uploads\/sites\/4\/2018\/09\/delta-t-humedad-del-suelo-herramientas.png 1267w\" sizes=\"(max-width: 1158px) 100vw, 1158px\" \/><\/p>\n","protected":false},"excerpt":{"rendered":"<p>Humidim\u00e8tres du sol pour travaux agricoles \u00e0 S\u00e9ville<\/p>\n","protected":false},"author":1,"featured_media":1910,"parent":1872,"menu_order":0,"comment_status":"closed","ping_status":"closed","template":"","meta":{"_monsterinsights_skip_tracking":false,"_monsterinsights_sitenote_active":false,"_monsterinsights_sitenote_note":"","_monsterinsights_sitenote_category":0,"_genesis_hide_title":false,"_genesis_hide_breadcrumbs":false,"_genesis_hide_singular_image":false,"_genesis_hide_footer_widgets":false,"_genesis_custom_body_class":"","_genesis_custom_post_class":"","_genesis_layout":""},"yoast_head":"<!-- This site is optimized with the Yoast SEO plugin v19.6.1 - https:\/\/yoast.com\/wordpress\/plugins\/seo\/ -->\n<title>Humidim\u00e8tres du sol - Fran\u00e7ais<\/title>\n<meta name=\"robots\" content=\"index, follow, max-snippet:-1, max-image-preview:large, max-video-preview:-1\" \/>\n<link rel=\"canonical\" href=\"https:\/\/www.hidrolab.org\/fr\/trabajos-realizados\/medidores-de-humedad-del-suelo\/\" \/>\n<meta property=\"og:locale\" content=\"fr_FR\" \/>\n<meta property=\"og:type\" content=\"article\" \/>\n<meta property=\"og:title\" content=\"Humidim\u00e8tres du sol - Fran\u00e7ais\" \/>\n<meta property=\"og:description\" content=\"Humidim\u00e8tres du sol pour travaux agricoles \u00e0 S\u00e9ville\" \/>\n<meta property=\"og:url\" content=\"https:\/\/www.hidrolab.org\/fr\/trabajos-realizados\/medidores-de-humedad-del-suelo\/\" \/>\n<meta property=\"og:site_name\" content=\"Fran\u00e7ais\" \/>\n<meta property=\"article:modified_time\" content=\"2022-08-26T19:15:44+00:00\" \/>\n<meta property=\"og:image\" content=\"https:\/\/www.hidrolab.org\/fr\/wp-content\/uploads\/sites\/4\/2018\/09\/delta-t-humedad-del-suelo.png\" \/>\n\t<meta property=\"og:image:width\" content=\"898\" \/>\n\t<meta property=\"og:image:height\" content=\"460\" \/>\n\t<meta property=\"og:image:type\" content=\"image\/png\" \/>\n<meta name=\"twitter:card\" content=\"summary_large_image\" \/>\n<script type=\"application\/ld+json\" class=\"yoast-schema-graph\">{\"@context\":\"https:\/\/schema.org\",\"@graph\":[{\"@type\":\"WebPage\",\"@id\":\"https:\/\/www.hidrolab.org\/fr\/trabajos-realizados\/medidores-de-humedad-del-suelo\/\",\"url\":\"https:\/\/www.hidrolab.org\/fr\/trabajos-realizados\/medidores-de-humedad-del-suelo\/\",\"name\":\"Humidim\u00e8tres du sol - Fran\u00e7ais\",\"isPartOf\":{\"@id\":\"https:\/\/www.hidrolab.org\/fr\/#website\"},\"datePublished\":\"2018-09-03T15:37:59+00:00\",\"dateModified\":\"2022-08-26T19:15:44+00:00\",\"breadcrumb\":{\"@id\":\"https:\/\/www.hidrolab.org\/fr\/trabajos-realizados\/medidores-de-humedad-del-suelo\/#breadcrumb\"},\"inLanguage\":\"fr-FR\",\"potentialAction\":[{\"@type\":\"ReadAction\",\"target\":[\"https:\/\/www.hidrolab.org\/fr\/trabajos-realizados\/medidores-de-humedad-del-suelo\/\"]}]},{\"@type\":\"BreadcrumbList\",\"@id\":\"https:\/\/www.hidrolab.org\/fr\/trabajos-realizados\/medidores-de-humedad-del-suelo\/#breadcrumb\",\"itemListElement\":[{\"@type\":\"ListItem\",\"position\":1,\"name\":\"Portada\",\"item\":\"https:\/\/www.hidrolab.org\/fr\/\"},{\"@type\":\"ListItem\",\"position\":2,\"name\":\"Travaux r\u00e9alis\u00e9s\",\"item\":\"https:\/\/www.hidrolab.org\/fr\/trabajos-realizados\/\"},{\"@type\":\"ListItem\",\"position\":3,\"name\":\"Humidim\u00e8tres du sol\"}]},{\"@type\":\"WebSite\",\"@id\":\"https:\/\/www.hidrolab.org\/fr\/#website\",\"url\":\"https:\/\/www.hidrolab.org\/fr\/\",\"name\":\"Fran\u00e7ais\",\"description\":\"An\u00e1lisis de aguas\",\"publisher\":{\"@id\":\"https:\/\/www.hidrolab.org\/fr\/#organization\"},\"potentialAction\":[{\"@type\":\"SearchAction\",\"target\":{\"@type\":\"EntryPoint\",\"urlTemplate\":\"https:\/\/www.hidrolab.org\/fr\/?s={search_term_string}\"},\"query-input\":\"required name=search_term_string\"}],\"inLanguage\":\"fr-FR\"},{\"@type\":\"Organization\",\"@id\":\"https:\/\/www.hidrolab.org\/fr\/#organization\",\"name\":\"Fran\u00e7ais\",\"url\":\"https:\/\/www.hidrolab.org\/fr\/\",\"sameAs\":[],\"logo\":{\"@type\":\"ImageObject\",\"inLanguage\":\"fr-FR\",\"@id\":\"https:\/\/www.hidrolab.org\/fr\/#\/schema\/logo\/image\/\",\"url\":\"https:\/\/www.hidrolab.org\/fr\/wp-content\/uploads\/sites\/4\/2018\/08\/Logo-Completo.png\",\"contentUrl\":\"https:\/\/www.hidrolab.org\/fr\/wp-content\/uploads\/sites\/4\/2018\/08\/Logo-Completo.png\",\"width\":1680,\"height\":440,\"caption\":\"Fran\u00e7ais\"},\"image\":{\"@id\":\"https:\/\/www.hidrolab.org\/fr\/#\/schema\/logo\/image\/\"}}]}<\/script>\n<!-- \/ Yoast SEO plugin. -->","yoast_head_json":{"title":"Humidim\u00e8tres du sol - Fran\u00e7ais","robots":{"index":"index","follow":"follow","max-snippet":"max-snippet:-1","max-image-preview":"max-image-preview:large","max-video-preview":"max-video-preview:-1"},"canonical":"https:\/\/www.hidrolab.org\/fr\/trabajos-realizados\/medidores-de-humedad-del-suelo\/","og_locale":"fr_FR","og_type":"article","og_title":"Humidim\u00e8tres du sol - Fran\u00e7ais","og_description":"Humidim\u00e8tres du sol pour travaux agricoles \u00e0 S\u00e9ville","og_url":"https:\/\/www.hidrolab.org\/fr\/trabajos-realizados\/medidores-de-humedad-del-suelo\/","og_site_name":"Fran\u00e7ais","article_modified_time":"2022-08-26T19:15:44+00:00","og_image":[{"width":898,"height":460,"url":"https:\/\/www.hidrolab.org\/fr\/wp-content\/uploads\/sites\/4\/2018\/09\/delta-t-humedad-del-suelo.png","type":"image\/png"}],"twitter_card":"summary_large_image","schema":{"@context":"https:\/\/schema.org","@graph":[{"@type":"WebPage","@id":"https:\/\/www.hidrolab.org\/fr\/trabajos-realizados\/medidores-de-humedad-del-suelo\/","url":"https:\/\/www.hidrolab.org\/fr\/trabajos-realizados\/medidores-de-humedad-del-suelo\/","name":"Humidim\u00e8tres du sol - Fran\u00e7ais","isPartOf":{"@id":"https:\/\/www.hidrolab.org\/fr\/#website"},"datePublished":"2018-09-03T15:37:59+00:00","dateModified":"2022-08-26T19:15:44+00:00","breadcrumb":{"@id":"https:\/\/www.hidrolab.org\/fr\/trabajos-realizados\/medidores-de-humedad-del-suelo\/#breadcrumb"},"inLanguage":"fr-FR","potentialAction":[{"@type":"ReadAction","target":["https:\/\/www.hidrolab.org\/fr\/trabajos-realizados\/medidores-de-humedad-del-suelo\/"]}]},{"@type":"BreadcrumbList","@id":"https:\/\/www.hidrolab.org\/fr\/trabajos-realizados\/medidores-de-humedad-del-suelo\/#breadcrumb","itemListElement":[{"@type":"ListItem","position":1,"name":"Portada","item":"https:\/\/www.hidrolab.org\/fr\/"},{"@type":"ListItem","position":2,"name":"Travaux r\u00e9alis\u00e9s","item":"https:\/\/www.hidrolab.org\/fr\/trabajos-realizados\/"},{"@type":"ListItem","position":3,"name":"Humidim\u00e8tres du sol"}]},{"@type":"WebSite","@id":"https:\/\/www.hidrolab.org\/fr\/#website","url":"https:\/\/www.hidrolab.org\/fr\/","name":"Fran\u00e7ais","description":"An\u00e1lisis de aguas","publisher":{"@id":"https:\/\/www.hidrolab.org\/fr\/#organization"},"potentialAction":[{"@type":"SearchAction","target":{"@type":"EntryPoint","urlTemplate":"https:\/\/www.hidrolab.org\/fr\/?s={search_term_string}"},"query-input":"required name=search_term_string"}],"inLanguage":"fr-FR"},{"@type":"Organization","@id":"https:\/\/www.hidrolab.org\/fr\/#organization","name":"Fran\u00e7ais","url":"https:\/\/www.hidrolab.org\/fr\/","sameAs":[],"logo":{"@type":"ImageObject","inLanguage":"fr-FR","@id":"https:\/\/www.hidrolab.org\/fr\/#\/schema\/logo\/image\/","url":"https:\/\/www.hidrolab.org\/fr\/wp-content\/uploads\/sites\/4\/2018\/08\/Logo-Completo.png","contentUrl":"https:\/\/www.hidrolab.org\/fr\/wp-content\/uploads\/sites\/4\/2018\/08\/Logo-Completo.png","width":1680,"height":440,"caption":"Fran\u00e7ais"},"image":{"@id":"https:\/\/www.hidrolab.org\/fr\/#\/schema\/logo\/image\/"}}]}},"_links":{"self":[{"href":"https:\/\/www.hidrolab.org\/fr\/wp-json\/wp\/v2\/pages\/1878"}],"collection":[{"href":"https:\/\/www.hidrolab.org\/fr\/wp-json\/wp\/v2\/pages"}],"about":[{"href":"https:\/\/www.hidrolab.org\/fr\/wp-json\/wp\/v2\/types\/page"}],"author":[{"embeddable":true,"href":"https:\/\/www.hidrolab.org\/fr\/wp-json\/wp\/v2\/users\/1"}],"replies":[{"embeddable":true,"href":"https:\/\/www.hidrolab.org\/fr\/wp-json\/wp\/v2\/comments?post=1878"}],"version-history":[{"count":5,"href":"https:\/\/www.hidrolab.org\/fr\/wp-json\/wp\/v2\/pages\/1878\/revisions"}],"predecessor-version":[{"id":2138,"href":"https:\/\/www.hidrolab.org\/fr\/wp-json\/wp\/v2\/pages\/1878\/revisions\/2138"}],"up":[{"embeddable":true,"href":"https:\/\/www.hidrolab.org\/fr\/wp-json\/wp\/v2\/pages\/1872"}],"wp:featuredmedia":[{"embeddable":true,"href":"https:\/\/www.hidrolab.org\/fr\/wp-json\/wp\/v2\/media\/1910"}],"wp:attachment":[{"href":"https:\/\/www.hidrolab.org\/fr\/wp-json\/wp\/v2\/media?parent=1878"}],"curies":[{"name":"wp","href":"https:\/\/api.w.org\/{rel}","templated":true}]}}