{"id":1864,"date":"2018-09-02T22:34:51","date_gmt":"2018-09-02T20:34:51","guid":{"rendered":"https:\/\/www.hidrolab.org\/?page_id=1864"},"modified":"2019-09-30T12:23:33","modified_gmt":"2019-09-30T10:23:33","slug":"enlaces","status":"publish","type":"page","link":"https:\/\/www.hidrolab.org\/fr\/enlaces\/","title":{"rendered":"Liens d&rsquo;int\u00e9r\u00eat"},"content":{"rendered":"<p><strong style=\"font-size: 2em;\">Traitements et Processus Environnementaux<\/strong><\/p>\n<div class=\"clear\">The research leading to the BIOMETAL results has received funding from the European Union&rsquo;s Seventh Framework Programme (FP7\/2007-2013) managed by REA-Research Executive Agency\u00a0<a href=\"http:\/\/ec.europa.eu\/research\/rea\" data-cke-saved-href=\"http:\/\/ec.europa.eu\/research\/rea\">http:\/\/ec.europa.eu\/research\/rea<\/a>\u00a0under grant agreement n\u00ba 619101.<\/div>\n<div class=\"widget-wrapper widget-element free-text diy-resizable \">\n<div id=\"widget-id-1134156\" class=\"widget-body \">\n<div class=\"freetextarea\">\n<div><\/div>\n<div>For more information please visit the web of this project: www.biometaldemo.eu<\/div>\n<\/div>\n<div class=\"clear\"><\/div>\n<\/div>\n<\/div>\n<div class=\"horizontal clearfix\">\n<div class=\"diy-splitter-inner clearfix\">\n<div class=\"vertical\">\n<div class=\"widget-wrapper widget-element free-image diy-resizable \">\n<div id=\"widget-id-1134158\" class=\"widget-body \">\n<div class=\"freetext-image \">\n<div class=\"image_wrapper diy-icss-target\">\n<div class=\"diy-fi-container diy-fi-effect-0\"><img id=\"396650\" class=\"image lazy\" src=\"https:\/\/static.miweb.padigital.es\/var\/m_7\/79\/792\/10067\/396650-hidrolab-blomental-logo.JPG\" alt=\"Hidrolab Blometal logo \" \/><img id=\"396652\" class=\"image lazy alignnone\" src=\"https:\/\/static.miweb.padigital.es\/var\/m_7\/79\/792\/10067\/396652-hidrolab-logotipo-seventh-framework-programme.JPG\" alt=\"Hidrolab logotipo Seventh Framework Programme\" \/><img id=\"396654\" class=\"image lazy\" src=\"https:\/\/static.miweb.padigital.es\/var\/m_7\/79\/792\/10067\/396654-hidrolab-bandera-de-union-europea.JPG\" alt=\"Hidrolab bandera de Uni\u00f3n Europea \" \/><\/div>\n<\/div>\n<\/div>\n<div class=\"clear\"><\/div>\n<\/div>\n<\/div>\n<\/div>\n<\/div>\n<\/div>\n<div class=\"clearfix\">The research leading to LIGNOFOOD results has received funding from the European Union&rsquo;s Seventh Framework Programme (FP7\/2007-2013) managed by REA-Research Executive Agency\u00a0<a href=\"http:\/\/ec.europa.eu\/research\/rea\" target=\"_blank\" rel=\"noopener noreferrer\" data-cke-saved-href=\"http:\/\/ec.europa.eu\/research\/rea\">http:\/\/ec.europa.eu\/research\/rea<\/a>\u00a0under grant agreement n\u00ba 606073.<\/div>\n<div class=\"widget-wrapper widget-element free-text diy-resizable \">\n<div id=\"widget-id-601801\" class=\"widget-body \">\n<div class=\"freetextarea\">\n<div>For more information please visit the web of the project: www.lignofood.eu<\/div>\n<\/div>\n<\/div>\n<\/div>\n<div class=\"clear\"><\/div>\n<div class=\"horizontal clearfix\">\n<div class=\"diy-splitter-inner clearfix\">\n<div class=\"vertical\">\n<div class=\"widget-wrapper widget-element free-image diy-resizable \">\n<div id=\"widget-id-670059\" class=\"widget-body \">\n<div class=\"freetext-image \">\n<div class=\"image_wrapper diy-icss-target\">\n<div class=\"diy-fi-container diy-fi-effect-0\"><img id=\"396655\" class=\"image lazy\" src=\"https:\/\/static.miweb.padigital.es\/var\/m_7\/79\/792\/10067\/396655-ligno-food-logo.png\" alt=\"Ligno Food logo\" \/><img id=\"396652\" class=\"image lazy\" src=\"https:\/\/static.miweb.padigital.es\/var\/m_7\/79\/792\/10067\/396652-hidrolab-logotipo-seventh-framework-programme.JPG\" alt=\"Hidrolab logotipo Seventh Framework Programme\" \/><img id=\"396654\" class=\"image lazy\" src=\"https:\/\/static.miweb.padigital.es\/var\/m_7\/79\/792\/10067\/396654-hidrolab-bandera-de-union-europea.JPG\" alt=\"Hidrolab bandera de Uni\u00f3n Europea\" \/><\/div>\n<\/div>\n<\/div>\n<\/div>\n<\/div>\n<\/div>\n<\/div>\n<\/div>\n<div class=\"widget-wrapper widget-element free-text diy-resizable \">\n<div id=\"widget-id-736080\" class=\"widget-body \">\n<div class=\"freetextarea\">\n<div>\n<h2><strong>Instruments de mesure.<\/strong><\/h2>\n<\/div>\n<\/div>\n<div class=\"clear\">\u200b\u200bCONSULTEZ LA WEB DE NOTRE REPR\u00c9SENT\u00c9E DELTA-T DE CONTR\u00d4LE AGROCLIMATIQUE:<\/div>\n<\/div>\n<\/div>\n<div class=\"widget-wrapper widget-element free-text diy-resizable \">\n<div id=\"widget-id-736022\" class=\"widget-body \">\n<div class=\"freetextarea\">\n<div><\/div>\n<div><a href=\"http:\/\/www.delta-t.co.uk\/\" target=\"_blank\" rel=\"noopener noreferrer\" data-cke-saved-href=\"http:\/\/www.delta-t.co.uk\">www.delta-t.co.uk<\/a>.<\/div>\n<\/div>\n<\/div>\n<\/div>\n","protected":false},"excerpt":{"rendered":"<p>Traitements et Processus Environnementaux The research leading to the BIOMETAL results has received funding from the European Union&rsquo;s Seventh Framework Programme (FP7\/2007-2013) managed by REA-Research Executive Agency\u00a0http:\/\/ec.europa.eu\/research\/rea\u00a0under grant agreement n\u00ba 619101. For more information please visit the web of this project: www.biometaldemo.eu The research leading to LIGNOFOOD results has received funding from the European Union&rsquo;s [&hellip;]<\/p>\n","protected":false},"author":1,"featured_media":0,"parent":0,"menu_order":0,"comment_status":"closed","ping_status":"closed","template":"","meta":{"_monsterinsights_skip_tracking":false,"_monsterinsights_sitenote_active":false,"_monsterinsights_sitenote_note":"","_monsterinsights_sitenote_category":0,"_genesis_hide_title":false,"_genesis_hide_breadcrumbs":false,"_genesis_hide_singular_image":false,"_genesis_hide_footer_widgets":false,"_genesis_custom_body_class":"","_genesis_custom_post_class":"","_genesis_layout":""},"yoast_head":"<!-- This site is optimized with the Yoast SEO plugin v19.6.1 - https:\/\/yoast.com\/wordpress\/plugins\/seo\/ -->\n<title>Liens d&#039;int\u00e9r\u00eat - Fran\u00e7ais<\/title>\n<meta name=\"description\" content=\"Nuestras novedades ser\u00e1n de ayuda para decidirse por un servicio o producto. Nuestra labor es de las mejores en tratamientos de agua y an\u00e1lisis qu\u00edmicos\" \/>\n<meta name=\"robots\" content=\"index, follow, max-snippet:-1, max-image-preview:large, max-video-preview:-1\" \/>\n<link rel=\"canonical\" href=\"https:\/\/www.hidrolab.org\/fr\/enlaces\/\" \/>\n<meta property=\"og:locale\" content=\"fr_FR\" \/>\n<meta property=\"og:type\" content=\"article\" \/>\n<meta property=\"og:title\" content=\"Liens d&#039;int\u00e9r\u00eat - Fran\u00e7ais\" \/>\n<meta property=\"og:description\" content=\"Nuestras novedades ser\u00e1n de ayuda para decidirse por un servicio o producto. Nuestra labor es de las mejores en tratamientos de agua y an\u00e1lisis qu\u00edmicos\" \/>\n<meta property=\"og:url\" content=\"https:\/\/www.hidrolab.org\/fr\/enlaces\/\" \/>\n<meta property=\"og:site_name\" content=\"Fran\u00e7ais\" \/>\n<meta property=\"article:modified_time\" content=\"2019-09-30T10:23:33+00:00\" \/>\n<meta property=\"og:image\" content=\"https:\/\/static.miweb.padigital.es\/var\/m_7\/79\/792\/10067\/396650-hidrolab-blomental-logo.JPG\" \/>\n<meta name=\"twitter:card\" content=\"summary_large_image\" \/>\n<script type=\"application\/ld+json\" class=\"yoast-schema-graph\">{\"@context\":\"https:\/\/schema.org\",\"@graph\":[{\"@type\":\"WebPage\",\"@id\":\"https:\/\/www.hidrolab.org\/fr\/enlaces\/\",\"url\":\"https:\/\/www.hidrolab.org\/fr\/enlaces\/\",\"name\":\"Liens d'int\u00e9r\u00eat - Fran\u00e7ais\",\"isPartOf\":{\"@id\":\"https:\/\/www.hidrolab.org\/fr\/#website\"},\"datePublished\":\"2018-09-02T20:34:51+00:00\",\"dateModified\":\"2019-09-30T10:23:33+00:00\",\"description\":\"Nuestras novedades ser\u00e1n de ayuda para decidirse por un servicio o producto. Nuestra labor es de las mejores en tratamientos de agua y an\u00e1lisis qu\u00edmicos\",\"breadcrumb\":{\"@id\":\"https:\/\/www.hidrolab.org\/fr\/enlaces\/#breadcrumb\"},\"inLanguage\":\"fr-FR\",\"potentialAction\":[{\"@type\":\"ReadAction\",\"target\":[\"https:\/\/www.hidrolab.org\/fr\/enlaces\/\"]}]},{\"@type\":\"BreadcrumbList\",\"@id\":\"https:\/\/www.hidrolab.org\/fr\/enlaces\/#breadcrumb\",\"itemListElement\":[{\"@type\":\"ListItem\",\"position\":1,\"name\":\"Portada\",\"item\":\"https:\/\/www.hidrolab.org\/fr\/\"},{\"@type\":\"ListItem\",\"position\":2,\"name\":\"Liens d&rsquo;int\u00e9r\u00eat\"}]},{\"@type\":\"WebSite\",\"@id\":\"https:\/\/www.hidrolab.org\/fr\/#website\",\"url\":\"https:\/\/www.hidrolab.org\/fr\/\",\"name\":\"Fran\u00e7ais\",\"description\":\"An\u00e1lisis de aguas\",\"publisher\":{\"@id\":\"https:\/\/www.hidrolab.org\/fr\/#organization\"},\"potentialAction\":[{\"@type\":\"SearchAction\",\"target\":{\"@type\":\"EntryPoint\",\"urlTemplate\":\"https:\/\/www.hidrolab.org\/fr\/?s={search_term_string}\"},\"query-input\":\"required name=search_term_string\"}],\"inLanguage\":\"fr-FR\"},{\"@type\":\"Organization\",\"@id\":\"https:\/\/www.hidrolab.org\/fr\/#organization\",\"name\":\"Fran\u00e7ais\",\"url\":\"https:\/\/www.hidrolab.org\/fr\/\",\"sameAs\":[],\"logo\":{\"@type\":\"ImageObject\",\"inLanguage\":\"fr-FR\",\"@id\":\"https:\/\/www.hidrolab.org\/fr\/#\/schema\/logo\/image\/\",\"url\":\"https:\/\/www.hidrolab.org\/fr\/wp-content\/uploads\/sites\/4\/2018\/08\/Logo-Completo.png\",\"contentUrl\":\"https:\/\/www.hidrolab.org\/fr\/wp-content\/uploads\/sites\/4\/2018\/08\/Logo-Completo.png\",\"width\":1680,\"height\":440,\"caption\":\"Fran\u00e7ais\"},\"image\":{\"@id\":\"https:\/\/www.hidrolab.org\/fr\/#\/schema\/logo\/image\/\"}}]}<\/script>\n<!-- \/ Yoast SEO plugin. -->","yoast_head_json":{"title":"Liens d'int\u00e9r\u00eat - Fran\u00e7ais","description":"Nuestras novedades ser\u00e1n de ayuda para decidirse por un servicio o producto. Nuestra labor es de las mejores en tratamientos de agua y an\u00e1lisis qu\u00edmicos","robots":{"index":"index","follow":"follow","max-snippet":"max-snippet:-1","max-image-preview":"max-image-preview:large","max-video-preview":"max-video-preview:-1"},"canonical":"https:\/\/www.hidrolab.org\/fr\/enlaces\/","og_locale":"fr_FR","og_type":"article","og_title":"Liens d'int\u00e9r\u00eat - Fran\u00e7ais","og_description":"Nuestras novedades ser\u00e1n de ayuda para decidirse por un servicio o producto. Nuestra labor es de las mejores en tratamientos de agua y an\u00e1lisis qu\u00edmicos","og_url":"https:\/\/www.hidrolab.org\/fr\/enlaces\/","og_site_name":"Fran\u00e7ais","article_modified_time":"2019-09-30T10:23:33+00:00","og_image":[{"url":"https:\/\/static.miweb.padigital.es\/var\/m_7\/79\/792\/10067\/396650-hidrolab-blomental-logo.JPG"}],"twitter_card":"summary_large_image","schema":{"@context":"https:\/\/schema.org","@graph":[{"@type":"WebPage","@id":"https:\/\/www.hidrolab.org\/fr\/enlaces\/","url":"https:\/\/www.hidrolab.org\/fr\/enlaces\/","name":"Liens d'int\u00e9r\u00eat - Fran\u00e7ais","isPartOf":{"@id":"https:\/\/www.hidrolab.org\/fr\/#website"},"datePublished":"2018-09-02T20:34:51+00:00","dateModified":"2019-09-30T10:23:33+00:00","description":"Nuestras novedades ser\u00e1n de ayuda para decidirse por un servicio o producto. Nuestra labor es de las mejores en tratamientos de agua y an\u00e1lisis qu\u00edmicos","breadcrumb":{"@id":"https:\/\/www.hidrolab.org\/fr\/enlaces\/#breadcrumb"},"inLanguage":"fr-FR","potentialAction":[{"@type":"ReadAction","target":["https:\/\/www.hidrolab.org\/fr\/enlaces\/"]}]},{"@type":"BreadcrumbList","@id":"https:\/\/www.hidrolab.org\/fr\/enlaces\/#breadcrumb","itemListElement":[{"@type":"ListItem","position":1,"name":"Portada","item":"https:\/\/www.hidrolab.org\/fr\/"},{"@type":"ListItem","position":2,"name":"Liens d&rsquo;int\u00e9r\u00eat"}]},{"@type":"WebSite","@id":"https:\/\/www.hidrolab.org\/fr\/#website","url":"https:\/\/www.hidrolab.org\/fr\/","name":"Fran\u00e7ais","description":"An\u00e1lisis de aguas","publisher":{"@id":"https:\/\/www.hidrolab.org\/fr\/#organization"},"potentialAction":[{"@type":"SearchAction","target":{"@type":"EntryPoint","urlTemplate":"https:\/\/www.hidrolab.org\/fr\/?s={search_term_string}"},"query-input":"required name=search_term_string"}],"inLanguage":"fr-FR"},{"@type":"Organization","@id":"https:\/\/www.hidrolab.org\/fr\/#organization","name":"Fran\u00e7ais","url":"https:\/\/www.hidrolab.org\/fr\/","sameAs":[],"logo":{"@type":"ImageObject","inLanguage":"fr-FR","@id":"https:\/\/www.hidrolab.org\/fr\/#\/schema\/logo\/image\/","url":"https:\/\/www.hidrolab.org\/fr\/wp-content\/uploads\/sites\/4\/2018\/08\/Logo-Completo.png","contentUrl":"https:\/\/www.hidrolab.org\/fr\/wp-content\/uploads\/sites\/4\/2018\/08\/Logo-Completo.png","width":1680,"height":440,"caption":"Fran\u00e7ais"},"image":{"@id":"https:\/\/www.hidrolab.org\/fr\/#\/schema\/logo\/image\/"}}]}},"_links":{"self":[{"href":"https:\/\/www.hidrolab.org\/fr\/wp-json\/wp\/v2\/pages\/1864"}],"collection":[{"href":"https:\/\/www.hidrolab.org\/fr\/wp-json\/wp\/v2\/pages"}],"about":[{"href":"https:\/\/www.hidrolab.org\/fr\/wp-json\/wp\/v2\/types\/page"}],"author":[{"embeddable":true,"href":"https:\/\/www.hidrolab.org\/fr\/wp-json\/wp\/v2\/users\/1"}],"replies":[{"embeddable":true,"href":"https:\/\/www.hidrolab.org\/fr\/wp-json\/wp\/v2\/comments?post=1864"}],"version-history":[{"count":3,"href":"https:\/\/www.hidrolab.org\/fr\/wp-json\/wp\/v2\/pages\/1864\/revisions"}],"predecessor-version":[{"id":2017,"href":"https:\/\/www.hidrolab.org\/fr\/wp-json\/wp\/v2\/pages\/1864\/revisions\/2017"}],"wp:attachment":[{"href":"https:\/\/www.hidrolab.org\/fr\/wp-json\/wp\/v2\/media?parent=1864"}],"curies":[{"name":"wp","href":"https:\/\/api.w.org\/{rel}","templated":true}]}}