{"id":1570,"date":"2018-08-03T10:50:07","date_gmt":"2018-08-03T10:50:07","guid":{"rendered":"https:\/\/www.hidrolab.org\/?page_id=1570"},"modified":"2019-09-30T15:19:23","modified_gmt":"2019-09-30T13:19:23","slug":"autres-instruments","status":"publish","type":"page","link":"https:\/\/www.hidrolab.org\/fr\/instruments-de-mesure\/autres-instruments\/","title":{"rendered":"Autres instruments"},"content":{"rendered":"\n<h2>Mesure de d\u00e9bit en canal ouvert<\/h2>\n\n\n\n<p>\u00c0\u00a0<strong>Hidrolab<\/strong>\u00a0nous proposons syst\u00e8mes de mesure de d\u00e9bit en canal ouvert dessin\u00e9 pour utilisations diff\u00e9rentes. Nous avons syst\u00e8mes de grande facilit\u00e9 de mesure et registres fiables comme:<\/p>\n\n\n\n<ul><li>Capteur de niveau \u00e0 ultrasons.<\/li><li>Tube de Pitot.<\/li><\/ul>\n\n\n\n<p>Niveau du d\u00e9versoir ou canal Parshall. <\/p>\n\n\n\n<h2>Analyseurs de gaz<\/h2>\n\n\n\n<p>\u00c0&nbsp;<strong>Hidrolab<\/strong>&nbsp;nous vous garantissons la pr\u00e9cision de l\u2019analyseur de cellules d\u2019\u00e9tat solide \u00e9lectrochimies, capables de la mesure des suivants gaz:<\/p>\n\n\n\n<h3>Analyseur de gaz de combustion<\/h3>\n\n\n\n<ul><li>SO2.<\/li><li>NO.<\/li><li>NO2.<\/li><li>O2.<\/li><li>CO.<\/li><li>CO2.<\/li><li>C.O.V.<\/li><\/ul>\n\n\n\n<h3>Analyseur de gaz de g\u00e9n\u00e9ration<\/h3>\n\n\n\n<ul><li>O2.<\/li><li>CO.<\/li><li>CO2.<\/li><li>H2.<\/li><li>HC.<\/li><\/ul>\n\n\n\n<h3>Autres<\/h3>\n\n\n\n<ul><li>NH3.<\/li><li>O3.<\/li><\/ul>\n\n\n\n<h3>\u00c9chantillonneurs<\/h3>\n\n\n\n<p>Nous avons \u00e0&nbsp;<strong>Hidrolab<\/strong>:<\/p>\n\n\n\n<p><strong>M8000<\/strong><\/p>\n\n\n\n<p>\u00c9quipement de 8 bouteilles. Syst\u00e8me collecteur en batterie de 8 bouteilles de 1 litre chacune.<\/p>\n\n\n\n<p><strong>M2400<\/strong><\/p>\n\n\n\n<p>\u00c9quipement de 24 bouteilles. Syst\u00e8me rotatif de 24 bouteilles de 0,5 litres chacune.<\/p>\n\n\n\n<p><strong>M1000<\/strong><\/p>\n\n\n\n<p>\u00c9quipement de 1 bouteille grande de 4-5 litres. Syst\u00e8me avec m\u00e9lange complet.<\/p>\n\n\n\n<p><strong>Mesure de d\u00e9bit<\/strong><\/p>\n\n\n\n<p>Capteur d\u2019ultrason.<\/p>\n\n\n\n<p>Niveau du d\u00e9versoir ou canal Parshall. <\/p>\n\n\n\n<h2>Usine pilote d&rsquo;\u00e9puration ana\u00e9robie<\/h2>\n\n\n\n<p>Syst\u00e8me de digestion ana\u00e9robie avec alimentation contr\u00f4l\u00e9e d\u2019\u00e9chantillon et r\u00e9actifs et r\u00e9glage de:<\/p>\n\n\n\n<ul><li>pH.<\/li><li>pRedox.<\/li><li>Temp\u00e9rature.<\/li><li>Oxyg\u00e8ne dissous.<\/li><li>Volume.<\/li><\/ul>\n","protected":false},"excerpt":{"rendered":"<p>Mesure de d\u00e9bit en canal ouvert \u00c0\u00a0Hidrolab\u00a0nous proposons syst\u00e8mes de mesure de d\u00e9bit en canal ouvert dessin\u00e9 pour utilisations diff\u00e9rentes. Nous avons syst\u00e8mes de grande facilit\u00e9 de mesure et registres fiables comme: Capteur de niveau \u00e0 ultrasons. Tube de Pitot. Niveau du d\u00e9versoir ou canal Parshall. Analyseurs de gaz \u00c0&nbsp;Hidrolab&nbsp;nous vous garantissons la pr\u00e9cision de [&hellip;]<\/p>\n","protected":false},"author":1,"featured_media":1971,"parent":1564,"menu_order":0,"comment_status":"closed","ping_status":"closed","template":"","meta":{"_monsterinsights_skip_tracking":false,"_monsterinsights_sitenote_active":false,"_monsterinsights_sitenote_note":"","_monsterinsights_sitenote_category":0,"_genesis_hide_title":false,"_genesis_hide_breadcrumbs":false,"_genesis_hide_singular_image":false,"_genesis_hide_footer_widgets":false,"_genesis_custom_body_class":"","_genesis_custom_post_class":"","_genesis_layout":""},"yoast_head":"<!-- This site is optimized with the Yoast SEO plugin v19.6.1 - https:\/\/yoast.com\/wordpress\/plugins\/seo\/ -->\n<title>Autres instruments - Fran\u00e7ais<\/title>\n<meta name=\"description\" content=\"En Hidrolab contamos con otros equipos de analizadores de gases: combusti\u00f3n, generaci\u00f3n, medici\u00f3n de caudal en canal abierto, depuraci\u00f3n anaerobia, etc.\" \/>\n<meta name=\"robots\" content=\"index, follow, max-snippet:-1, max-image-preview:large, max-video-preview:-1\" \/>\n<link rel=\"canonical\" href=\"https:\/\/www.hidrolab.org\/fr\/instruments-de-mesure\/autres-instruments\/\" \/>\n<meta property=\"og:locale\" content=\"fr_FR\" \/>\n<meta property=\"og:type\" content=\"article\" \/>\n<meta property=\"og:title\" content=\"Autres instruments - Fran\u00e7ais\" \/>\n<meta property=\"og:description\" content=\"En Hidrolab contamos con otros equipos de analizadores de gases: combusti\u00f3n, generaci\u00f3n, medici\u00f3n de caudal en canal abierto, depuraci\u00f3n anaerobia, etc.\" \/>\n<meta property=\"og:url\" content=\"https:\/\/www.hidrolab.org\/fr\/instruments-de-mesure\/autres-instruments\/\" \/>\n<meta property=\"og:site_name\" content=\"Fran\u00e7ais\" \/>\n<meta property=\"article:modified_time\" content=\"2019-09-30T13:19:23+00:00\" \/>\n<meta property=\"og:image\" content=\"https:\/\/www.hidrolab.org\/fr\/wp-content\/uploads\/sites\/4\/2019\/01\/otros-equipos-2.jpg\" \/>\n\t<meta property=\"og:image:width\" content=\"599\" \/>\n\t<meta property=\"og:image:height\" content=\"153\" \/>\n\t<meta property=\"og:image:type\" content=\"image\/jpeg\" \/>\n<meta name=\"twitter:card\" content=\"summary_large_image\" \/>\n<script type=\"application\/ld+json\" class=\"yoast-schema-graph\">{\"@context\":\"https:\/\/schema.org\",\"@graph\":[{\"@type\":\"WebPage\",\"@id\":\"https:\/\/www.hidrolab.org\/fr\/instruments-de-mesure\/autres-instruments\/\",\"url\":\"https:\/\/www.hidrolab.org\/fr\/instruments-de-mesure\/autres-instruments\/\",\"name\":\"Autres instruments - Fran\u00e7ais\",\"isPartOf\":{\"@id\":\"https:\/\/www.hidrolab.org\/fr\/#website\"},\"datePublished\":\"2018-08-03T10:50:07+00:00\",\"dateModified\":\"2019-09-30T13:19:23+00:00\",\"description\":\"En Hidrolab contamos con otros equipos de analizadores de gases: combusti\u00f3n, generaci\u00f3n, medici\u00f3n de caudal en canal abierto, depuraci\u00f3n anaerobia, etc.\",\"breadcrumb\":{\"@id\":\"https:\/\/www.hidrolab.org\/fr\/instruments-de-mesure\/autres-instruments\/#breadcrumb\"},\"inLanguage\":\"fr-FR\",\"potentialAction\":[{\"@type\":\"ReadAction\",\"target\":[\"https:\/\/www.hidrolab.org\/fr\/instruments-de-mesure\/autres-instruments\/\"]}]},{\"@type\":\"BreadcrumbList\",\"@id\":\"https:\/\/www.hidrolab.org\/fr\/instruments-de-mesure\/autres-instruments\/#breadcrumb\",\"itemListElement\":[{\"@type\":\"ListItem\",\"position\":1,\"name\":\"Portada\",\"item\":\"https:\/\/www.hidrolab.org\/fr\/\"},{\"@type\":\"ListItem\",\"position\":2,\"name\":\"Instruments de mesure\",\"item\":\"https:\/\/www.hidrolab.org\/fr\/instruments-de-mesure\/\"},{\"@type\":\"ListItem\",\"position\":3,\"name\":\"Autres instruments\"}]},{\"@type\":\"WebSite\",\"@id\":\"https:\/\/www.hidrolab.org\/fr\/#website\",\"url\":\"https:\/\/www.hidrolab.org\/fr\/\",\"name\":\"Fran\u00e7ais\",\"description\":\"An\u00e1lisis de aguas\",\"publisher\":{\"@id\":\"https:\/\/www.hidrolab.org\/fr\/#organization\"},\"potentialAction\":[{\"@type\":\"SearchAction\",\"target\":{\"@type\":\"EntryPoint\",\"urlTemplate\":\"https:\/\/www.hidrolab.org\/fr\/?s={search_term_string}\"},\"query-input\":\"required name=search_term_string\"}],\"inLanguage\":\"fr-FR\"},{\"@type\":\"Organization\",\"@id\":\"https:\/\/www.hidrolab.org\/fr\/#organization\",\"name\":\"Fran\u00e7ais\",\"url\":\"https:\/\/www.hidrolab.org\/fr\/\",\"sameAs\":[],\"logo\":{\"@type\":\"ImageObject\",\"inLanguage\":\"fr-FR\",\"@id\":\"https:\/\/www.hidrolab.org\/fr\/#\/schema\/logo\/image\/\",\"url\":\"https:\/\/www.hidrolab.org\/fr\/wp-content\/uploads\/sites\/4\/2018\/08\/Logo-Completo.png\",\"contentUrl\":\"https:\/\/www.hidrolab.org\/fr\/wp-content\/uploads\/sites\/4\/2018\/08\/Logo-Completo.png\",\"width\":1680,\"height\":440,\"caption\":\"Fran\u00e7ais\"},\"image\":{\"@id\":\"https:\/\/www.hidrolab.org\/fr\/#\/schema\/logo\/image\/\"}}]}<\/script>\n<!-- \/ Yoast SEO plugin. -->","yoast_head_json":{"title":"Autres instruments - Fran\u00e7ais","description":"En Hidrolab contamos con otros equipos de analizadores de gases: combusti\u00f3n, generaci\u00f3n, medici\u00f3n de caudal en canal abierto, depuraci\u00f3n anaerobia, etc.","robots":{"index":"index","follow":"follow","max-snippet":"max-snippet:-1","max-image-preview":"max-image-preview:large","max-video-preview":"max-video-preview:-1"},"canonical":"https:\/\/www.hidrolab.org\/fr\/instruments-de-mesure\/autres-instruments\/","og_locale":"fr_FR","og_type":"article","og_title":"Autres instruments - Fran\u00e7ais","og_description":"En Hidrolab contamos con otros equipos de analizadores de gases: combusti\u00f3n, generaci\u00f3n, medici\u00f3n de caudal en canal abierto, depuraci\u00f3n anaerobia, etc.","og_url":"https:\/\/www.hidrolab.org\/fr\/instruments-de-mesure\/autres-instruments\/","og_site_name":"Fran\u00e7ais","article_modified_time":"2019-09-30T13:19:23+00:00","og_image":[{"width":599,"height":153,"url":"https:\/\/www.hidrolab.org\/fr\/wp-content\/uploads\/sites\/4\/2019\/01\/otros-equipos-2.jpg","type":"image\/jpeg"}],"twitter_card":"summary_large_image","schema":{"@context":"https:\/\/schema.org","@graph":[{"@type":"WebPage","@id":"https:\/\/www.hidrolab.org\/fr\/instruments-de-mesure\/autres-instruments\/","url":"https:\/\/www.hidrolab.org\/fr\/instruments-de-mesure\/autres-instruments\/","name":"Autres instruments - Fran\u00e7ais","isPartOf":{"@id":"https:\/\/www.hidrolab.org\/fr\/#website"},"datePublished":"2018-08-03T10:50:07+00:00","dateModified":"2019-09-30T13:19:23+00:00","description":"En Hidrolab contamos con otros equipos de analizadores de gases: combusti\u00f3n, generaci\u00f3n, medici\u00f3n de caudal en canal abierto, depuraci\u00f3n anaerobia, etc.","breadcrumb":{"@id":"https:\/\/www.hidrolab.org\/fr\/instruments-de-mesure\/autres-instruments\/#breadcrumb"},"inLanguage":"fr-FR","potentialAction":[{"@type":"ReadAction","target":["https:\/\/www.hidrolab.org\/fr\/instruments-de-mesure\/autres-instruments\/"]}]},{"@type":"BreadcrumbList","@id":"https:\/\/www.hidrolab.org\/fr\/instruments-de-mesure\/autres-instruments\/#breadcrumb","itemListElement":[{"@type":"ListItem","position":1,"name":"Portada","item":"https:\/\/www.hidrolab.org\/fr\/"},{"@type":"ListItem","position":2,"name":"Instruments de mesure","item":"https:\/\/www.hidrolab.org\/fr\/instruments-de-mesure\/"},{"@type":"ListItem","position":3,"name":"Autres instruments"}]},{"@type":"WebSite","@id":"https:\/\/www.hidrolab.org\/fr\/#website","url":"https:\/\/www.hidrolab.org\/fr\/","name":"Fran\u00e7ais","description":"An\u00e1lisis de aguas","publisher":{"@id":"https:\/\/www.hidrolab.org\/fr\/#organization"},"potentialAction":[{"@type":"SearchAction","target":{"@type":"EntryPoint","urlTemplate":"https:\/\/www.hidrolab.org\/fr\/?s={search_term_string}"},"query-input":"required name=search_term_string"}],"inLanguage":"fr-FR"},{"@type":"Organization","@id":"https:\/\/www.hidrolab.org\/fr\/#organization","name":"Fran\u00e7ais","url":"https:\/\/www.hidrolab.org\/fr\/","sameAs":[],"logo":{"@type":"ImageObject","inLanguage":"fr-FR","@id":"https:\/\/www.hidrolab.org\/fr\/#\/schema\/logo\/image\/","url":"https:\/\/www.hidrolab.org\/fr\/wp-content\/uploads\/sites\/4\/2018\/08\/Logo-Completo.png","contentUrl":"https:\/\/www.hidrolab.org\/fr\/wp-content\/uploads\/sites\/4\/2018\/08\/Logo-Completo.png","width":1680,"height":440,"caption":"Fran\u00e7ais"},"image":{"@id":"https:\/\/www.hidrolab.org\/fr\/#\/schema\/logo\/image\/"}}]}},"_links":{"self":[{"href":"https:\/\/www.hidrolab.org\/fr\/wp-json\/wp\/v2\/pages\/1570"}],"collection":[{"href":"https:\/\/www.hidrolab.org\/fr\/wp-json\/wp\/v2\/pages"}],"about":[{"href":"https:\/\/www.hidrolab.org\/fr\/wp-json\/wp\/v2\/types\/page"}],"author":[{"embeddable":true,"href":"https:\/\/www.hidrolab.org\/fr\/wp-json\/wp\/v2\/users\/1"}],"replies":[{"embeddable":true,"href":"https:\/\/www.hidrolab.org\/fr\/wp-json\/wp\/v2\/comments?post=1570"}],"version-history":[{"count":4,"href":"https:\/\/www.hidrolab.org\/fr\/wp-json\/wp\/v2\/pages\/1570\/revisions"}],"predecessor-version":[{"id":2020,"href":"https:\/\/www.hidrolab.org\/fr\/wp-json\/wp\/v2\/pages\/1570\/revisions\/2020"}],"up":[{"embeddable":true,"href":"https:\/\/www.hidrolab.org\/fr\/wp-json\/wp\/v2\/pages\/1564"}],"wp:featuredmedia":[{"embeddable":true,"href":"https:\/\/www.hidrolab.org\/fr\/wp-json\/wp\/v2\/media\/1971"}],"wp:attachment":[{"href":"https:\/\/www.hidrolab.org\/fr\/wp-json\/wp\/v2\/media?parent=1570"}],"curies":[{"name":"wp","href":"https:\/\/api.w.org\/{rel}","templated":true}]}}