{"id":1566,"date":"2018-08-03T10:47:46","date_gmt":"2018-08-03T10:47:46","guid":{"rendered":"https:\/\/www.hidrolab.org\/?page_id=1566"},"modified":"2022-03-20T09:33:13","modified_gmt":"2022-03-20T08:33:13","slug":"controle-agro-mete","status":"publish","type":"page","link":"https:\/\/www.hidrolab.org\/fr\/instruments-de-mesure\/controle-agro-mete\/","title":{"rendered":"Contr\u00f4le agro-m\u00e9t\u00e9orologique"},"content":{"rendered":"\n<p>\n\nNous fournissons des stations m\u00e9t\u00e9orologiques avec capteurs modernes et instruments de registre de donn\u00e9es. \u00c0 Hidrolab nous disposons d\u00b4applications agricoles dans l\u2019utilisation des donn\u00e9es enregistr\u00e9es pour l\u2019\u00e9laboration automatique de fiches r\u00e9sum\u00e9 journali\u00e8res avec les moyennes, maximums et minimums de temp\u00e9rature et humidit\u00e9, calcul de l\u2019\u00e9vapotranspiration de r\u00e9f\u00e9rence et \u00ab heures de temp\u00e9rature et heures d\u00b4humidit\u00e9 \u00bb. Cela aide \u00e0 conna\u00eetre les besoins hydriques d\u2019une culture et aussi les risques d\u2019apparition de certaines plaies.<\/p>\n\n\n\n<p>Vous pouvez nous exposer votre consultation par notre&nbsp;<a href=\"https:\/\/www.hidrolab.org\/fr\/contact\">formulaire de contact<\/a>. Remplissez vous vos donn\u00e9es et concr\u00e9tisez vos besoins ou int\u00e9r\u00eats, et nous vous r\u00e9pondons pour vous informer plus en d\u00e9tail.<\/p>\n\n\n\n<div class=\"wp-block-image\"><figure class=\"aligncenter size-large\"><img loading=\"lazy\" width=\"1024\" height=\"709\" src=\"https:\/\/www.hidrolab.org\/fr\/wp-content\/uploads\/sites\/4\/2018\/09\/delta-t-humedad-del-suelo-herramientas-1024x709.png\" alt=\"Herramientas para la medici\u00f3n de la humedad del suelo\" class=\"wp-image-1912\" srcset=\"https:\/\/www.hidrolab.org\/fr\/wp-content\/uploads\/sites\/4\/2018\/09\/delta-t-humedad-del-suelo-herramientas-1024x709.png 1024w, https:\/\/www.hidrolab.org\/fr\/wp-content\/uploads\/sites\/4\/2018\/09\/delta-t-humedad-del-suelo-herramientas-300x208.png 300w, https:\/\/www.hidrolab.org\/fr\/wp-content\/uploads\/sites\/4\/2018\/09\/delta-t-humedad-del-suelo-herramientas-768x532.png 768w, https:\/\/www.hidrolab.org\/fr\/wp-content\/uploads\/sites\/4\/2018\/09\/delta-t-humedad-del-suelo-herramientas.png 1267w\" sizes=\"(max-width: 1024px) 100vw, 1024px\" \/><\/figure><\/div>\n\n\n\n<ul><li>Radiation solaire.<\/li><li>Radiation photosynth\u00e9tique.<\/li><li>Temp\u00e9rature et humidit\u00e9.<\/li><li>Point de ros\u00e9e.<\/li><li>Pluie.<\/li><li>Vitesse et direction du vent.<\/li><li>Tensiom\u00e8tres.<\/li><li>Humectage foliaire.<\/li><li>\u00c9vaporation avec r\u00e9servoir \u00e9vaporim\u00e9trique normalis\u00e9.<\/li><li>Humidit\u00e9 du sol.<\/li><li>Sondes TDR.<\/li><li>Pression barom\u00e9trique.<\/li><li>Niveau.<\/li><li>D\u00e9bit.<\/li><li>Qualit\u00e9 d\u2019eau.<br><a href=\"https:\/\/www.hidrolab.org\/fr\/laboratoires\">Voir section Laboratoire<\/a>.<\/li><li>Int\u00e9grateurs avec capacit\u00e9 de contr\u00f4le.<\/li><\/ul>\n\n\n\n<div class=\"wp-block-image\"><figure class=\"aligncenter size-full\"><img loading=\"lazy\" width=\"667\" height=\"500\" src=\"https:\/\/www.hidrolab.org\/fr\/wp-content\/uploads\/sites\/4\/2018\/09\/equipo-deltat.jpg\" alt=\"Equipo de medici\u00f3n de la humedad Delta T, para comprobar la calidad del agua\" class=\"wp-image-1929\" srcset=\"https:\/\/www.hidrolab.org\/fr\/wp-content\/uploads\/sites\/4\/2018\/09\/equipo-deltat.jpg 667w, https:\/\/www.hidrolab.org\/fr\/wp-content\/uploads\/sites\/4\/2018\/09\/equipo-deltat-300x225.jpg 300w\" sizes=\"(max-width: 667px) 100vw, 667px\" \/><\/figure><\/div>\n\n\n\n<p class=\"has-text-align-center\"><strong>Delta T DEVICES:\u00a0<a href=\"https:\/\/delta-t.co.uk\/\" target=\"_blank\" rel=\"noreferrer noopener\">https:\/\/delta-t.co.uk\/<\/a><\/strong><\/p>\n","protected":false},"excerpt":{"rendered":"<p>Nous fournissons des stations m\u00e9t\u00e9orologiques avec capteurs modernes et instruments de registre de donn\u00e9es. \u00c0 Hidrolab nous disposons d\u00b4applications agricoles dans l\u2019utilisation des donn\u00e9es enregistr\u00e9es pour l\u2019\u00e9laboration automatique de fiches r\u00e9sum\u00e9 journali\u00e8res avec les moyennes, maximums et minimums de temp\u00e9rature et humidit\u00e9, calcul de l\u2019\u00e9vapotranspiration de r\u00e9f\u00e9rence et \u00ab heures de temp\u00e9rature et heures d\u00b4humidit\u00e9 [&hellip;]<\/p>\n","protected":false},"author":1,"featured_media":1966,"parent":1564,"menu_order":0,"comment_status":"closed","ping_status":"closed","template":"","meta":{"_monsterinsights_skip_tracking":false,"_monsterinsights_sitenote_active":false,"_monsterinsights_sitenote_note":"","_monsterinsights_sitenote_category":0,"_genesis_hide_title":false,"_genesis_hide_breadcrumbs":false,"_genesis_hide_singular_image":false,"_genesis_hide_footer_widgets":false,"_genesis_custom_body_class":"","_genesis_custom_post_class":"","_genesis_layout":""},"yoast_head":"<!-- This site is optimized with the Yoast SEO plugin v19.6.1 - https:\/\/yoast.com\/wordpress\/plugins\/seo\/ -->\n<title>Contr\u00f4le agro-m\u00e9t\u00e9orologique - Fran\u00e7ais<\/title>\n<meta name=\"description\" content=\"En Hidrolab contamos con las mejores estaciones meteorol\u00f3gicas para brindar un excelente servicio de control agroclim\u00e1tico.\" \/>\n<meta name=\"robots\" content=\"index, follow, max-snippet:-1, max-image-preview:large, max-video-preview:-1\" \/>\n<link rel=\"canonical\" href=\"https:\/\/www.hidrolab.org\/fr\/instruments-de-mesure\/controle-agro-mete\/\" \/>\n<meta property=\"og:locale\" content=\"fr_FR\" \/>\n<meta property=\"og:type\" content=\"article\" \/>\n<meta property=\"og:title\" content=\"Contr\u00f4le agro-m\u00e9t\u00e9orologique - Fran\u00e7ais\" \/>\n<meta property=\"og:description\" content=\"En Hidrolab contamos con las mejores estaciones meteorol\u00f3gicas para brindar un excelente servicio de control agroclim\u00e1tico.\" \/>\n<meta property=\"og:url\" content=\"https:\/\/www.hidrolab.org\/fr\/instruments-de-mesure\/controle-agro-mete\/\" \/>\n<meta property=\"og:site_name\" content=\"Fran\u00e7ais\" \/>\n<meta property=\"article:modified_time\" content=\"2022-03-20T08:33:13+00:00\" \/>\n<meta property=\"og:image\" content=\"https:\/\/www.hidrolab.org\/fr\/wp-content\/uploads\/sites\/4\/2019\/01\/control-agroalimentario.jpg\" \/>\n\t<meta property=\"og:image:width\" content=\"600\" \/>\n\t<meta property=\"og:image:height\" content=\"450\" \/>\n\t<meta property=\"og:image:type\" content=\"image\/jpeg\" \/>\n<meta name=\"twitter:card\" content=\"summary_large_image\" \/>\n<script type=\"application\/ld+json\" class=\"yoast-schema-graph\">{\"@context\":\"https:\/\/schema.org\",\"@graph\":[{\"@type\":\"WebPage\",\"@id\":\"https:\/\/www.hidrolab.org\/fr\/instruments-de-mesure\/controle-agro-mete\/\",\"url\":\"https:\/\/www.hidrolab.org\/fr\/instruments-de-mesure\/controle-agro-mete\/\",\"name\":\"Contr\u00f4le agro-m\u00e9t\u00e9orologique - Fran\u00e7ais\",\"isPartOf\":{\"@id\":\"https:\/\/www.hidrolab.org\/fr\/#website\"},\"datePublished\":\"2018-08-03T10:47:46+00:00\",\"dateModified\":\"2022-03-20T08:33:13+00:00\",\"description\":\"En Hidrolab contamos con las mejores estaciones meteorol\u00f3gicas para brindar un excelente servicio de control agroclim\u00e1tico.\",\"breadcrumb\":{\"@id\":\"https:\/\/www.hidrolab.org\/fr\/instruments-de-mesure\/controle-agro-mete\/#breadcrumb\"},\"inLanguage\":\"fr-FR\",\"potentialAction\":[{\"@type\":\"ReadAction\",\"target\":[\"https:\/\/www.hidrolab.org\/fr\/instruments-de-mesure\/controle-agro-mete\/\"]}]},{\"@type\":\"BreadcrumbList\",\"@id\":\"https:\/\/www.hidrolab.org\/fr\/instruments-de-mesure\/controle-agro-mete\/#breadcrumb\",\"itemListElement\":[{\"@type\":\"ListItem\",\"position\":1,\"name\":\"Portada\",\"item\":\"https:\/\/www.hidrolab.org\/fr\/\"},{\"@type\":\"ListItem\",\"position\":2,\"name\":\"Instruments de mesure\",\"item\":\"https:\/\/www.hidrolab.org\/fr\/instruments-de-mesure\/\"},{\"@type\":\"ListItem\",\"position\":3,\"name\":\"Contr\u00f4le agro-m\u00e9t\u00e9orologique\"}]},{\"@type\":\"WebSite\",\"@id\":\"https:\/\/www.hidrolab.org\/fr\/#website\",\"url\":\"https:\/\/www.hidrolab.org\/fr\/\",\"name\":\"Fran\u00e7ais\",\"description\":\"An\u00e1lisis de aguas\",\"publisher\":{\"@id\":\"https:\/\/www.hidrolab.org\/fr\/#organization\"},\"potentialAction\":[{\"@type\":\"SearchAction\",\"target\":{\"@type\":\"EntryPoint\",\"urlTemplate\":\"https:\/\/www.hidrolab.org\/fr\/?s={search_term_string}\"},\"query-input\":\"required name=search_term_string\"}],\"inLanguage\":\"fr-FR\"},{\"@type\":\"Organization\",\"@id\":\"https:\/\/www.hidrolab.org\/fr\/#organization\",\"name\":\"Fran\u00e7ais\",\"url\":\"https:\/\/www.hidrolab.org\/fr\/\",\"sameAs\":[],\"logo\":{\"@type\":\"ImageObject\",\"inLanguage\":\"fr-FR\",\"@id\":\"https:\/\/www.hidrolab.org\/fr\/#\/schema\/logo\/image\/\",\"url\":\"https:\/\/www.hidrolab.org\/fr\/wp-content\/uploads\/sites\/4\/2018\/08\/Logo-Completo.png\",\"contentUrl\":\"https:\/\/www.hidrolab.org\/fr\/wp-content\/uploads\/sites\/4\/2018\/08\/Logo-Completo.png\",\"width\":1680,\"height\":440,\"caption\":\"Fran\u00e7ais\"},\"image\":{\"@id\":\"https:\/\/www.hidrolab.org\/fr\/#\/schema\/logo\/image\/\"}}]}<\/script>\n<!-- \/ Yoast SEO plugin. -->","yoast_head_json":{"title":"Contr\u00f4le agro-m\u00e9t\u00e9orologique - Fran\u00e7ais","description":"En Hidrolab contamos con las mejores estaciones meteorol\u00f3gicas para brindar un excelente servicio de control agroclim\u00e1tico.","robots":{"index":"index","follow":"follow","max-snippet":"max-snippet:-1","max-image-preview":"max-image-preview:large","max-video-preview":"max-video-preview:-1"},"canonical":"https:\/\/www.hidrolab.org\/fr\/instruments-de-mesure\/controle-agro-mete\/","og_locale":"fr_FR","og_type":"article","og_title":"Contr\u00f4le agro-m\u00e9t\u00e9orologique - Fran\u00e7ais","og_description":"En Hidrolab contamos con las mejores estaciones meteorol\u00f3gicas para brindar un excelente servicio de control agroclim\u00e1tico.","og_url":"https:\/\/www.hidrolab.org\/fr\/instruments-de-mesure\/controle-agro-mete\/","og_site_name":"Fran\u00e7ais","article_modified_time":"2022-03-20T08:33:13+00:00","og_image":[{"width":600,"height":450,"url":"https:\/\/www.hidrolab.org\/fr\/wp-content\/uploads\/sites\/4\/2019\/01\/control-agroalimentario.jpg","type":"image\/jpeg"}],"twitter_card":"summary_large_image","schema":{"@context":"https:\/\/schema.org","@graph":[{"@type":"WebPage","@id":"https:\/\/www.hidrolab.org\/fr\/instruments-de-mesure\/controle-agro-mete\/","url":"https:\/\/www.hidrolab.org\/fr\/instruments-de-mesure\/controle-agro-mete\/","name":"Contr\u00f4le agro-m\u00e9t\u00e9orologique - Fran\u00e7ais","isPartOf":{"@id":"https:\/\/www.hidrolab.org\/fr\/#website"},"datePublished":"2018-08-03T10:47:46+00:00","dateModified":"2022-03-20T08:33:13+00:00","description":"En Hidrolab contamos con las mejores estaciones meteorol\u00f3gicas para brindar un excelente servicio de control agroclim\u00e1tico.","breadcrumb":{"@id":"https:\/\/www.hidrolab.org\/fr\/instruments-de-mesure\/controle-agro-mete\/#breadcrumb"},"inLanguage":"fr-FR","potentialAction":[{"@type":"ReadAction","target":["https:\/\/www.hidrolab.org\/fr\/instruments-de-mesure\/controle-agro-mete\/"]}]},{"@type":"BreadcrumbList","@id":"https:\/\/www.hidrolab.org\/fr\/instruments-de-mesure\/controle-agro-mete\/#breadcrumb","itemListElement":[{"@type":"ListItem","position":1,"name":"Portada","item":"https:\/\/www.hidrolab.org\/fr\/"},{"@type":"ListItem","position":2,"name":"Instruments de mesure","item":"https:\/\/www.hidrolab.org\/fr\/instruments-de-mesure\/"},{"@type":"ListItem","position":3,"name":"Contr\u00f4le agro-m\u00e9t\u00e9orologique"}]},{"@type":"WebSite","@id":"https:\/\/www.hidrolab.org\/fr\/#website","url":"https:\/\/www.hidrolab.org\/fr\/","name":"Fran\u00e7ais","description":"An\u00e1lisis de aguas","publisher":{"@id":"https:\/\/www.hidrolab.org\/fr\/#organization"},"potentialAction":[{"@type":"SearchAction","target":{"@type":"EntryPoint","urlTemplate":"https:\/\/www.hidrolab.org\/fr\/?s={search_term_string}"},"query-input":"required name=search_term_string"}],"inLanguage":"fr-FR"},{"@type":"Organization","@id":"https:\/\/www.hidrolab.org\/fr\/#organization","name":"Fran\u00e7ais","url":"https:\/\/www.hidrolab.org\/fr\/","sameAs":[],"logo":{"@type":"ImageObject","inLanguage":"fr-FR","@id":"https:\/\/www.hidrolab.org\/fr\/#\/schema\/logo\/image\/","url":"https:\/\/www.hidrolab.org\/fr\/wp-content\/uploads\/sites\/4\/2018\/08\/Logo-Completo.png","contentUrl":"https:\/\/www.hidrolab.org\/fr\/wp-content\/uploads\/sites\/4\/2018\/08\/Logo-Completo.png","width":1680,"height":440,"caption":"Fran\u00e7ais"},"image":{"@id":"https:\/\/www.hidrolab.org\/fr\/#\/schema\/logo\/image\/"}}]}},"_links":{"self":[{"href":"https:\/\/www.hidrolab.org\/fr\/wp-json\/wp\/v2\/pages\/1566"}],"collection":[{"href":"https:\/\/www.hidrolab.org\/fr\/wp-json\/wp\/v2\/pages"}],"about":[{"href":"https:\/\/www.hidrolab.org\/fr\/wp-json\/wp\/v2\/types\/page"}],"author":[{"embeddable":true,"href":"https:\/\/www.hidrolab.org\/fr\/wp-json\/wp\/v2\/users\/1"}],"replies":[{"embeddable":true,"href":"https:\/\/www.hidrolab.org\/fr\/wp-json\/wp\/v2\/comments?post=1566"}],"version-history":[{"count":6,"href":"https:\/\/www.hidrolab.org\/fr\/wp-json\/wp\/v2\/pages\/1566\/revisions"}],"predecessor-version":[{"id":2106,"href":"https:\/\/www.hidrolab.org\/fr\/wp-json\/wp\/v2\/pages\/1566\/revisions\/2106"}],"up":[{"embeddable":true,"href":"https:\/\/www.hidrolab.org\/fr\/wp-json\/wp\/v2\/pages\/1564"}],"wp:featuredmedia":[{"embeddable":true,"href":"https:\/\/www.hidrolab.org\/fr\/wp-json\/wp\/v2\/media\/1966"}],"wp:attachment":[{"href":"https:\/\/www.hidrolab.org\/fr\/wp-json\/wp\/v2\/media?parent=1566"}],"curies":[{"name":"wp","href":"https:\/\/api.w.org\/{rel}","templated":true}]}}