{"id":1562,"date":"2018-08-03T10:43:45","date_gmt":"2018-08-03T10:43:45","guid":{"rendered":"https:\/\/www.hidrolab.org\/?page_id=1562"},"modified":"2019-09-30T20:35:40","modified_gmt":"2019-09-30T18:35:40","slug":"tamis","status":"publish","type":"page","link":"https:\/\/www.hidrolab.org\/fr\/traitements\/tamis\/","title":{"rendered":"Autres"},"content":{"rendered":"\n<p>\n\nNous faisons \u00e0&nbsp;<strong>Hidrolab<\/strong>:<\/p>\n\n\n\n<h2>Tamis statique<\/h2>\n\n\n\n<p>Tamis avec racleur continu.<\/p>\n\n\n\n<h2>Tamis vis<\/h2>\n\n\n\n<p>\u00c9limination des solides gros et moyens, pr\u00e9alable \u00e0 l\u2019entr\u00e9e de tout traitement. Ils sont construits en filet type Johnson de diff\u00e9rents passages de grille, et con\u00e7u pour les d\u00e9bits plus grands.<\/p>\n\n\n\n<h2>R\u00e9utilisation des eaux trait\u00e9es<\/h2>\n\n\n\n<p>Nous pouvons obtenir eau de la qualit\u00e9 suffisant pour le nettoyage de camions \u00e0 partir de l\u00b4eau us\u00e9e brute du m\u00eame lavage.<\/p>\n\n\n\n<p>Dispositif de balayage constant de tas de solides sur le filet du tamis.\n\n<\/p>\n","protected":false},"excerpt":{"rendered":"<p>Nous faisons \u00e0&nbsp;Hidrolab: Tamis statique Tamis avec racleur continu. Tamis vis \u00c9limination des solides gros et moyens, pr\u00e9alable \u00e0 l\u2019entr\u00e9e de tout traitement. Ils sont construits en filet type Johnson de diff\u00e9rents passages de grille, et con\u00e7u pour les d\u00e9bits plus grands. R\u00e9utilisation des eaux trait\u00e9es Nous pouvons obtenir eau de la qualit\u00e9 suffisant pour [&hellip;]<\/p>\n","protected":false},"author":1,"featured_media":1968,"parent":1550,"menu_order":0,"comment_status":"closed","ping_status":"closed","template":"","meta":{"_monsterinsights_skip_tracking":false,"_monsterinsights_sitenote_active":false,"_monsterinsights_sitenote_note":"","_monsterinsights_sitenote_category":0,"_genesis_hide_title":false,"_genesis_hide_breadcrumbs":false,"_genesis_hide_singular_image":false,"_genesis_hide_footer_widgets":false,"_genesis_custom_body_class":"","_genesis_custom_post_class":"","_genesis_layout":""},"yoast_head":"<!-- This site is optimized with the Yoast SEO plugin v19.6.1 - https:\/\/yoast.com\/wordpress\/plugins\/seo\/ -->\n<title>Autres - Fran\u00e7ais<\/title>\n<meta name=\"description\" content=\"Contamos con otros equipos de tamiz est\u00e1tico, permite la eliminaci\u00f3n de s\u00f3lidos gruesos y medianos, tamiz con barredor continuo, reutilizaci\u00f3n de aguas, etc\" \/>\n<meta name=\"robots\" content=\"index, follow, max-snippet:-1, max-image-preview:large, max-video-preview:-1\" \/>\n<link rel=\"canonical\" href=\"https:\/\/www.hidrolab.org\/fr\/traitements\/tamis\/\" \/>\n<meta property=\"og:locale\" content=\"fr_FR\" \/>\n<meta property=\"og:type\" content=\"article\" \/>\n<meta property=\"og:title\" content=\"Autres - Fran\u00e7ais\" \/>\n<meta property=\"og:description\" content=\"Contamos con otros equipos de tamiz est\u00e1tico, permite la eliminaci\u00f3n de s\u00f3lidos gruesos y medianos, tamiz con barredor continuo, reutilizaci\u00f3n de aguas, etc\" \/>\n<meta property=\"og:url\" content=\"https:\/\/www.hidrolab.org\/fr\/traitements\/tamis\/\" \/>\n<meta property=\"og:site_name\" content=\"Fran\u00e7ais\" \/>\n<meta property=\"article:modified_time\" content=\"2019-09-30T18:35:40+00:00\" \/>\n<meta property=\"og:image\" content=\"https:\/\/www.hidrolab.org\/fr\/wp-content\/uploads\/sites\/4\/2019\/01\/tratamientos-otros.jpg\" \/>\n\t<meta property=\"og:image:width\" content=\"600\" \/>\n\t<meta property=\"og:image:height\" content=\"450\" \/>\n\t<meta property=\"og:image:type\" content=\"image\/jpeg\" \/>\n<meta name=\"twitter:card\" content=\"summary_large_image\" \/>\n<script type=\"application\/ld+json\" class=\"yoast-schema-graph\">{\"@context\":\"https:\/\/schema.org\",\"@graph\":[{\"@type\":\"WebPage\",\"@id\":\"https:\/\/www.hidrolab.org\/fr\/traitements\/tamis\/\",\"url\":\"https:\/\/www.hidrolab.org\/fr\/traitements\/tamis\/\",\"name\":\"Autres - Fran\u00e7ais\",\"isPartOf\":{\"@id\":\"https:\/\/www.hidrolab.org\/fr\/#website\"},\"datePublished\":\"2018-08-03T10:43:45+00:00\",\"dateModified\":\"2019-09-30T18:35:40+00:00\",\"description\":\"Contamos con otros equipos de tamiz est\u00e1tico, permite la eliminaci\u00f3n de s\u00f3lidos gruesos y medianos, tamiz con barredor continuo, reutilizaci\u00f3n de aguas, etc\",\"breadcrumb\":{\"@id\":\"https:\/\/www.hidrolab.org\/fr\/traitements\/tamis\/#breadcrumb\"},\"inLanguage\":\"fr-FR\",\"potentialAction\":[{\"@type\":\"ReadAction\",\"target\":[\"https:\/\/www.hidrolab.org\/fr\/traitements\/tamis\/\"]}]},{\"@type\":\"BreadcrumbList\",\"@id\":\"https:\/\/www.hidrolab.org\/fr\/traitements\/tamis\/#breadcrumb\",\"itemListElement\":[{\"@type\":\"ListItem\",\"position\":1,\"name\":\"Portada\",\"item\":\"https:\/\/www.hidrolab.org\/fr\/\"},{\"@type\":\"ListItem\",\"position\":2,\"name\":\"Traitements\",\"item\":\"https:\/\/www.hidrolab.org\/fr\/traitements\/\"},{\"@type\":\"ListItem\",\"position\":3,\"name\":\"Autres\"}]},{\"@type\":\"WebSite\",\"@id\":\"https:\/\/www.hidrolab.org\/fr\/#website\",\"url\":\"https:\/\/www.hidrolab.org\/fr\/\",\"name\":\"Fran\u00e7ais\",\"description\":\"An\u00e1lisis de aguas\",\"publisher\":{\"@id\":\"https:\/\/www.hidrolab.org\/fr\/#organization\"},\"potentialAction\":[{\"@type\":\"SearchAction\",\"target\":{\"@type\":\"EntryPoint\",\"urlTemplate\":\"https:\/\/www.hidrolab.org\/fr\/?s={search_term_string}\"},\"query-input\":\"required name=search_term_string\"}],\"inLanguage\":\"fr-FR\"},{\"@type\":\"Organization\",\"@id\":\"https:\/\/www.hidrolab.org\/fr\/#organization\",\"name\":\"Fran\u00e7ais\",\"url\":\"https:\/\/www.hidrolab.org\/fr\/\",\"sameAs\":[],\"logo\":{\"@type\":\"ImageObject\",\"inLanguage\":\"fr-FR\",\"@id\":\"https:\/\/www.hidrolab.org\/fr\/#\/schema\/logo\/image\/\",\"url\":\"https:\/\/www.hidrolab.org\/fr\/wp-content\/uploads\/sites\/4\/2018\/08\/Logo-Completo.png\",\"contentUrl\":\"https:\/\/www.hidrolab.org\/fr\/wp-content\/uploads\/sites\/4\/2018\/08\/Logo-Completo.png\",\"width\":1680,\"height\":440,\"caption\":\"Fran\u00e7ais\"},\"image\":{\"@id\":\"https:\/\/www.hidrolab.org\/fr\/#\/schema\/logo\/image\/\"}}]}<\/script>\n<!-- \/ Yoast SEO plugin. -->","yoast_head_json":{"title":"Autres - Fran\u00e7ais","description":"Contamos con otros equipos de tamiz est\u00e1tico, permite la eliminaci\u00f3n de s\u00f3lidos gruesos y medianos, tamiz con barredor continuo, reutilizaci\u00f3n de aguas, etc","robots":{"index":"index","follow":"follow","max-snippet":"max-snippet:-1","max-image-preview":"max-image-preview:large","max-video-preview":"max-video-preview:-1"},"canonical":"https:\/\/www.hidrolab.org\/fr\/traitements\/tamis\/","og_locale":"fr_FR","og_type":"article","og_title":"Autres - Fran\u00e7ais","og_description":"Contamos con otros equipos de tamiz est\u00e1tico, permite la eliminaci\u00f3n de s\u00f3lidos gruesos y medianos, tamiz con barredor continuo, reutilizaci\u00f3n de aguas, etc","og_url":"https:\/\/www.hidrolab.org\/fr\/traitements\/tamis\/","og_site_name":"Fran\u00e7ais","article_modified_time":"2019-09-30T18:35:40+00:00","og_image":[{"width":600,"height":450,"url":"https:\/\/www.hidrolab.org\/fr\/wp-content\/uploads\/sites\/4\/2019\/01\/tratamientos-otros.jpg","type":"image\/jpeg"}],"twitter_card":"summary_large_image","schema":{"@context":"https:\/\/schema.org","@graph":[{"@type":"WebPage","@id":"https:\/\/www.hidrolab.org\/fr\/traitements\/tamis\/","url":"https:\/\/www.hidrolab.org\/fr\/traitements\/tamis\/","name":"Autres - Fran\u00e7ais","isPartOf":{"@id":"https:\/\/www.hidrolab.org\/fr\/#website"},"datePublished":"2018-08-03T10:43:45+00:00","dateModified":"2019-09-30T18:35:40+00:00","description":"Contamos con otros equipos de tamiz est\u00e1tico, permite la eliminaci\u00f3n de s\u00f3lidos gruesos y medianos, tamiz con barredor continuo, reutilizaci\u00f3n de aguas, etc","breadcrumb":{"@id":"https:\/\/www.hidrolab.org\/fr\/traitements\/tamis\/#breadcrumb"},"inLanguage":"fr-FR","potentialAction":[{"@type":"ReadAction","target":["https:\/\/www.hidrolab.org\/fr\/traitements\/tamis\/"]}]},{"@type":"BreadcrumbList","@id":"https:\/\/www.hidrolab.org\/fr\/traitements\/tamis\/#breadcrumb","itemListElement":[{"@type":"ListItem","position":1,"name":"Portada","item":"https:\/\/www.hidrolab.org\/fr\/"},{"@type":"ListItem","position":2,"name":"Traitements","item":"https:\/\/www.hidrolab.org\/fr\/traitements\/"},{"@type":"ListItem","position":3,"name":"Autres"}]},{"@type":"WebSite","@id":"https:\/\/www.hidrolab.org\/fr\/#website","url":"https:\/\/www.hidrolab.org\/fr\/","name":"Fran\u00e7ais","description":"An\u00e1lisis de aguas","publisher":{"@id":"https:\/\/www.hidrolab.org\/fr\/#organization"},"potentialAction":[{"@type":"SearchAction","target":{"@type":"EntryPoint","urlTemplate":"https:\/\/www.hidrolab.org\/fr\/?s={search_term_string}"},"query-input":"required name=search_term_string"}],"inLanguage":"fr-FR"},{"@type":"Organization","@id":"https:\/\/www.hidrolab.org\/fr\/#organization","name":"Fran\u00e7ais","url":"https:\/\/www.hidrolab.org\/fr\/","sameAs":[],"logo":{"@type":"ImageObject","inLanguage":"fr-FR","@id":"https:\/\/www.hidrolab.org\/fr\/#\/schema\/logo\/image\/","url":"https:\/\/www.hidrolab.org\/fr\/wp-content\/uploads\/sites\/4\/2018\/08\/Logo-Completo.png","contentUrl":"https:\/\/www.hidrolab.org\/fr\/wp-content\/uploads\/sites\/4\/2018\/08\/Logo-Completo.png","width":1680,"height":440,"caption":"Fran\u00e7ais"},"image":{"@id":"https:\/\/www.hidrolab.org\/fr\/#\/schema\/logo\/image\/"}}]}},"_links":{"self":[{"href":"https:\/\/www.hidrolab.org\/fr\/wp-json\/wp\/v2\/pages\/1562"}],"collection":[{"href":"https:\/\/www.hidrolab.org\/fr\/wp-json\/wp\/v2\/pages"}],"about":[{"href":"https:\/\/www.hidrolab.org\/fr\/wp-json\/wp\/v2\/types\/page"}],"author":[{"embeddable":true,"href":"https:\/\/www.hidrolab.org\/fr\/wp-json\/wp\/v2\/users\/1"}],"replies":[{"embeddable":true,"href":"https:\/\/www.hidrolab.org\/fr\/wp-json\/wp\/v2\/comments?post=1562"}],"version-history":[{"count":4,"href":"https:\/\/www.hidrolab.org\/fr\/wp-json\/wp\/v2\/pages\/1562\/revisions"}],"predecessor-version":[{"id":2049,"href":"https:\/\/www.hidrolab.org\/fr\/wp-json\/wp\/v2\/pages\/1562\/revisions\/2049"}],"up":[{"embeddable":true,"href":"https:\/\/www.hidrolab.org\/fr\/wp-json\/wp\/v2\/pages\/1550"}],"wp:featuredmedia":[{"embeddable":true,"href":"https:\/\/www.hidrolab.org\/fr\/wp-json\/wp\/v2\/media\/1968"}],"wp:attachment":[{"href":"https:\/\/www.hidrolab.org\/fr\/wp-json\/wp\/v2\/media?parent=1562"}],"curies":[{"name":"wp","href":"https:\/\/api.w.org\/{rel}","templated":true}]}}