{"id":1560,"date":"2018-08-03T10:43:05","date_gmt":"2018-08-03T10:43:05","guid":{"rendered":"https:\/\/www.hidrolab.org\/?page_id=1560"},"modified":"2022-08-26T19:30:13","modified_gmt":"2022-08-26T17:30:13","slug":"eaux-dapprovisionnement","status":"publish","type":"page","link":"https:\/\/www.hidrolab.org\/fr\/traitements\/eaux-dapprovisionnement\/","title":{"rendered":"Eaux d\u2019approvisionnement"},"content":{"rendered":"\n<p>\n\nPurification de l\u2019eau par d\u00e9cantation, filtration, osmose inverse, d\u00e9calcification, \u00e9limination de l\u2019arsenic et d\u2019autres toxiques:<br><\/p>\n\n\n\n<ul><li>Syst\u00e8me d\u2019approvisionnement de l\u2019eau pure pour laboratoire.<\/li><li>Carbonatation des eaux destin\u00e9es \u00e0 la consommation.<\/li><li>\u00c9changeur d\u2019ions.<\/li><li>Stations de d\u00e9nitrification.<\/li><li>\u00c9limination de fer.<\/li><\/ul>\n\n\n<div class=\"wp-block-image\">\n<figure class=\"aligncenter size-full is-resized\"><img loading=\"lazy\" src=\"https:\/\/www.hidrolab.org\/fr\/wp-content\/uploads\/sites\/4\/2022\/02\/Aguas-de-abastecimiento.jpg\" alt=\"\" class=\"wp-image-2064\" width=\"386\" height=\"514\" srcset=\"https:\/\/www.hidrolab.org\/fr\/wp-content\/uploads\/sites\/4\/2022\/02\/Aguas-de-abastecimiento.jpg 600w, https:\/\/www.hidrolab.org\/fr\/wp-content\/uploads\/sites\/4\/2022\/02\/Aguas-de-abastecimiento-225x300.jpg 225w\" sizes=\"(max-width: 386px) 100vw, 386px\" \/><\/figure><\/div>","protected":false},"excerpt":{"rendered":"<p>Purification de l\u2019eau par d\u00e9cantation, filtration, osmose inverse, d\u00e9calcification, \u00e9limination de l\u2019arsenic et d\u2019autres toxiques: Syst\u00e8me d\u2019approvisionnement de l\u2019eau pure pour laboratoire. Carbonatation des eaux destin\u00e9es \u00e0 la consommation. \u00c9changeur d\u2019ions. Stations de d\u00e9nitrification. \u00c9limination de fer.<\/p>\n","protected":false},"author":1,"featured_media":2064,"parent":1550,"menu_order":0,"comment_status":"closed","ping_status":"closed","template":"","meta":{"_monsterinsights_skip_tracking":false,"_monsterinsights_sitenote_active":false,"_monsterinsights_sitenote_note":"","_monsterinsights_sitenote_category":0,"_genesis_hide_title":false,"_genesis_hide_breadcrumbs":false,"_genesis_hide_singular_image":false,"_genesis_hide_footer_widgets":false,"_genesis_custom_body_class":"","_genesis_custom_post_class":"","_genesis_layout":""},"yoast_head":"<!-- This site is optimized with the Yoast SEO plugin v19.6.1 - https:\/\/yoast.com\/wordpress\/plugins\/seo\/ -->\n<title>Eaux d\u2019approvisionnement - Fran\u00e7ais<\/title>\n<meta name=\"description\" content=\"Trabajamos todo lo relacionado con tratamientos de aguas de abastecimiento: Purificaci\u00f3n de aguas por decantaci\u00f3n, eliminaci\u00f3n de ars\u00e9nico, otros t\u00f3xicos,\" \/>\n<meta name=\"robots\" content=\"index, follow, max-snippet:-1, max-image-preview:large, max-video-preview:-1\" \/>\n<link rel=\"canonical\" href=\"https:\/\/www.hidrolab.org\/fr\/traitements\/eaux-dapprovisionnement\/\" \/>\n<meta property=\"og:locale\" content=\"fr_FR\" \/>\n<meta property=\"og:type\" content=\"article\" \/>\n<meta property=\"og:title\" content=\"Eaux d\u2019approvisionnement - Fran\u00e7ais\" \/>\n<meta property=\"og:description\" content=\"Trabajamos todo lo relacionado con tratamientos de aguas de abastecimiento: Purificaci\u00f3n de aguas por decantaci\u00f3n, eliminaci\u00f3n de ars\u00e9nico, otros t\u00f3xicos,\" \/>\n<meta property=\"og:url\" content=\"https:\/\/www.hidrolab.org\/fr\/traitements\/eaux-dapprovisionnement\/\" \/>\n<meta property=\"og:site_name\" content=\"Fran\u00e7ais\" \/>\n<meta property=\"article:modified_time\" content=\"2022-08-26T17:30:13+00:00\" \/>\n<meta property=\"og:image\" content=\"https:\/\/www.hidrolab.org\/fr\/wp-content\/uploads\/sites\/4\/2022\/02\/Aguas-de-abastecimiento.jpg\" \/>\n\t<meta property=\"og:image:width\" content=\"600\" \/>\n\t<meta property=\"og:image:height\" content=\"800\" \/>\n\t<meta property=\"og:image:type\" content=\"image\/jpeg\" \/>\n<meta name=\"twitter:card\" content=\"summary_large_image\" \/>\n<script type=\"application\/ld+json\" class=\"yoast-schema-graph\">{\"@context\":\"https:\/\/schema.org\",\"@graph\":[{\"@type\":\"WebPage\",\"@id\":\"https:\/\/www.hidrolab.org\/fr\/traitements\/eaux-dapprovisionnement\/\",\"url\":\"https:\/\/www.hidrolab.org\/fr\/traitements\/eaux-dapprovisionnement\/\",\"name\":\"Eaux d\u2019approvisionnement - Fran\u00e7ais\",\"isPartOf\":{\"@id\":\"https:\/\/www.hidrolab.org\/fr\/#website\"},\"datePublished\":\"2018-08-03T10:43:05+00:00\",\"dateModified\":\"2022-08-26T17:30:13+00:00\",\"description\":\"Trabajamos todo lo relacionado con tratamientos de aguas de abastecimiento: Purificaci\u00f3n de aguas por decantaci\u00f3n, eliminaci\u00f3n de ars\u00e9nico, otros t\u00f3xicos,\",\"breadcrumb\":{\"@id\":\"https:\/\/www.hidrolab.org\/fr\/traitements\/eaux-dapprovisionnement\/#breadcrumb\"},\"inLanguage\":\"fr-FR\",\"potentialAction\":[{\"@type\":\"ReadAction\",\"target\":[\"https:\/\/www.hidrolab.org\/fr\/traitements\/eaux-dapprovisionnement\/\"]}]},{\"@type\":\"BreadcrumbList\",\"@id\":\"https:\/\/www.hidrolab.org\/fr\/traitements\/eaux-dapprovisionnement\/#breadcrumb\",\"itemListElement\":[{\"@type\":\"ListItem\",\"position\":1,\"name\":\"Portada\",\"item\":\"https:\/\/www.hidrolab.org\/fr\/\"},{\"@type\":\"ListItem\",\"position\":2,\"name\":\"Traitements\",\"item\":\"https:\/\/www.hidrolab.org\/fr\/traitements\/\"},{\"@type\":\"ListItem\",\"position\":3,\"name\":\"Eaux d\u2019approvisionnement\"}]},{\"@type\":\"WebSite\",\"@id\":\"https:\/\/www.hidrolab.org\/fr\/#website\",\"url\":\"https:\/\/www.hidrolab.org\/fr\/\",\"name\":\"Fran\u00e7ais\",\"description\":\"An\u00e1lisis de aguas\",\"publisher\":{\"@id\":\"https:\/\/www.hidrolab.org\/fr\/#organization\"},\"potentialAction\":[{\"@type\":\"SearchAction\",\"target\":{\"@type\":\"EntryPoint\",\"urlTemplate\":\"https:\/\/www.hidrolab.org\/fr\/?s={search_term_string}\"},\"query-input\":\"required name=search_term_string\"}],\"inLanguage\":\"fr-FR\"},{\"@type\":\"Organization\",\"@id\":\"https:\/\/www.hidrolab.org\/fr\/#organization\",\"name\":\"Fran\u00e7ais\",\"url\":\"https:\/\/www.hidrolab.org\/fr\/\",\"sameAs\":[],\"logo\":{\"@type\":\"ImageObject\",\"inLanguage\":\"fr-FR\",\"@id\":\"https:\/\/www.hidrolab.org\/fr\/#\/schema\/logo\/image\/\",\"url\":\"https:\/\/www.hidrolab.org\/fr\/wp-content\/uploads\/sites\/4\/2018\/08\/Logo-Completo.png\",\"contentUrl\":\"https:\/\/www.hidrolab.org\/fr\/wp-content\/uploads\/sites\/4\/2018\/08\/Logo-Completo.png\",\"width\":1680,\"height\":440,\"caption\":\"Fran\u00e7ais\"},\"image\":{\"@id\":\"https:\/\/www.hidrolab.org\/fr\/#\/schema\/logo\/image\/\"}}]}<\/script>\n<!-- \/ Yoast SEO plugin. -->","yoast_head_json":{"title":"Eaux d\u2019approvisionnement - Fran\u00e7ais","description":"Trabajamos todo lo relacionado con tratamientos de aguas de abastecimiento: Purificaci\u00f3n de aguas por decantaci\u00f3n, eliminaci\u00f3n de ars\u00e9nico, otros t\u00f3xicos,","robots":{"index":"index","follow":"follow","max-snippet":"max-snippet:-1","max-image-preview":"max-image-preview:large","max-video-preview":"max-video-preview:-1"},"canonical":"https:\/\/www.hidrolab.org\/fr\/traitements\/eaux-dapprovisionnement\/","og_locale":"fr_FR","og_type":"article","og_title":"Eaux d\u2019approvisionnement - Fran\u00e7ais","og_description":"Trabajamos todo lo relacionado con tratamientos de aguas de abastecimiento: Purificaci\u00f3n de aguas por decantaci\u00f3n, eliminaci\u00f3n de ars\u00e9nico, otros t\u00f3xicos,","og_url":"https:\/\/www.hidrolab.org\/fr\/traitements\/eaux-dapprovisionnement\/","og_site_name":"Fran\u00e7ais","article_modified_time":"2022-08-26T17:30:13+00:00","og_image":[{"width":600,"height":800,"url":"https:\/\/www.hidrolab.org\/fr\/wp-content\/uploads\/sites\/4\/2022\/02\/Aguas-de-abastecimiento.jpg","type":"image\/jpeg"}],"twitter_card":"summary_large_image","schema":{"@context":"https:\/\/schema.org","@graph":[{"@type":"WebPage","@id":"https:\/\/www.hidrolab.org\/fr\/traitements\/eaux-dapprovisionnement\/","url":"https:\/\/www.hidrolab.org\/fr\/traitements\/eaux-dapprovisionnement\/","name":"Eaux d\u2019approvisionnement - Fran\u00e7ais","isPartOf":{"@id":"https:\/\/www.hidrolab.org\/fr\/#website"},"datePublished":"2018-08-03T10:43:05+00:00","dateModified":"2022-08-26T17:30:13+00:00","description":"Trabajamos todo lo relacionado con tratamientos de aguas de abastecimiento: Purificaci\u00f3n de aguas por decantaci\u00f3n, eliminaci\u00f3n de ars\u00e9nico, otros t\u00f3xicos,","breadcrumb":{"@id":"https:\/\/www.hidrolab.org\/fr\/traitements\/eaux-dapprovisionnement\/#breadcrumb"},"inLanguage":"fr-FR","potentialAction":[{"@type":"ReadAction","target":["https:\/\/www.hidrolab.org\/fr\/traitements\/eaux-dapprovisionnement\/"]}]},{"@type":"BreadcrumbList","@id":"https:\/\/www.hidrolab.org\/fr\/traitements\/eaux-dapprovisionnement\/#breadcrumb","itemListElement":[{"@type":"ListItem","position":1,"name":"Portada","item":"https:\/\/www.hidrolab.org\/fr\/"},{"@type":"ListItem","position":2,"name":"Traitements","item":"https:\/\/www.hidrolab.org\/fr\/traitements\/"},{"@type":"ListItem","position":3,"name":"Eaux d\u2019approvisionnement"}]},{"@type":"WebSite","@id":"https:\/\/www.hidrolab.org\/fr\/#website","url":"https:\/\/www.hidrolab.org\/fr\/","name":"Fran\u00e7ais","description":"An\u00e1lisis de aguas","publisher":{"@id":"https:\/\/www.hidrolab.org\/fr\/#organization"},"potentialAction":[{"@type":"SearchAction","target":{"@type":"EntryPoint","urlTemplate":"https:\/\/www.hidrolab.org\/fr\/?s={search_term_string}"},"query-input":"required name=search_term_string"}],"inLanguage":"fr-FR"},{"@type":"Organization","@id":"https:\/\/www.hidrolab.org\/fr\/#organization","name":"Fran\u00e7ais","url":"https:\/\/www.hidrolab.org\/fr\/","sameAs":[],"logo":{"@type":"ImageObject","inLanguage":"fr-FR","@id":"https:\/\/www.hidrolab.org\/fr\/#\/schema\/logo\/image\/","url":"https:\/\/www.hidrolab.org\/fr\/wp-content\/uploads\/sites\/4\/2018\/08\/Logo-Completo.png","contentUrl":"https:\/\/www.hidrolab.org\/fr\/wp-content\/uploads\/sites\/4\/2018\/08\/Logo-Completo.png","width":1680,"height":440,"caption":"Fran\u00e7ais"},"image":{"@id":"https:\/\/www.hidrolab.org\/fr\/#\/schema\/logo\/image\/"}}]}},"_links":{"self":[{"href":"https:\/\/www.hidrolab.org\/fr\/wp-json\/wp\/v2\/pages\/1560"}],"collection":[{"href":"https:\/\/www.hidrolab.org\/fr\/wp-json\/wp\/v2\/pages"}],"about":[{"href":"https:\/\/www.hidrolab.org\/fr\/wp-json\/wp\/v2\/types\/page"}],"author":[{"embeddable":true,"href":"https:\/\/www.hidrolab.org\/fr\/wp-json\/wp\/v2\/users\/1"}],"replies":[{"embeddable":true,"href":"https:\/\/www.hidrolab.org\/fr\/wp-json\/wp\/v2\/comments?post=1560"}],"version-history":[{"count":6,"href":"https:\/\/www.hidrolab.org\/fr\/wp-json\/wp\/v2\/pages\/1560\/revisions"}],"predecessor-version":[{"id":2112,"href":"https:\/\/www.hidrolab.org\/fr\/wp-json\/wp\/v2\/pages\/1560\/revisions\/2112"}],"up":[{"embeddable":true,"href":"https:\/\/www.hidrolab.org\/fr\/wp-json\/wp\/v2\/pages\/1550"}],"wp:featuredmedia":[{"embeddable":true,"href":"https:\/\/www.hidrolab.org\/fr\/wp-json\/wp\/v2\/media\/2064"}],"wp:attachment":[{"href":"https:\/\/www.hidrolab.org\/fr\/wp-json\/wp\/v2\/media?parent=1560"}],"curies":[{"name":"wp","href":"https:\/\/api.w.org\/{rel}","templated":true}]}}