{"id":1558,"date":"2018-08-03T10:42:23","date_gmt":"2018-08-03T10:42:23","guid":{"rendered":"https:\/\/www.hidrolab.org\/?page_id=1558"},"modified":"2019-09-30T20:20:51","modified_gmt":"2019-09-30T18:20:51","slug":"deshydratation-de-boues","status":"publish","type":"page","link":"https:\/\/www.hidrolab.org\/fr\/traitements\/deshydratation-de-boues\/","title":{"rendered":"D\u00e9shydratation de boues"},"content":{"rendered":"\n<h2>Plusieurs voies pour la d\u00e9shydratation de boues<\/h2>\n\n\n\n<p>Les boues produites dans les traitements des rejets et par certains approvisionnements constituent le probl\u00e8me li\u00e9 toujours avec l\u2019\u00e9puration. Pour donner leur sortie c\u00b4est utile leur r\u00e9duction de volume, donn\u00e9 le co\u00fbt de transport et de gestion. Ce peut \u00eatre fait de nombreuses fa\u00e7ons. L\u2019industrie dispose souvent peu d\u00b4espace, par cons\u00e9quence utiliser des machines qu\u2019elles ne g\u00e9n\u00e8rent pas emb\u00eatants d\u2019odeurs est fr\u00e9quent.<\/p>\n\n\n\n<p>\u00c0\u00a0<strong>Hidrolab<\/strong>\u00a0nous avons d\u00e9velopp\u00e9:\u200b<\/p>\n\n\n\n<h2>Filtres-presses<\/h2>\n\n\n\n<p>Il s\u00b4agit d\u00b4une batterie de plaques creuses par l\u2019int\u00e9rieur de leur deux faces, fabriqu\u00e9es en plastique r\u00e9sistant (polypropyl\u00e8ne) qui sont maintenues reli\u00e9es et sont guid\u00e9es gr\u00e2ce \u00e0 un syst\u00e8me normalement hydraulique. Ces plaques ont communication entre elles par l\u2019int\u00e9rieur \u00e0 le centre. Chaque plaque est couverte par les deux faces avec toiles filtrants. Par cons\u00e9quence entre plaque et plaque il y a une chambre creuse que c\u00b4est remplis des boues durant le cycle de filtration, gr\u00e2ce \u00e0 son alimentation sous pression par une pompe pneumatique normalement.<\/p>\n\n\n\n<p>Quand la pression atteint une valeur de consigne programm\u00e9e, un compactage majeur d\u00e9j\u00e0 n\u2019est pas possible, et alors la batterie de plaques est ouverte par d\u00e9placement lat\u00e9ral du cylindre hydraulique, en laissant tomber les gateaux form\u00e9es entre plaque et plaque (boue d\u00e9shydrat\u00e9e avec une proportion de mati\u00e8re s\u00e8che normalement du 30 % et jusqu\u2019\u00e0 de 40 %).<\/p>\n\n\n\n<h2>Filtre de bande de papier<\/h2>\n\n\n\n<p>Syst\u00e8me de filtration pour les cas de tr\u00e8s petites productions de boue, de fonctionnement automatique, avec diff\u00e9rentes tailles de passage de petit trous filtrants.<\/p>\n\n\n\n<h2>Autres solutions : filtre-band, centrifuge, s\u00e9chage sur couverture de sable<\/h2>\n\n\n\n<p>\u00c0&nbsp;<strong>Hidrolab<\/strong>&nbsp;nous proposons vous \u00e9galement d\u2019autres \u00e9quipements \u00e9ventuellement n\u00e9cessaires pour terminer les traitements d\u2019eaux, comme le d\u00e9grossissage, le bac \u00e0 graisse, etc.\n\n<\/p>\n","protected":false},"excerpt":{"rendered":"<p>Plusieurs voies pour la d\u00e9shydratation de boues Les boues produites dans les traitements des rejets et par certains approvisionnements constituent le probl\u00e8me li\u00e9 toujours avec l\u2019\u00e9puration. Pour donner leur sortie c\u00b4est utile leur r\u00e9duction de volume, donn\u00e9 le co\u00fbt de transport et de gestion. Ce peut \u00eatre fait de nombreuses fa\u00e7ons. L\u2019industrie dispose souvent peu [&hellip;]<\/p>\n","protected":false},"author":1,"featured_media":1975,"parent":1550,"menu_order":0,"comment_status":"closed","ping_status":"closed","template":"","meta":{"_monsterinsights_skip_tracking":false,"_monsterinsights_sitenote_active":false,"_monsterinsights_sitenote_note":"","_monsterinsights_sitenote_category":0,"_genesis_hide_title":false,"_genesis_hide_breadcrumbs":false,"_genesis_hide_singular_image":false,"_genesis_hide_footer_widgets":false,"_genesis_custom_body_class":"","_genesis_custom_post_class":"","_genesis_layout":""},"yoast_head":"<!-- This site is optimized with the Yoast SEO plugin v19.6.1 - https:\/\/yoast.com\/wordpress\/plugins\/seo\/ -->\n<title>D\u00e9shydratation de boues - Fran\u00e7ais<\/title>\n<meta name=\"description\" content=\"En Hidrolab contamos con m\u00e1quinas diversas para realizar una correcta deshidrataci\u00f3n de lodos. Contamos con alta tecnolog\u00eda y grandes especialistas.\" \/>\n<meta name=\"robots\" content=\"index, follow, max-snippet:-1, max-image-preview:large, max-video-preview:-1\" \/>\n<link rel=\"canonical\" href=\"https:\/\/www.hidrolab.org\/fr\/traitements\/deshydratation-de-boues\/\" \/>\n<meta property=\"og:locale\" content=\"fr_FR\" \/>\n<meta property=\"og:type\" content=\"article\" \/>\n<meta property=\"og:title\" content=\"D\u00e9shydratation de boues - Fran\u00e7ais\" \/>\n<meta property=\"og:description\" content=\"En Hidrolab contamos con m\u00e1quinas diversas para realizar una correcta deshidrataci\u00f3n de lodos. Contamos con alta tecnolog\u00eda y grandes especialistas.\" \/>\n<meta property=\"og:url\" content=\"https:\/\/www.hidrolab.org\/fr\/traitements\/deshydratation-de-boues\/\" \/>\n<meta property=\"og:site_name\" content=\"Fran\u00e7ais\" \/>\n<meta property=\"article:modified_time\" content=\"2019-09-30T18:20:51+00:00\" \/>\n<meta property=\"og:image\" content=\"https:\/\/www.hidrolab.org\/fr\/wp-content\/uploads\/sites\/4\/2019\/01\/deshidratacion-lodos.jpg\" \/>\n\t<meta property=\"og:image:width\" content=\"600\" \/>\n\t<meta property=\"og:image:height\" content=\"450\" \/>\n\t<meta property=\"og:image:type\" content=\"image\/jpeg\" \/>\n<meta name=\"twitter:card\" content=\"summary_large_image\" \/>\n<script type=\"application\/ld+json\" class=\"yoast-schema-graph\">{\"@context\":\"https:\/\/schema.org\",\"@graph\":[{\"@type\":\"WebPage\",\"@id\":\"https:\/\/www.hidrolab.org\/fr\/traitements\/deshydratation-de-boues\/\",\"url\":\"https:\/\/www.hidrolab.org\/fr\/traitements\/deshydratation-de-boues\/\",\"name\":\"D\u00e9shydratation de boues - Fran\u00e7ais\",\"isPartOf\":{\"@id\":\"https:\/\/www.hidrolab.org\/fr\/#website\"},\"datePublished\":\"2018-08-03T10:42:23+00:00\",\"dateModified\":\"2019-09-30T18:20:51+00:00\",\"description\":\"En Hidrolab contamos con m\u00e1quinas diversas para realizar una correcta deshidrataci\u00f3n de lodos. Contamos con alta tecnolog\u00eda y grandes especialistas.\",\"breadcrumb\":{\"@id\":\"https:\/\/www.hidrolab.org\/fr\/traitements\/deshydratation-de-boues\/#breadcrumb\"},\"inLanguage\":\"fr-FR\",\"potentialAction\":[{\"@type\":\"ReadAction\",\"target\":[\"https:\/\/www.hidrolab.org\/fr\/traitements\/deshydratation-de-boues\/\"]}]},{\"@type\":\"BreadcrumbList\",\"@id\":\"https:\/\/www.hidrolab.org\/fr\/traitements\/deshydratation-de-boues\/#breadcrumb\",\"itemListElement\":[{\"@type\":\"ListItem\",\"position\":1,\"name\":\"Portada\",\"item\":\"https:\/\/www.hidrolab.org\/fr\/\"},{\"@type\":\"ListItem\",\"position\":2,\"name\":\"Traitements\",\"item\":\"https:\/\/www.hidrolab.org\/fr\/traitements\/\"},{\"@type\":\"ListItem\",\"position\":3,\"name\":\"D\u00e9shydratation de boues\"}]},{\"@type\":\"WebSite\",\"@id\":\"https:\/\/www.hidrolab.org\/fr\/#website\",\"url\":\"https:\/\/www.hidrolab.org\/fr\/\",\"name\":\"Fran\u00e7ais\",\"description\":\"An\u00e1lisis de aguas\",\"publisher\":{\"@id\":\"https:\/\/www.hidrolab.org\/fr\/#organization\"},\"potentialAction\":[{\"@type\":\"SearchAction\",\"target\":{\"@type\":\"EntryPoint\",\"urlTemplate\":\"https:\/\/www.hidrolab.org\/fr\/?s={search_term_string}\"},\"query-input\":\"required name=search_term_string\"}],\"inLanguage\":\"fr-FR\"},{\"@type\":\"Organization\",\"@id\":\"https:\/\/www.hidrolab.org\/fr\/#organization\",\"name\":\"Fran\u00e7ais\",\"url\":\"https:\/\/www.hidrolab.org\/fr\/\",\"sameAs\":[],\"logo\":{\"@type\":\"ImageObject\",\"inLanguage\":\"fr-FR\",\"@id\":\"https:\/\/www.hidrolab.org\/fr\/#\/schema\/logo\/image\/\",\"url\":\"https:\/\/www.hidrolab.org\/fr\/wp-content\/uploads\/sites\/4\/2018\/08\/Logo-Completo.png\",\"contentUrl\":\"https:\/\/www.hidrolab.org\/fr\/wp-content\/uploads\/sites\/4\/2018\/08\/Logo-Completo.png\",\"width\":1680,\"height\":440,\"caption\":\"Fran\u00e7ais\"},\"image\":{\"@id\":\"https:\/\/www.hidrolab.org\/fr\/#\/schema\/logo\/image\/\"}}]}<\/script>\n<!-- \/ Yoast SEO plugin. -->","yoast_head_json":{"title":"D\u00e9shydratation de boues - Fran\u00e7ais","description":"En Hidrolab contamos con m\u00e1quinas diversas para realizar una correcta deshidrataci\u00f3n de lodos. Contamos con alta tecnolog\u00eda y grandes especialistas.","robots":{"index":"index","follow":"follow","max-snippet":"max-snippet:-1","max-image-preview":"max-image-preview:large","max-video-preview":"max-video-preview:-1"},"canonical":"https:\/\/www.hidrolab.org\/fr\/traitements\/deshydratation-de-boues\/","og_locale":"fr_FR","og_type":"article","og_title":"D\u00e9shydratation de boues - Fran\u00e7ais","og_description":"En Hidrolab contamos con m\u00e1quinas diversas para realizar una correcta deshidrataci\u00f3n de lodos. Contamos con alta tecnolog\u00eda y grandes especialistas.","og_url":"https:\/\/www.hidrolab.org\/fr\/traitements\/deshydratation-de-boues\/","og_site_name":"Fran\u00e7ais","article_modified_time":"2019-09-30T18:20:51+00:00","og_image":[{"width":600,"height":450,"url":"https:\/\/www.hidrolab.org\/fr\/wp-content\/uploads\/sites\/4\/2019\/01\/deshidratacion-lodos.jpg","type":"image\/jpeg"}],"twitter_card":"summary_large_image","schema":{"@context":"https:\/\/schema.org","@graph":[{"@type":"WebPage","@id":"https:\/\/www.hidrolab.org\/fr\/traitements\/deshydratation-de-boues\/","url":"https:\/\/www.hidrolab.org\/fr\/traitements\/deshydratation-de-boues\/","name":"D\u00e9shydratation de boues - Fran\u00e7ais","isPartOf":{"@id":"https:\/\/www.hidrolab.org\/fr\/#website"},"datePublished":"2018-08-03T10:42:23+00:00","dateModified":"2019-09-30T18:20:51+00:00","description":"En Hidrolab contamos con m\u00e1quinas diversas para realizar una correcta deshidrataci\u00f3n de lodos. Contamos con alta tecnolog\u00eda y grandes especialistas.","breadcrumb":{"@id":"https:\/\/www.hidrolab.org\/fr\/traitements\/deshydratation-de-boues\/#breadcrumb"},"inLanguage":"fr-FR","potentialAction":[{"@type":"ReadAction","target":["https:\/\/www.hidrolab.org\/fr\/traitements\/deshydratation-de-boues\/"]}]},{"@type":"BreadcrumbList","@id":"https:\/\/www.hidrolab.org\/fr\/traitements\/deshydratation-de-boues\/#breadcrumb","itemListElement":[{"@type":"ListItem","position":1,"name":"Portada","item":"https:\/\/www.hidrolab.org\/fr\/"},{"@type":"ListItem","position":2,"name":"Traitements","item":"https:\/\/www.hidrolab.org\/fr\/traitements\/"},{"@type":"ListItem","position":3,"name":"D\u00e9shydratation de boues"}]},{"@type":"WebSite","@id":"https:\/\/www.hidrolab.org\/fr\/#website","url":"https:\/\/www.hidrolab.org\/fr\/","name":"Fran\u00e7ais","description":"An\u00e1lisis de aguas","publisher":{"@id":"https:\/\/www.hidrolab.org\/fr\/#organization"},"potentialAction":[{"@type":"SearchAction","target":{"@type":"EntryPoint","urlTemplate":"https:\/\/www.hidrolab.org\/fr\/?s={search_term_string}"},"query-input":"required name=search_term_string"}],"inLanguage":"fr-FR"},{"@type":"Organization","@id":"https:\/\/www.hidrolab.org\/fr\/#organization","name":"Fran\u00e7ais","url":"https:\/\/www.hidrolab.org\/fr\/","sameAs":[],"logo":{"@type":"ImageObject","inLanguage":"fr-FR","@id":"https:\/\/www.hidrolab.org\/fr\/#\/schema\/logo\/image\/","url":"https:\/\/www.hidrolab.org\/fr\/wp-content\/uploads\/sites\/4\/2018\/08\/Logo-Completo.png","contentUrl":"https:\/\/www.hidrolab.org\/fr\/wp-content\/uploads\/sites\/4\/2018\/08\/Logo-Completo.png","width":1680,"height":440,"caption":"Fran\u00e7ais"},"image":{"@id":"https:\/\/www.hidrolab.org\/fr\/#\/schema\/logo\/image\/"}}]}},"_links":{"self":[{"href":"https:\/\/www.hidrolab.org\/fr\/wp-json\/wp\/v2\/pages\/1558"}],"collection":[{"href":"https:\/\/www.hidrolab.org\/fr\/wp-json\/wp\/v2\/pages"}],"about":[{"href":"https:\/\/www.hidrolab.org\/fr\/wp-json\/wp\/v2\/types\/page"}],"author":[{"embeddable":true,"href":"https:\/\/www.hidrolab.org\/fr\/wp-json\/wp\/v2\/users\/1"}],"replies":[{"embeddable":true,"href":"https:\/\/www.hidrolab.org\/fr\/wp-json\/wp\/v2\/comments?post=1558"}],"version-history":[{"count":5,"href":"https:\/\/www.hidrolab.org\/fr\/wp-json\/wp\/v2\/pages\/1558\/revisions"}],"predecessor-version":[{"id":2047,"href":"https:\/\/www.hidrolab.org\/fr\/wp-json\/wp\/v2\/pages\/1558\/revisions\/2047"}],"up":[{"embeddable":true,"href":"https:\/\/www.hidrolab.org\/fr\/wp-json\/wp\/v2\/pages\/1550"}],"wp:featuredmedia":[{"embeddable":true,"href":"https:\/\/www.hidrolab.org\/fr\/wp-json\/wp\/v2\/media\/1975"}],"wp:attachment":[{"href":"https:\/\/www.hidrolab.org\/fr\/wp-json\/wp\/v2\/media?parent=1558"}],"curies":[{"name":"wp","href":"https:\/\/api.w.org\/{rel}","templated":true}]}}