{"id":1556,"date":"2018-08-03T10:41:31","date_gmt":"2018-08-03T10:41:31","guid":{"rendered":"https:\/\/www.hidrolab.org\/?page_id=1556"},"modified":"2019-09-30T20:17:27","modified_gmt":"2019-09-30T18:17:27","slug":"renovations-et-combinaison-de-processus","status":"publish","type":"page","link":"https:\/\/www.hidrolab.org\/fr\/traitements\/renovations-et-combinaison-de-processus\/","title":{"rendered":"R\u00e9novations et combinaison de processus"},"content":{"rendered":"\n<h2>Service de traitement des eaux<\/h2>\n\n\n\n<p>Si vous n\u2019\u00eates pas satisfait du fonctionnement de votre traitement de l\u2019eau, si le rendement est insuffisant, pose pannes fr\u00e9quentes, il est difficile de maintenir, etc., vous comptez sur le personnel et exp\u00e9rience de\u00a0<strong>Hidrolab<\/strong>\u00a0pour une possible mise au point ou modification. Peut-\u00eatre sa capacit\u00e9 de conception a \u00e9t\u00e9 d\u00e9pass\u00e9, ou cela admet optimisations pour rapport la plus adapt\u00e9e vraiment pour le type d\u2019eaux \u00e0 traiter.<\/p>\n\n\n\n<p>Plusieurs de nos r\u00e9f\u00e9rences ont \u00e9t\u00e9 r\u00e9alis\u00e9es pour r\u00e9soudre situations de ce type.<\/p>\n\n\n\n<p>Vous pouvez poser nous votre fait gr\u00e2ce \u00e0 l\u2019exp\u00e9dition du questionnaire joint avec vos donn\u00e9es.\n\n<\/p>\n","protected":false},"excerpt":{"rendered":"<p>Service de traitement des eaux Si vous n\u2019\u00eates pas satisfait du fonctionnement de votre traitement de l\u2019eau, si le rendement est insuffisant, pose pannes fr\u00e9quentes, il est difficile de maintenir, etc., vous comptez sur le personnel et exp\u00e9rience de\u00a0Hidrolab\u00a0pour une possible mise au point ou modification. Peut-\u00eatre sa capacit\u00e9 de conception a \u00e9t\u00e9 d\u00e9pass\u00e9, ou [&hellip;]<\/p>\n","protected":false},"author":1,"featured_media":1761,"parent":1550,"menu_order":0,"comment_status":"closed","ping_status":"closed","template":"","meta":{"_monsterinsights_skip_tracking":false,"_monsterinsights_sitenote_active":false,"_monsterinsights_sitenote_note":"","_monsterinsights_sitenote_category":0,"_genesis_hide_title":false,"_genesis_hide_breadcrumbs":false,"_genesis_hide_singular_image":false,"_genesis_hide_footer_widgets":false,"_genesis_custom_body_class":"","_genesis_custom_post_class":"","_genesis_layout":""},"yoast_head":"<!-- This site is optimized with the Yoast SEO plugin v19.6.1 - https:\/\/yoast.com\/wordpress\/plugins\/seo\/ -->\n<title>R\u00e9novations et combinaison de processus - Fran\u00e7ais<\/title>\n<meta name=\"description\" content=\"Reformas y combinaci\u00f3n de procesos para la optimizaci\u00f3n del funcionamiento de su tratamiento de aguas, rendimiento insuficiente, desajustes frecuentes, etc.\" \/>\n<meta name=\"robots\" content=\"index, follow, max-snippet:-1, max-image-preview:large, max-video-preview:-1\" \/>\n<link rel=\"canonical\" href=\"https:\/\/www.hidrolab.org\/fr\/traitements\/renovations-et-combinaison-de-processus\/\" \/>\n<meta property=\"og:locale\" content=\"fr_FR\" \/>\n<meta property=\"og:type\" content=\"article\" \/>\n<meta property=\"og:title\" content=\"R\u00e9novations et combinaison de processus - Fran\u00e7ais\" \/>\n<meta property=\"og:description\" content=\"Reformas y combinaci\u00f3n de procesos para la optimizaci\u00f3n del funcionamiento de su tratamiento de aguas, rendimiento insuficiente, desajustes frecuentes, etc.\" \/>\n<meta property=\"og:url\" content=\"https:\/\/www.hidrolab.org\/fr\/traitements\/renovations-et-combinaison-de-processus\/\" \/>\n<meta property=\"og:site_name\" content=\"Fran\u00e7ais\" \/>\n<meta property=\"article:modified_time\" content=\"2019-09-30T18:17:27+00:00\" \/>\n<meta property=\"og:image\" content=\"https:\/\/www.hidrolab.org\/fr\/wp-content\/uploads\/sites\/4\/2018\/08\/reformas-combinacion-procesos.jpg\" \/>\n\t<meta property=\"og:image:width\" content=\"600\" \/>\n\t<meta property=\"og:image:height\" content=\"450\" \/>\n\t<meta property=\"og:image:type\" content=\"image\/jpeg\" \/>\n<meta name=\"twitter:card\" content=\"summary_large_image\" \/>\n<script type=\"application\/ld+json\" class=\"yoast-schema-graph\">{\"@context\":\"https:\/\/schema.org\",\"@graph\":[{\"@type\":\"WebPage\",\"@id\":\"https:\/\/www.hidrolab.org\/fr\/traitements\/renovations-et-combinaison-de-processus\/\",\"url\":\"https:\/\/www.hidrolab.org\/fr\/traitements\/renovations-et-combinaison-de-processus\/\",\"name\":\"R\u00e9novations et combinaison de processus - Fran\u00e7ais\",\"isPartOf\":{\"@id\":\"https:\/\/www.hidrolab.org\/fr\/#website\"},\"datePublished\":\"2018-08-03T10:41:31+00:00\",\"dateModified\":\"2019-09-30T18:17:27+00:00\",\"description\":\"Reformas y combinaci\u00f3n de procesos para la optimizaci\u00f3n del funcionamiento de su tratamiento de aguas, rendimiento insuficiente, desajustes frecuentes, etc.\",\"breadcrumb\":{\"@id\":\"https:\/\/www.hidrolab.org\/fr\/traitements\/renovations-et-combinaison-de-processus\/#breadcrumb\"},\"inLanguage\":\"fr-FR\",\"potentialAction\":[{\"@type\":\"ReadAction\",\"target\":[\"https:\/\/www.hidrolab.org\/fr\/traitements\/renovations-et-combinaison-de-processus\/\"]}]},{\"@type\":\"BreadcrumbList\",\"@id\":\"https:\/\/www.hidrolab.org\/fr\/traitements\/renovations-et-combinaison-de-processus\/#breadcrumb\",\"itemListElement\":[{\"@type\":\"ListItem\",\"position\":1,\"name\":\"Portada\",\"item\":\"https:\/\/www.hidrolab.org\/fr\/\"},{\"@type\":\"ListItem\",\"position\":2,\"name\":\"Traitements\",\"item\":\"https:\/\/www.hidrolab.org\/fr\/traitements\/\"},{\"@type\":\"ListItem\",\"position\":3,\"name\":\"R\u00e9novations et combinaison de processus\"}]},{\"@type\":\"WebSite\",\"@id\":\"https:\/\/www.hidrolab.org\/fr\/#website\",\"url\":\"https:\/\/www.hidrolab.org\/fr\/\",\"name\":\"Fran\u00e7ais\",\"description\":\"An\u00e1lisis de aguas\",\"publisher\":{\"@id\":\"https:\/\/www.hidrolab.org\/fr\/#organization\"},\"potentialAction\":[{\"@type\":\"SearchAction\",\"target\":{\"@type\":\"EntryPoint\",\"urlTemplate\":\"https:\/\/www.hidrolab.org\/fr\/?s={search_term_string}\"},\"query-input\":\"required name=search_term_string\"}],\"inLanguage\":\"fr-FR\"},{\"@type\":\"Organization\",\"@id\":\"https:\/\/www.hidrolab.org\/fr\/#organization\",\"name\":\"Fran\u00e7ais\",\"url\":\"https:\/\/www.hidrolab.org\/fr\/\",\"sameAs\":[],\"logo\":{\"@type\":\"ImageObject\",\"inLanguage\":\"fr-FR\",\"@id\":\"https:\/\/www.hidrolab.org\/fr\/#\/schema\/logo\/image\/\",\"url\":\"https:\/\/www.hidrolab.org\/fr\/wp-content\/uploads\/sites\/4\/2018\/08\/Logo-Completo.png\",\"contentUrl\":\"https:\/\/www.hidrolab.org\/fr\/wp-content\/uploads\/sites\/4\/2018\/08\/Logo-Completo.png\",\"width\":1680,\"height\":440,\"caption\":\"Fran\u00e7ais\"},\"image\":{\"@id\":\"https:\/\/www.hidrolab.org\/fr\/#\/schema\/logo\/image\/\"}}]}<\/script>\n<!-- \/ Yoast SEO plugin. -->","yoast_head_json":{"title":"R\u00e9novations et combinaison de processus - Fran\u00e7ais","description":"Reformas y combinaci\u00f3n de procesos para la optimizaci\u00f3n del funcionamiento de su tratamiento de aguas, rendimiento insuficiente, desajustes frecuentes, etc.","robots":{"index":"index","follow":"follow","max-snippet":"max-snippet:-1","max-image-preview":"max-image-preview:large","max-video-preview":"max-video-preview:-1"},"canonical":"https:\/\/www.hidrolab.org\/fr\/traitements\/renovations-et-combinaison-de-processus\/","og_locale":"fr_FR","og_type":"article","og_title":"R\u00e9novations et combinaison de processus - Fran\u00e7ais","og_description":"Reformas y combinaci\u00f3n de procesos para la optimizaci\u00f3n del funcionamiento de su tratamiento de aguas, rendimiento insuficiente, desajustes frecuentes, etc.","og_url":"https:\/\/www.hidrolab.org\/fr\/traitements\/renovations-et-combinaison-de-processus\/","og_site_name":"Fran\u00e7ais","article_modified_time":"2019-09-30T18:17:27+00:00","og_image":[{"width":600,"height":450,"url":"https:\/\/www.hidrolab.org\/fr\/wp-content\/uploads\/sites\/4\/2018\/08\/reformas-combinacion-procesos.jpg","type":"image\/jpeg"}],"twitter_card":"summary_large_image","schema":{"@context":"https:\/\/schema.org","@graph":[{"@type":"WebPage","@id":"https:\/\/www.hidrolab.org\/fr\/traitements\/renovations-et-combinaison-de-processus\/","url":"https:\/\/www.hidrolab.org\/fr\/traitements\/renovations-et-combinaison-de-processus\/","name":"R\u00e9novations et combinaison de processus - Fran\u00e7ais","isPartOf":{"@id":"https:\/\/www.hidrolab.org\/fr\/#website"},"datePublished":"2018-08-03T10:41:31+00:00","dateModified":"2019-09-30T18:17:27+00:00","description":"Reformas y combinaci\u00f3n de procesos para la optimizaci\u00f3n del funcionamiento de su tratamiento de aguas, rendimiento insuficiente, desajustes frecuentes, etc.","breadcrumb":{"@id":"https:\/\/www.hidrolab.org\/fr\/traitements\/renovations-et-combinaison-de-processus\/#breadcrumb"},"inLanguage":"fr-FR","potentialAction":[{"@type":"ReadAction","target":["https:\/\/www.hidrolab.org\/fr\/traitements\/renovations-et-combinaison-de-processus\/"]}]},{"@type":"BreadcrumbList","@id":"https:\/\/www.hidrolab.org\/fr\/traitements\/renovations-et-combinaison-de-processus\/#breadcrumb","itemListElement":[{"@type":"ListItem","position":1,"name":"Portada","item":"https:\/\/www.hidrolab.org\/fr\/"},{"@type":"ListItem","position":2,"name":"Traitements","item":"https:\/\/www.hidrolab.org\/fr\/traitements\/"},{"@type":"ListItem","position":3,"name":"R\u00e9novations et combinaison de processus"}]},{"@type":"WebSite","@id":"https:\/\/www.hidrolab.org\/fr\/#website","url":"https:\/\/www.hidrolab.org\/fr\/","name":"Fran\u00e7ais","description":"An\u00e1lisis de aguas","publisher":{"@id":"https:\/\/www.hidrolab.org\/fr\/#organization"},"potentialAction":[{"@type":"SearchAction","target":{"@type":"EntryPoint","urlTemplate":"https:\/\/www.hidrolab.org\/fr\/?s={search_term_string}"},"query-input":"required name=search_term_string"}],"inLanguage":"fr-FR"},{"@type":"Organization","@id":"https:\/\/www.hidrolab.org\/fr\/#organization","name":"Fran\u00e7ais","url":"https:\/\/www.hidrolab.org\/fr\/","sameAs":[],"logo":{"@type":"ImageObject","inLanguage":"fr-FR","@id":"https:\/\/www.hidrolab.org\/fr\/#\/schema\/logo\/image\/","url":"https:\/\/www.hidrolab.org\/fr\/wp-content\/uploads\/sites\/4\/2018\/08\/Logo-Completo.png","contentUrl":"https:\/\/www.hidrolab.org\/fr\/wp-content\/uploads\/sites\/4\/2018\/08\/Logo-Completo.png","width":1680,"height":440,"caption":"Fran\u00e7ais"},"image":{"@id":"https:\/\/www.hidrolab.org\/fr\/#\/schema\/logo\/image\/"}}]}},"_links":{"self":[{"href":"https:\/\/www.hidrolab.org\/fr\/wp-json\/wp\/v2\/pages\/1556"}],"collection":[{"href":"https:\/\/www.hidrolab.org\/fr\/wp-json\/wp\/v2\/pages"}],"about":[{"href":"https:\/\/www.hidrolab.org\/fr\/wp-json\/wp\/v2\/types\/page"}],"author":[{"embeddable":true,"href":"https:\/\/www.hidrolab.org\/fr\/wp-json\/wp\/v2\/users\/1"}],"replies":[{"embeddable":true,"href":"https:\/\/www.hidrolab.org\/fr\/wp-json\/wp\/v2\/comments?post=1556"}],"version-history":[{"count":4,"href":"https:\/\/www.hidrolab.org\/fr\/wp-json\/wp\/v2\/pages\/1556\/revisions"}],"predecessor-version":[{"id":2045,"href":"https:\/\/www.hidrolab.org\/fr\/wp-json\/wp\/v2\/pages\/1556\/revisions\/2045"}],"up":[{"embeddable":true,"href":"https:\/\/www.hidrolab.org\/fr\/wp-json\/wp\/v2\/pages\/1550"}],"wp:featuredmedia":[{"embeddable":true,"href":"https:\/\/www.hidrolab.org\/fr\/wp-json\/wp\/v2\/media\/1761"}],"wp:attachment":[{"href":"https:\/\/www.hidrolab.org\/fr\/wp-json\/wp\/v2\/media?parent=1556"}],"curies":[{"name":"wp","href":"https:\/\/api.w.org\/{rel}","templated":true}]}}