{"id":1552,"date":"2018-08-03T10:39:47","date_gmt":"2018-08-03T10:39:47","guid":{"rendered":"https:\/\/www.hidrolab.org\/?page_id=1552"},"modified":"2022-08-26T19:23:08","modified_gmt":"2022-08-26T17:23:08","slug":"stations-depuration-physico-chimiques","status":"publish","type":"page","link":"https:\/\/www.hidrolab.org\/fr\/traitements\/stations-depuration-physico-chimiques\/","title":{"rendered":"Stations d\u2019\u00e9puration physico chimiques"},"content":{"rendered":"\n<p>\n\nSi votre industrie s\u2019est propos\u00e9 d\u2019am\u00e9liorer la qualit\u00e9 des rejets, vous pouvez b\u00e9n\u00e9ficier de syst\u00e8mes d\u2019\u00e9puration rapides et compl\u00e8tement surs, comme nos stations d\u2019\u00e9puration physicochimiques, avec mod\u00e9r\u00e9s investissements, celles-ci ont de petits temps de s\u00e9paration des solides et de la pollution. Ceci facilite dessins tr\u00e8s r\u00e9duits et compacts.<\/p>\n\n\n\n<p>Nos stations d\u2019\u00e9puration sont livr\u00e9es avec les tableaux de la man\u0153uvre compl\u00e8tement automatique, presque toujours avec un \u00e9cran tactile dans lequel tout le processus est visualis\u00e9.<\/p>\n\n\n\n<p>Ils sont bas\u00e9s sur la coagulation de la mati\u00e8re particulaire ou sur la r\u00e9action avec la pollution dissoute pour former des d\u00e9riv\u00e9s insolubles gr\u00e2ce \u00e0 le m\u00e9lange avec les r\u00e9actifs ad\u00e9quats et une pr\u00e9cipitation qu\u2019arrive rapidement. Les boues peuvent \u00eatre s\u00e9par\u00e9s par d\u00e9cantation ou par flottaison, par pompage pour leur accumulation, d\u00e9shydratation ou inertage.\n\n<\/p>\n","protected":false},"excerpt":{"rendered":"<p>Si votre industrie s\u2019est propos\u00e9 d\u2019am\u00e9liorer la qualit\u00e9 des rejets, vous pouvez b\u00e9n\u00e9ficier de syst\u00e8mes d\u2019\u00e9puration rapides et compl\u00e8tement surs, comme nos stations d\u2019\u00e9puration physicochimiques, avec mod\u00e9r\u00e9s investissements, celles-ci ont de petits temps de s\u00e9paration des solides et de la pollution. Ceci facilite dessins tr\u00e8s r\u00e9duits et compacts. Nos stations d\u2019\u00e9puration sont livr\u00e9es avec les [&hellip;]<\/p>\n","protected":false},"author":1,"featured_media":1927,"parent":1550,"menu_order":0,"comment_status":"closed","ping_status":"closed","template":"","meta":{"_monsterinsights_skip_tracking":false,"_monsterinsights_sitenote_active":false,"_monsterinsights_sitenote_note":"","_monsterinsights_sitenote_category":0,"_genesis_hide_title":false,"_genesis_hide_breadcrumbs":false,"_genesis_hide_singular_image":false,"_genesis_hide_footer_widgets":false,"_genesis_custom_body_class":"","_genesis_custom_post_class":"","_genesis_layout":""},"yoast_head":"<!-- This site is optimized with the Yoast SEO plugin v19.6.1 - https:\/\/yoast.com\/wordpress\/plugins\/seo\/ -->\n<title>Stations d\u2019\u00e9puration physico chimiques - Fran\u00e7ais<\/title>\n<meta name=\"description\" content=\"Ofrecemos depuradoras f\u00edsico qu\u00edmicas de autentica calidad, con sistemas de depuraci\u00f3n r\u00e1pidos y completamente seguros que mejoran la calida de los vertidos\" \/>\n<meta name=\"robots\" content=\"index, follow, max-snippet:-1, max-image-preview:large, max-video-preview:-1\" \/>\n<link rel=\"canonical\" href=\"https:\/\/www.hidrolab.org\/fr\/traitements\/stations-depuration-physico-chimiques\/\" \/>\n<meta property=\"og:locale\" content=\"fr_FR\" \/>\n<meta property=\"og:type\" content=\"article\" \/>\n<meta property=\"og:title\" content=\"Stations d\u2019\u00e9puration physico chimiques - Fran\u00e7ais\" \/>\n<meta property=\"og:description\" content=\"Ofrecemos depuradoras f\u00edsico qu\u00edmicas de autentica calidad, con sistemas de depuraci\u00f3n r\u00e1pidos y completamente seguros que mejoran la calida de los vertidos\" \/>\n<meta property=\"og:url\" content=\"https:\/\/www.hidrolab.org\/fr\/traitements\/stations-depuration-physico-chimiques\/\" \/>\n<meta property=\"og:site_name\" content=\"Fran\u00e7ais\" \/>\n<meta property=\"article:modified_time\" content=\"2022-08-26T17:23:08+00:00\" \/>\n<meta property=\"og:image\" content=\"https:\/\/www.hidrolab.org\/fr\/wp-content\/uploads\/sites\/4\/2018\/09\/Depuradora-FQ-en-\u00e1ngulo.jpg\" \/>\n\t<meta property=\"og:image:width\" content=\"2048\" \/>\n\t<meta property=\"og:image:height\" content=\"1536\" \/>\n\t<meta property=\"og:image:type\" content=\"image\/jpeg\" \/>\n<meta name=\"twitter:card\" content=\"summary_large_image\" \/>\n<script type=\"application\/ld+json\" class=\"yoast-schema-graph\">{\"@context\":\"https:\/\/schema.org\",\"@graph\":[{\"@type\":\"WebPage\",\"@id\":\"https:\/\/www.hidrolab.org\/fr\/traitements\/stations-depuration-physico-chimiques\/\",\"url\":\"https:\/\/www.hidrolab.org\/fr\/traitements\/stations-depuration-physico-chimiques\/\",\"name\":\"Stations d\u2019\u00e9puration physico chimiques - Fran\u00e7ais\",\"isPartOf\":{\"@id\":\"https:\/\/www.hidrolab.org\/fr\/#website\"},\"datePublished\":\"2018-08-03T10:39:47+00:00\",\"dateModified\":\"2022-08-26T17:23:08+00:00\",\"description\":\"Ofrecemos depuradoras f\u00edsico qu\u00edmicas de autentica calidad, con sistemas de depuraci\u00f3n r\u00e1pidos y completamente seguros que mejoran la calida de los vertidos\",\"breadcrumb\":{\"@id\":\"https:\/\/www.hidrolab.org\/fr\/traitements\/stations-depuration-physico-chimiques\/#breadcrumb\"},\"inLanguage\":\"fr-FR\",\"potentialAction\":[{\"@type\":\"ReadAction\",\"target\":[\"https:\/\/www.hidrolab.org\/fr\/traitements\/stations-depuration-physico-chimiques\/\"]}]},{\"@type\":\"BreadcrumbList\",\"@id\":\"https:\/\/www.hidrolab.org\/fr\/traitements\/stations-depuration-physico-chimiques\/#breadcrumb\",\"itemListElement\":[{\"@type\":\"ListItem\",\"position\":1,\"name\":\"Portada\",\"item\":\"https:\/\/www.hidrolab.org\/fr\/\"},{\"@type\":\"ListItem\",\"position\":2,\"name\":\"Traitements\",\"item\":\"https:\/\/www.hidrolab.org\/fr\/traitements\/\"},{\"@type\":\"ListItem\",\"position\":3,\"name\":\"Stations d\u2019\u00e9puration physico chimiques\"}]},{\"@type\":\"WebSite\",\"@id\":\"https:\/\/www.hidrolab.org\/fr\/#website\",\"url\":\"https:\/\/www.hidrolab.org\/fr\/\",\"name\":\"Fran\u00e7ais\",\"description\":\"An\u00e1lisis de aguas\",\"publisher\":{\"@id\":\"https:\/\/www.hidrolab.org\/fr\/#organization\"},\"potentialAction\":[{\"@type\":\"SearchAction\",\"target\":{\"@type\":\"EntryPoint\",\"urlTemplate\":\"https:\/\/www.hidrolab.org\/fr\/?s={search_term_string}\"},\"query-input\":\"required name=search_term_string\"}],\"inLanguage\":\"fr-FR\"},{\"@type\":\"Organization\",\"@id\":\"https:\/\/www.hidrolab.org\/fr\/#organization\",\"name\":\"Fran\u00e7ais\",\"url\":\"https:\/\/www.hidrolab.org\/fr\/\",\"sameAs\":[],\"logo\":{\"@type\":\"ImageObject\",\"inLanguage\":\"fr-FR\",\"@id\":\"https:\/\/www.hidrolab.org\/fr\/#\/schema\/logo\/image\/\",\"url\":\"https:\/\/www.hidrolab.org\/fr\/wp-content\/uploads\/sites\/4\/2018\/08\/Logo-Completo.png\",\"contentUrl\":\"https:\/\/www.hidrolab.org\/fr\/wp-content\/uploads\/sites\/4\/2018\/08\/Logo-Completo.png\",\"width\":1680,\"height\":440,\"caption\":\"Fran\u00e7ais\"},\"image\":{\"@id\":\"https:\/\/www.hidrolab.org\/fr\/#\/schema\/logo\/image\/\"}}]}<\/script>\n<!-- \/ Yoast SEO plugin. -->","yoast_head_json":{"title":"Stations d\u2019\u00e9puration physico chimiques - Fran\u00e7ais","description":"Ofrecemos depuradoras f\u00edsico qu\u00edmicas de autentica calidad, con sistemas de depuraci\u00f3n r\u00e1pidos y completamente seguros que mejoran la calida de los vertidos","robots":{"index":"index","follow":"follow","max-snippet":"max-snippet:-1","max-image-preview":"max-image-preview:large","max-video-preview":"max-video-preview:-1"},"canonical":"https:\/\/www.hidrolab.org\/fr\/traitements\/stations-depuration-physico-chimiques\/","og_locale":"fr_FR","og_type":"article","og_title":"Stations d\u2019\u00e9puration physico chimiques - Fran\u00e7ais","og_description":"Ofrecemos depuradoras f\u00edsico qu\u00edmicas de autentica calidad, con sistemas de depuraci\u00f3n r\u00e1pidos y completamente seguros que mejoran la calida de los vertidos","og_url":"https:\/\/www.hidrolab.org\/fr\/traitements\/stations-depuration-physico-chimiques\/","og_site_name":"Fran\u00e7ais","article_modified_time":"2022-08-26T17:23:08+00:00","og_image":[{"width":2048,"height":1536,"url":"https:\/\/www.hidrolab.org\/fr\/wp-content\/uploads\/sites\/4\/2018\/09\/Depuradora-FQ-en-\u00e1ngulo.jpg","type":"image\/jpeg"}],"twitter_card":"summary_large_image","schema":{"@context":"https:\/\/schema.org","@graph":[{"@type":"WebPage","@id":"https:\/\/www.hidrolab.org\/fr\/traitements\/stations-depuration-physico-chimiques\/","url":"https:\/\/www.hidrolab.org\/fr\/traitements\/stations-depuration-physico-chimiques\/","name":"Stations d\u2019\u00e9puration physico chimiques - Fran\u00e7ais","isPartOf":{"@id":"https:\/\/www.hidrolab.org\/fr\/#website"},"datePublished":"2018-08-03T10:39:47+00:00","dateModified":"2022-08-26T17:23:08+00:00","description":"Ofrecemos depuradoras f\u00edsico qu\u00edmicas de autentica calidad, con sistemas de depuraci\u00f3n r\u00e1pidos y completamente seguros que mejoran la calida de los vertidos","breadcrumb":{"@id":"https:\/\/www.hidrolab.org\/fr\/traitements\/stations-depuration-physico-chimiques\/#breadcrumb"},"inLanguage":"fr-FR","potentialAction":[{"@type":"ReadAction","target":["https:\/\/www.hidrolab.org\/fr\/traitements\/stations-depuration-physico-chimiques\/"]}]},{"@type":"BreadcrumbList","@id":"https:\/\/www.hidrolab.org\/fr\/traitements\/stations-depuration-physico-chimiques\/#breadcrumb","itemListElement":[{"@type":"ListItem","position":1,"name":"Portada","item":"https:\/\/www.hidrolab.org\/fr\/"},{"@type":"ListItem","position":2,"name":"Traitements","item":"https:\/\/www.hidrolab.org\/fr\/traitements\/"},{"@type":"ListItem","position":3,"name":"Stations d\u2019\u00e9puration physico chimiques"}]},{"@type":"WebSite","@id":"https:\/\/www.hidrolab.org\/fr\/#website","url":"https:\/\/www.hidrolab.org\/fr\/","name":"Fran\u00e7ais","description":"An\u00e1lisis de aguas","publisher":{"@id":"https:\/\/www.hidrolab.org\/fr\/#organization"},"potentialAction":[{"@type":"SearchAction","target":{"@type":"EntryPoint","urlTemplate":"https:\/\/www.hidrolab.org\/fr\/?s={search_term_string}"},"query-input":"required name=search_term_string"}],"inLanguage":"fr-FR"},{"@type":"Organization","@id":"https:\/\/www.hidrolab.org\/fr\/#organization","name":"Fran\u00e7ais","url":"https:\/\/www.hidrolab.org\/fr\/","sameAs":[],"logo":{"@type":"ImageObject","inLanguage":"fr-FR","@id":"https:\/\/www.hidrolab.org\/fr\/#\/schema\/logo\/image\/","url":"https:\/\/www.hidrolab.org\/fr\/wp-content\/uploads\/sites\/4\/2018\/08\/Logo-Completo.png","contentUrl":"https:\/\/www.hidrolab.org\/fr\/wp-content\/uploads\/sites\/4\/2018\/08\/Logo-Completo.png","width":1680,"height":440,"caption":"Fran\u00e7ais"},"image":{"@id":"https:\/\/www.hidrolab.org\/fr\/#\/schema\/logo\/image\/"}}]}},"_links":{"self":[{"href":"https:\/\/www.hidrolab.org\/fr\/wp-json\/wp\/v2\/pages\/1552"}],"collection":[{"href":"https:\/\/www.hidrolab.org\/fr\/wp-json\/wp\/v2\/pages"}],"about":[{"href":"https:\/\/www.hidrolab.org\/fr\/wp-json\/wp\/v2\/types\/page"}],"author":[{"embeddable":true,"href":"https:\/\/www.hidrolab.org\/fr\/wp-json\/wp\/v2\/users\/1"}],"replies":[{"embeddable":true,"href":"https:\/\/www.hidrolab.org\/fr\/wp-json\/wp\/v2\/comments?post=1552"}],"version-history":[{"count":4,"href":"https:\/\/www.hidrolab.org\/fr\/wp-json\/wp\/v2\/pages\/1552\/revisions"}],"predecessor-version":[{"id":2109,"href":"https:\/\/www.hidrolab.org\/fr\/wp-json\/wp\/v2\/pages\/1552\/revisions\/2109"}],"up":[{"embeddable":true,"href":"https:\/\/www.hidrolab.org\/fr\/wp-json\/wp\/v2\/pages\/1550"}],"wp:featuredmedia":[{"embeddable":true,"href":"https:\/\/www.hidrolab.org\/fr\/wp-json\/wp\/v2\/media\/1927"}],"wp:attachment":[{"href":"https:\/\/www.hidrolab.org\/fr\/wp-json\/wp\/v2\/media?parent=1552"}],"curies":[{"name":"wp","href":"https:\/\/api.w.org\/{rel}","templated":true}]}}