{"id":1550,"date":"2018-08-03T10:38:20","date_gmt":"2018-08-03T10:38:20","guid":{"rendered":"https:\/\/www.hidrolab.org\/?page_id=1550"},"modified":"2022-03-19T11:44:38","modified_gmt":"2022-03-19T10:44:38","slug":"traitements","status":"publish","type":"page","link":"https:\/\/www.hidrolab.org\/fr\/traitements\/","title":{"rendered":"Traitements"},"content":{"rendered":"\t\t<div data-elementor-type=\"wp-post\" data-elementor-id=\"1550\" class=\"elementor elementor-1550\">\n\t\t\t\t\t\t<div class=\"elementor-inner\">\n\t\t\t\t<div class=\"elementor-section-wrap\">\n\t\t\t\t\t\t\t\t\t<section class=\"elementor-section elementor-top-section elementor-element elementor-element-dbd745e elementor-section-boxed elementor-section-height-default elementor-section-height-default\" data-id=\"dbd745e\" data-element_type=\"section\">\n\t\t\t\t\t\t<div class=\"elementor-container elementor-column-gap-default\">\n\t\t\t\t\t\t\t<div class=\"elementor-row\">\n\t\t\t\t\t<div class=\"elementor-column elementor-col-100 elementor-top-column elementor-element elementor-element-4dc8aa9\" data-id=\"4dc8aa9\" data-element_type=\"column\">\n\t\t\t<div class=\"elementor-column-wrap elementor-element-populated\">\n\t\t\t\t\t\t\t<div class=\"elementor-widget-wrap\">\n\t\t\t\t\t\t<div class=\"elementor-element elementor-element-bacd107 elementor-widget elementor-widget-text-editor\" data-id=\"bacd107\" data-element_type=\"widget\" data-widget_type=\"text-editor.default\">\n\t\t\t\t<div class=\"elementor-widget-container\">\n\t\t\t\t\t\t\t\t<div class=\"elementor-text-editor elementor-clearfix\">\n\t\t\t\t<p style=\"text-align: center;\">Nous effectuons des traitements de l&rsquo;eau, des boues et des d\u00e9chets.<\/p>\t\t\t\t\t<\/div>\n\t\t\t\t\t\t<\/div>\n\t\t\t\t<\/div>\n\t\t\t\t\t\t<\/div>\n\t\t\t\t\t<\/div>\n\t\t<\/div>\n\t\t\t\t\t\t\t\t<\/div>\n\t\t\t\t\t<\/div>\n\t\t<\/section>\n\t\t\t\t<section class=\"elementor-section elementor-top-section elementor-element elementor-element-3dc8f7f elementor-section-boxed elementor-section-height-default elementor-section-height-default\" data-id=\"3dc8f7f\" data-element_type=\"section\">\n\t\t\t\t\t\t<div class=\"elementor-container elementor-column-gap-default\">\n\t\t\t\t\t\t\t<div class=\"elementor-row\">\n\t\t\t\t\t<div class=\"elementor-column elementor-col-33 elementor-top-column elementor-element elementor-element-2a011b4\" data-id=\"2a011b4\" data-element_type=\"column\">\n\t\t\t<div class=\"elementor-column-wrap elementor-element-populated\">\n\t\t\t\t\t\t\t<div class=\"elementor-widget-wrap\">\n\t\t\t\t\t\t<div class=\"elementor-element elementor-element-6249569 elementor-widget elementor-widget-image\" data-id=\"6249569\" data-element_type=\"widget\" data-widget_type=\"image.default\">\n\t\t\t\t<div class=\"elementor-widget-container\">\n\t\t\t\t\t\t\t\t<div class=\"elementor-image\">\n\t\t\t\t\t\t\t\t\t\t\t\t\t<a href=\"https:\/\/www.hidrolab.org\/fr\/traitements\/renovations-et-combinaison-de-processus\/\" target=\"_blank\">\n\t\t\t\t\t\t\t<img width=\"1024\" height=\"768\" src=\"https:\/\/www.hidrolab.org\/fr\/wp-content\/uploads\/sites\/4\/2018\/09\/Depuradora-FQ-en-\u00e1ngulo-1024x768.jpg\" class=\"attachment-large size-large\" alt=\"Depuradora Biol\u00f3gica FQ en \u00e1ngulo\" loading=\"lazy\" srcset=\"https:\/\/www.hidrolab.org\/fr\/wp-content\/uploads\/sites\/4\/2018\/09\/Depuradora-FQ-en-\u00e1ngulo-1024x768.jpg 1024w, https:\/\/www.hidrolab.org\/fr\/wp-content\/uploads\/sites\/4\/2018\/09\/Depuradora-FQ-en-\u00e1ngulo-300x225.jpg 300w, https:\/\/www.hidrolab.org\/fr\/wp-content\/uploads\/sites\/4\/2018\/09\/Depuradora-FQ-en-\u00e1ngulo-768x576.jpg 768w, https:\/\/www.hidrolab.org\/fr\/wp-content\/uploads\/sites\/4\/2018\/09\/Depuradora-FQ-en-\u00e1ngulo.jpg 2048w\" sizes=\"(max-width: 1024px) 100vw, 1024px\" \/>\t\t\t\t\t\t\t\t<\/a>\n\t\t\t\t\t\t\t\t\t\t\t\t\t\t<\/div>\n\t\t\t\t\t\t<\/div>\n\t\t\t\t<\/div>\n\t\t\t\t<div class=\"elementor-element elementor-element-370cd02 elementor-widget elementor-widget-heading\" data-id=\"370cd02\" data-element_type=\"widget\" data-widget_type=\"heading.default\">\n\t\t\t\t<div class=\"elementor-widget-container\">\n\t\t\t<div class=\"elementor-heading-title elementor-size-default\"><a href=\"https:\/\/www.hidrolab.org\/fr\/traitements\/stations-depuration-physico-chimiques\/\" target=\"_blank\">Stations d\u2019\u00e9puration physico chimiques<\/a><\/div>\t\t<\/div>\n\t\t\t\t<\/div>\n\t\t\t\t\t\t<\/div>\n\t\t\t\t\t<\/div>\n\t\t<\/div>\n\t\t\t\t<div class=\"elementor-column elementor-col-33 elementor-top-column elementor-element elementor-element-2cec6b8\" data-id=\"2cec6b8\" data-element_type=\"column\">\n\t\t\t<div class=\"elementor-column-wrap elementor-element-populated\">\n\t\t\t\t\t\t\t<div class=\"elementor-widget-wrap\">\n\t\t\t\t\t\t<div class=\"elementor-element elementor-element-93e83ba elementor-widget elementor-widget-image\" data-id=\"93e83ba\" data-element_type=\"widget\" data-widget_type=\"image.default\">\n\t\t\t\t<div class=\"elementor-widget-container\">\n\t\t\t\t\t\t\t\t<div class=\"elementor-image\">\n\t\t\t\t\t\t\t\t\t\t\t\t\t<a href=\"https:\/\/www.hidrolab.org\/fr\/traitements\/stations-depuration-biologiques\/\" target=\"_blank\">\n\t\t\t\t\t\t\t<img width=\"1024\" height=\"749\" src=\"https:\/\/www.hidrolab.org\/fr\/wp-content\/uploads\/sites\/4\/2022\/02\/D.-biologicas-prefabricadas-1024x749.jpg\" class=\"attachment-large size-large\" alt=\"\" loading=\"lazy\" srcset=\"https:\/\/www.hidrolab.org\/fr\/wp-content\/uploads\/sites\/4\/2022\/02\/D.-biologicas-prefabricadas-1024x749.jpg 1024w, https:\/\/www.hidrolab.org\/fr\/wp-content\/uploads\/sites\/4\/2022\/02\/D.-biologicas-prefabricadas-300x219.jpg 300w, https:\/\/www.hidrolab.org\/fr\/wp-content\/uploads\/sites\/4\/2022\/02\/D.-biologicas-prefabricadas-768x562.jpg 768w, https:\/\/www.hidrolab.org\/fr\/wp-content\/uploads\/sites\/4\/2022\/02\/D.-biologicas-prefabricadas.jpg 1094w\" sizes=\"(max-width: 1024px) 100vw, 1024px\" \/>\t\t\t\t\t\t\t\t<\/a>\n\t\t\t\t\t\t\t\t\t\t\t\t\t\t<\/div>\n\t\t\t\t\t\t<\/div>\n\t\t\t\t<\/div>\n\t\t\t\t<div class=\"elementor-element elementor-element-ac694d2 elementor-widget elementor-widget-heading\" data-id=\"ac694d2\" data-element_type=\"widget\" data-widget_type=\"heading.default\">\n\t\t\t\t<div class=\"elementor-widget-container\">\n\t\t\t<div class=\"elementor-heading-title elementor-size-default\"><a href=\"https:\/\/www.hidrolab.org\/fr\/traitements\/stations-depuration-biologiques\/\" target=\"_blank\">Stations d\u2019\u00e9puration biologiques<\/a><\/div>\t\t<\/div>\n\t\t\t\t<\/div>\n\t\t\t\t\t\t<\/div>\n\t\t\t\t\t<\/div>\n\t\t<\/div>\n\t\t\t\t<div class=\"elementor-column elementor-col-33 elementor-top-column elementor-element elementor-element-a0fa8cd\" data-id=\"a0fa8cd\" data-element_type=\"column\">\n\t\t\t<div class=\"elementor-column-wrap elementor-element-populated\">\n\t\t\t\t\t\t\t<div class=\"elementor-widget-wrap\">\n\t\t\t\t\t\t<div class=\"elementor-element elementor-element-cfac6b5 elementor-widget elementor-widget-image\" data-id=\"cfac6b5\" data-element_type=\"widget\" data-widget_type=\"image.default\">\n\t\t\t\t<div class=\"elementor-widget-container\">\n\t\t\t\t\t\t\t\t<div class=\"elementor-image\">\n\t\t\t\t\t\t\t\t\t\t\t\t\t<a href=\"https:\/\/www.hidrolab.org\/fr\/traitements\/stations-depuration-physico-chimiques\/\" target=\"_blank\">\n\t\t\t\t\t\t\t<img width=\"500\" height=\"375\" src=\"https:\/\/www.hidrolab.org\/fr\/wp-content\/uploads\/sites\/4\/2018\/08\/hidrolab-fisico-quimico-con-contenedores-grandes-de-tratamientos.jpg\" class=\"attachment-large size-large\" alt=\"Depuradoras f\u00edsico qu\u00edmicas\" loading=\"lazy\" srcset=\"https:\/\/www.hidrolab.org\/fr\/wp-content\/uploads\/sites\/4\/2018\/08\/hidrolab-fisico-quimico-con-contenedores-grandes-de-tratamientos.jpg 500w, https:\/\/www.hidrolab.org\/fr\/wp-content\/uploads\/sites\/4\/2018\/08\/hidrolab-fisico-quimico-con-contenedores-grandes-de-tratamientos-300x225.jpg 300w\" sizes=\"(max-width: 500px) 100vw, 500px\" \/>\t\t\t\t\t\t\t\t<\/a>\n\t\t\t\t\t\t\t\t\t\t\t\t\t\t<\/div>\n\t\t\t\t\t\t<\/div>\n\t\t\t\t<\/div>\n\t\t\t\t<div class=\"elementor-element elementor-element-f2edd33 elementor-widget elementor-widget-heading\" data-id=\"f2edd33\" data-element_type=\"widget\" data-widget_type=\"heading.default\">\n\t\t\t\t<div class=\"elementor-widget-container\">\n\t\t\t<div class=\"elementor-heading-title elementor-size-default\"><a href=\"https:\/\/www.hidrolab.org\/fr\/traitements\/renovations-et-combinaison-de-processus\/\" target=\"_blank\">R\u00e9novations et combinaison de processus<\/a><\/div>\t\t<\/div>\n\t\t\t\t<\/div>\n\t\t\t\t\t\t<\/div>\n\t\t\t\t\t<\/div>\n\t\t<\/div>\n\t\t\t\t\t\t\t\t<\/div>\n\t\t\t\t\t<\/div>\n\t\t<\/section>\n\t\t\t\t<section class=\"elementor-section elementor-top-section elementor-element elementor-element-b7f0a4f elementor-section-boxed elementor-section-height-default elementor-section-height-default\" data-id=\"b7f0a4f\" data-element_type=\"section\">\n\t\t\t\t\t\t<div class=\"elementor-container elementor-column-gap-default\">\n\t\t\t\t\t\t\t<div class=\"elementor-row\">\n\t\t\t\t\t<div class=\"elementor-column elementor-col-33 elementor-top-column elementor-element elementor-element-ebc9b21\" data-id=\"ebc9b21\" data-element_type=\"column\">\n\t\t\t<div class=\"elementor-column-wrap elementor-element-populated\">\n\t\t\t\t\t\t\t<div class=\"elementor-widget-wrap\">\n\t\t\t\t\t\t<div class=\"elementor-element elementor-element-99dc561 elementor-widget elementor-widget-image\" data-id=\"99dc561\" data-element_type=\"widget\" data-widget_type=\"image.default\">\n\t\t\t\t<div class=\"elementor-widget-container\">\n\t\t\t\t\t\t\t\t<div class=\"elementor-image\">\n\t\t\t\t\t\t\t\t\t\t\t\t\t<a href=\"https:\/\/www.hidrolab.org\/fr\/traitements\/deshydratation-de-boues\/\" target=\"_blank\">\n\t\t\t\t\t\t\t<img width=\"600\" height=\"450\" src=\"https:\/\/www.hidrolab.org\/fr\/wp-content\/uploads\/sites\/4\/2019\/01\/deshidratacion-lodos.jpg\" class=\"attachment-large size-large\" alt=\"deshidrataci\u00f3n de lodos\" loading=\"lazy\" srcset=\"https:\/\/www.hidrolab.org\/fr\/wp-content\/uploads\/sites\/4\/2019\/01\/deshidratacion-lodos.jpg 600w, https:\/\/www.hidrolab.org\/fr\/wp-content\/uploads\/sites\/4\/2019\/01\/deshidratacion-lodos-300x225.jpg 300w\" sizes=\"(max-width: 600px) 100vw, 600px\" \/>\t\t\t\t\t\t\t\t<\/a>\n\t\t\t\t\t\t\t\t\t\t\t\t\t\t<\/div>\n\t\t\t\t\t\t<\/div>\n\t\t\t\t<\/div>\n\t\t\t\t<div class=\"elementor-element elementor-element-40387c0 elementor-widget elementor-widget-heading\" data-id=\"40387c0\" data-element_type=\"widget\" data-widget_type=\"heading.default\">\n\t\t\t\t<div class=\"elementor-widget-container\">\n\t\t\t<div class=\"elementor-heading-title elementor-size-default\"><a href=\"https:\/\/www.hidrolab.org\/fr\/traitements\/deshydratation-de-boues\/\" target=\"_blank\">D\u00e9shydratation de boues\n<\/a><\/div>\t\t<\/div>\n\t\t\t\t<\/div>\n\t\t\t\t\t\t<\/div>\n\t\t\t\t\t<\/div>\n\t\t<\/div>\n\t\t\t\t<div class=\"elementor-column elementor-col-33 elementor-top-column elementor-element elementor-element-b57114c\" data-id=\"b57114c\" data-element_type=\"column\">\n\t\t\t<div class=\"elementor-column-wrap elementor-element-populated\">\n\t\t\t\t\t\t\t<div class=\"elementor-widget-wrap\">\n\t\t\t\t\t\t<div class=\"elementor-element elementor-element-e3f01a7 elementor-widget elementor-widget-image\" data-id=\"e3f01a7\" data-element_type=\"widget\" data-widget_type=\"image.default\">\n\t\t\t\t<div class=\"elementor-widget-container\">\n\t\t\t\t\t\t\t\t<div class=\"elementor-image\">\n\t\t\t\t\t\t\t\t\t\t\t\t\t<a href=\"https:\/\/www.hidrolab.org\/fr\/traitements\/eaux-dapprovisionnement\/\" target=\"_blank\">\n\t\t\t\t\t\t\t<img src=\"https:\/\/www.hidrolab.org\/fr\/wp-content\/uploads\/sites\/4\/elementor\/thumbs\/Aguas-de-abastecimiento-pl55e3va8kkz3uttwce93ajfrzhjovjnkrias90vbo.jpg\" title=\"Aguas de abastecimiento\" alt=\"Aguas de abastecimiento\" \/>\t\t\t\t\t\t\t\t<\/a>\n\t\t\t\t\t\t\t\t\t\t\t\t\t\t<\/div>\n\t\t\t\t\t\t<\/div>\n\t\t\t\t<\/div>\n\t\t\t\t<div class=\"elementor-element elementor-element-0c47fb4 elementor-widget elementor-widget-heading\" data-id=\"0c47fb4\" data-element_type=\"widget\" data-widget_type=\"heading.default\">\n\t\t\t\t<div class=\"elementor-widget-container\">\n\t\t\t<div class=\"elementor-heading-title elementor-size-default\"><a href=\"https:\/\/www.hidrolab.org\/fr\/traitements\/eaux-dapprovisionnement\/\" target=\"_blank\">Eaux d\u2019approvisionnement\n<\/a><\/div>\t\t<\/div>\n\t\t\t\t<\/div>\n\t\t\t\t\t\t<\/div>\n\t\t\t\t\t<\/div>\n\t\t<\/div>\n\t\t\t\t<div class=\"elementor-column elementor-col-33 elementor-top-column elementor-element elementor-element-ed0d1a4\" data-id=\"ed0d1a4\" data-element_type=\"column\">\n\t\t\t<div class=\"elementor-column-wrap elementor-element-populated\">\n\t\t\t\t\t\t\t<div class=\"elementor-widget-wrap\">\n\t\t\t\t\t\t<div class=\"elementor-element elementor-element-4f8240c elementor-widget elementor-widget-image\" data-id=\"4f8240c\" data-element_type=\"widget\" data-widget_type=\"image.default\">\n\t\t\t\t<div class=\"elementor-widget-container\">\n\t\t\t\t\t\t\t\t<div class=\"elementor-image\">\n\t\t\t\t\t\t\t\t\t\t\t\t\t<a href=\"https:\/\/www.hidrolab.org\/fr\/traitements\/tamis\/\" target=\"_blank\">\n\t\t\t\t\t\t\t<img width=\"600\" height=\"450\" src=\"https:\/\/www.hidrolab.org\/fr\/wp-content\/uploads\/sites\/4\/2019\/01\/tratamientos-otros.jpg\" class=\"attachment-large size-large\" alt=\"tratamientos otros\" loading=\"lazy\" srcset=\"https:\/\/www.hidrolab.org\/fr\/wp-content\/uploads\/sites\/4\/2019\/01\/tratamientos-otros.jpg 600w, https:\/\/www.hidrolab.org\/fr\/wp-content\/uploads\/sites\/4\/2019\/01\/tratamientos-otros-300x225.jpg 300w\" sizes=\"(max-width: 600px) 100vw, 600px\" \/>\t\t\t\t\t\t\t\t<\/a>\n\t\t\t\t\t\t\t\t\t\t\t\t\t\t<\/div>\n\t\t\t\t\t\t<\/div>\n\t\t\t\t<\/div>\n\t\t\t\t<div class=\"elementor-element elementor-element-fd0bf14 elementor-widget elementor-widget-heading\" data-id=\"fd0bf14\" data-element_type=\"widget\" data-widget_type=\"heading.default\">\n\t\t\t\t<div class=\"elementor-widget-container\">\n\t\t\t<div class=\"elementor-heading-title elementor-size-default\"><a href=\"https:\/\/www.hidrolab.org\/fr\/traitements\/tamis\/\" target=\"_blank\">Autres<\/a><\/div>\t\t<\/div>\n\t\t\t\t<\/div>\n\t\t\t\t\t\t<\/div>\n\t\t\t\t\t<\/div>\n\t\t<\/div>\n\t\t\t\t\t\t\t\t<\/div>\n\t\t\t\t\t<\/div>\n\t\t<\/section>\n\t\t\t\t<section class=\"elementor-section elementor-top-section elementor-element elementor-element-7664401 elementor-section-boxed elementor-section-height-default elementor-section-height-default\" data-id=\"7664401\" data-element_type=\"section\">\n\t\t\t\t\t\t<div class=\"elementor-container elementor-column-gap-default\">\n\t\t\t\t\t\t\t<div class=\"elementor-row\">\n\t\t\t\t\t<div class=\"elementor-column elementor-col-100 elementor-top-column elementor-element elementor-element-032aedc\" data-id=\"032aedc\" data-element_type=\"column\">\n\t\t\t<div class=\"elementor-column-wrap elementor-element-populated\">\n\t\t\t\t\t\t\t<div class=\"elementor-widget-wrap\">\n\t\t\t\t\t\t<div class=\"elementor-element elementor-element-c2baf91 elementor-widget elementor-widget-text-editor\" data-id=\"c2baf91\" data-element_type=\"widget\" data-widget_type=\"text-editor.default\">\n\t\t\t\t<div class=\"elementor-widget-container\">\n\t\t\t\t\t\t\t\t<div class=\"elementor-text-editor elementor-clearfix\">\n\t\t\t\t<p>Traitements et processus environnementaux<\/p><h2>\u00c9puration des eaux us\u00e9es<\/h2><p>Nombreuses et diverses activit\u00e9s industrielles sont conseill\u00e9s par Hidrolab pour am\u00e9liorer la qualit\u00e9 des eaux d\u2019approvisionnement ou de la r\u00e9solution de la purification des eaux us\u00e9es. Vous pouvez nous consulter pour faire s\u00e9lection de proc\u00e9d\u00e9s, assistances techniques, transferts de technologie et \u00e9tudes li\u00e9es au r\u00e9gime d\u00b4autorisations de rejet.<\/p><h2>Rejets:<\/h2><p>Traitements physicochimiques, biologiques et combin\u00e9s. D\u00e9shydratation de boues. Exp\u00e9rience dans le traitement de rejets des suivantes industries, entre autres:<\/p><ul><li>Stations de lavage de voitures et de citernes.<\/li><li>Caves \u00e0 vin.<\/li><li>Blanchisseries industrielles.<\/li><li>Recyclage de plastiques.<\/li><li>Conserves v\u00e9g\u00e9tales.<\/li><li>Abattoirs.<\/li><li>Gestionnaires de r\u00e9sidus.<\/li><li>Fabrication de peintures.<\/li><li>Restaurants.<\/li><li>Vinasses.<\/li><li>Fabriques de charcuteries.<\/li><li>Concentrations de mo\u00fbts.<\/li><li>Lavage de granulats.<\/li><li>Traitements de surfaces m\u00e9talliques.<\/li><li>Fabrication de carton.<\/li><li>Fabriques de c\u00e9ramique, fromageries, machines vibro, liquides hydrauliques.<\/li><\/ul><h2>Eaux d\u2019approvisionnement:<\/h2><p>Purification des eaux gr\u00e2ce \u00e0 techniques de filtration, d\u00e9calcification, d\u00e9sinfection, osmose inverse, etc. Certaines applications r\u00e9alis\u00e9es:<\/p><ul><li>Syst\u00e8me d\u2019approvisionnement de l\u2019eau pure pour laboratoire.<\/li><li><span style=\"font-size: 2rem;\">Carbonatation des eaux destin\u00e9es \u00e0 la consommation.<\/span><\/li><li>\u00c9changeur d\u2019ions.<\/li><li>Stations de d\u00e9nitrification.<\/li><li>\u00c9limination de fer.<\/li><li>R\u00e9utilisation ind\u00e9fini d\u00b4eaux du lavage.<\/li><\/ul>\t\t\t\t\t<\/div>\n\t\t\t\t\t\t<\/div>\n\t\t\t\t<\/div>\n\t\t\t\t\t\t<\/div>\n\t\t\t\t\t<\/div>\n\t\t<\/div>\n\t\t\t\t\t\t\t\t<\/div>\n\t\t\t\t\t<\/div>\n\t\t<\/section>\n\t\t\t\t\t\t\t\t\t<\/div>\n\t\t\t<\/div>\n\t\t\t\t\t<\/div>\n\t\t","protected":false},"excerpt":{"rendered":"<p>Nous effectuons des traitements de l&rsquo;eau, des boues et des d\u00e9chets. Stations d\u2019\u00e9puration physico chimiques Stations d\u2019\u00e9puration biologiques R\u00e9novations et combinaison de processus D\u00e9shydratation de boues Eaux d\u2019approvisionnement Autres Traitements et processus environnementaux \u00c9puration des eaux us\u00e9es Nombreuses et diverses activit\u00e9s industrielles sont conseill\u00e9s par Hidrolab pour am\u00e9liorer la qualit\u00e9 des eaux d\u2019approvisionnement ou de [&hellip;]<\/p>\n","protected":false},"author":1,"featured_media":1826,"parent":0,"menu_order":0,"comment_status":"closed","ping_status":"closed","template":"","meta":{"_monsterinsights_skip_tracking":false,"_monsterinsights_sitenote_active":false,"_monsterinsights_sitenote_note":"","_monsterinsights_sitenote_category":0,"_genesis_hide_title":false,"_genesis_hide_breadcrumbs":false,"_genesis_hide_singular_image":false,"_genesis_hide_footer_widgets":false,"_genesis_custom_body_class":"","_genesis_custom_post_class":"","_genesis_layout":""},"yoast_head":"<!-- This site is optimized with the Yoast SEO plugin v19.6.1 - https:\/\/yoast.com\/wordpress\/plugins\/seo\/ -->\n<title>Traitements - Fran\u00e7ais<\/title>\n<meta name=\"description\" content=\"\u00c0 Hidrolab nous developpons des traitements et processus environnementaux pour nombreaux activit\u00e9s industrialles, principalement orient\u00e9s aux traitements de l\u00b4eau.\" \/>\n<meta name=\"robots\" content=\"index, follow, max-snippet:-1, max-image-preview:large, max-video-preview:-1\" \/>\n<link rel=\"canonical\" href=\"https:\/\/www.hidrolab.org\/fr\/traitements\/\" \/>\n<meta property=\"og:locale\" content=\"fr_FR\" \/>\n<meta property=\"og:type\" content=\"article\" \/>\n<meta property=\"og:title\" content=\"Traitements - Fran\u00e7ais\" \/>\n<meta property=\"og:description\" content=\"\u00c0 Hidrolab nous developpons des traitements et processus environnementaux pour nombreaux activit\u00e9s industrialles, principalement orient\u00e9s aux traitements de l\u00b4eau.\" \/>\n<meta property=\"og:url\" content=\"https:\/\/www.hidrolab.org\/fr\/traitements\/\" \/>\n<meta property=\"og:site_name\" content=\"Fran\u00e7ais\" \/>\n<meta property=\"article:modified_time\" content=\"2022-03-19T10:44:38+00:00\" \/>\n<meta property=\"og:image\" content=\"https:\/\/www.hidrolab.org\/fr\/wp-content\/uploads\/sites\/4\/2017\/04\/Depuradora-de-Puebla.jpg\" \/>\n\t<meta property=\"og:image:width\" content=\"800\" \/>\n\t<meta property=\"og:image:height\" content=\"600\" \/>\n\t<meta property=\"og:image:type\" content=\"image\/jpeg\" \/>\n<meta name=\"twitter:card\" content=\"summary_large_image\" \/>\n<script type=\"application\/ld+json\" class=\"yoast-schema-graph\">{\"@context\":\"https:\/\/schema.org\",\"@graph\":[{\"@type\":\"WebPage\",\"@id\":\"https:\/\/www.hidrolab.org\/fr\/traitements\/\",\"url\":\"https:\/\/www.hidrolab.org\/fr\/traitements\/\",\"name\":\"Traitements - Fran\u00e7ais\",\"isPartOf\":{\"@id\":\"https:\/\/www.hidrolab.org\/fr\/#website\"},\"datePublished\":\"2018-08-03T10:38:20+00:00\",\"dateModified\":\"2022-03-19T10:44:38+00:00\",\"description\":\"\u00c0 Hidrolab nous developpons des traitements et processus environnementaux pour nombreaux activit\u00e9s industrialles, principalement orient\u00e9s aux traitements de l\u00b4eau.\",\"breadcrumb\":{\"@id\":\"https:\/\/www.hidrolab.org\/fr\/traitements\/#breadcrumb\"},\"inLanguage\":\"fr-FR\",\"potentialAction\":[{\"@type\":\"ReadAction\",\"target\":[\"https:\/\/www.hidrolab.org\/fr\/traitements\/\"]}]},{\"@type\":\"BreadcrumbList\",\"@id\":\"https:\/\/www.hidrolab.org\/fr\/traitements\/#breadcrumb\",\"itemListElement\":[{\"@type\":\"ListItem\",\"position\":1,\"name\":\"Portada\",\"item\":\"https:\/\/www.hidrolab.org\/fr\/\"},{\"@type\":\"ListItem\",\"position\":2,\"name\":\"Traitements\"}]},{\"@type\":\"WebSite\",\"@id\":\"https:\/\/www.hidrolab.org\/fr\/#website\",\"url\":\"https:\/\/www.hidrolab.org\/fr\/\",\"name\":\"Fran\u00e7ais\",\"description\":\"An\u00e1lisis de aguas\",\"publisher\":{\"@id\":\"https:\/\/www.hidrolab.org\/fr\/#organization\"},\"potentialAction\":[{\"@type\":\"SearchAction\",\"target\":{\"@type\":\"EntryPoint\",\"urlTemplate\":\"https:\/\/www.hidrolab.org\/fr\/?s={search_term_string}\"},\"query-input\":\"required name=search_term_string\"}],\"inLanguage\":\"fr-FR\"},{\"@type\":\"Organization\",\"@id\":\"https:\/\/www.hidrolab.org\/fr\/#organization\",\"name\":\"Fran\u00e7ais\",\"url\":\"https:\/\/www.hidrolab.org\/fr\/\",\"sameAs\":[],\"logo\":{\"@type\":\"ImageObject\",\"inLanguage\":\"fr-FR\",\"@id\":\"https:\/\/www.hidrolab.org\/fr\/#\/schema\/logo\/image\/\",\"url\":\"https:\/\/www.hidrolab.org\/fr\/wp-content\/uploads\/sites\/4\/2018\/08\/Logo-Completo.png\",\"contentUrl\":\"https:\/\/www.hidrolab.org\/fr\/wp-content\/uploads\/sites\/4\/2018\/08\/Logo-Completo.png\",\"width\":1680,\"height\":440,\"caption\":\"Fran\u00e7ais\"},\"image\":{\"@id\":\"https:\/\/www.hidrolab.org\/fr\/#\/schema\/logo\/image\/\"}}]}<\/script>\n<!-- \/ Yoast SEO plugin. -->","yoast_head_json":{"title":"Traitements - Fran\u00e7ais","description":"\u00c0 Hidrolab nous developpons des traitements et processus environnementaux pour nombreaux activit\u00e9s industrialles, principalement orient\u00e9s aux traitements de l\u00b4eau.","robots":{"index":"index","follow":"follow","max-snippet":"max-snippet:-1","max-image-preview":"max-image-preview:large","max-video-preview":"max-video-preview:-1"},"canonical":"https:\/\/www.hidrolab.org\/fr\/traitements\/","og_locale":"fr_FR","og_type":"article","og_title":"Traitements - Fran\u00e7ais","og_description":"\u00c0 Hidrolab nous developpons des traitements et processus environnementaux pour nombreaux activit\u00e9s industrialles, principalement orient\u00e9s aux traitements de l\u00b4eau.","og_url":"https:\/\/www.hidrolab.org\/fr\/traitements\/","og_site_name":"Fran\u00e7ais","article_modified_time":"2022-03-19T10:44:38+00:00","og_image":[{"width":800,"height":600,"url":"https:\/\/www.hidrolab.org\/fr\/wp-content\/uploads\/sites\/4\/2017\/04\/Depuradora-de-Puebla.jpg","type":"image\/jpeg"}],"twitter_card":"summary_large_image","schema":{"@context":"https:\/\/schema.org","@graph":[{"@type":"WebPage","@id":"https:\/\/www.hidrolab.org\/fr\/traitements\/","url":"https:\/\/www.hidrolab.org\/fr\/traitements\/","name":"Traitements - Fran\u00e7ais","isPartOf":{"@id":"https:\/\/www.hidrolab.org\/fr\/#website"},"datePublished":"2018-08-03T10:38:20+00:00","dateModified":"2022-03-19T10:44:38+00:00","description":"\u00c0 Hidrolab nous developpons des traitements et processus environnementaux pour nombreaux activit\u00e9s industrialles, principalement orient\u00e9s aux traitements de l\u00b4eau.","breadcrumb":{"@id":"https:\/\/www.hidrolab.org\/fr\/traitements\/#breadcrumb"},"inLanguage":"fr-FR","potentialAction":[{"@type":"ReadAction","target":["https:\/\/www.hidrolab.org\/fr\/traitements\/"]}]},{"@type":"BreadcrumbList","@id":"https:\/\/www.hidrolab.org\/fr\/traitements\/#breadcrumb","itemListElement":[{"@type":"ListItem","position":1,"name":"Portada","item":"https:\/\/www.hidrolab.org\/fr\/"},{"@type":"ListItem","position":2,"name":"Traitements"}]},{"@type":"WebSite","@id":"https:\/\/www.hidrolab.org\/fr\/#website","url":"https:\/\/www.hidrolab.org\/fr\/","name":"Fran\u00e7ais","description":"An\u00e1lisis de aguas","publisher":{"@id":"https:\/\/www.hidrolab.org\/fr\/#organization"},"potentialAction":[{"@type":"SearchAction","target":{"@type":"EntryPoint","urlTemplate":"https:\/\/www.hidrolab.org\/fr\/?s={search_term_string}"},"query-input":"required name=search_term_string"}],"inLanguage":"fr-FR"},{"@type":"Organization","@id":"https:\/\/www.hidrolab.org\/fr\/#organization","name":"Fran\u00e7ais","url":"https:\/\/www.hidrolab.org\/fr\/","sameAs":[],"logo":{"@type":"ImageObject","inLanguage":"fr-FR","@id":"https:\/\/www.hidrolab.org\/fr\/#\/schema\/logo\/image\/","url":"https:\/\/www.hidrolab.org\/fr\/wp-content\/uploads\/sites\/4\/2018\/08\/Logo-Completo.png","contentUrl":"https:\/\/www.hidrolab.org\/fr\/wp-content\/uploads\/sites\/4\/2018\/08\/Logo-Completo.png","width":1680,"height":440,"caption":"Fran\u00e7ais"},"image":{"@id":"https:\/\/www.hidrolab.org\/fr\/#\/schema\/logo\/image\/"}}]}},"_links":{"self":[{"href":"https:\/\/www.hidrolab.org\/fr\/wp-json\/wp\/v2\/pages\/1550"}],"collection":[{"href":"https:\/\/www.hidrolab.org\/fr\/wp-json\/wp\/v2\/pages"}],"about":[{"href":"https:\/\/www.hidrolab.org\/fr\/wp-json\/wp\/v2\/types\/page"}],"author":[{"embeddable":true,"href":"https:\/\/www.hidrolab.org\/fr\/wp-json\/wp\/v2\/users\/1"}],"replies":[{"embeddable":true,"href":"https:\/\/www.hidrolab.org\/fr\/wp-json\/wp\/v2\/comments?post=1550"}],"version-history":[{"count":34,"href":"https:\/\/www.hidrolab.org\/fr\/wp-json\/wp\/v2\/pages\/1550\/revisions"}],"predecessor-version":[{"id":2104,"href":"https:\/\/www.hidrolab.org\/fr\/wp-json\/wp\/v2\/pages\/1550\/revisions\/2104"}],"wp:featuredmedia":[{"embeddable":true,"href":"https:\/\/www.hidrolab.org\/fr\/wp-json\/wp\/v2\/media\/1826"}],"wp:attachment":[{"href":"https:\/\/www.hidrolab.org\/fr\/wp-json\/wp\/v2\/media?parent=1550"}],"curies":[{"name":"wp","href":"https:\/\/api.w.org\/{rel}","templated":true}]}}