{"id":1548,"date":"2018-08-03T10:37:10","date_gmt":"2018-08-03T10:37:10","guid":{"rendered":"https:\/\/www.hidrolab.org\/?page_id=1548"},"modified":"2019-09-30T19:45:17","modified_gmt":"2019-09-30T17:45:17","slug":"analyses-agricoles","status":"publish","type":"page","link":"https:\/\/www.hidrolab.org\/fr\/laboratoires-plasma-chromatographie\/analyses-agricoles\/","title":{"rendered":"Analyses agricoles"},"content":{"rendered":"\n<p> \u00c0\u00a0<strong>Hidrolab<\/strong>\u00a0vous trouverez un \u00e9quipe professionnelle qui vos donnerez des solutions professionnelles pour:\u200b<\/p>\n\n\n\n<h2>Engrais<\/h2>\n\n\n\n<p>Composition NPK. Oligo\u00e9l\u00e9ments. Extrait humique. Amino acids. Accomplissement de qualit\u00e9 r\u00e9glementaire.\u200b<\/p>\n\n\n\n<h2>Substrats de culture<\/h2>\n\n\n\n<p>Propri\u00e9t\u00e9s hydro physiques, physicochimiques et microbiologiques. Tests de germination. \u00c9valuation agronomique.<\/p>\n\n\n\n<h2>Sols<\/h2>\n\n\n\n<p>Composition, texture, capacit\u00e9 au champ et \u00e9change de cations. Tests d\u2019infiltration. Lixiviats.<\/p>\n\n\n\n<h2><strong>Eaux d\u2019irrigation<\/strong><\/h2>\n\n\n\n<p>Qualit\u00e9 en fonction de leur analyse. Recommandations.<\/p>\n\n\n\n<h2>Analyse foliaire<\/h2>\n\n\n\n<p>Calcium, magn\u00e9sium, potassium, azote ATK, phosphore, etc.<\/p>\n\n\n\n<h2>R\u00e9sidus de produits phytosanitaires<\/h2>\n\n\n\n<p>D\u00e9termination de restes de pesticides dans le sol ou les produits. Compos\u00e9s organochlor\u00e9s et organophosphor\u00e9s, pyr\u00e9thrines, pyr\u00e9troides et quelques carbamates, glyphosate, etc.<\/p>\n\n\n\n<h2>Produits agraires<\/h2>\n\n\n\n<p>Composition et richesse en mati\u00e8re s\u00e8che, huiles et graisses, prot\u00e9ine, fibre, hydrates de carbone, sucres, degr\u00e9 alcoolique, etc.<\/p>\n\n\n\n<h2>Fourrage<\/h2>\n\n\n\n<p>Composition, propri\u00e9t\u00e9s nutritionnelles et micro\u00e9l\u00e9ments. Prot\u00e9ine, graisses, hydrates de carbone, vitamines, fer, zinc, cuivre, etc.\n\n<\/p>\n","protected":false},"excerpt":{"rendered":"<p>\u00c0\u00a0Hidrolab\u00a0vous trouverez un \u00e9quipe professionnelle qui vos donnerez des solutions professionnelles pour:\u200b Engrais Composition NPK. Oligo\u00e9l\u00e9ments. Extrait humique. Amino acids. Accomplissement de qualit\u00e9 r\u00e9glementaire.\u200b Substrats de culture Propri\u00e9t\u00e9s hydro physiques, physicochimiques et microbiologiques. Tests de germination. \u00c9valuation agronomique. Sols Composition, texture, capacit\u00e9 au champ et \u00e9change de cations. Tests d\u2019infiltration. Lixiviats. Eaux d\u2019irrigation Qualit\u00e9 en [&hellip;]<\/p>\n","protected":false},"author":1,"featured_media":1698,"parent":1536,"menu_order":0,"comment_status":"closed","ping_status":"closed","template":"","meta":{"_monsterinsights_skip_tracking":false,"_monsterinsights_sitenote_active":false,"_monsterinsights_sitenote_note":"","_monsterinsights_sitenote_category":0,"_genesis_hide_title":false,"_genesis_hide_breadcrumbs":false,"_genesis_hide_singular_image":false,"_genesis_hide_footer_widgets":false,"_genesis_custom_body_class":"","_genesis_custom_post_class":"","_genesis_layout":""},"yoast_head":"<!-- This site is optimized with the Yoast SEO plugin v19.6.1 - https:\/\/yoast.com\/wordpress\/plugins\/seo\/ -->\n<title>Analyses agricoles - Fran\u00e7ais<\/title>\n<meta name=\"description\" content=\"Ofrecemos soluciones en todo tipo de an\u00e1lisis agr\u00edcolas con fertilizantes, suelos, aguas de riego o substratos, entre otros\" \/>\n<meta name=\"robots\" content=\"index, follow, max-snippet:-1, max-image-preview:large, max-video-preview:-1\" \/>\n<link rel=\"canonical\" href=\"https:\/\/www.hidrolab.org\/fr\/laboratoires-plasma-chromatographie\/analyses-agricoles\/\" \/>\n<meta property=\"og:locale\" content=\"fr_FR\" \/>\n<meta property=\"og:type\" content=\"article\" \/>\n<meta property=\"og:title\" content=\"Analyses agricoles - Fran\u00e7ais\" \/>\n<meta property=\"og:description\" content=\"Ofrecemos soluciones en todo tipo de an\u00e1lisis agr\u00edcolas con fertilizantes, suelos, aguas de riego o substratos, entre otros\" \/>\n<meta property=\"og:url\" content=\"https:\/\/www.hidrolab.org\/fr\/laboratoires-plasma-chromatographie\/analyses-agricoles\/\" \/>\n<meta property=\"og:site_name\" content=\"Fran\u00e7ais\" \/>\n<meta property=\"article:modified_time\" content=\"2019-09-30T17:45:17+00:00\" \/>\n<meta property=\"og:image\" content=\"https:\/\/www.hidrolab.org\/fr\/wp-content\/uploads\/sites\/4\/2018\/08\/analisis-agricolas-1.jpg\" \/>\n\t<meta property=\"og:image:width\" content=\"674\" \/>\n\t<meta property=\"og:image:height\" content=\"450\" \/>\n\t<meta property=\"og:image:type\" content=\"image\/jpeg\" \/>\n<meta name=\"twitter:card\" content=\"summary_large_image\" \/>\n<script type=\"application\/ld+json\" class=\"yoast-schema-graph\">{\"@context\":\"https:\/\/schema.org\",\"@graph\":[{\"@type\":\"WebPage\",\"@id\":\"https:\/\/www.hidrolab.org\/fr\/laboratoires-plasma-chromatographie\/analyses-agricoles\/\",\"url\":\"https:\/\/www.hidrolab.org\/fr\/laboratoires-plasma-chromatographie\/analyses-agricoles\/\",\"name\":\"Analyses agricoles - Fran\u00e7ais\",\"isPartOf\":{\"@id\":\"https:\/\/www.hidrolab.org\/fr\/#website\"},\"datePublished\":\"2018-08-03T10:37:10+00:00\",\"dateModified\":\"2019-09-30T17:45:17+00:00\",\"description\":\"Ofrecemos soluciones en todo tipo de an\u00e1lisis agr\u00edcolas con fertilizantes, suelos, aguas de riego o substratos, entre otros\",\"breadcrumb\":{\"@id\":\"https:\/\/www.hidrolab.org\/fr\/laboratoires-plasma-chromatographie\/analyses-agricoles\/#breadcrumb\"},\"inLanguage\":\"fr-FR\",\"potentialAction\":[{\"@type\":\"ReadAction\",\"target\":[\"https:\/\/www.hidrolab.org\/fr\/laboratoires-plasma-chromatographie\/analyses-agricoles\/\"]}]},{\"@type\":\"BreadcrumbList\",\"@id\":\"https:\/\/www.hidrolab.org\/fr\/laboratoires-plasma-chromatographie\/analyses-agricoles\/#breadcrumb\",\"itemListElement\":[{\"@type\":\"ListItem\",\"position\":1,\"name\":\"Portada\",\"item\":\"https:\/\/www.hidrolab.org\/fr\/\"},{\"@type\":\"ListItem\",\"position\":2,\"name\":\"Laboratoires\",\"item\":\"https:\/\/www.hidrolab.org\/fr\/laboratoires-plasma-chromatographie\/\"},{\"@type\":\"ListItem\",\"position\":3,\"name\":\"Analyses agricoles\"}]},{\"@type\":\"WebSite\",\"@id\":\"https:\/\/www.hidrolab.org\/fr\/#website\",\"url\":\"https:\/\/www.hidrolab.org\/fr\/\",\"name\":\"Fran\u00e7ais\",\"description\":\"An\u00e1lisis de aguas\",\"publisher\":{\"@id\":\"https:\/\/www.hidrolab.org\/fr\/#organization\"},\"potentialAction\":[{\"@type\":\"SearchAction\",\"target\":{\"@type\":\"EntryPoint\",\"urlTemplate\":\"https:\/\/www.hidrolab.org\/fr\/?s={search_term_string}\"},\"query-input\":\"required name=search_term_string\"}],\"inLanguage\":\"fr-FR\"},{\"@type\":\"Organization\",\"@id\":\"https:\/\/www.hidrolab.org\/fr\/#organization\",\"name\":\"Fran\u00e7ais\",\"url\":\"https:\/\/www.hidrolab.org\/fr\/\",\"sameAs\":[],\"logo\":{\"@type\":\"ImageObject\",\"inLanguage\":\"fr-FR\",\"@id\":\"https:\/\/www.hidrolab.org\/fr\/#\/schema\/logo\/image\/\",\"url\":\"https:\/\/www.hidrolab.org\/fr\/wp-content\/uploads\/sites\/4\/2018\/08\/Logo-Completo.png\",\"contentUrl\":\"https:\/\/www.hidrolab.org\/fr\/wp-content\/uploads\/sites\/4\/2018\/08\/Logo-Completo.png\",\"width\":1680,\"height\":440,\"caption\":\"Fran\u00e7ais\"},\"image\":{\"@id\":\"https:\/\/www.hidrolab.org\/fr\/#\/schema\/logo\/image\/\"}}]}<\/script>\n<!-- \/ Yoast SEO plugin. -->","yoast_head_json":{"title":"Analyses agricoles - Fran\u00e7ais","description":"Ofrecemos soluciones en todo tipo de an\u00e1lisis agr\u00edcolas con fertilizantes, suelos, aguas de riego o substratos, entre otros","robots":{"index":"index","follow":"follow","max-snippet":"max-snippet:-1","max-image-preview":"max-image-preview:large","max-video-preview":"max-video-preview:-1"},"canonical":"https:\/\/www.hidrolab.org\/fr\/laboratoires-plasma-chromatographie\/analyses-agricoles\/","og_locale":"fr_FR","og_type":"article","og_title":"Analyses agricoles - Fran\u00e7ais","og_description":"Ofrecemos soluciones en todo tipo de an\u00e1lisis agr\u00edcolas con fertilizantes, suelos, aguas de riego o substratos, entre otros","og_url":"https:\/\/www.hidrolab.org\/fr\/laboratoires-plasma-chromatographie\/analyses-agricoles\/","og_site_name":"Fran\u00e7ais","article_modified_time":"2019-09-30T17:45:17+00:00","og_image":[{"width":674,"height":450,"url":"https:\/\/www.hidrolab.org\/fr\/wp-content\/uploads\/sites\/4\/2018\/08\/analisis-agricolas-1.jpg","type":"image\/jpeg"}],"twitter_card":"summary_large_image","schema":{"@context":"https:\/\/schema.org","@graph":[{"@type":"WebPage","@id":"https:\/\/www.hidrolab.org\/fr\/laboratoires-plasma-chromatographie\/analyses-agricoles\/","url":"https:\/\/www.hidrolab.org\/fr\/laboratoires-plasma-chromatographie\/analyses-agricoles\/","name":"Analyses agricoles - Fran\u00e7ais","isPartOf":{"@id":"https:\/\/www.hidrolab.org\/fr\/#website"},"datePublished":"2018-08-03T10:37:10+00:00","dateModified":"2019-09-30T17:45:17+00:00","description":"Ofrecemos soluciones en todo tipo de an\u00e1lisis agr\u00edcolas con fertilizantes, suelos, aguas de riego o substratos, entre otros","breadcrumb":{"@id":"https:\/\/www.hidrolab.org\/fr\/laboratoires-plasma-chromatographie\/analyses-agricoles\/#breadcrumb"},"inLanguage":"fr-FR","potentialAction":[{"@type":"ReadAction","target":["https:\/\/www.hidrolab.org\/fr\/laboratoires-plasma-chromatographie\/analyses-agricoles\/"]}]},{"@type":"BreadcrumbList","@id":"https:\/\/www.hidrolab.org\/fr\/laboratoires-plasma-chromatographie\/analyses-agricoles\/#breadcrumb","itemListElement":[{"@type":"ListItem","position":1,"name":"Portada","item":"https:\/\/www.hidrolab.org\/fr\/"},{"@type":"ListItem","position":2,"name":"Laboratoires","item":"https:\/\/www.hidrolab.org\/fr\/laboratoires-plasma-chromatographie\/"},{"@type":"ListItem","position":3,"name":"Analyses agricoles"}]},{"@type":"WebSite","@id":"https:\/\/www.hidrolab.org\/fr\/#website","url":"https:\/\/www.hidrolab.org\/fr\/","name":"Fran\u00e7ais","description":"An\u00e1lisis de aguas","publisher":{"@id":"https:\/\/www.hidrolab.org\/fr\/#organization"},"potentialAction":[{"@type":"SearchAction","target":{"@type":"EntryPoint","urlTemplate":"https:\/\/www.hidrolab.org\/fr\/?s={search_term_string}"},"query-input":"required name=search_term_string"}],"inLanguage":"fr-FR"},{"@type":"Organization","@id":"https:\/\/www.hidrolab.org\/fr\/#organization","name":"Fran\u00e7ais","url":"https:\/\/www.hidrolab.org\/fr\/","sameAs":[],"logo":{"@type":"ImageObject","inLanguage":"fr-FR","@id":"https:\/\/www.hidrolab.org\/fr\/#\/schema\/logo\/image\/","url":"https:\/\/www.hidrolab.org\/fr\/wp-content\/uploads\/sites\/4\/2018\/08\/Logo-Completo.png","contentUrl":"https:\/\/www.hidrolab.org\/fr\/wp-content\/uploads\/sites\/4\/2018\/08\/Logo-Completo.png","width":1680,"height":440,"caption":"Fran\u00e7ais"},"image":{"@id":"https:\/\/www.hidrolab.org\/fr\/#\/schema\/logo\/image\/"}}]}},"_links":{"self":[{"href":"https:\/\/www.hidrolab.org\/fr\/wp-json\/wp\/v2\/pages\/1548"}],"collection":[{"href":"https:\/\/www.hidrolab.org\/fr\/wp-json\/wp\/v2\/pages"}],"about":[{"href":"https:\/\/www.hidrolab.org\/fr\/wp-json\/wp\/v2\/types\/page"}],"author":[{"embeddable":true,"href":"https:\/\/www.hidrolab.org\/fr\/wp-json\/wp\/v2\/users\/1"}],"replies":[{"embeddable":true,"href":"https:\/\/www.hidrolab.org\/fr\/wp-json\/wp\/v2\/comments?post=1548"}],"version-history":[{"count":4,"href":"https:\/\/www.hidrolab.org\/fr\/wp-json\/wp\/v2\/pages\/1548\/revisions"}],"predecessor-version":[{"id":2035,"href":"https:\/\/www.hidrolab.org\/fr\/wp-json\/wp\/v2\/pages\/1548\/revisions\/2035"}],"up":[{"embeddable":true,"href":"https:\/\/www.hidrolab.org\/fr\/wp-json\/wp\/v2\/pages\/1536"}],"wp:featuredmedia":[{"embeddable":true,"href":"https:\/\/www.hidrolab.org\/fr\/wp-json\/wp\/v2\/media\/1698"}],"wp:attachment":[{"href":"https:\/\/www.hidrolab.org\/fr\/wp-json\/wp\/v2\/media?parent=1548"}],"curies":[{"name":"wp","href":"https:\/\/api.w.org\/{rel}","templated":true}]}}