{"id":1546,"date":"2018-08-03T10:35:11","date_gmt":"2018-08-03T10:35:11","guid":{"rendered":"https:\/\/www.hidrolab.org\/?page_id=1546"},"modified":"2019-09-30T19:43:09","modified_gmt":"2019-09-30T17:43:09","slug":"analyses-d-aliments","status":"publish","type":"page","link":"https:\/\/www.hidrolab.org\/fr\/laboratoires-plasma-chromatographie\/analyses-d-aliments\/","title":{"rendered":"Analyses d\u2019aliments"},"content":{"rendered":"\n<p>\n\nNous faisons \u00e0&nbsp;<strong>Hidrolab<\/strong>&nbsp;des contr\u00f4les de qualit\u00e9 alimentaire microbiologique, pour les protocoles HACCP, aux caract\u00e9risations physicochimiques plus complexes, comme les suivantes:<\/p>\n\n\n\n<ul><li>Analyses microbiologiques.<\/li><li>\u00c9chantillonnage de surfaces, outils et machines.<\/li><li>Analyse nutritionnelle. \u00c9tude de composition pour l\u2019\u00e9laboration de l\u2019\u00e9tiquette nutritionnelle.<\/li><li>Quantification de micronutriments et oligo\u00e9l\u00e9ments.<\/li><li>R\u00e9sidus d\u00b4insecticides et d\u00b4autres polluants.<\/li><li>Frelatages alimentaires.<\/li><li>R\u00e9sidus d\u2019antibiotiques.<\/li><li>Propri\u00e9t\u00e9s di\u00e9t\u00e9tiques des eaux.<\/li><li>Analyses de vitamines.<\/li><li>Colorants.<\/li><li>Conservateurs.<\/li><li>\u00c9dulcorants.<\/li><li>Analyses sp\u00e9cifiques.<\/li><li>Degr\u00e9 alcoolique, graisses satur\u00e9es et insatur\u00e9es.<\/li><\/ul>\n","protected":false},"excerpt":{"rendered":"<p>Nous faisons \u00e0&nbsp;Hidrolab&nbsp;des contr\u00f4les de qualit\u00e9 alimentaire microbiologique, pour les protocoles HACCP, aux caract\u00e9risations physicochimiques plus complexes, comme les suivantes: Analyses microbiologiques. \u00c9chantillonnage de surfaces, outils et machines. Analyse nutritionnelle. \u00c9tude de composition pour l\u2019\u00e9laboration de l\u2019\u00e9tiquette nutritionnelle. Quantification de micronutriments et oligo\u00e9l\u00e9ments. R\u00e9sidus d\u00b4insecticides et d\u00b4autres polluants. Frelatages alimentaires. R\u00e9sidus d\u2019antibiotiques. Propri\u00e9t\u00e9s di\u00e9t\u00e9tiques des [&hellip;]<\/p>\n","protected":false},"author":1,"featured_media":1695,"parent":1536,"menu_order":0,"comment_status":"closed","ping_status":"closed","template":"","meta":{"_monsterinsights_skip_tracking":false,"_monsterinsights_sitenote_active":false,"_monsterinsights_sitenote_note":"","_monsterinsights_sitenote_category":0,"_genesis_hide_title":false,"_genesis_hide_breadcrumbs":false,"_genesis_hide_singular_image":false,"_genesis_hide_footer_widgets":false,"_genesis_custom_body_class":"","_genesis_custom_post_class":"","_genesis_layout":""},"yoast_head":"<!-- This site is optimized with the Yoast SEO plugin v19.6.1 - https:\/\/yoast.com\/wordpress\/plugins\/seo\/ -->\n<title>Analyses d\u2019aliments - Fran\u00e7ais<\/title>\n<meta name=\"description\" content=\"Nos dedicamos a realizar an\u00e1lisis de alimentos, realizando un minucioso control de calidad con grandes profesionales y los \u00faltimos protocolos y t\u00e9cnicas\" \/>\n<meta name=\"robots\" content=\"index, follow, max-snippet:-1, max-image-preview:large, max-video-preview:-1\" \/>\n<link rel=\"canonical\" href=\"https:\/\/www.hidrolab.org\/fr\/laboratoires-plasma-chromatographie\/analyses-d-aliments\/\" \/>\n<meta property=\"og:locale\" content=\"fr_FR\" \/>\n<meta property=\"og:type\" content=\"article\" \/>\n<meta property=\"og:title\" content=\"Analyses d\u2019aliments - Fran\u00e7ais\" \/>\n<meta property=\"og:description\" content=\"Nos dedicamos a realizar an\u00e1lisis de alimentos, realizando un minucioso control de calidad con grandes profesionales y los \u00faltimos protocolos y t\u00e9cnicas\" \/>\n<meta property=\"og:url\" content=\"https:\/\/www.hidrolab.org\/fr\/laboratoires-plasma-chromatographie\/analyses-d-aliments\/\" \/>\n<meta property=\"og:site_name\" content=\"Fran\u00e7ais\" \/>\n<meta property=\"article:modified_time\" content=\"2019-09-30T17:43:09+00:00\" \/>\n<meta property=\"og:image\" content=\"https:\/\/www.hidrolab.org\/fr\/wp-content\/uploads\/sites\/4\/2018\/08\/analisis-de-alimentos-1.jpg\" \/>\n\t<meta property=\"og:image:width\" content=\"678\" \/>\n\t<meta property=\"og:image:height\" content=\"450\" \/>\n\t<meta property=\"og:image:type\" content=\"image\/jpeg\" \/>\n<meta name=\"twitter:card\" content=\"summary_large_image\" \/>\n<script type=\"application\/ld+json\" class=\"yoast-schema-graph\">{\"@context\":\"https:\/\/schema.org\",\"@graph\":[{\"@type\":\"WebPage\",\"@id\":\"https:\/\/www.hidrolab.org\/fr\/laboratoires-plasma-chromatographie\/analyses-d-aliments\/\",\"url\":\"https:\/\/www.hidrolab.org\/fr\/laboratoires-plasma-chromatographie\/analyses-d-aliments\/\",\"name\":\"Analyses d\u2019aliments - Fran\u00e7ais\",\"isPartOf\":{\"@id\":\"https:\/\/www.hidrolab.org\/fr\/#website\"},\"datePublished\":\"2018-08-03T10:35:11+00:00\",\"dateModified\":\"2019-09-30T17:43:09+00:00\",\"description\":\"Nos dedicamos a realizar an\u00e1lisis de alimentos, realizando un minucioso control de calidad con grandes profesionales y los \u00faltimos protocolos y t\u00e9cnicas\",\"breadcrumb\":{\"@id\":\"https:\/\/www.hidrolab.org\/fr\/laboratoires-plasma-chromatographie\/analyses-d-aliments\/#breadcrumb\"},\"inLanguage\":\"fr-FR\",\"potentialAction\":[{\"@type\":\"ReadAction\",\"target\":[\"https:\/\/www.hidrolab.org\/fr\/laboratoires-plasma-chromatographie\/analyses-d-aliments\/\"]}]},{\"@type\":\"BreadcrumbList\",\"@id\":\"https:\/\/www.hidrolab.org\/fr\/laboratoires-plasma-chromatographie\/analyses-d-aliments\/#breadcrumb\",\"itemListElement\":[{\"@type\":\"ListItem\",\"position\":1,\"name\":\"Portada\",\"item\":\"https:\/\/www.hidrolab.org\/fr\/\"},{\"@type\":\"ListItem\",\"position\":2,\"name\":\"Laboratoires\",\"item\":\"https:\/\/www.hidrolab.org\/fr\/laboratoires-plasma-chromatographie\/\"},{\"@type\":\"ListItem\",\"position\":3,\"name\":\"Analyses d\u2019aliments\"}]},{\"@type\":\"WebSite\",\"@id\":\"https:\/\/www.hidrolab.org\/fr\/#website\",\"url\":\"https:\/\/www.hidrolab.org\/fr\/\",\"name\":\"Fran\u00e7ais\",\"description\":\"An\u00e1lisis de aguas\",\"publisher\":{\"@id\":\"https:\/\/www.hidrolab.org\/fr\/#organization\"},\"potentialAction\":[{\"@type\":\"SearchAction\",\"target\":{\"@type\":\"EntryPoint\",\"urlTemplate\":\"https:\/\/www.hidrolab.org\/fr\/?s={search_term_string}\"},\"query-input\":\"required name=search_term_string\"}],\"inLanguage\":\"fr-FR\"},{\"@type\":\"Organization\",\"@id\":\"https:\/\/www.hidrolab.org\/fr\/#organization\",\"name\":\"Fran\u00e7ais\",\"url\":\"https:\/\/www.hidrolab.org\/fr\/\",\"sameAs\":[],\"logo\":{\"@type\":\"ImageObject\",\"inLanguage\":\"fr-FR\",\"@id\":\"https:\/\/www.hidrolab.org\/fr\/#\/schema\/logo\/image\/\",\"url\":\"https:\/\/www.hidrolab.org\/fr\/wp-content\/uploads\/sites\/4\/2018\/08\/Logo-Completo.png\",\"contentUrl\":\"https:\/\/www.hidrolab.org\/fr\/wp-content\/uploads\/sites\/4\/2018\/08\/Logo-Completo.png\",\"width\":1680,\"height\":440,\"caption\":\"Fran\u00e7ais\"},\"image\":{\"@id\":\"https:\/\/www.hidrolab.org\/fr\/#\/schema\/logo\/image\/\"}}]}<\/script>\n<!-- \/ Yoast SEO plugin. -->","yoast_head_json":{"title":"Analyses d\u2019aliments - Fran\u00e7ais","description":"Nos dedicamos a realizar an\u00e1lisis de alimentos, realizando un minucioso control de calidad con grandes profesionales y los \u00faltimos protocolos y t\u00e9cnicas","robots":{"index":"index","follow":"follow","max-snippet":"max-snippet:-1","max-image-preview":"max-image-preview:large","max-video-preview":"max-video-preview:-1"},"canonical":"https:\/\/www.hidrolab.org\/fr\/laboratoires-plasma-chromatographie\/analyses-d-aliments\/","og_locale":"fr_FR","og_type":"article","og_title":"Analyses d\u2019aliments - Fran\u00e7ais","og_description":"Nos dedicamos a realizar an\u00e1lisis de alimentos, realizando un minucioso control de calidad con grandes profesionales y los \u00faltimos protocolos y t\u00e9cnicas","og_url":"https:\/\/www.hidrolab.org\/fr\/laboratoires-plasma-chromatographie\/analyses-d-aliments\/","og_site_name":"Fran\u00e7ais","article_modified_time":"2019-09-30T17:43:09+00:00","og_image":[{"width":678,"height":450,"url":"https:\/\/www.hidrolab.org\/fr\/wp-content\/uploads\/sites\/4\/2018\/08\/analisis-de-alimentos-1.jpg","type":"image\/jpeg"}],"twitter_card":"summary_large_image","schema":{"@context":"https:\/\/schema.org","@graph":[{"@type":"WebPage","@id":"https:\/\/www.hidrolab.org\/fr\/laboratoires-plasma-chromatographie\/analyses-d-aliments\/","url":"https:\/\/www.hidrolab.org\/fr\/laboratoires-plasma-chromatographie\/analyses-d-aliments\/","name":"Analyses d\u2019aliments - Fran\u00e7ais","isPartOf":{"@id":"https:\/\/www.hidrolab.org\/fr\/#website"},"datePublished":"2018-08-03T10:35:11+00:00","dateModified":"2019-09-30T17:43:09+00:00","description":"Nos dedicamos a realizar an\u00e1lisis de alimentos, realizando un minucioso control de calidad con grandes profesionales y los \u00faltimos protocolos y t\u00e9cnicas","breadcrumb":{"@id":"https:\/\/www.hidrolab.org\/fr\/laboratoires-plasma-chromatographie\/analyses-d-aliments\/#breadcrumb"},"inLanguage":"fr-FR","potentialAction":[{"@type":"ReadAction","target":["https:\/\/www.hidrolab.org\/fr\/laboratoires-plasma-chromatographie\/analyses-d-aliments\/"]}]},{"@type":"BreadcrumbList","@id":"https:\/\/www.hidrolab.org\/fr\/laboratoires-plasma-chromatographie\/analyses-d-aliments\/#breadcrumb","itemListElement":[{"@type":"ListItem","position":1,"name":"Portada","item":"https:\/\/www.hidrolab.org\/fr\/"},{"@type":"ListItem","position":2,"name":"Laboratoires","item":"https:\/\/www.hidrolab.org\/fr\/laboratoires-plasma-chromatographie\/"},{"@type":"ListItem","position":3,"name":"Analyses d\u2019aliments"}]},{"@type":"WebSite","@id":"https:\/\/www.hidrolab.org\/fr\/#website","url":"https:\/\/www.hidrolab.org\/fr\/","name":"Fran\u00e7ais","description":"An\u00e1lisis de aguas","publisher":{"@id":"https:\/\/www.hidrolab.org\/fr\/#organization"},"potentialAction":[{"@type":"SearchAction","target":{"@type":"EntryPoint","urlTemplate":"https:\/\/www.hidrolab.org\/fr\/?s={search_term_string}"},"query-input":"required name=search_term_string"}],"inLanguage":"fr-FR"},{"@type":"Organization","@id":"https:\/\/www.hidrolab.org\/fr\/#organization","name":"Fran\u00e7ais","url":"https:\/\/www.hidrolab.org\/fr\/","sameAs":[],"logo":{"@type":"ImageObject","inLanguage":"fr-FR","@id":"https:\/\/www.hidrolab.org\/fr\/#\/schema\/logo\/image\/","url":"https:\/\/www.hidrolab.org\/fr\/wp-content\/uploads\/sites\/4\/2018\/08\/Logo-Completo.png","contentUrl":"https:\/\/www.hidrolab.org\/fr\/wp-content\/uploads\/sites\/4\/2018\/08\/Logo-Completo.png","width":1680,"height":440,"caption":"Fran\u00e7ais"},"image":{"@id":"https:\/\/www.hidrolab.org\/fr\/#\/schema\/logo\/image\/"}}]}},"_links":{"self":[{"href":"https:\/\/www.hidrolab.org\/fr\/wp-json\/wp\/v2\/pages\/1546"}],"collection":[{"href":"https:\/\/www.hidrolab.org\/fr\/wp-json\/wp\/v2\/pages"}],"about":[{"href":"https:\/\/www.hidrolab.org\/fr\/wp-json\/wp\/v2\/types\/page"}],"author":[{"embeddable":true,"href":"https:\/\/www.hidrolab.org\/fr\/wp-json\/wp\/v2\/users\/1"}],"replies":[{"embeddable":true,"href":"https:\/\/www.hidrolab.org\/fr\/wp-json\/wp\/v2\/comments?post=1546"}],"version-history":[{"count":3,"href":"https:\/\/www.hidrolab.org\/fr\/wp-json\/wp\/v2\/pages\/1546\/revisions"}],"predecessor-version":[{"id":2034,"href":"https:\/\/www.hidrolab.org\/fr\/wp-json\/wp\/v2\/pages\/1546\/revisions\/2034"}],"up":[{"embeddable":true,"href":"https:\/\/www.hidrolab.org\/fr\/wp-json\/wp\/v2\/pages\/1536"}],"wp:featuredmedia":[{"embeddable":true,"href":"https:\/\/www.hidrolab.org\/fr\/wp-json\/wp\/v2\/media\/1695"}],"wp:attachment":[{"href":"https:\/\/www.hidrolab.org\/fr\/wp-json\/wp\/v2\/media?parent=1546"}],"curies":[{"name":"wp","href":"https:\/\/api.w.org\/{rel}","templated":true}]}}