{"id":1544,"date":"2018-08-03T10:34:22","date_gmt":"2018-08-03T10:34:22","guid":{"rendered":"https:\/\/www.hidrolab.org\/?page_id=1544"},"modified":"2022-09-05T12:09:35","modified_gmt":"2022-09-05T10:09:35","slug":"essais-de-traitabilite","status":"publish","type":"page","link":"https:\/\/www.hidrolab.org\/fr\/laboratoires-plasma-chromatographie\/essais-de-traitabilite\/","title":{"rendered":"Essais de traitabilit\u00e9"},"content":{"rendered":"\n<h2>Tests de traitabilit\u00e9<\/h2>\n\n\n\n<p>Comme compl\u00e9ment aux d\u00e9terminations analytiques \u00e0&nbsp;<strong>Hidrolab<\/strong>, nous offrons la possibilit\u00e9 de r\u00e9aliser essais de laboratoire pour le traitement ou la purification des eaux tant us\u00e9es qui d\u2019approvisionnement, ainsi qu\u2019autres types de r\u00e9habilitation environnemental.<\/p>\n\n\n\n<p>Les r\u00e9sultats obtenus en laboratoire sont utilis\u00e9s pour s\u00e9lectionner le proc\u00e9d\u00e9s de traitement qu\u00b4il en r\u00e9sulte avec la meilleure relation rendement et co\u00fbts. De cette fa\u00e7on, vous pouvez trouver des solutions r\u00e9elles avec des r\u00e9sultats garantis \u00e1 nombreux cas industriels, en g\u00e9n\u00e9rant rapports avec les rendements obtenus et la d\u00e9pense de moyens employ\u00e9.<\/p>\n\n\n\n<p>Vous pouvez nous exposer votre consultation via notre&nbsp;<strong>formulaire de contact<\/strong>. Vous remplissez vos donn\u00e9es et concr\u00e9tisez vos besoins ou int\u00e9r\u00eats, et nous vous r\u00e9pondons pour vous informer plus en d\u00e9tail.<br><\/p>\n\n\n\n<h2>\u00c9puration des eaux<\/h2>\n\n\n\n<p>Essais de traitabilit\u00e9 sont r\u00e9alis\u00e9s habituellement sur \u00e9chantillons de d\u00e9chets des eaux us\u00e9es. Ces peuvent \u00eatre :<br><\/p>\n\n\n\n<ul><li>Essais de d\u00e9cantation.<\/li><li>Essais physicochimiques (comparaison de diff\u00e9rents coagulants et floculants&#8230;).<\/li><li>Essais biologiques d\u2019a\u00e9ration avec boues actives.<\/li><\/ul>\n\n\n\n<p>Nous r\u00e9alisons aussi essais de flottaison et autres comme nitrification-d\u00e9nitrification et pour l\u00b4\u00e9limination du phosphore.<br><\/p>\n\n\n\n<h2>Boues<\/h2>\n\n\n\n<p>\u00c9paississement et compactage pour la r\u00e9duction de volume, d\u00e9shydratation, s\u00e9chage thermique, inertage, aspiration et \u00e9limination d\u2019odeurs.<\/p>\n\n\n\n<p><strong>Eaux destin\u00e9es \u00e0 la consommation<\/strong><\/p>\n\n\n\n<p>Nous testons m\u00e9thodes d\u2019am\u00e9lioration de la qualit\u00e9 des eaux d\u2019approvisionnement comme&nbsp;<strong>d\u00e9cantation, filtration, amollissement et \u00e9changeur d\u2019ions, d\u00e9sinfection, st\u00e9rilisation<\/strong>&nbsp;et autres.<\/p>\n\n\n\n<h2>\u00c9puration d\u2019\u00e9missions atmosph\u00e9riques<\/h2>\n\n\n\n<p>Preuves pour l\u2019\u00e9limination de polluants atmosph\u00e9riques \u00e0 conditions tr\u00e8s approximatives au cas r\u00e9el.\n\n<\/p>\n","protected":false},"excerpt":{"rendered":"<p>Tests de traitabilit\u00e9 Comme compl\u00e9ment aux d\u00e9terminations analytiques \u00e0&nbsp;Hidrolab, nous offrons la possibilit\u00e9 de r\u00e9aliser essais de laboratoire pour le traitement ou la purification des eaux tant us\u00e9es qui d\u2019approvisionnement, ainsi qu\u2019autres types de r\u00e9habilitation environnemental. Les r\u00e9sultats obtenus en laboratoire sont utilis\u00e9s pour s\u00e9lectionner le proc\u00e9d\u00e9s de traitement qu\u00b4il en r\u00e9sulte avec la meilleure [&hellip;]<\/p>\n","protected":false},"author":1,"featured_media":2148,"parent":1536,"menu_order":0,"comment_status":"closed","ping_status":"closed","template":"","meta":{"_monsterinsights_skip_tracking":false,"_monsterinsights_sitenote_active":false,"_monsterinsights_sitenote_note":"","_monsterinsights_sitenote_category":0,"_genesis_hide_title":false,"_genesis_hide_breadcrumbs":false,"_genesis_hide_singular_image":false,"_genesis_hide_footer_widgets":false,"_genesis_custom_body_class":"","_genesis_custom_post_class":"","_genesis_layout":""},"yoast_head":"<!-- This site is optimized with the Yoast SEO plugin v19.6.1 - https:\/\/yoast.com\/wordpress\/plugins\/seo\/ -->\n<title>Essais de traitabilit\u00e9 - Fran\u00e7ais<\/title>\n<meta name=\"description\" content=\"Realizamos muestreos y ensayos de tratabilidad: depuraci\u00f3n de agua, lodos, aguas de consumo y depuraci\u00f3n de emisiones atmosf\u00e9ricas.\" \/>\n<meta name=\"robots\" content=\"index, follow, max-snippet:-1, max-image-preview:large, max-video-preview:-1\" \/>\n<link rel=\"canonical\" href=\"https:\/\/www.hidrolab.org\/fr\/laboratoires-plasma-chromatographie\/essais-de-traitabilite\/\" \/>\n<meta property=\"og:locale\" content=\"fr_FR\" \/>\n<meta property=\"og:type\" content=\"article\" \/>\n<meta property=\"og:title\" content=\"Essais de traitabilit\u00e9 - Fran\u00e7ais\" \/>\n<meta property=\"og:description\" content=\"Realizamos muestreos y ensayos de tratabilidad: depuraci\u00f3n de agua, lodos, aguas de consumo y depuraci\u00f3n de emisiones atmosf\u00e9ricas.\" \/>\n<meta property=\"og:url\" content=\"https:\/\/www.hidrolab.org\/fr\/laboratoires-plasma-chromatographie\/essais-de-traitabilite\/\" \/>\n<meta property=\"og:site_name\" content=\"Fran\u00e7ais\" \/>\n<meta property=\"article:modified_time\" content=\"2022-09-05T10:09:35+00:00\" \/>\n<meta property=\"og:image\" content=\"https:\/\/www.hidrolab.org\/fr\/wp-content\/uploads\/sites\/4\/2022\/09\/Ensayos-Trazabilidad-Fango-floculado-antes-de-filtrar.jpg\" \/>\n\t<meta property=\"og:image:width\" content=\"306\" \/>\n\t<meta property=\"og:image:height\" content=\"408\" \/>\n\t<meta property=\"og:image:type\" content=\"image\/jpeg\" \/>\n<meta name=\"twitter:card\" content=\"summary_large_image\" \/>\n<script type=\"application\/ld+json\" class=\"yoast-schema-graph\">{\"@context\":\"https:\/\/schema.org\",\"@graph\":[{\"@type\":\"WebPage\",\"@id\":\"https:\/\/www.hidrolab.org\/fr\/laboratoires-plasma-chromatographie\/essais-de-traitabilite\/\",\"url\":\"https:\/\/www.hidrolab.org\/fr\/laboratoires-plasma-chromatographie\/essais-de-traitabilite\/\",\"name\":\"Essais de traitabilit\u00e9 - Fran\u00e7ais\",\"isPartOf\":{\"@id\":\"https:\/\/www.hidrolab.org\/fr\/#website\"},\"datePublished\":\"2018-08-03T10:34:22+00:00\",\"dateModified\":\"2022-09-05T10:09:35+00:00\",\"description\":\"Realizamos muestreos y ensayos de tratabilidad: depuraci\u00f3n de agua, lodos, aguas de consumo y depuraci\u00f3n de emisiones atmosf\u00e9ricas.\",\"breadcrumb\":{\"@id\":\"https:\/\/www.hidrolab.org\/fr\/laboratoires-plasma-chromatographie\/essais-de-traitabilite\/#breadcrumb\"},\"inLanguage\":\"fr-FR\",\"potentialAction\":[{\"@type\":\"ReadAction\",\"target\":[\"https:\/\/www.hidrolab.org\/fr\/laboratoires-plasma-chromatographie\/essais-de-traitabilite\/\"]}]},{\"@type\":\"BreadcrumbList\",\"@id\":\"https:\/\/www.hidrolab.org\/fr\/laboratoires-plasma-chromatographie\/essais-de-traitabilite\/#breadcrumb\",\"itemListElement\":[{\"@type\":\"ListItem\",\"position\":1,\"name\":\"Portada\",\"item\":\"https:\/\/www.hidrolab.org\/fr\/\"},{\"@type\":\"ListItem\",\"position\":2,\"name\":\"Laboratoires\",\"item\":\"https:\/\/www.hidrolab.org\/fr\/laboratoires-plasma-chromatographie\/\"},{\"@type\":\"ListItem\",\"position\":3,\"name\":\"Essais de traitabilit\u00e9\"}]},{\"@type\":\"WebSite\",\"@id\":\"https:\/\/www.hidrolab.org\/fr\/#website\",\"url\":\"https:\/\/www.hidrolab.org\/fr\/\",\"name\":\"Fran\u00e7ais\",\"description\":\"An\u00e1lisis de aguas\",\"publisher\":{\"@id\":\"https:\/\/www.hidrolab.org\/fr\/#organization\"},\"potentialAction\":[{\"@type\":\"SearchAction\",\"target\":{\"@type\":\"EntryPoint\",\"urlTemplate\":\"https:\/\/www.hidrolab.org\/fr\/?s={search_term_string}\"},\"query-input\":\"required name=search_term_string\"}],\"inLanguage\":\"fr-FR\"},{\"@type\":\"Organization\",\"@id\":\"https:\/\/www.hidrolab.org\/fr\/#organization\",\"name\":\"Fran\u00e7ais\",\"url\":\"https:\/\/www.hidrolab.org\/fr\/\",\"sameAs\":[],\"logo\":{\"@type\":\"ImageObject\",\"inLanguage\":\"fr-FR\",\"@id\":\"https:\/\/www.hidrolab.org\/fr\/#\/schema\/logo\/image\/\",\"url\":\"https:\/\/www.hidrolab.org\/fr\/wp-content\/uploads\/sites\/4\/2018\/08\/Logo-Completo.png\",\"contentUrl\":\"https:\/\/www.hidrolab.org\/fr\/wp-content\/uploads\/sites\/4\/2018\/08\/Logo-Completo.png\",\"width\":1680,\"height\":440,\"caption\":\"Fran\u00e7ais\"},\"image\":{\"@id\":\"https:\/\/www.hidrolab.org\/fr\/#\/schema\/logo\/image\/\"}}]}<\/script>\n<!-- \/ Yoast SEO plugin. -->","yoast_head_json":{"title":"Essais de traitabilit\u00e9 - Fran\u00e7ais","description":"Realizamos muestreos y ensayos de tratabilidad: depuraci\u00f3n de agua, lodos, aguas de consumo y depuraci\u00f3n de emisiones atmosf\u00e9ricas.","robots":{"index":"index","follow":"follow","max-snippet":"max-snippet:-1","max-image-preview":"max-image-preview:large","max-video-preview":"max-video-preview:-1"},"canonical":"https:\/\/www.hidrolab.org\/fr\/laboratoires-plasma-chromatographie\/essais-de-traitabilite\/","og_locale":"fr_FR","og_type":"article","og_title":"Essais de traitabilit\u00e9 - Fran\u00e7ais","og_description":"Realizamos muestreos y ensayos de tratabilidad: depuraci\u00f3n de agua, lodos, aguas de consumo y depuraci\u00f3n de emisiones atmosf\u00e9ricas.","og_url":"https:\/\/www.hidrolab.org\/fr\/laboratoires-plasma-chromatographie\/essais-de-traitabilite\/","og_site_name":"Fran\u00e7ais","article_modified_time":"2022-09-05T10:09:35+00:00","og_image":[{"width":306,"height":408,"url":"https:\/\/www.hidrolab.org\/fr\/wp-content\/uploads\/sites\/4\/2022\/09\/Ensayos-Trazabilidad-Fango-floculado-antes-de-filtrar.jpg","type":"image\/jpeg"}],"twitter_card":"summary_large_image","schema":{"@context":"https:\/\/schema.org","@graph":[{"@type":"WebPage","@id":"https:\/\/www.hidrolab.org\/fr\/laboratoires-plasma-chromatographie\/essais-de-traitabilite\/","url":"https:\/\/www.hidrolab.org\/fr\/laboratoires-plasma-chromatographie\/essais-de-traitabilite\/","name":"Essais de traitabilit\u00e9 - Fran\u00e7ais","isPartOf":{"@id":"https:\/\/www.hidrolab.org\/fr\/#website"},"datePublished":"2018-08-03T10:34:22+00:00","dateModified":"2022-09-05T10:09:35+00:00","description":"Realizamos muestreos y ensayos de tratabilidad: depuraci\u00f3n de agua, lodos, aguas de consumo y depuraci\u00f3n de emisiones atmosf\u00e9ricas.","breadcrumb":{"@id":"https:\/\/www.hidrolab.org\/fr\/laboratoires-plasma-chromatographie\/essais-de-traitabilite\/#breadcrumb"},"inLanguage":"fr-FR","potentialAction":[{"@type":"ReadAction","target":["https:\/\/www.hidrolab.org\/fr\/laboratoires-plasma-chromatographie\/essais-de-traitabilite\/"]}]},{"@type":"BreadcrumbList","@id":"https:\/\/www.hidrolab.org\/fr\/laboratoires-plasma-chromatographie\/essais-de-traitabilite\/#breadcrumb","itemListElement":[{"@type":"ListItem","position":1,"name":"Portada","item":"https:\/\/www.hidrolab.org\/fr\/"},{"@type":"ListItem","position":2,"name":"Laboratoires","item":"https:\/\/www.hidrolab.org\/fr\/laboratoires-plasma-chromatographie\/"},{"@type":"ListItem","position":3,"name":"Essais de traitabilit\u00e9"}]},{"@type":"WebSite","@id":"https:\/\/www.hidrolab.org\/fr\/#website","url":"https:\/\/www.hidrolab.org\/fr\/","name":"Fran\u00e7ais","description":"An\u00e1lisis de aguas","publisher":{"@id":"https:\/\/www.hidrolab.org\/fr\/#organization"},"potentialAction":[{"@type":"SearchAction","target":{"@type":"EntryPoint","urlTemplate":"https:\/\/www.hidrolab.org\/fr\/?s={search_term_string}"},"query-input":"required name=search_term_string"}],"inLanguage":"fr-FR"},{"@type":"Organization","@id":"https:\/\/www.hidrolab.org\/fr\/#organization","name":"Fran\u00e7ais","url":"https:\/\/www.hidrolab.org\/fr\/","sameAs":[],"logo":{"@type":"ImageObject","inLanguage":"fr-FR","@id":"https:\/\/www.hidrolab.org\/fr\/#\/schema\/logo\/image\/","url":"https:\/\/www.hidrolab.org\/fr\/wp-content\/uploads\/sites\/4\/2018\/08\/Logo-Completo.png","contentUrl":"https:\/\/www.hidrolab.org\/fr\/wp-content\/uploads\/sites\/4\/2018\/08\/Logo-Completo.png","width":1680,"height":440,"caption":"Fran\u00e7ais"},"image":{"@id":"https:\/\/www.hidrolab.org\/fr\/#\/schema\/logo\/image\/"}}]}},"_links":{"self":[{"href":"https:\/\/www.hidrolab.org\/fr\/wp-json\/wp\/v2\/pages\/1544"}],"collection":[{"href":"https:\/\/www.hidrolab.org\/fr\/wp-json\/wp\/v2\/pages"}],"about":[{"href":"https:\/\/www.hidrolab.org\/fr\/wp-json\/wp\/v2\/types\/page"}],"author":[{"embeddable":true,"href":"https:\/\/www.hidrolab.org\/fr\/wp-json\/wp\/v2\/users\/1"}],"replies":[{"embeddable":true,"href":"https:\/\/www.hidrolab.org\/fr\/wp-json\/wp\/v2\/comments?post=1544"}],"version-history":[{"count":7,"href":"https:\/\/www.hidrolab.org\/fr\/wp-json\/wp\/v2\/pages\/1544\/revisions"}],"predecessor-version":[{"id":2150,"href":"https:\/\/www.hidrolab.org\/fr\/wp-json\/wp\/v2\/pages\/1544\/revisions\/2150"}],"up":[{"embeddable":true,"href":"https:\/\/www.hidrolab.org\/fr\/wp-json\/wp\/v2\/pages\/1536"}],"wp:featuredmedia":[{"embeddable":true,"href":"https:\/\/www.hidrolab.org\/fr\/wp-json\/wp\/v2\/media\/2148"}],"wp:attachment":[{"href":"https:\/\/www.hidrolab.org\/fr\/wp-json\/wp\/v2\/media?parent=1544"}],"curies":[{"name":"wp","href":"https:\/\/api.w.org\/{rel}","templated":true}]}}