{"id":1538,"date":"2018-08-03T10:03:20","date_gmt":"2018-08-03T10:03:20","guid":{"rendered":"https:\/\/www.hidrolab.org\/?page_id=1538"},"modified":"2019-09-30T19:29:27","modified_gmt":"2019-09-30T17:29:27","slug":"analyses-des-eaux","status":"publish","type":"page","link":"https:\/\/www.hidrolab.org\/fr\/laboratoires-plasma-chromatographie\/analyses-des-eaux\/","title":{"rendered":"Analyses des eaux"},"content":{"rendered":"\n<h2><strong>Service d\u2019analyses des eaux<\/strong><br><\/h2>\n\n\n\n<p>\u00c0&nbsp;<strong>Hidrolab<\/strong>&nbsp;nous faisons des \u00e9tudes sur la qualit\u00e9 physicochimique et microbiologique li\u00e9s aux diverses situations et applications: propri\u00e9t\u00e9s g\u00e9n\u00e9rales et \u00e9tude de micropolluants, potabilit\u00e9, toxicit\u00e9, etc.<\/p>\n\n\n\n<p>\u00c0\u00a0<strong>Hidrolab<\/strong>\u00a0nous avons aussi une grande exp\u00e9rience et les meilleurs moyens et des diff\u00e9rentes m\u00e9thodes normalis\u00e9es d\u2019<strong>\u00e9chantillonnage, de registre de d\u00e9bits<\/strong>\u00a0et d\u2019autres donn\u00e9es mesurables in situ gr\u00e2ce \u00e0 capteurs et int\u00e9grateurs de donn\u00e9es, autant manuelles qu\u2019automatiques (\u00e9chantillonneur automatique, int\u00e9grateurs de donn\u00e9es, etc.) :\u00a0<strong>registre de temp\u00e9ratures, \u00e9chantillonnage, pH, conductivit\u00e9, turbidit\u00e9<\/strong>, etc.<br>Vous pouvez nous exposer la votre consultation par le\u00a0<strong>formulaire de contact<\/strong>. Vous remplissez vos donn\u00e9es et concr\u00e9tisez vos besoins ou int\u00e9r\u00eats, et nous vous r\u00e9pondrons pour vous informer plus en d\u00e9tail.<\/p>\n\n\n\n<h2><strong>Potabilit\u00e9 de l\u2019eau.<\/strong><\/h2>\n\n\n\n<ul><li>Eaux de puits, sources et r\u00e9seaux d\u00b4eau.<\/li><li>Eaux destin\u00e9es \u00e0 la consommation humaine.<\/li><li>Eaux d\u00b4use industrielle.<\/li><li>Analyses pour le contr\u00f4le et l\u2019am\u00e9lioration de la qualit\u00e9, etc.<\/li><\/ul>\n\n\n\n<h2><strong>Qualit\u00e9 des eaux de bain<\/strong><\/h2>\n\n\n\n<ul><li>Piscines, toilettes, stations thermales, eaux naturelles, fleuves, barrages et zones humides.<\/li><li>Contr\u00f4le de la d\u00e9sinfection.<\/li><li>Eaux min\u00e9rales et m\u00e9dicinales : propri\u00e9t\u00e9s selon leur composition.<\/li><li>A\u00e9rosols et proc\u00e9d\u00e9s \u00e9vaporateur : L\u00e9gionella sp.<\/li><\/ul>\n\n\n\n<h2><strong>Eaux de proc\u00e9d\u00e9s et eaux industrielles<\/strong><\/h2>\n\n\n\n<ul><li>Efficacit\u00e9 de d\u00e9cantation.<\/li><li>Purification pour laboratoires ou pour la fabrication.<\/li><li>Chaudi\u00e8res, climatisation.<\/li><li>Eaux de refroidissement industrielle.<\/li><li>Secteur alimentaire.<\/li><li>Blanchisseries industrielles.<\/li><li>Service de nettoyage industriel.<\/li><li>Propri\u00e9t\u00e9s corrosives ou incrustantes: LSI, Index de saturation de Langelier, Ryznar, Pikorius\u2026<\/li><\/ul>\n\n\n\n<p><strong>Aptitudes pour leur usage ; attaque potentiel du b\u00e9ton selon leurs propri\u00e9t\u00e9s.<\/strong><\/p>\n\n\n\n<h2><strong>Eaux us\u00e9es<\/strong><\/h2>\n\n\n\n<ul><li>Qualit\u00e9 des rejets.<\/li><li>\u00c9tudes de traitabilit\u00e9 au laboratoire et s\u00e9lection de processus de traitement pour autorisations du rejet.<\/li><li>Contr\u00f4le de stations d\u2019\u00e9puration.<\/li><li>\u00c9tudes de la d\u00e9cantation des solides \u00e0 suspension.<\/li><li>Possibilit\u00e9s de r\u00e9utilisation.<\/li><li>Recyclage des eaux trait\u00e9es.<\/li><li>\u00c9cotoxicit\u00e9.<br><\/li><\/ul>\n\n\n\n<h2><strong>Eaux d\u2019irrigation<\/strong><\/h2>\n\n\n\n<ul><li>Classement selon leur composition.<\/li><li>R\u00e9utilisation des eaux trait\u00e9es.<\/li><li>Fertirrigation.<\/li><li>Pr\u00e9vention de germes pathog\u00e8nes.<\/li><li>Pr\u00e9vention de la salinisation.<\/li><\/ul>\n\n\n\n<h2><strong>Eaux int\u00e9rieures ou marines. \u00c9tablissements piscicoles<\/strong><\/h2>\n\n\n\n<ul><li>Contr\u00f4le de l\u2019oxyg\u00e8ne dissous et d\u00b4autres conditions. Indices biotiques.<\/li><\/ul>\n","protected":false},"excerpt":{"rendered":"<p>Service d\u2019analyses des eaux \u00c0&nbsp;Hidrolab&nbsp;nous faisons des \u00e9tudes sur la qualit\u00e9 physicochimique et microbiologique li\u00e9s aux diverses situations et applications: propri\u00e9t\u00e9s g\u00e9n\u00e9rales et \u00e9tude de micropolluants, potabilit\u00e9, toxicit\u00e9, etc. \u00c0\u00a0Hidrolab\u00a0nous avons aussi une grande exp\u00e9rience et les meilleurs moyens et des diff\u00e9rentes m\u00e9thodes normalis\u00e9es d\u2019\u00e9chantillonnage, de registre de d\u00e9bits\u00a0et d\u2019autres donn\u00e9es mesurables in situ gr\u00e2ce [&hellip;]<\/p>\n","protected":false},"author":1,"featured_media":1675,"parent":1536,"menu_order":0,"comment_status":"closed","ping_status":"closed","template":"","meta":{"_monsterinsights_skip_tracking":false,"_monsterinsights_sitenote_active":false,"_monsterinsights_sitenote_note":"","_monsterinsights_sitenote_category":0,"_genesis_hide_title":false,"_genesis_hide_breadcrumbs":false,"_genesis_hide_singular_image":false,"_genesis_hide_footer_widgets":false,"_genesis_custom_body_class":"","_genesis_custom_post_class":"","_genesis_layout":""},"yoast_head":"<!-- This site is optimized with the Yoast SEO plugin v19.6.1 - https:\/\/yoast.com\/wordpress\/plugins\/seo\/ -->\n<title>Analyses des eaux - Fran\u00e7ais<\/title>\n<meta name=\"description\" content=\"Somos profesionales acreditados en en an\u00e1lisis de aguas. Llevamos a cabo diversos estudios y aplicaciones para el cuidado medioambiental.\" \/>\n<meta name=\"robots\" content=\"index, follow, max-snippet:-1, max-image-preview:large, max-video-preview:-1\" \/>\n<link rel=\"canonical\" href=\"https:\/\/www.hidrolab.org\/fr\/laboratoires-plasma-chromatographie\/analyses-des-eaux\/\" \/>\n<meta property=\"og:locale\" content=\"fr_FR\" \/>\n<meta property=\"og:type\" content=\"article\" \/>\n<meta property=\"og:title\" content=\"Analyses des eaux - Fran\u00e7ais\" \/>\n<meta property=\"og:description\" content=\"Somos profesionales acreditados en en an\u00e1lisis de aguas. Llevamos a cabo diversos estudios y aplicaciones para el cuidado medioambiental.\" \/>\n<meta property=\"og:url\" content=\"https:\/\/www.hidrolab.org\/fr\/laboratoires-plasma-chromatographie\/analyses-des-eaux\/\" \/>\n<meta property=\"og:site_name\" content=\"Fran\u00e7ais\" \/>\n<meta property=\"article:modified_time\" content=\"2019-09-30T17:29:27+00:00\" \/>\n<meta property=\"og:image\" content=\"https:\/\/www.hidrolab.org\/fr\/wp-content\/uploads\/sites\/4\/2018\/08\/analisis-de-aguas.jpg\" \/>\n\t<meta property=\"og:image:width\" content=\"675\" \/>\n\t<meta property=\"og:image:height\" content=\"450\" \/>\n\t<meta property=\"og:image:type\" content=\"image\/jpeg\" \/>\n<meta name=\"twitter:card\" content=\"summary_large_image\" \/>\n<script type=\"application\/ld+json\" class=\"yoast-schema-graph\">{\"@context\":\"https:\/\/schema.org\",\"@graph\":[{\"@type\":\"WebPage\",\"@id\":\"https:\/\/www.hidrolab.org\/fr\/laboratoires-plasma-chromatographie\/analyses-des-eaux\/\",\"url\":\"https:\/\/www.hidrolab.org\/fr\/laboratoires-plasma-chromatographie\/analyses-des-eaux\/\",\"name\":\"Analyses des eaux - Fran\u00e7ais\",\"isPartOf\":{\"@id\":\"https:\/\/www.hidrolab.org\/fr\/#website\"},\"datePublished\":\"2018-08-03T10:03:20+00:00\",\"dateModified\":\"2019-09-30T17:29:27+00:00\",\"description\":\"Somos profesionales acreditados en en an\u00e1lisis de aguas. Llevamos a cabo diversos estudios y aplicaciones para el cuidado medioambiental.\",\"breadcrumb\":{\"@id\":\"https:\/\/www.hidrolab.org\/fr\/laboratoires-plasma-chromatographie\/analyses-des-eaux\/#breadcrumb\"},\"inLanguage\":\"fr-FR\",\"potentialAction\":[{\"@type\":\"ReadAction\",\"target\":[\"https:\/\/www.hidrolab.org\/fr\/laboratoires-plasma-chromatographie\/analyses-des-eaux\/\"]}]},{\"@type\":\"BreadcrumbList\",\"@id\":\"https:\/\/www.hidrolab.org\/fr\/laboratoires-plasma-chromatographie\/analyses-des-eaux\/#breadcrumb\",\"itemListElement\":[{\"@type\":\"ListItem\",\"position\":1,\"name\":\"Portada\",\"item\":\"https:\/\/www.hidrolab.org\/fr\/\"},{\"@type\":\"ListItem\",\"position\":2,\"name\":\"Laboratoires\",\"item\":\"https:\/\/www.hidrolab.org\/fr\/laboratoires-plasma-chromatographie\/\"},{\"@type\":\"ListItem\",\"position\":3,\"name\":\"Analyses des eaux\"}]},{\"@type\":\"WebSite\",\"@id\":\"https:\/\/www.hidrolab.org\/fr\/#website\",\"url\":\"https:\/\/www.hidrolab.org\/fr\/\",\"name\":\"Fran\u00e7ais\",\"description\":\"An\u00e1lisis de aguas\",\"publisher\":{\"@id\":\"https:\/\/www.hidrolab.org\/fr\/#organization\"},\"potentialAction\":[{\"@type\":\"SearchAction\",\"target\":{\"@type\":\"EntryPoint\",\"urlTemplate\":\"https:\/\/www.hidrolab.org\/fr\/?s={search_term_string}\"},\"query-input\":\"required name=search_term_string\"}],\"inLanguage\":\"fr-FR\"},{\"@type\":\"Organization\",\"@id\":\"https:\/\/www.hidrolab.org\/fr\/#organization\",\"name\":\"Fran\u00e7ais\",\"url\":\"https:\/\/www.hidrolab.org\/fr\/\",\"sameAs\":[],\"logo\":{\"@type\":\"ImageObject\",\"inLanguage\":\"fr-FR\",\"@id\":\"https:\/\/www.hidrolab.org\/fr\/#\/schema\/logo\/image\/\",\"url\":\"https:\/\/www.hidrolab.org\/fr\/wp-content\/uploads\/sites\/4\/2018\/08\/Logo-Completo.png\",\"contentUrl\":\"https:\/\/www.hidrolab.org\/fr\/wp-content\/uploads\/sites\/4\/2018\/08\/Logo-Completo.png\",\"width\":1680,\"height\":440,\"caption\":\"Fran\u00e7ais\"},\"image\":{\"@id\":\"https:\/\/www.hidrolab.org\/fr\/#\/schema\/logo\/image\/\"}}]}<\/script>\n<!-- \/ Yoast SEO plugin. -->","yoast_head_json":{"title":"Analyses des eaux - Fran\u00e7ais","description":"Somos profesionales acreditados en en an\u00e1lisis de aguas. Llevamos a cabo diversos estudios y aplicaciones para el cuidado medioambiental.","robots":{"index":"index","follow":"follow","max-snippet":"max-snippet:-1","max-image-preview":"max-image-preview:large","max-video-preview":"max-video-preview:-1"},"canonical":"https:\/\/www.hidrolab.org\/fr\/laboratoires-plasma-chromatographie\/analyses-des-eaux\/","og_locale":"fr_FR","og_type":"article","og_title":"Analyses des eaux - Fran\u00e7ais","og_description":"Somos profesionales acreditados en en an\u00e1lisis de aguas. Llevamos a cabo diversos estudios y aplicaciones para el cuidado medioambiental.","og_url":"https:\/\/www.hidrolab.org\/fr\/laboratoires-plasma-chromatographie\/analyses-des-eaux\/","og_site_name":"Fran\u00e7ais","article_modified_time":"2019-09-30T17:29:27+00:00","og_image":[{"width":675,"height":450,"url":"https:\/\/www.hidrolab.org\/fr\/wp-content\/uploads\/sites\/4\/2018\/08\/analisis-de-aguas.jpg","type":"image\/jpeg"}],"twitter_card":"summary_large_image","schema":{"@context":"https:\/\/schema.org","@graph":[{"@type":"WebPage","@id":"https:\/\/www.hidrolab.org\/fr\/laboratoires-plasma-chromatographie\/analyses-des-eaux\/","url":"https:\/\/www.hidrolab.org\/fr\/laboratoires-plasma-chromatographie\/analyses-des-eaux\/","name":"Analyses des eaux - Fran\u00e7ais","isPartOf":{"@id":"https:\/\/www.hidrolab.org\/fr\/#website"},"datePublished":"2018-08-03T10:03:20+00:00","dateModified":"2019-09-30T17:29:27+00:00","description":"Somos profesionales acreditados en en an\u00e1lisis de aguas. Llevamos a cabo diversos estudios y aplicaciones para el cuidado medioambiental.","breadcrumb":{"@id":"https:\/\/www.hidrolab.org\/fr\/laboratoires-plasma-chromatographie\/analyses-des-eaux\/#breadcrumb"},"inLanguage":"fr-FR","potentialAction":[{"@type":"ReadAction","target":["https:\/\/www.hidrolab.org\/fr\/laboratoires-plasma-chromatographie\/analyses-des-eaux\/"]}]},{"@type":"BreadcrumbList","@id":"https:\/\/www.hidrolab.org\/fr\/laboratoires-plasma-chromatographie\/analyses-des-eaux\/#breadcrumb","itemListElement":[{"@type":"ListItem","position":1,"name":"Portada","item":"https:\/\/www.hidrolab.org\/fr\/"},{"@type":"ListItem","position":2,"name":"Laboratoires","item":"https:\/\/www.hidrolab.org\/fr\/laboratoires-plasma-chromatographie\/"},{"@type":"ListItem","position":3,"name":"Analyses des eaux"}]},{"@type":"WebSite","@id":"https:\/\/www.hidrolab.org\/fr\/#website","url":"https:\/\/www.hidrolab.org\/fr\/","name":"Fran\u00e7ais","description":"An\u00e1lisis de aguas","publisher":{"@id":"https:\/\/www.hidrolab.org\/fr\/#organization"},"potentialAction":[{"@type":"SearchAction","target":{"@type":"EntryPoint","urlTemplate":"https:\/\/www.hidrolab.org\/fr\/?s={search_term_string}"},"query-input":"required name=search_term_string"}],"inLanguage":"fr-FR"},{"@type":"Organization","@id":"https:\/\/www.hidrolab.org\/fr\/#organization","name":"Fran\u00e7ais","url":"https:\/\/www.hidrolab.org\/fr\/","sameAs":[],"logo":{"@type":"ImageObject","inLanguage":"fr-FR","@id":"https:\/\/www.hidrolab.org\/fr\/#\/schema\/logo\/image\/","url":"https:\/\/www.hidrolab.org\/fr\/wp-content\/uploads\/sites\/4\/2018\/08\/Logo-Completo.png","contentUrl":"https:\/\/www.hidrolab.org\/fr\/wp-content\/uploads\/sites\/4\/2018\/08\/Logo-Completo.png","width":1680,"height":440,"caption":"Fran\u00e7ais"},"image":{"@id":"https:\/\/www.hidrolab.org\/fr\/#\/schema\/logo\/image\/"}}]}},"_links":{"self":[{"href":"https:\/\/www.hidrolab.org\/fr\/wp-json\/wp\/v2\/pages\/1538"}],"collection":[{"href":"https:\/\/www.hidrolab.org\/fr\/wp-json\/wp\/v2\/pages"}],"about":[{"href":"https:\/\/www.hidrolab.org\/fr\/wp-json\/wp\/v2\/types\/page"}],"author":[{"embeddable":true,"href":"https:\/\/www.hidrolab.org\/fr\/wp-json\/wp\/v2\/users\/1"}],"replies":[{"embeddable":true,"href":"https:\/\/www.hidrolab.org\/fr\/wp-json\/wp\/v2\/comments?post=1538"}],"version-history":[{"count":5,"href":"https:\/\/www.hidrolab.org\/fr\/wp-json\/wp\/v2\/pages\/1538\/revisions"}],"predecessor-version":[{"id":2027,"href":"https:\/\/www.hidrolab.org\/fr\/wp-json\/wp\/v2\/pages\/1538\/revisions\/2027"}],"up":[{"embeddable":true,"href":"https:\/\/www.hidrolab.org\/fr\/wp-json\/wp\/v2\/pages\/1536"}],"wp:featuredmedia":[{"embeddable":true,"href":"https:\/\/www.hidrolab.org\/fr\/wp-json\/wp\/v2\/media\/1675"}],"wp:attachment":[{"href":"https:\/\/www.hidrolab.org\/fr\/wp-json\/wp\/v2\/media?parent=1538"}],"curies":[{"name":"wp","href":"https:\/\/api.w.org\/{rel}","templated":true}]}}