{"id":1536,"date":"2018-08-03T10:02:18","date_gmt":"2018-08-03T10:02:18","guid":{"rendered":"https:\/\/www.hidrolab.org\/?page_id=1536"},"modified":"2022-03-07T15:43:56","modified_gmt":"2022-03-07T14:43:56","slug":"laboratoires-plasma-chromatographie","status":"publish","type":"page","link":"https:\/\/www.hidrolab.org\/fr\/laboratoires-plasma-chromatographie\/","title":{"rendered":"Laboratoires"},"content":{"rendered":"\t\t<div data-elementor-type=\"wp-post\" data-elementor-id=\"1536\" class=\"elementor elementor-1536\">\n\t\t\t\t\t\t<div class=\"elementor-inner\">\n\t\t\t\t<div class=\"elementor-section-wrap\">\n\t\t\t\t\t\t\t\t\t<section class=\"elementor-section elementor-top-section elementor-element elementor-element-87a75c4 elementor-section-boxed elementor-section-height-default elementor-section-height-default\" data-id=\"87a75c4\" data-element_type=\"section\">\n\t\t\t\t\t\t<div class=\"elementor-container elementor-column-gap-default\">\n\t\t\t\t\t\t\t<div class=\"elementor-row\">\n\t\t\t\t\t<div class=\"elementor-column elementor-col-100 elementor-top-column elementor-element elementor-element-b98ee10\" data-id=\"b98ee10\" data-element_type=\"column\">\n\t\t\t<div class=\"elementor-column-wrap elementor-element-populated\">\n\t\t\t\t\t\t\t<div class=\"elementor-widget-wrap\">\n\t\t\t\t\t\t<div class=\"elementor-element elementor-element-a573d28 elementor-widget elementor-widget-text-editor\" data-id=\"a573d28\" data-element_type=\"widget\" data-widget_type=\"text-editor.default\">\n\t\t\t\t<div class=\"elementor-widget-container\">\n\t\t\t\t\t\t\t\t<div class=\"elementor-text-editor elementor-clearfix\">\n\t\t\t\t<p style=\"text-align: center;\">Hidrolab dispose de laboratoires d\u2019analyses chimiques et microbiologiques.<\/p>\t\t\t\t\t<\/div>\n\t\t\t\t\t\t<\/div>\n\t\t\t\t<\/div>\n\t\t\t\t\t\t<\/div>\n\t\t\t\t\t<\/div>\n\t\t<\/div>\n\t\t\t\t\t\t\t\t<\/div>\n\t\t\t\t\t<\/div>\n\t\t<\/section>\n\t\t\t\t<section class=\"elementor-section elementor-top-section elementor-element elementor-element-7a9baad elementor-section-boxed elementor-section-height-default elementor-section-height-default\" data-id=\"7a9baad\" data-element_type=\"section\">\n\t\t\t\t\t\t<div class=\"elementor-container elementor-column-gap-default\">\n\t\t\t\t\t\t\t<div class=\"elementor-row\">\n\t\t\t\t\t<div class=\"elementor-column elementor-col-33 elementor-top-column elementor-element elementor-element-fb85697\" data-id=\"fb85697\" data-element_type=\"column\">\n\t\t\t<div class=\"elementor-column-wrap elementor-element-populated\">\n\t\t\t\t\t\t\t<div class=\"elementor-widget-wrap\">\n\t\t\t\t\t\t<div class=\"elementor-element elementor-element-a1db3a4 elementor-widget elementor-widget-image\" data-id=\"a1db3a4\" data-element_type=\"widget\" data-widget_type=\"image.default\">\n\t\t\t\t<div class=\"elementor-widget-container\">\n\t\t\t\t\t\t\t\t<div class=\"elementor-image\">\n\t\t\t\t\t\t\t\t\t\t\t\t\t<a href=\"https:\/\/www.hidrolab.org\/fr\/laboratoires-plasma-chromatographie\/analyses-des-eaux\/\" target=\"_blank\">\n\t\t\t\t\t\t\t<img width=\"675\" height=\"450\" src=\"https:\/\/www.hidrolab.org\/fr\/wp-content\/uploads\/sites\/4\/2018\/08\/analisis-de-aguas.jpg\" class=\"attachment-large size-large\" alt=\"Laboratorio de An\u00e1lisis de Aguas\" loading=\"lazy\" srcset=\"https:\/\/www.hidrolab.org\/fr\/wp-content\/uploads\/sites\/4\/2018\/08\/analisis-de-aguas.jpg 675w, https:\/\/www.hidrolab.org\/fr\/wp-content\/uploads\/sites\/4\/2018\/08\/analisis-de-aguas-300x200.jpg 300w\" sizes=\"(max-width: 675px) 100vw, 675px\" \/>\t\t\t\t\t\t\t\t<\/a>\n\t\t\t\t\t\t\t\t\t\t\t\t\t\t<\/div>\n\t\t\t\t\t\t<\/div>\n\t\t\t\t<\/div>\n\t\t\t\t<div class=\"elementor-element elementor-element-073cb49 elementor-widget elementor-widget-heading\" data-id=\"073cb49\" data-element_type=\"widget\" data-widget_type=\"heading.default\">\n\t\t\t\t<div class=\"elementor-widget-container\">\n\t\t\t<div class=\"elementor-heading-title elementor-size-default\"><a href=\"https:\/\/www.hidrolab.org\/fr\/laboratoires-plasma-chromatographie\/analyses-des-eaux\/\" target=\"_blank\">Analyses des eaux\n<\/a><\/div>\t\t<\/div>\n\t\t\t\t<\/div>\n\t\t\t\t\t\t<\/div>\n\t\t\t\t\t<\/div>\n\t\t<\/div>\n\t\t\t\t<div class=\"elementor-column elementor-col-33 elementor-top-column elementor-element elementor-element-50be214\" data-id=\"50be214\" data-element_type=\"column\">\n\t\t\t<div class=\"elementor-column-wrap elementor-element-populated\">\n\t\t\t\t\t\t\t<div class=\"elementor-widget-wrap\">\n\t\t\t\t\t\t<div class=\"elementor-element elementor-element-31695ef elementor-widget elementor-widget-image\" data-id=\"31695ef\" data-element_type=\"widget\" data-widget_type=\"image.default\">\n\t\t\t\t<div class=\"elementor-widget-container\">\n\t\t\t\t\t\t\t\t<div class=\"elementor-image\">\n\t\t\t\t\t\t\t\t\t\t\t\t\t<a href=\"https:\/\/www.hidrolab.org\/fr\/laboratoires-plasma-chromatographie\/solides-boues-et-residus\/\" target=\"_blank\">\n\t\t\t\t\t\t\t<img width=\"675\" height=\"450\" src=\"https:\/\/www.hidrolab.org\/fr\/wp-content\/uploads\/sites\/4\/2018\/08\/analisis-solidos-lodos-residuos.jpg\" class=\"attachment-large size-large\" alt=\"\" loading=\"lazy\" srcset=\"https:\/\/www.hidrolab.org\/fr\/wp-content\/uploads\/sites\/4\/2018\/08\/analisis-solidos-lodos-residuos.jpg 675w, https:\/\/www.hidrolab.org\/fr\/wp-content\/uploads\/sites\/4\/2018\/08\/analisis-solidos-lodos-residuos-300x200.jpg 300w\" sizes=\"(max-width: 675px) 100vw, 675px\" \/>\t\t\t\t\t\t\t\t<\/a>\n\t\t\t\t\t\t\t\t\t\t\t\t\t\t<\/div>\n\t\t\t\t\t\t<\/div>\n\t\t\t\t<\/div>\n\t\t\t\t<div class=\"elementor-element elementor-element-4afcbd4 elementor-widget elementor-widget-heading\" data-id=\"4afcbd4\" data-element_type=\"widget\" data-widget_type=\"heading.default\">\n\t\t\t\t<div class=\"elementor-widget-container\">\n\t\t\t<div class=\"elementor-heading-title elementor-size-default\"><a href=\"https:\/\/www.hidrolab.org\/fr\/laboratoires-plasma-chromatographie\/solides-boues-et-residus\/\" target=\"_blank\">Solids, bous et d\u00e9chets<\/a><\/div>\t\t<\/div>\n\t\t\t\t<\/div>\n\t\t\t\t\t\t<\/div>\n\t\t\t\t\t<\/div>\n\t\t<\/div>\n\t\t\t\t<div class=\"elementor-column elementor-col-33 elementor-top-column elementor-element elementor-element-c5d863b\" data-id=\"c5d863b\" data-element_type=\"column\">\n\t\t\t<div class=\"elementor-column-wrap elementor-element-populated\">\n\t\t\t\t\t\t\t<div class=\"elementor-widget-wrap\">\n\t\t\t\t\t\t<div class=\"elementor-element elementor-element-8e5c83f elementor-widget elementor-widget-image\" data-id=\"8e5c83f\" data-element_type=\"widget\" data-widget_type=\"image.default\">\n\t\t\t\t<div class=\"elementor-widget-container\">\n\t\t\t\t\t\t\t\t<div class=\"elementor-image\">\n\t\t\t\t\t\t\t\t\t\t\t\t\t<a href=\"https:\/\/www.hidrolab.org\/fr\/laboratoires-plasma-chromatographie\/emissions-gaz-et-atmosphere\/\" target=\"_blank\">\n\t\t\t\t\t\t\t<img width=\"674\" height=\"450\" src=\"https:\/\/www.hidrolab.org\/fr\/wp-content\/uploads\/sites\/4\/2018\/08\/analisis-emisiones-gases-atm\u00f3sfera.jpg\" class=\"attachment-large size-large\" alt=\"\" loading=\"lazy\" srcset=\"https:\/\/www.hidrolab.org\/fr\/wp-content\/uploads\/sites\/4\/2018\/08\/analisis-emisiones-gases-atm\u00f3sfera.jpg 674w, https:\/\/www.hidrolab.org\/fr\/wp-content\/uploads\/sites\/4\/2018\/08\/analisis-emisiones-gases-atm\u00f3sfera-300x200.jpg 300w\" sizes=\"(max-width: 674px) 100vw, 674px\" \/>\t\t\t\t\t\t\t\t<\/a>\n\t\t\t\t\t\t\t\t\t\t\t\t\t\t<\/div>\n\t\t\t\t\t\t<\/div>\n\t\t\t\t<\/div>\n\t\t\t\t<div class=\"elementor-element elementor-element-538e98b elementor-widget elementor-widget-heading\" data-id=\"538e98b\" data-element_type=\"widget\" data-widget_type=\"heading.default\">\n\t\t\t\t<div class=\"elementor-widget-container\">\n\t\t\t<div class=\"elementor-heading-title elementor-size-default\"><a href=\"https:\/\/www.hidrolab.org\/fr\/laboratoires-plasma-chromatographie\/emissions-gaz-et-atmosphere\/\" target=\"_blank\">\u00c9missions, gaz et atmosph\u00e8re<\/a><\/div>\t\t<\/div>\n\t\t\t\t<\/div>\n\t\t\t\t\t\t<\/div>\n\t\t\t\t\t<\/div>\n\t\t<\/div>\n\t\t\t\t\t\t\t\t<\/div>\n\t\t\t\t\t<\/div>\n\t\t<\/section>\n\t\t\t\t<section class=\"elementor-section elementor-top-section elementor-element elementor-element-c6053a5 elementor-section-boxed elementor-section-height-default elementor-section-height-default\" data-id=\"c6053a5\" data-element_type=\"section\">\n\t\t\t\t\t\t<div class=\"elementor-container elementor-column-gap-default\">\n\t\t\t\t\t\t\t<div class=\"elementor-row\">\n\t\t\t\t\t<div class=\"elementor-column elementor-col-33 elementor-top-column elementor-element elementor-element-c1950c1\" data-id=\"c1950c1\" data-element_type=\"column\">\n\t\t\t<div class=\"elementor-column-wrap elementor-element-populated\">\n\t\t\t\t\t\t\t<div class=\"elementor-widget-wrap\">\n\t\t\t\t\t\t<div class=\"elementor-element elementor-element-6bc050d elementor-widget elementor-widget-image\" data-id=\"6bc050d\" data-element_type=\"widget\" data-widget_type=\"image.default\">\n\t\t\t\t<div class=\"elementor-widget-container\">\n\t\t\t\t\t\t\t\t<div class=\"elementor-image\">\n\t\t\t\t\t\t\t\t\t\t\t\t\t<a href=\"https:\/\/www.hidrolab.org\/fr\/laboratoires-plasma-chromatographie\/essais-de-traitabilite\/\" target=\"_blank\">\n\t\t\t\t\t\t\t<img width=\"700\" height=\"450\" src=\"https:\/\/www.hidrolab.org\/fr\/wp-content\/uploads\/sites\/4\/2018\/08\/an\u00e1lisis-de-trazabilidad.jpg\" class=\"attachment-large size-large\" alt=\"\" loading=\"lazy\" srcset=\"https:\/\/www.hidrolab.org\/fr\/wp-content\/uploads\/sites\/4\/2018\/08\/an\u00e1lisis-de-trazabilidad.jpg 700w, https:\/\/www.hidrolab.org\/fr\/wp-content\/uploads\/sites\/4\/2018\/08\/an\u00e1lisis-de-trazabilidad-300x193.jpg 300w\" sizes=\"(max-width: 700px) 100vw, 700px\" \/>\t\t\t\t\t\t\t\t<\/a>\n\t\t\t\t\t\t\t\t\t\t\t\t\t\t<\/div>\n\t\t\t\t\t\t<\/div>\n\t\t\t\t<\/div>\n\t\t\t\t<div class=\"elementor-element elementor-element-92a3248 elementor-widget elementor-widget-heading\" data-id=\"92a3248\" data-element_type=\"widget\" data-widget_type=\"heading.default\">\n\t\t\t\t<div class=\"elementor-widget-container\">\n\t\t\t<div class=\"elementor-heading-title elementor-size-default\"><a href=\"https:\/\/www.hidrolab.org\/fr\/laboratoires-plasma-chromatographie\/essais-de-traitabilite\/\" target=\"_blank\">Essais de traitabilit\u00e9\n<\/a><\/div>\t\t<\/div>\n\t\t\t\t<\/div>\n\t\t\t\t\t\t<\/div>\n\t\t\t\t\t<\/div>\n\t\t<\/div>\n\t\t\t\t<div class=\"elementor-column elementor-col-33 elementor-top-column elementor-element elementor-element-8885be4\" data-id=\"8885be4\" data-element_type=\"column\">\n\t\t\t<div class=\"elementor-column-wrap elementor-element-populated\">\n\t\t\t\t\t\t\t<div class=\"elementor-widget-wrap\">\n\t\t\t\t\t\t<div class=\"elementor-element elementor-element-b83d5ce elementor-widget elementor-widget-image\" data-id=\"b83d5ce\" data-element_type=\"widget\" data-widget_type=\"image.default\">\n\t\t\t\t<div class=\"elementor-widget-container\">\n\t\t\t\t\t\t\t\t<div class=\"elementor-image\">\n\t\t\t\t\t\t\t\t\t\t\t\t\t<a href=\"https:\/\/www.hidrolab.org\/fr\/laboratoires-plasma-chromatographie\/analyses-d-aliments\/\" target=\"_blank\">\n\t\t\t\t\t\t\t<img width=\"678\" height=\"450\" src=\"https:\/\/www.hidrolab.org\/fr\/wp-content\/uploads\/sites\/4\/2018\/08\/analisis-de-alimentos.jpg\" class=\"attachment-large size-large\" alt=\"An\u00e1lisis de Alimentos\" loading=\"lazy\" srcset=\"https:\/\/www.hidrolab.org\/fr\/wp-content\/uploads\/sites\/4\/2018\/08\/analisis-de-alimentos.jpg 678w, https:\/\/www.hidrolab.org\/fr\/wp-content\/uploads\/sites\/4\/2018\/08\/analisis-de-alimentos-300x199.jpg 300w\" sizes=\"(max-width: 678px) 100vw, 678px\" \/>\t\t\t\t\t\t\t\t<\/a>\n\t\t\t\t\t\t\t\t\t\t\t\t\t\t<\/div>\n\t\t\t\t\t\t<\/div>\n\t\t\t\t<\/div>\n\t\t\t\t<div class=\"elementor-element elementor-element-b58e384 elementor-widget elementor-widget-heading\" data-id=\"b58e384\" data-element_type=\"widget\" data-widget_type=\"heading.default\">\n\t\t\t\t<div class=\"elementor-widget-container\">\n\t\t\t<div class=\"elementor-heading-title elementor-size-default\"><a href=\"https:\/\/www.hidrolab.org\/fr\/laboratoires-plasma-chromatographie\/analyses-d-aliments\/\" target=\"_blank\">Analyses d\u2019aliments\n<\/a><\/div>\t\t<\/div>\n\t\t\t\t<\/div>\n\t\t\t\t\t\t<\/div>\n\t\t\t\t\t<\/div>\n\t\t<\/div>\n\t\t\t\t<div class=\"elementor-column elementor-col-33 elementor-top-column elementor-element elementor-element-7dfcb47\" data-id=\"7dfcb47\" data-element_type=\"column\">\n\t\t\t<div class=\"elementor-column-wrap elementor-element-populated\">\n\t\t\t\t\t\t\t<div class=\"elementor-widget-wrap\">\n\t\t\t\t\t\t<div class=\"elementor-element elementor-element-8cb1a34 elementor-widget elementor-widget-image\" data-id=\"8cb1a34\" data-element_type=\"widget\" data-widget_type=\"image.default\">\n\t\t\t\t<div class=\"elementor-widget-container\">\n\t\t\t\t\t\t\t\t<div class=\"elementor-image\">\n\t\t\t\t\t\t\t\t\t\t\t\t\t<a href=\"https:\/\/www.hidrolab.org\/fr\/laboratoires-plasma-chromatographie\/analyses-agricoles\/\" target=\"_blank\">\n\t\t\t\t\t\t\t<img width=\"674\" height=\"450\" src=\"https:\/\/www.hidrolab.org\/fr\/wp-content\/uploads\/sites\/4\/2018\/08\/analisis-agricolas.jpg\" class=\"attachment-large size-large\" alt=\"An\u00e1lisis agr\u00edcolas\" loading=\"lazy\" srcset=\"https:\/\/www.hidrolab.org\/fr\/wp-content\/uploads\/sites\/4\/2018\/08\/analisis-agricolas.jpg 674w, https:\/\/www.hidrolab.org\/fr\/wp-content\/uploads\/sites\/4\/2018\/08\/analisis-agricolas-300x200.jpg 300w\" sizes=\"(max-width: 674px) 100vw, 674px\" \/>\t\t\t\t\t\t\t\t<\/a>\n\t\t\t\t\t\t\t\t\t\t\t\t\t\t<\/div>\n\t\t\t\t\t\t<\/div>\n\t\t\t\t<\/div>\n\t\t\t\t<div class=\"elementor-element elementor-element-0eba894 elementor-widget elementor-widget-heading\" data-id=\"0eba894\" data-element_type=\"widget\" data-widget_type=\"heading.default\">\n\t\t\t\t<div class=\"elementor-widget-container\">\n\t\t\t<div class=\"elementor-heading-title elementor-size-default\"><a href=\"https:\/\/www.hidrolab.org\/fr\/laboratoires-plasma-chromatographie\/analyses-agricoles\/\" target=\"_blank\">Analyses agricoles\n<\/a><\/div>\t\t<\/div>\n\t\t\t\t<\/div>\n\t\t\t\t\t\t<\/div>\n\t\t\t\t\t<\/div>\n\t\t<\/div>\n\t\t\t\t\t\t\t\t<\/div>\n\t\t\t\t\t<\/div>\n\t\t<\/section>\n\t\t\t\t<section class=\"elementor-section elementor-top-section elementor-element elementor-element-a62e6ae elementor-section-boxed elementor-section-height-default elementor-section-height-default\" data-id=\"a62e6ae\" data-element_type=\"section\">\n\t\t\t\t\t\t<div class=\"elementor-container elementor-column-gap-default\">\n\t\t\t\t\t\t\t<div class=\"elementor-row\">\n\t\t\t\t\t<div class=\"elementor-column elementor-col-100 elementor-top-column elementor-element elementor-element-0b410b4\" data-id=\"0b410b4\" data-element_type=\"column\">\n\t\t\t<div class=\"elementor-column-wrap elementor-element-populated\">\n\t\t\t\t\t\t\t<div class=\"elementor-widget-wrap\">\n\t\t\t\t\t\t<div class=\"elementor-element elementor-element-9077284 elementor-widget elementor-widget-text-editor\" data-id=\"9077284\" data-element_type=\"widget\" data-widget_type=\"text-editor.default\">\n\t\t\t\t<div class=\"elementor-widget-container\">\n\t\t\t\t\t\t\t\t<div class=\"elementor-text-editor elementor-clearfix\">\n\t\t\t\t<div>\u00c0\u00a0<strong>Hidrolab<\/strong>\u00a0nous fournissons des\u00a0<strong>laboratoires<\/strong>\u00a0hautement qualifi\u00e9s pour entreprendre depuis analyses routiniers de qualit\u00e9 jusqu\u00b4a la recherche d\u00b4un extensif catalogue de param\u00e8tres, tant pour l\u2019eau que pour la nourriture, la terre, les engrais, les boues, les r\u00e9sidus, les gaz, etc.<\/div><div>\u00a0<\/div><div>Le personnel qui est \u00e0 votre service re\u00e7oit une formation permanente dans les diff\u00e9rentes techniques et il est \u00e0 jour en lisant des revues et des publications scientifiques les plus reconnues du monde dans notre secteur. En m\u00eame temps il est r\u00e9alis\u00e9 l\u2019actualisation, la r\u00e9novation et la mise au point en permanence du laboratoire. Il implant\u00e9 des Normes Internationales de Qualit\u00e9 avec lesquelles il est oblig\u00e9, entre autres, \u00e0 faire stricts contr\u00f4les de chaque technique pour diff\u00e9rents types d\u2019\u00e9chantillons, audits internes et externes p\u00e9riodiques, \u00e0 participer \u00e0 des exercices de comparaison inter laboratoires, \u00e0 utiliser des patrons certificats, &#8230;<\/div><div>\u00a0<\/div><div><p>Depuis 1995, on a \u00e9t\u00e9 fait un grand progr\u00e8s par l\u00b4acquisition des instruments de technologie de pointe, nous avons les techniques suivants:<\/p><\/div><ul><li>Chromatographie en phase gazeuse (GC) avec d\u00e9tecteurs MS (CG-MS), d\u00e9tecteurs NPD, \u00e0 capture \u00e9lectronique et \u00e0 ionisation de flamme FID.<\/li><li>Chromatographie en phase liquide \u00e0 haute performance (HPLC).<\/li><li>Absorption atomique (AA).<\/li><li>Plasma ICP-MS.<\/li><li>Autres techniques analytiques : FTIR, Absorption UV-VIS \u00e0 double faisceau, Turbidim\u00e9trie, \u00c9lectrodes s\u00e9lectives, etc.<\/li><\/ul><div>\u00a0<span style=\"font-size: 2rem;\">Depuis 2005 nous avons r\u00e9ussi \u00e0 atteindre les objectifs grands. Le plus important a \u00e9t\u00e9 le proc\u00e9d\u00e9 d\u2019accr\u00e9ditation selon la norme ISO 17025 aux param\u00e8tres de qualit\u00e9 de l\u2019eau et atmosph\u00e9rique. Depuis 2011,\u00a0<\/span><strong style=\"font-size: 2rem;\">Hidrolab<\/strong><span style=\"font-size: 2rem;\">\u00a0est une Entreprise Collaboratrice de l\u2019Administration en mati\u00e8re hydraulique, et depuis 2013, nous avons un nombre important de param\u00e8tres accr\u00e9dit\u00e9s.<\/span><\/div>\t\t\t\t\t<\/div>\n\t\t\t\t\t\t<\/div>\n\t\t\t\t<\/div>\n\t\t\t\t\t\t<\/div>\n\t\t\t\t\t<\/div>\n\t\t<\/div>\n\t\t\t\t\t\t\t\t<\/div>\n\t\t\t\t\t<\/div>\n\t\t<\/section>\n\t\t\t\t\t\t\t\t\t<\/div>\n\t\t\t<\/div>\n\t\t\t\t\t<\/div>\n\t\t","protected":false},"excerpt":{"rendered":"<p>Hidrolab dispose de laboratoires d\u2019analyses chimiques et microbiologiques. Analyses des eaux Solids, bous et d\u00e9chets \u00c9missions, gaz et atmosph\u00e8re Essais de traitabilit\u00e9 Analyses d\u2019aliments Analyses agricoles \u00c0&nbsp;Hidrolab&nbsp;nous fournissons des&nbsp;laboratoires&nbsp;hautement qualifi\u00e9s pour entreprendre depuis analyses routiniers de qualit\u00e9 jusqu\u00b4a la recherche d\u00b4un extensif catalogue de param\u00e8tres, tant pour l\u2019eau que pour la nourriture, la terre, les [&hellip;]<\/p>\n","protected":false},"author":1,"featured_media":1675,"parent":0,"menu_order":0,"comment_status":"closed","ping_status":"closed","template":"","meta":{"_monsterinsights_skip_tracking":false,"_monsterinsights_sitenote_active":false,"_monsterinsights_sitenote_note":"","_monsterinsights_sitenote_category":0,"_genesis_hide_title":false,"_genesis_hide_breadcrumbs":false,"_genesis_hide_singular_image":false,"_genesis_hide_footer_widgets":false,"_genesis_custom_body_class":"","_genesis_custom_post_class":"","_genesis_layout":"full-width-content"},"yoast_head":"<!-- This site is optimized with the Yoast SEO plugin v19.6.1 - https:\/\/yoast.com\/wordpress\/plugins\/seo\/ -->\n<title>Laboratoires - Fran\u00e7ais<\/title>\n<meta name=\"description\" content=\"En Hidrolab contamos con un gran laboratorio de an\u00e1lisis de agua y equipamiento para dar respuestas precisas a las solicitudes de los clientes.\" \/>\n<meta name=\"robots\" content=\"index, follow, max-snippet:-1, max-image-preview:large, max-video-preview:-1\" \/>\n<link rel=\"canonical\" href=\"https:\/\/www.hidrolab.org\/fr\/laboratoires-plasma-chromatographie\/\" \/>\n<meta property=\"og:locale\" content=\"fr_FR\" \/>\n<meta property=\"og:type\" content=\"article\" \/>\n<meta property=\"og:title\" content=\"Laboratoires - Fran\u00e7ais\" \/>\n<meta property=\"og:description\" content=\"En Hidrolab contamos con un gran laboratorio de an\u00e1lisis de agua y equipamiento para dar respuestas precisas a las solicitudes de los clientes.\" \/>\n<meta property=\"og:url\" content=\"https:\/\/www.hidrolab.org\/fr\/laboratoires-plasma-chromatographie\/\" \/>\n<meta property=\"og:site_name\" content=\"Fran\u00e7ais\" \/>\n<meta property=\"article:modified_time\" content=\"2022-03-07T14:43:56+00:00\" \/>\n<meta property=\"og:image\" content=\"https:\/\/www.hidrolab.org\/fr\/wp-content\/uploads\/sites\/4\/2018\/08\/analisis-de-aguas.jpg\" \/>\n\t<meta property=\"og:image:width\" content=\"675\" \/>\n\t<meta property=\"og:image:height\" content=\"450\" \/>\n\t<meta property=\"og:image:type\" content=\"image\/jpeg\" \/>\n<meta name=\"twitter:card\" content=\"summary_large_image\" \/>\n<script type=\"application\/ld+json\" class=\"yoast-schema-graph\">{\"@context\":\"https:\/\/schema.org\",\"@graph\":[{\"@type\":\"WebPage\",\"@id\":\"https:\/\/www.hidrolab.org\/fr\/laboratoires-plasma-chromatographie\/\",\"url\":\"https:\/\/www.hidrolab.org\/fr\/laboratoires-plasma-chromatographie\/\",\"name\":\"Laboratoires - Fran\u00e7ais\",\"isPartOf\":{\"@id\":\"https:\/\/www.hidrolab.org\/fr\/#website\"},\"datePublished\":\"2018-08-03T10:02:18+00:00\",\"dateModified\":\"2022-03-07T14:43:56+00:00\",\"description\":\"En Hidrolab contamos con un gran laboratorio de an\u00e1lisis de agua y equipamiento para dar respuestas precisas a las solicitudes de los clientes.\",\"breadcrumb\":{\"@id\":\"https:\/\/www.hidrolab.org\/fr\/laboratoires-plasma-chromatographie\/#breadcrumb\"},\"inLanguage\":\"fr-FR\",\"potentialAction\":[{\"@type\":\"ReadAction\",\"target\":[\"https:\/\/www.hidrolab.org\/fr\/laboratoires-plasma-chromatographie\/\"]}]},{\"@type\":\"BreadcrumbList\",\"@id\":\"https:\/\/www.hidrolab.org\/fr\/laboratoires-plasma-chromatographie\/#breadcrumb\",\"itemListElement\":[{\"@type\":\"ListItem\",\"position\":1,\"name\":\"Portada\",\"item\":\"https:\/\/www.hidrolab.org\/fr\/\"},{\"@type\":\"ListItem\",\"position\":2,\"name\":\"Laboratoires\"}]},{\"@type\":\"WebSite\",\"@id\":\"https:\/\/www.hidrolab.org\/fr\/#website\",\"url\":\"https:\/\/www.hidrolab.org\/fr\/\",\"name\":\"Fran\u00e7ais\",\"description\":\"An\u00e1lisis de aguas\",\"publisher\":{\"@id\":\"https:\/\/www.hidrolab.org\/fr\/#organization\"},\"potentialAction\":[{\"@type\":\"SearchAction\",\"target\":{\"@type\":\"EntryPoint\",\"urlTemplate\":\"https:\/\/www.hidrolab.org\/fr\/?s={search_term_string}\"},\"query-input\":\"required name=search_term_string\"}],\"inLanguage\":\"fr-FR\"},{\"@type\":\"Organization\",\"@id\":\"https:\/\/www.hidrolab.org\/fr\/#organization\",\"name\":\"Fran\u00e7ais\",\"url\":\"https:\/\/www.hidrolab.org\/fr\/\",\"sameAs\":[],\"logo\":{\"@type\":\"ImageObject\",\"inLanguage\":\"fr-FR\",\"@id\":\"https:\/\/www.hidrolab.org\/fr\/#\/schema\/logo\/image\/\",\"url\":\"https:\/\/www.hidrolab.org\/fr\/wp-content\/uploads\/sites\/4\/2018\/08\/Logo-Completo.png\",\"contentUrl\":\"https:\/\/www.hidrolab.org\/fr\/wp-content\/uploads\/sites\/4\/2018\/08\/Logo-Completo.png\",\"width\":1680,\"height\":440,\"caption\":\"Fran\u00e7ais\"},\"image\":{\"@id\":\"https:\/\/www.hidrolab.org\/fr\/#\/schema\/logo\/image\/\"}}]}<\/script>\n<!-- \/ Yoast SEO plugin. -->","yoast_head_json":{"title":"Laboratoires - Fran\u00e7ais","description":"En Hidrolab contamos con un gran laboratorio de an\u00e1lisis de agua y equipamiento para dar respuestas precisas a las solicitudes de los clientes.","robots":{"index":"index","follow":"follow","max-snippet":"max-snippet:-1","max-image-preview":"max-image-preview:large","max-video-preview":"max-video-preview:-1"},"canonical":"https:\/\/www.hidrolab.org\/fr\/laboratoires-plasma-chromatographie\/","og_locale":"fr_FR","og_type":"article","og_title":"Laboratoires - Fran\u00e7ais","og_description":"En Hidrolab contamos con un gran laboratorio de an\u00e1lisis de agua y equipamiento para dar respuestas precisas a las solicitudes de los clientes.","og_url":"https:\/\/www.hidrolab.org\/fr\/laboratoires-plasma-chromatographie\/","og_site_name":"Fran\u00e7ais","article_modified_time":"2022-03-07T14:43:56+00:00","og_image":[{"width":675,"height":450,"url":"https:\/\/www.hidrolab.org\/fr\/wp-content\/uploads\/sites\/4\/2018\/08\/analisis-de-aguas.jpg","type":"image\/jpeg"}],"twitter_card":"summary_large_image","schema":{"@context":"https:\/\/schema.org","@graph":[{"@type":"WebPage","@id":"https:\/\/www.hidrolab.org\/fr\/laboratoires-plasma-chromatographie\/","url":"https:\/\/www.hidrolab.org\/fr\/laboratoires-plasma-chromatographie\/","name":"Laboratoires - Fran\u00e7ais","isPartOf":{"@id":"https:\/\/www.hidrolab.org\/fr\/#website"},"datePublished":"2018-08-03T10:02:18+00:00","dateModified":"2022-03-07T14:43:56+00:00","description":"En Hidrolab contamos con un gran laboratorio de an\u00e1lisis de agua y equipamiento para dar respuestas precisas a las solicitudes de los clientes.","breadcrumb":{"@id":"https:\/\/www.hidrolab.org\/fr\/laboratoires-plasma-chromatographie\/#breadcrumb"},"inLanguage":"fr-FR","potentialAction":[{"@type":"ReadAction","target":["https:\/\/www.hidrolab.org\/fr\/laboratoires-plasma-chromatographie\/"]}]},{"@type":"BreadcrumbList","@id":"https:\/\/www.hidrolab.org\/fr\/laboratoires-plasma-chromatographie\/#breadcrumb","itemListElement":[{"@type":"ListItem","position":1,"name":"Portada","item":"https:\/\/www.hidrolab.org\/fr\/"},{"@type":"ListItem","position":2,"name":"Laboratoires"}]},{"@type":"WebSite","@id":"https:\/\/www.hidrolab.org\/fr\/#website","url":"https:\/\/www.hidrolab.org\/fr\/","name":"Fran\u00e7ais","description":"An\u00e1lisis de aguas","publisher":{"@id":"https:\/\/www.hidrolab.org\/fr\/#organization"},"potentialAction":[{"@type":"SearchAction","target":{"@type":"EntryPoint","urlTemplate":"https:\/\/www.hidrolab.org\/fr\/?s={search_term_string}"},"query-input":"required name=search_term_string"}],"inLanguage":"fr-FR"},{"@type":"Organization","@id":"https:\/\/www.hidrolab.org\/fr\/#organization","name":"Fran\u00e7ais","url":"https:\/\/www.hidrolab.org\/fr\/","sameAs":[],"logo":{"@type":"ImageObject","inLanguage":"fr-FR","@id":"https:\/\/www.hidrolab.org\/fr\/#\/schema\/logo\/image\/","url":"https:\/\/www.hidrolab.org\/fr\/wp-content\/uploads\/sites\/4\/2018\/08\/Logo-Completo.png","contentUrl":"https:\/\/www.hidrolab.org\/fr\/wp-content\/uploads\/sites\/4\/2018\/08\/Logo-Completo.png","width":1680,"height":440,"caption":"Fran\u00e7ais"},"image":{"@id":"https:\/\/www.hidrolab.org\/fr\/#\/schema\/logo\/image\/"}}]}},"_links":{"self":[{"href":"https:\/\/www.hidrolab.org\/fr\/wp-json\/wp\/v2\/pages\/1536"}],"collection":[{"href":"https:\/\/www.hidrolab.org\/fr\/wp-json\/wp\/v2\/pages"}],"about":[{"href":"https:\/\/www.hidrolab.org\/fr\/wp-json\/wp\/v2\/types\/page"}],"author":[{"embeddable":true,"href":"https:\/\/www.hidrolab.org\/fr\/wp-json\/wp\/v2\/users\/1"}],"replies":[{"embeddable":true,"href":"https:\/\/www.hidrolab.org\/fr\/wp-json\/wp\/v2\/comments?post=1536"}],"version-history":[{"count":26,"href":"https:\/\/www.hidrolab.org\/fr\/wp-json\/wp\/v2\/pages\/1536\/revisions"}],"predecessor-version":[{"id":2093,"href":"https:\/\/www.hidrolab.org\/fr\/wp-json\/wp\/v2\/pages\/1536\/revisions\/2093"}],"wp:featuredmedia":[{"embeddable":true,"href":"https:\/\/www.hidrolab.org\/fr\/wp-json\/wp\/v2\/media\/1675"}],"wp:attachment":[{"href":"https:\/\/www.hidrolab.org\/fr\/wp-json\/wp\/v2\/media?parent=1536"}],"curies":[{"name":"wp","href":"https:\/\/api.w.org\/{rel}","templated":true}]}}