{"id":1534,"date":"2018-08-03T09:55:06","date_gmt":"2018-08-03T07:55:06","guid":{"rendered":"https:\/\/www.hidrolab.org\/?page_id=1534"},"modified":"2022-03-07T15:38:47","modified_gmt":"2022-03-07T14:38:47","slug":"analyses-des-eaux-1","status":"publish","type":"page","link":"https:\/\/www.hidrolab.org\/fr\/analyses-des-eaux-1\/","title":{"rendered":"Entreprise"},"content":{"rendered":"\t\t<div data-elementor-type=\"wp-post\" data-elementor-id=\"1534\" class=\"elementor elementor-1534\">\n\t\t\t\t\t\t<div class=\"elementor-inner\">\n\t\t\t\t<div class=\"elementor-section-wrap\">\n\t\t\t\t\t\t\t\t\t<section class=\"elementor-section elementor-top-section elementor-element elementor-element-4c23e6a elementor-section-boxed elementor-section-height-default elementor-section-height-default\" data-id=\"4c23e6a\" data-element_type=\"section\">\n\t\t\t\t\t\t<div class=\"elementor-container elementor-column-gap-default\">\n\t\t\t\t\t\t\t<div class=\"elementor-row\">\n\t\t\t\t\t<div class=\"elementor-column elementor-col-50 elementor-top-column elementor-element elementor-element-3fd109f\" data-id=\"3fd109f\" data-element_type=\"column\">\n\t\t\t<div class=\"elementor-column-wrap elementor-element-populated\">\n\t\t\t\t\t\t\t<div class=\"elementor-widget-wrap\">\n\t\t\t\t\t\t<div class=\"elementor-element elementor-element-43f195d elementor-widget elementor-widget-text-editor\" data-id=\"43f195d\" data-element_type=\"widget\" data-widget_type=\"text-editor.default\">\n\t\t\t\t<div class=\"elementor-widget-container\">\n\t\t\t\t\t\t\t\t<div class=\"elementor-text-editor elementor-clearfix\">\n\t\t\t\t<div class=\"widget-wrapper widget-element free-text diy-resizable \"><div id=\"widget-id-1655816\" class=\"widget-body \"><div class=\"freetextarea\"><h2><strong>Analyses des eaux, analyses physico chimiques et microbiologiques g\u00e9n\u00e9raux<\/strong><\/h2><\/div><div class=\"clear\">\u00c0 <strong>Hidrolab<\/strong>\u00a0nous avons une exp\u00e9rience de plus de 30 ann\u00e9s dans la plupart des activit\u00e9s telles specialist du traitement et\u00a0<strong>l\u2019analyse de l\u2019eau<\/strong>, qui ont \u00e9t\u00e9 d\u00e9velopp\u00e9es en accordant une attention particuli\u00e8re \u00e0 la qualit\u00e9 et en r\u00e9glant le budget \u00e0 la m\u00e9sure du possible.<\/div><\/div><\/div><div class=\"widget-wrapper widget-element free-text diy-resizable \"><div id=\"widget-id-1653052\" class=\"widget-body \"><div class=\"freetextarea\"><div><div><div><div>\u00a0<\/div><div>Depuis le changement du mill\u00e9nium, l\u2019entreprise est situ\u00e9e dans un b\u00e2timent industriel de plus de 1500 m2\u00a0dans le centre d\u2019une grande zone industrielle consid\u00e9r\u00e9 comme exemplaire, pour satisfaire les besoins croissants de l\u2019\u00e9quipement.<\/div><div>\u00a0<\/div><div>Nos activit\u00e9s sont regroup\u00e9es dans les trois divisions suivantes:<\/div><div>\u00a0<\/div><\/div><\/div><\/div><\/div><\/div><\/div><div class=\"widget-wrapper widget-element free-text diy-resizable \"><div id=\"widget-id-1653053\" class=\"widget-body \"><div class=\"freetextarea\"><h2><strong>Laboratoires d\u2019analyses chimiques et microbiologiques<\/strong><\/h2><\/div><div class=\"clear\">O\u00f9 vous pouvez entreprendre l\u2019\u00e9tude de toutes les questions li\u00e9es \u00e0 l\u2019environnement et au control de la qualit\u00e9 des produits: <strong>qualit\u00e9 de l\u2019eau, le sol, engrais, r\u00e9sidus, \u00e9mission de poussi\u00e8re<\/strong>\u00a0et\u00a0<strong>de gazes \u00e0 l\u00b4air<\/strong>\u2026 Nous effectuons aussi l\u2019analyse des\u00a0<strong>aliments et d\u2019autres produits<\/strong>.<\/div><\/div><\/div><div class=\"widget-wrapper widget-element free-text diy-resizable \"><div id=\"widget-id-1653055\" class=\"widget-body \"><div class=\"freetextarea\"><h2><strong>Traitements des eaux<\/strong><\/h2><\/div><div class=\"clear\">L\u2019assistance technique et les ex\u00e9cutions, en particulier pour les diff\u00e9rents milieux de <strong>l\u00b4\u00e9puration<\/strong>\u00a0et la\u00a0<strong>purification \u00e0 l\u00b4\u00e9chelle industrielle, r\u00e9utilisation: eaux, boues, d\u00e9chets,<\/strong> etc. Avec la garantie de la r\u00e9ussite gr\u00e2ce \u00e0 utiliser toujours les donn\u00e9es et les r\u00e9sultats obtenus par tests pr\u00e9alables \u00e0 la conception et l\u2019ex\u00e9cution.<\/div><\/div><\/div><div class=\"widget-wrapper widget-element free-text diy-resizable \"><div id=\"widget-id-1653057\" class=\"widget-body \"><div class=\"freetextarea\"><h2><strong>Instrumentation automatique de mesure<\/strong><\/h2><\/div><div class=\"clear\">Nous fournissons syst\u00e8mes et d\u00e9veloppements d\u2019instruments de mesure qui sont compl\u00e9t\u00e9s avec l\u2019offre des meilleures marques, et sont appliqu\u00e9s pour l\u2019\u00e9chantillonnage ou l\u2019analyse continue de la <strong>qualit\u00e9<\/strong>\u00a0de\u00a0<strong>l\u2019eau<\/strong>, le\u00a0<strong>gaz<\/strong>\u00a0et\u00a0<strong>l\u2019agronomie<\/strong>.<\/div><\/div><\/div>\t\t\t\t\t<\/div>\n\t\t\t\t\t\t<\/div>\n\t\t\t\t<\/div>\n\t\t\t\t\t\t<\/div>\n\t\t\t\t\t<\/div>\n\t\t<\/div>\n\t\t\t\t<div class=\"elementor-column elementor-col-50 elementor-top-column elementor-element elementor-element-272ff9c\" data-id=\"272ff9c\" data-element_type=\"column\">\n\t\t\t<div class=\"elementor-column-wrap elementor-element-populated\">\n\t\t\t\t\t\t\t<div class=\"elementor-widget-wrap\">\n\t\t\t\t\t\t<div class=\"elementor-element elementor-element-2eb1afe elementor-widget elementor-widget-image\" data-id=\"2eb1afe\" data-element_type=\"widget\" data-widget_type=\"image.default\">\n\t\t\t\t<div class=\"elementor-widget-container\">\n\t\t\t\t\t\t\t\t<div class=\"elementor-image\">\n\t\t\t\t\t\t\t\t\t\t\t\t<img width=\"259\" height=\"192\" src=\"https:\/\/www.hidrolab.org\/fr\/wp-content\/uploads\/sites\/4\/2019\/01\/hidrolab-fachada-del-laboratorio.jpg\" class=\"attachment-large size-large\" alt=\"Fachada de Hidrolab\" loading=\"lazy\" \/>\t\t\t\t\t\t\t\t\t\t\t\t\t\t<\/div>\n\t\t\t\t\t\t<\/div>\n\t\t\t\t<\/div>\n\t\t\t\t<div class=\"elementor-element elementor-element-e329557 elementor-widget elementor-widget-image\" data-id=\"e329557\" data-element_type=\"widget\" data-widget_type=\"image.default\">\n\t\t\t\t<div class=\"elementor-widget-container\">\n\t\t\t\t\t\t\t\t<div class=\"elementor-image\">\n\t\t\t\t\t\t\t\t\t\t\t\t<img width=\"268\" height=\"131\" src=\"https:\/\/www.hidrolab.org\/fr\/wp-content\/uploads\/sites\/4\/2019\/01\/hidrolab-automoviles-frente-a-fachada.jpg\" class=\"attachment-large size-large\" alt=\"Puerta principal de Hidrolab\" loading=\"lazy\" \/>\t\t\t\t\t\t\t\t\t\t\t\t\t\t<\/div>\n\t\t\t\t\t\t<\/div>\n\t\t\t\t<\/div>\n\t\t\t\t<div class=\"elementor-element elementor-element-1a4263f elementor-widget elementor-widget-image\" data-id=\"1a4263f\" data-element_type=\"widget\" data-widget_type=\"image.default\">\n\t\t\t\t<div class=\"elementor-widget-container\">\n\t\t\t\t\t\t\t\t<div class=\"elementor-image\">\n\t\t\t\t\t\t\t\t\t\t\t\t<img width=\"259\" height=\"192\" src=\"https:\/\/www.hidrolab.org\/fr\/wp-content\/uploads\/sites\/4\/2019\/01\/hidrolab-personas-en-oficina.jpg\" class=\"attachment-large size-large\" alt=\"Oficinas de Hidrolab con personas trabajando\" loading=\"lazy\" \/>\t\t\t\t\t\t\t\t\t\t\t\t\t\t<\/div>\n\t\t\t\t\t\t<\/div>\n\t\t\t\t<\/div>\n\t\t\t\t<div class=\"elementor-element elementor-element-6e2ade5 elementor-widget elementor-widget-image\" data-id=\"6e2ade5\" data-element_type=\"widget\" data-widget_type=\"image.default\">\n\t\t\t\t<div class=\"elementor-widget-container\">\n\t\t\t\t\t\t\t\t<div class=\"elementor-image\">\n\t\t\t\t\t\t\t\t\t\t\t\t<img width=\"259\" height=\"192\" src=\"https:\/\/www.hidrolab.org\/fr\/wp-content\/uploads\/sites\/4\/2019\/01\/hidrolab-oficinas.jpg\" class=\"attachment-large size-large\" alt=\"Oficinas de Hidrolab\" loading=\"lazy\" \/>\t\t\t\t\t\t\t\t\t\t\t\t\t\t<\/div>\n\t\t\t\t\t\t<\/div>\n\t\t\t\t<\/div>\n\t\t\t\t<div class=\"elementor-element elementor-element-3c83344 elementor-widget elementor-widget-image\" data-id=\"3c83344\" data-element_type=\"widget\" data-widget_type=\"image.default\">\n\t\t\t\t<div class=\"elementor-widget-container\">\n\t\t\t\t\t\t\t\t<div class=\"elementor-image\">\n\t\t\t\t\t\t\t\t\t\t\t\t<img width=\"259\" height=\"192\" src=\"https:\/\/www.hidrolab.org\/fr\/wp-content\/uploads\/sites\/4\/2019\/01\/hidrolab-frascos-para-analisis-quimicos.jpg\" class=\"attachment-large size-large\" alt=\"Frascos de an\u00e1lisis qu\u00edmicos de Hidrolab\" loading=\"lazy\" \/>\t\t\t\t\t\t\t\t\t\t\t\t\t\t<\/div>\n\t\t\t\t\t\t<\/div>\n\t\t\t\t<\/div>\n\t\t\t\t\t\t<\/div>\n\t\t\t\t\t<\/div>\n\t\t<\/div>\n\t\t\t\t\t\t\t\t<\/div>\n\t\t\t\t\t<\/div>\n\t\t<\/section>\n\t\t\t\t\t\t\t\t\t<\/div>\n\t\t\t<\/div>\n\t\t\t\t\t<\/div>\n\t\t","protected":false},"excerpt":{"rendered":"<p>Analyses des eaux, analyses physico chimiques et microbiologiques g\u00e9n\u00e9raux \u00c0 Hidrolab&nbsp;nous avons une exp\u00e9rience de plus de 30 ann\u00e9s dans la plupart des activit\u00e9s telles specialist du traitement et&nbsp;l\u2019analyse de l\u2019eau, qui ont \u00e9t\u00e9 d\u00e9velopp\u00e9es en accordant une attention particuli\u00e8re \u00e0 la qualit\u00e9 et en r\u00e9glant le budget \u00e0 la m\u00e9sure du possible.&nbsp;Depuis le changement [&hellip;]<\/p>\n","protected":false},"author":1,"featured_media":1665,"parent":0,"menu_order":0,"comment_status":"closed","ping_status":"closed","template":"","meta":{"_monsterinsights_skip_tracking":false,"_monsterinsights_sitenote_active":false,"_monsterinsights_sitenote_note":"","_monsterinsights_sitenote_category":0,"_genesis_hide_title":false,"_genesis_hide_breadcrumbs":false,"_genesis_hide_singular_image":false,"_genesis_hide_footer_widgets":false,"_genesis_custom_body_class":"","_genesis_custom_post_class":"","_genesis_layout":"full-width-content"},"yoast_head":"<!-- This site is optimized with the Yoast SEO plugin v19.6.1 - https:\/\/yoast.com\/wordpress\/plugins\/seo\/ -->\n<title>Entreprise - Fran\u00e7ais<\/title>\n<meta name=\"description\" content=\"Hidrolab cuenta m\u00e1s de 20 a\u00f1os de experiencia en todo lo relacionado con el an\u00e1lisis de agua, qu\u00edmicos , lodos, polvo, residuos y microbiol\u00f3gicos\" \/>\n<meta name=\"robots\" content=\"index, follow, max-snippet:-1, max-image-preview:large, max-video-preview:-1\" \/>\n<link rel=\"canonical\" href=\"https:\/\/www.hidrolab.org\/fr\/analyses-des-eaux-1\/\" \/>\n<meta property=\"og:locale\" content=\"fr_FR\" \/>\n<meta property=\"og:type\" content=\"article\" \/>\n<meta property=\"og:title\" content=\"Entreprise - Fran\u00e7ais\" \/>\n<meta property=\"og:description\" content=\"Hidrolab cuenta m\u00e1s de 20 a\u00f1os de experiencia en todo lo relacionado con el an\u00e1lisis de agua, qu\u00edmicos , lodos, polvo, residuos y microbiol\u00f3gicos\" \/>\n<meta property=\"og:url\" content=\"https:\/\/www.hidrolab.org\/fr\/analyses-des-eaux-1\/\" \/>\n<meta property=\"og:site_name\" content=\"Fran\u00e7ais\" \/>\n<meta property=\"article:modified_time\" content=\"2022-03-07T14:38:47+00:00\" \/>\n<meta property=\"og:image\" content=\"https:\/\/www.hidrolab.org\/fr\/wp-content\/uploads\/sites\/4\/2018\/08\/laboratorio-hidrolab.jpg\" \/>\n\t<meta property=\"og:image:width\" content=\"900\" \/>\n\t<meta property=\"og:image:height\" content=\"600\" \/>\n\t<meta property=\"og:image:type\" content=\"image\/jpeg\" \/>\n<meta name=\"twitter:card\" content=\"summary_large_image\" \/>\n<script type=\"application\/ld+json\" class=\"yoast-schema-graph\">{\"@context\":\"https:\/\/schema.org\",\"@graph\":[{\"@type\":\"WebPage\",\"@id\":\"https:\/\/www.hidrolab.org\/fr\/analyses-des-eaux-1\/\",\"url\":\"https:\/\/www.hidrolab.org\/fr\/analyses-des-eaux-1\/\",\"name\":\"Entreprise - Fran\u00e7ais\",\"isPartOf\":{\"@id\":\"https:\/\/www.hidrolab.org\/fr\/#website\"},\"datePublished\":\"2018-08-03T07:55:06+00:00\",\"dateModified\":\"2022-03-07T14:38:47+00:00\",\"description\":\"Hidrolab cuenta m\u00e1s de 20 a\u00f1os de experiencia en todo lo relacionado con el an\u00e1lisis de agua, qu\u00edmicos , lodos, polvo, residuos y microbiol\u00f3gicos\",\"breadcrumb\":{\"@id\":\"https:\/\/www.hidrolab.org\/fr\/analyses-des-eaux-1\/#breadcrumb\"},\"inLanguage\":\"fr-FR\",\"potentialAction\":[{\"@type\":\"ReadAction\",\"target\":[\"https:\/\/www.hidrolab.org\/fr\/analyses-des-eaux-1\/\"]}]},{\"@type\":\"BreadcrumbList\",\"@id\":\"https:\/\/www.hidrolab.org\/fr\/analyses-des-eaux-1\/#breadcrumb\",\"itemListElement\":[{\"@type\":\"ListItem\",\"position\":1,\"name\":\"Portada\",\"item\":\"https:\/\/www.hidrolab.org\/fr\/\"},{\"@type\":\"ListItem\",\"position\":2,\"name\":\"Entreprise\"}]},{\"@type\":\"WebSite\",\"@id\":\"https:\/\/www.hidrolab.org\/fr\/#website\",\"url\":\"https:\/\/www.hidrolab.org\/fr\/\",\"name\":\"Fran\u00e7ais\",\"description\":\"An\u00e1lisis de aguas\",\"publisher\":{\"@id\":\"https:\/\/www.hidrolab.org\/fr\/#organization\"},\"potentialAction\":[{\"@type\":\"SearchAction\",\"target\":{\"@type\":\"EntryPoint\",\"urlTemplate\":\"https:\/\/www.hidrolab.org\/fr\/?s={search_term_string}\"},\"query-input\":\"required name=search_term_string\"}],\"inLanguage\":\"fr-FR\"},{\"@type\":\"Organization\",\"@id\":\"https:\/\/www.hidrolab.org\/fr\/#organization\",\"name\":\"Fran\u00e7ais\",\"url\":\"https:\/\/www.hidrolab.org\/fr\/\",\"sameAs\":[],\"logo\":{\"@type\":\"ImageObject\",\"inLanguage\":\"fr-FR\",\"@id\":\"https:\/\/www.hidrolab.org\/fr\/#\/schema\/logo\/image\/\",\"url\":\"https:\/\/www.hidrolab.org\/fr\/wp-content\/uploads\/sites\/4\/2018\/08\/Logo-Completo.png\",\"contentUrl\":\"https:\/\/www.hidrolab.org\/fr\/wp-content\/uploads\/sites\/4\/2018\/08\/Logo-Completo.png\",\"width\":1680,\"height\":440,\"caption\":\"Fran\u00e7ais\"},\"image\":{\"@id\":\"https:\/\/www.hidrolab.org\/fr\/#\/schema\/logo\/image\/\"}}]}<\/script>\n<!-- \/ Yoast SEO plugin. -->","yoast_head_json":{"title":"Entreprise - Fran\u00e7ais","description":"Hidrolab cuenta m\u00e1s de 20 a\u00f1os de experiencia en todo lo relacionado con el an\u00e1lisis de agua, qu\u00edmicos , lodos, polvo, residuos y microbiol\u00f3gicos","robots":{"index":"index","follow":"follow","max-snippet":"max-snippet:-1","max-image-preview":"max-image-preview:large","max-video-preview":"max-video-preview:-1"},"canonical":"https:\/\/www.hidrolab.org\/fr\/analyses-des-eaux-1\/","og_locale":"fr_FR","og_type":"article","og_title":"Entreprise - Fran\u00e7ais","og_description":"Hidrolab cuenta m\u00e1s de 20 a\u00f1os de experiencia en todo lo relacionado con el an\u00e1lisis de agua, qu\u00edmicos , lodos, polvo, residuos y microbiol\u00f3gicos","og_url":"https:\/\/www.hidrolab.org\/fr\/analyses-des-eaux-1\/","og_site_name":"Fran\u00e7ais","article_modified_time":"2022-03-07T14:38:47+00:00","og_image":[{"width":900,"height":600,"url":"https:\/\/www.hidrolab.org\/fr\/wp-content\/uploads\/sites\/4\/2018\/08\/laboratorio-hidrolab.jpg","type":"image\/jpeg"}],"twitter_card":"summary_large_image","schema":{"@context":"https:\/\/schema.org","@graph":[{"@type":"WebPage","@id":"https:\/\/www.hidrolab.org\/fr\/analyses-des-eaux-1\/","url":"https:\/\/www.hidrolab.org\/fr\/analyses-des-eaux-1\/","name":"Entreprise - Fran\u00e7ais","isPartOf":{"@id":"https:\/\/www.hidrolab.org\/fr\/#website"},"datePublished":"2018-08-03T07:55:06+00:00","dateModified":"2022-03-07T14:38:47+00:00","description":"Hidrolab cuenta m\u00e1s de 20 a\u00f1os de experiencia en todo lo relacionado con el an\u00e1lisis de agua, qu\u00edmicos , lodos, polvo, residuos y microbiol\u00f3gicos","breadcrumb":{"@id":"https:\/\/www.hidrolab.org\/fr\/analyses-des-eaux-1\/#breadcrumb"},"inLanguage":"fr-FR","potentialAction":[{"@type":"ReadAction","target":["https:\/\/www.hidrolab.org\/fr\/analyses-des-eaux-1\/"]}]},{"@type":"BreadcrumbList","@id":"https:\/\/www.hidrolab.org\/fr\/analyses-des-eaux-1\/#breadcrumb","itemListElement":[{"@type":"ListItem","position":1,"name":"Portada","item":"https:\/\/www.hidrolab.org\/fr\/"},{"@type":"ListItem","position":2,"name":"Entreprise"}]},{"@type":"WebSite","@id":"https:\/\/www.hidrolab.org\/fr\/#website","url":"https:\/\/www.hidrolab.org\/fr\/","name":"Fran\u00e7ais","description":"An\u00e1lisis de aguas","publisher":{"@id":"https:\/\/www.hidrolab.org\/fr\/#organization"},"potentialAction":[{"@type":"SearchAction","target":{"@type":"EntryPoint","urlTemplate":"https:\/\/www.hidrolab.org\/fr\/?s={search_term_string}"},"query-input":"required name=search_term_string"}],"inLanguage":"fr-FR"},{"@type":"Organization","@id":"https:\/\/www.hidrolab.org\/fr\/#organization","name":"Fran\u00e7ais","url":"https:\/\/www.hidrolab.org\/fr\/","sameAs":[],"logo":{"@type":"ImageObject","inLanguage":"fr-FR","@id":"https:\/\/www.hidrolab.org\/fr\/#\/schema\/logo\/image\/","url":"https:\/\/www.hidrolab.org\/fr\/wp-content\/uploads\/sites\/4\/2018\/08\/Logo-Completo.png","contentUrl":"https:\/\/www.hidrolab.org\/fr\/wp-content\/uploads\/sites\/4\/2018\/08\/Logo-Completo.png","width":1680,"height":440,"caption":"Fran\u00e7ais"},"image":{"@id":"https:\/\/www.hidrolab.org\/fr\/#\/schema\/logo\/image\/"}}]}},"_links":{"self":[{"href":"https:\/\/www.hidrolab.org\/fr\/wp-json\/wp\/v2\/pages\/1534"}],"collection":[{"href":"https:\/\/www.hidrolab.org\/fr\/wp-json\/wp\/v2\/pages"}],"about":[{"href":"https:\/\/www.hidrolab.org\/fr\/wp-json\/wp\/v2\/types\/page"}],"author":[{"embeddable":true,"href":"https:\/\/www.hidrolab.org\/fr\/wp-json\/wp\/v2\/users\/1"}],"replies":[{"embeddable":true,"href":"https:\/\/www.hidrolab.org\/fr\/wp-json\/wp\/v2\/comments?post=1534"}],"version-history":[{"count":24,"href":"https:\/\/www.hidrolab.org\/fr\/wp-json\/wp\/v2\/pages\/1534\/revisions"}],"predecessor-version":[{"id":2081,"href":"https:\/\/www.hidrolab.org\/fr\/wp-json\/wp\/v2\/pages\/1534\/revisions\/2081"}],"wp:featuredmedia":[{"embeddable":true,"href":"https:\/\/www.hidrolab.org\/fr\/wp-json\/wp\/v2\/media\/1665"}],"wp:attachment":[{"href":"https:\/\/www.hidrolab.org\/fr\/wp-json\/wp\/v2\/media?parent=1534"}],"curies":[{"name":"wp","href":"https:\/\/api.w.org\/{rel}","templated":true}]}}