{"id":1570,"date":"2018-08-03T10:50:07","date_gmt":"2018-08-03T10:50:07","guid":{"rendered":"https:\/\/www.hidrolab.org\/?page_id=1570"},"modified":"2019-09-28T18:14:09","modified_gmt":"2019-09-28T16:14:09","slug":"measuring-equipment-1","status":"publish","type":"page","link":"https:\/\/www.hidrolab.org\/en\/measuring-equipment\/measuring-equipment-1\/","title":{"rendered":"Other measuring equipment"},"content":{"rendered":"\n<h2> Measurement of flow in open chanel \u00a0 <\/h2>\n\n\n\n<p> At Hidrolab we offer systems of measurement of flow in open channel designed for different applications. We have systems for easy measuring and reliable records as:\u2022\u00a0\u00a0 \u00a0Ultrasonic level sensor.<\/p>\n\n\n\n<p>\u2022\u00a0\u00a0 \u00a0Pitot tube for speed.<br>\u2022\u00a0\u00a0 \u00a0Level spillway or canal Parshall <\/p>\n\n\n\n<h2>Gas analizers.<\/h2>\n\n\n\n<p>\n\nAnalyzer of electrochemical cells of solid state with capacity for the measurement of following gases:<\/p>\n\n\n\n<ul><li>SO2<\/li><li>NO<\/li><li>NO2<\/li><li>O2<\/li><li>CO<\/li><li>CO2<\/li><li>VOCs<\/li><\/ul>\n\n\n\n<p>Generation gas analyzer&nbsp;<\/p>\n\n\n\n<ul><li>O2<\/li><li>CO<\/li><li>CO2<\/li><li>H2<\/li><li>H.C.<\/li><\/ul>\n\n\n\n<p>Others&nbsp;<\/p>\n\n\n\n<ul><li>NH3<\/li><li>O3<\/li><\/ul>\n\n\n\n<h2> Pilot plant of anaerobic purification\u00a0 <\/h2>\n\n\n\n<p>\n\nAnaerobic digestion system with controlled feeding of samples and reagents. Also regulation of:<\/p>\n\n\n\n<ul><li>pH<\/li><li>pRedox<\/li><li>Temperature<\/li><li>Dissolved Oxygen<\/li><li>Sampled gas volume<\/li><\/ul>\n","protected":false},"excerpt":{"rendered":"<p>Measurement of flow in open chanel \u00a0 At Hidrolab we offer systems of measurement of flow in open channel designed for different applications. We have systems for easy measuring and reliable records as:\u2022\u00a0\u00a0 \u00a0Ultrasonic level sensor. \u2022\u00a0\u00a0 \u00a0Pitot tube for speed.\u2022\u00a0\u00a0 \u00a0Level spillway or canal Parshall Gas analizers. Analyzer of electrochemical cells of solid state [&hellip;]<\/p>\n","protected":false},"author":1,"featured_media":1971,"parent":1564,"menu_order":0,"comment_status":"closed","ping_status":"closed","template":"","meta":{"_monsterinsights_skip_tracking":false,"_monsterinsights_sitenote_active":false,"_monsterinsights_sitenote_note":"","_monsterinsights_sitenote_category":0,"_genesis_hide_title":false,"_genesis_hide_breadcrumbs":false,"_genesis_hide_singular_image":false,"_genesis_hide_footer_widgets":false,"_genesis_custom_body_class":"","_genesis_custom_post_class":"","_genesis_layout":""},"yoast_head":"<!-- This site is optimized with the Yoast SEO plugin v19.6.1 - https:\/\/yoast.com\/wordpress\/plugins\/seo\/ -->\n<title>Other measuring equipment - Hidrolab<\/title>\n<meta name=\"description\" content=\"En Hidrolab contamos con otros equipos de analizadores de gases: combusti\u00f3n, generaci\u00f3n, medici\u00f3n de caudal en canal abierto, depuraci\u00f3n anaerobia, etc.\" \/>\n<meta name=\"robots\" content=\"index, follow, max-snippet:-1, max-image-preview:large, max-video-preview:-1\" \/>\n<link rel=\"canonical\" href=\"https:\/\/www.hidrolab.org\/en\/measuring-equipment\/measuring-equipment-1\/\" \/>\n<meta property=\"og:locale\" content=\"en_GB\" \/>\n<meta property=\"og:type\" content=\"article\" \/>\n<meta property=\"og:title\" content=\"Other measuring equipment - Hidrolab\" \/>\n<meta property=\"og:description\" content=\"En Hidrolab contamos con otros equipos de analizadores de gases: combusti\u00f3n, generaci\u00f3n, medici\u00f3n de caudal en canal abierto, depuraci\u00f3n anaerobia, etc.\" \/>\n<meta property=\"og:url\" content=\"https:\/\/www.hidrolab.org\/en\/measuring-equipment\/measuring-equipment-1\/\" \/>\n<meta property=\"og:site_name\" content=\"Hidrolab\" \/>\n<meta property=\"article:modified_time\" content=\"2019-09-28T16:14:09+00:00\" \/>\n<meta property=\"og:image\" content=\"https:\/\/www.hidrolab.org\/en\/wp-content\/uploads\/sites\/3\/2019\/01\/otros-equipos-2.jpg\" \/>\n\t<meta property=\"og:image:width\" content=\"599\" \/>\n\t<meta property=\"og:image:height\" content=\"153\" \/>\n\t<meta property=\"og:image:type\" content=\"image\/jpeg\" \/>\n<meta name=\"twitter:card\" content=\"summary_large_image\" \/>\n<script type=\"application\/ld+json\" class=\"yoast-schema-graph\">{\"@context\":\"https:\/\/schema.org\",\"@graph\":[{\"@type\":\"WebPage\",\"@id\":\"https:\/\/www.hidrolab.org\/en\/measuring-equipment\/measuring-equipment-1\/\",\"url\":\"https:\/\/www.hidrolab.org\/en\/measuring-equipment\/measuring-equipment-1\/\",\"name\":\"Other measuring equipment - Hidrolab\",\"isPartOf\":{\"@id\":\"https:\/\/www.hidrolab.org\/en\/#website\"},\"datePublished\":\"2018-08-03T10:50:07+00:00\",\"dateModified\":\"2019-09-28T16:14:09+00:00\",\"description\":\"En Hidrolab contamos con otros equipos de analizadores de gases: combusti\u00f3n, generaci\u00f3n, medici\u00f3n de caudal en canal abierto, depuraci\u00f3n anaerobia, etc.\",\"breadcrumb\":{\"@id\":\"https:\/\/www.hidrolab.org\/en\/measuring-equipment\/measuring-equipment-1\/#breadcrumb\"},\"inLanguage\":\"en-GB\",\"potentialAction\":[{\"@type\":\"ReadAction\",\"target\":[\"https:\/\/www.hidrolab.org\/en\/measuring-equipment\/measuring-equipment-1\/\"]}]},{\"@type\":\"BreadcrumbList\",\"@id\":\"https:\/\/www.hidrolab.org\/en\/measuring-equipment\/measuring-equipment-1\/#breadcrumb\",\"itemListElement\":[{\"@type\":\"ListItem\",\"position\":1,\"name\":\"Portada\",\"item\":\"https:\/\/www.hidrolab.org\/en\/\"},{\"@type\":\"ListItem\",\"position\":2,\"name\":\"MEASUREMENT EQUIPMENT\",\"item\":\"https:\/\/www.hidrolab.org\/en\/measuring-equipment\/\"},{\"@type\":\"ListItem\",\"position\":3,\"name\":\"Other measuring equipment\"}]},{\"@type\":\"WebSite\",\"@id\":\"https:\/\/www.hidrolab.org\/en\/#website\",\"url\":\"https:\/\/www.hidrolab.org\/en\/\",\"name\":\"Hidrolab\",\"description\":\"An\u00e1lisis de aguas\",\"publisher\":{\"@id\":\"https:\/\/www.hidrolab.org\/en\/#organization\"},\"potentialAction\":[{\"@type\":\"SearchAction\",\"target\":{\"@type\":\"EntryPoint\",\"urlTemplate\":\"https:\/\/www.hidrolab.org\/en\/?s={search_term_string}\"},\"query-input\":\"required name=search_term_string\"}],\"inLanguage\":\"en-GB\"},{\"@type\":\"Organization\",\"@id\":\"https:\/\/www.hidrolab.org\/en\/#organization\",\"name\":\"Hidrolab\",\"url\":\"https:\/\/www.hidrolab.org\/en\/\",\"sameAs\":[],\"logo\":{\"@type\":\"ImageObject\",\"inLanguage\":\"en-GB\",\"@id\":\"https:\/\/www.hidrolab.org\/en\/#\/schema\/logo\/image\/\",\"url\":\"https:\/\/www.hidrolab.org\/en\/wp-content\/uploads\/sites\/3\/2018\/08\/Logo-Completo.png\",\"contentUrl\":\"https:\/\/www.hidrolab.org\/en\/wp-content\/uploads\/sites\/3\/2018\/08\/Logo-Completo.png\",\"width\":1680,\"height\":440,\"caption\":\"Hidrolab\"},\"image\":{\"@id\":\"https:\/\/www.hidrolab.org\/en\/#\/schema\/logo\/image\/\"}}]}<\/script>\n<!-- \/ Yoast SEO plugin. -->","yoast_head_json":{"title":"Other measuring equipment - Hidrolab","description":"En Hidrolab contamos con otros equipos de analizadores de gases: combusti\u00f3n, generaci\u00f3n, medici\u00f3n de caudal en canal abierto, depuraci\u00f3n anaerobia, etc.","robots":{"index":"index","follow":"follow","max-snippet":"max-snippet:-1","max-image-preview":"max-image-preview:large","max-video-preview":"max-video-preview:-1"},"canonical":"https:\/\/www.hidrolab.org\/en\/measuring-equipment\/measuring-equipment-1\/","og_locale":"en_GB","og_type":"article","og_title":"Other measuring equipment - Hidrolab","og_description":"En Hidrolab contamos con otros equipos de analizadores de gases: combusti\u00f3n, generaci\u00f3n, medici\u00f3n de caudal en canal abierto, depuraci\u00f3n anaerobia, etc.","og_url":"https:\/\/www.hidrolab.org\/en\/measuring-equipment\/measuring-equipment-1\/","og_site_name":"Hidrolab","article_modified_time":"2019-09-28T16:14:09+00:00","og_image":[{"width":599,"height":153,"url":"https:\/\/www.hidrolab.org\/en\/wp-content\/uploads\/sites\/3\/2019\/01\/otros-equipos-2.jpg","type":"image\/jpeg"}],"twitter_card":"summary_large_image","schema":{"@context":"https:\/\/schema.org","@graph":[{"@type":"WebPage","@id":"https:\/\/www.hidrolab.org\/en\/measuring-equipment\/measuring-equipment-1\/","url":"https:\/\/www.hidrolab.org\/en\/measuring-equipment\/measuring-equipment-1\/","name":"Other measuring equipment - Hidrolab","isPartOf":{"@id":"https:\/\/www.hidrolab.org\/en\/#website"},"datePublished":"2018-08-03T10:50:07+00:00","dateModified":"2019-09-28T16:14:09+00:00","description":"En Hidrolab contamos con otros equipos de analizadores de gases: combusti\u00f3n, generaci\u00f3n, medici\u00f3n de caudal en canal abierto, depuraci\u00f3n anaerobia, etc.","breadcrumb":{"@id":"https:\/\/www.hidrolab.org\/en\/measuring-equipment\/measuring-equipment-1\/#breadcrumb"},"inLanguage":"en-GB","potentialAction":[{"@type":"ReadAction","target":["https:\/\/www.hidrolab.org\/en\/measuring-equipment\/measuring-equipment-1\/"]}]},{"@type":"BreadcrumbList","@id":"https:\/\/www.hidrolab.org\/en\/measuring-equipment\/measuring-equipment-1\/#breadcrumb","itemListElement":[{"@type":"ListItem","position":1,"name":"Portada","item":"https:\/\/www.hidrolab.org\/en\/"},{"@type":"ListItem","position":2,"name":"MEASUREMENT EQUIPMENT","item":"https:\/\/www.hidrolab.org\/en\/measuring-equipment\/"},{"@type":"ListItem","position":3,"name":"Other measuring equipment"}]},{"@type":"WebSite","@id":"https:\/\/www.hidrolab.org\/en\/#website","url":"https:\/\/www.hidrolab.org\/en\/","name":"Hidrolab","description":"An\u00e1lisis de aguas","publisher":{"@id":"https:\/\/www.hidrolab.org\/en\/#organization"},"potentialAction":[{"@type":"SearchAction","target":{"@type":"EntryPoint","urlTemplate":"https:\/\/www.hidrolab.org\/en\/?s={search_term_string}"},"query-input":"required name=search_term_string"}],"inLanguage":"en-GB"},{"@type":"Organization","@id":"https:\/\/www.hidrolab.org\/en\/#organization","name":"Hidrolab","url":"https:\/\/www.hidrolab.org\/en\/","sameAs":[],"logo":{"@type":"ImageObject","inLanguage":"en-GB","@id":"https:\/\/www.hidrolab.org\/en\/#\/schema\/logo\/image\/","url":"https:\/\/www.hidrolab.org\/en\/wp-content\/uploads\/sites\/3\/2018\/08\/Logo-Completo.png","contentUrl":"https:\/\/www.hidrolab.org\/en\/wp-content\/uploads\/sites\/3\/2018\/08\/Logo-Completo.png","width":1680,"height":440,"caption":"Hidrolab"},"image":{"@id":"https:\/\/www.hidrolab.org\/en\/#\/schema\/logo\/image\/"}}]}},"_links":{"self":[{"href":"https:\/\/www.hidrolab.org\/en\/wp-json\/wp\/v2\/pages\/1570"}],"collection":[{"href":"https:\/\/www.hidrolab.org\/en\/wp-json\/wp\/v2\/pages"}],"about":[{"href":"https:\/\/www.hidrolab.org\/en\/wp-json\/wp\/v2\/types\/page"}],"author":[{"embeddable":true,"href":"https:\/\/www.hidrolab.org\/en\/wp-json\/wp\/v2\/users\/1"}],"replies":[{"embeddable":true,"href":"https:\/\/www.hidrolab.org\/en\/wp-json\/wp\/v2\/comments?post=1570"}],"version-history":[{"count":4,"href":"https:\/\/www.hidrolab.org\/en\/wp-json\/wp\/v2\/pages\/1570\/revisions"}],"predecessor-version":[{"id":2069,"href":"https:\/\/www.hidrolab.org\/en\/wp-json\/wp\/v2\/pages\/1570\/revisions\/2069"}],"up":[{"embeddable":true,"href":"https:\/\/www.hidrolab.org\/en\/wp-json\/wp\/v2\/pages\/1564"}],"wp:featuredmedia":[{"embeddable":true,"href":"https:\/\/www.hidrolab.org\/en\/wp-json\/wp\/v2\/media\/1971"}],"wp:attachment":[{"href":"https:\/\/www.hidrolab.org\/en\/wp-json\/wp\/v2\/media?parent=1570"}],"curies":[{"name":"wp","href":"https:\/\/api.w.org\/{rel}","templated":true}]}}