{"id":1562,"date":"2018-08-03T10:43:45","date_gmt":"2018-08-03T10:43:45","guid":{"rendered":"https:\/\/www.hidrolab.org\/?page_id=1562"},"modified":"2022-04-17T20:23:17","modified_gmt":"2022-04-17T18:23:17","slug":"others","status":"publish","type":"page","link":"https:\/\/www.hidrolab.org\/en\/tratamientos\/others\/","title":{"rendered":"Others"},"content":{"rendered":"\n<p>\n\nIn Hidrolab we performed:<br><\/p>\n\n\n\n<h2>Water reuse<\/h2>\n\n\n\n<p>From raw waste water we can obtain purified water for machinery or car washing.<\/p>\n\n\n\n<h2>Sieve static<\/h2>\n\n\n\n<p>Elimination of thick and medium solids, prior to the entry of any treatment. Built in mesh type Johnson of different steps of grid. Designed to the largest flow.<\/p>\n\n\n\n<h2>Sieve with continuous sweeper<\/h2>\n\n\n\n<p>Device of constant scanning of accumulation of separated solids on the mesh of the sieve. <\/p>\n","protected":false},"excerpt":{"rendered":"<p>In Hidrolab we performed: Water reuse From raw waste water we can obtain purified water for machinery or car washing. Sieve static Elimination of thick and medium solids, prior to the entry of any treatment. Built in mesh type Johnson of different steps of grid. Designed to the largest flow. Sieve with continuous sweeper Device [&hellip;]<\/p>\n","protected":false},"author":1,"featured_media":1968,"parent":1550,"menu_order":0,"comment_status":"closed","ping_status":"closed","template":"","meta":{"_monsterinsights_skip_tracking":false,"_monsterinsights_sitenote_active":false,"_monsterinsights_sitenote_note":"","_monsterinsights_sitenote_category":0,"_genesis_hide_title":false,"_genesis_hide_breadcrumbs":false,"_genesis_hide_singular_image":false,"_genesis_hide_footer_widgets":false,"_genesis_custom_body_class":"","_genesis_custom_post_class":"","_genesis_layout":""},"yoast_head":"<!-- This site is optimized with the Yoast SEO plugin v19.6.1 - https:\/\/yoast.com\/wordpress\/plugins\/seo\/ -->\n<title>Others - Hidrolab<\/title>\n<meta name=\"description\" content=\"Contamos con otros equipos de tamiz est\u00e1tico, permite la eliminaci\u00f3n de s\u00f3lidos gruesos y medianos, tamiz con barredor continuo, reutilizaci\u00f3n de aguas, etc\" \/>\n<meta name=\"robots\" content=\"index, follow, max-snippet:-1, max-image-preview:large, max-video-preview:-1\" \/>\n<link rel=\"canonical\" href=\"https:\/\/www.hidrolab.org\/en\/tratamientos\/others\/\" \/>\n<meta property=\"og:locale\" content=\"en_GB\" \/>\n<meta property=\"og:type\" content=\"article\" \/>\n<meta property=\"og:title\" content=\"Others - Hidrolab\" \/>\n<meta property=\"og:description\" content=\"Contamos con otros equipos de tamiz est\u00e1tico, permite la eliminaci\u00f3n de s\u00f3lidos gruesos y medianos, tamiz con barredor continuo, reutilizaci\u00f3n de aguas, etc\" \/>\n<meta property=\"og:url\" content=\"https:\/\/www.hidrolab.org\/en\/tratamientos\/others\/\" \/>\n<meta property=\"og:site_name\" content=\"Hidrolab\" \/>\n<meta property=\"article:modified_time\" content=\"2022-04-17T18:23:17+00:00\" \/>\n<meta property=\"og:image\" content=\"https:\/\/www.hidrolab.org\/en\/wp-content\/uploads\/sites\/3\/2019\/01\/tratamientos-otros.jpg\" \/>\n\t<meta property=\"og:image:width\" content=\"600\" \/>\n\t<meta property=\"og:image:height\" content=\"450\" \/>\n\t<meta property=\"og:image:type\" content=\"image\/jpeg\" \/>\n<meta name=\"twitter:card\" content=\"summary_large_image\" \/>\n<script type=\"application\/ld+json\" class=\"yoast-schema-graph\">{\"@context\":\"https:\/\/schema.org\",\"@graph\":[{\"@type\":\"WebPage\",\"@id\":\"https:\/\/www.hidrolab.org\/en\/tratamientos\/others\/\",\"url\":\"https:\/\/www.hidrolab.org\/en\/tratamientos\/others\/\",\"name\":\"Others - Hidrolab\",\"isPartOf\":{\"@id\":\"https:\/\/www.hidrolab.org\/en\/#website\"},\"datePublished\":\"2018-08-03T10:43:45+00:00\",\"dateModified\":\"2022-04-17T18:23:17+00:00\",\"description\":\"Contamos con otros equipos de tamiz est\u00e1tico, permite la eliminaci\u00f3n de s\u00f3lidos gruesos y medianos, tamiz con barredor continuo, reutilizaci\u00f3n de aguas, etc\",\"breadcrumb\":{\"@id\":\"https:\/\/www.hidrolab.org\/en\/tratamientos\/others\/#breadcrumb\"},\"inLanguage\":\"en-GB\",\"potentialAction\":[{\"@type\":\"ReadAction\",\"target\":[\"https:\/\/www.hidrolab.org\/en\/tratamientos\/others\/\"]}]},{\"@type\":\"BreadcrumbList\",\"@id\":\"https:\/\/www.hidrolab.org\/en\/tratamientos\/others\/#breadcrumb\",\"itemListElement\":[{\"@type\":\"ListItem\",\"position\":1,\"name\":\"Portada\",\"item\":\"https:\/\/www.hidrolab.org\/en\/\"},{\"@type\":\"ListItem\",\"position\":2,\"name\":\"TREATMENT PROCESS FOR ENVIRONMENTAL REMEDIATION\",\"item\":\"https:\/\/www.hidrolab.org\/en\/tratamientos\/\"},{\"@type\":\"ListItem\",\"position\":3,\"name\":\"Others\"}]},{\"@type\":\"WebSite\",\"@id\":\"https:\/\/www.hidrolab.org\/en\/#website\",\"url\":\"https:\/\/www.hidrolab.org\/en\/\",\"name\":\"Hidrolab\",\"description\":\"An\u00e1lisis de aguas\",\"publisher\":{\"@id\":\"https:\/\/www.hidrolab.org\/en\/#organization\"},\"potentialAction\":[{\"@type\":\"SearchAction\",\"target\":{\"@type\":\"EntryPoint\",\"urlTemplate\":\"https:\/\/www.hidrolab.org\/en\/?s={search_term_string}\"},\"query-input\":\"required name=search_term_string\"}],\"inLanguage\":\"en-GB\"},{\"@type\":\"Organization\",\"@id\":\"https:\/\/www.hidrolab.org\/en\/#organization\",\"name\":\"Hidrolab\",\"url\":\"https:\/\/www.hidrolab.org\/en\/\",\"sameAs\":[],\"logo\":{\"@type\":\"ImageObject\",\"inLanguage\":\"en-GB\",\"@id\":\"https:\/\/www.hidrolab.org\/en\/#\/schema\/logo\/image\/\",\"url\":\"https:\/\/www.hidrolab.org\/en\/wp-content\/uploads\/sites\/3\/2018\/08\/Logo-Completo.png\",\"contentUrl\":\"https:\/\/www.hidrolab.org\/en\/wp-content\/uploads\/sites\/3\/2018\/08\/Logo-Completo.png\",\"width\":1680,\"height\":440,\"caption\":\"Hidrolab\"},\"image\":{\"@id\":\"https:\/\/www.hidrolab.org\/en\/#\/schema\/logo\/image\/\"}}]}<\/script>\n<!-- \/ Yoast SEO plugin. -->","yoast_head_json":{"title":"Others - Hidrolab","description":"Contamos con otros equipos de tamiz est\u00e1tico, permite la eliminaci\u00f3n de s\u00f3lidos gruesos y medianos, tamiz con barredor continuo, reutilizaci\u00f3n de aguas, etc","robots":{"index":"index","follow":"follow","max-snippet":"max-snippet:-1","max-image-preview":"max-image-preview:large","max-video-preview":"max-video-preview:-1"},"canonical":"https:\/\/www.hidrolab.org\/en\/tratamientos\/others\/","og_locale":"en_GB","og_type":"article","og_title":"Others - Hidrolab","og_description":"Contamos con otros equipos de tamiz est\u00e1tico, permite la eliminaci\u00f3n de s\u00f3lidos gruesos y medianos, tamiz con barredor continuo, reutilizaci\u00f3n de aguas, etc","og_url":"https:\/\/www.hidrolab.org\/en\/tratamientos\/others\/","og_site_name":"Hidrolab","article_modified_time":"2022-04-17T18:23:17+00:00","og_image":[{"width":600,"height":450,"url":"https:\/\/www.hidrolab.org\/en\/wp-content\/uploads\/sites\/3\/2019\/01\/tratamientos-otros.jpg","type":"image\/jpeg"}],"twitter_card":"summary_large_image","schema":{"@context":"https:\/\/schema.org","@graph":[{"@type":"WebPage","@id":"https:\/\/www.hidrolab.org\/en\/tratamientos\/others\/","url":"https:\/\/www.hidrolab.org\/en\/tratamientos\/others\/","name":"Others - Hidrolab","isPartOf":{"@id":"https:\/\/www.hidrolab.org\/en\/#website"},"datePublished":"2018-08-03T10:43:45+00:00","dateModified":"2022-04-17T18:23:17+00:00","description":"Contamos con otros equipos de tamiz est\u00e1tico, permite la eliminaci\u00f3n de s\u00f3lidos gruesos y medianos, tamiz con barredor continuo, reutilizaci\u00f3n de aguas, etc","breadcrumb":{"@id":"https:\/\/www.hidrolab.org\/en\/tratamientos\/others\/#breadcrumb"},"inLanguage":"en-GB","potentialAction":[{"@type":"ReadAction","target":["https:\/\/www.hidrolab.org\/en\/tratamientos\/others\/"]}]},{"@type":"BreadcrumbList","@id":"https:\/\/www.hidrolab.org\/en\/tratamientos\/others\/#breadcrumb","itemListElement":[{"@type":"ListItem","position":1,"name":"Portada","item":"https:\/\/www.hidrolab.org\/en\/"},{"@type":"ListItem","position":2,"name":"TREATMENT PROCESS FOR ENVIRONMENTAL REMEDIATION","item":"https:\/\/www.hidrolab.org\/en\/tratamientos\/"},{"@type":"ListItem","position":3,"name":"Others"}]},{"@type":"WebSite","@id":"https:\/\/www.hidrolab.org\/en\/#website","url":"https:\/\/www.hidrolab.org\/en\/","name":"Hidrolab","description":"An\u00e1lisis de aguas","publisher":{"@id":"https:\/\/www.hidrolab.org\/en\/#organization"},"potentialAction":[{"@type":"SearchAction","target":{"@type":"EntryPoint","urlTemplate":"https:\/\/www.hidrolab.org\/en\/?s={search_term_string}"},"query-input":"required name=search_term_string"}],"inLanguage":"en-GB"},{"@type":"Organization","@id":"https:\/\/www.hidrolab.org\/en\/#organization","name":"Hidrolab","url":"https:\/\/www.hidrolab.org\/en\/","sameAs":[],"logo":{"@type":"ImageObject","inLanguage":"en-GB","@id":"https:\/\/www.hidrolab.org\/en\/#\/schema\/logo\/image\/","url":"https:\/\/www.hidrolab.org\/en\/wp-content\/uploads\/sites\/3\/2018\/08\/Logo-Completo.png","contentUrl":"https:\/\/www.hidrolab.org\/en\/wp-content\/uploads\/sites\/3\/2018\/08\/Logo-Completo.png","width":1680,"height":440,"caption":"Hidrolab"},"image":{"@id":"https:\/\/www.hidrolab.org\/en\/#\/schema\/logo\/image\/"}}]}},"_links":{"self":[{"href":"https:\/\/www.hidrolab.org\/en\/wp-json\/wp\/v2\/pages\/1562"}],"collection":[{"href":"https:\/\/www.hidrolab.org\/en\/wp-json\/wp\/v2\/pages"}],"about":[{"href":"https:\/\/www.hidrolab.org\/en\/wp-json\/wp\/v2\/types\/page"}],"author":[{"embeddable":true,"href":"https:\/\/www.hidrolab.org\/en\/wp-json\/wp\/v2\/users\/1"}],"replies":[{"embeddable":true,"href":"https:\/\/www.hidrolab.org\/en\/wp-json\/wp\/v2\/comments?post=1562"}],"version-history":[{"count":4,"href":"https:\/\/www.hidrolab.org\/en\/wp-json\/wp\/v2\/pages\/1562\/revisions"}],"predecessor-version":[{"id":2319,"href":"https:\/\/www.hidrolab.org\/en\/wp-json\/wp\/v2\/pages\/1562\/revisions\/2319"}],"up":[{"embeddable":true,"href":"https:\/\/www.hidrolab.org\/en\/wp-json\/wp\/v2\/pages\/1550"}],"wp:featuredmedia":[{"embeddable":true,"href":"https:\/\/www.hidrolab.org\/en\/wp-json\/wp\/v2\/media\/1968"}],"wp:attachment":[{"href":"https:\/\/www.hidrolab.org\/en\/wp-json\/wp\/v2\/media?parent=1562"}],"curies":[{"name":"wp","href":"https:\/\/api.w.org\/{rel}","templated":true}]}}