{"id":1560,"date":"2018-08-03T10:43:05","date_gmt":"2018-08-03T10:43:05","guid":{"rendered":"https:\/\/www.hidrolab.org\/?page_id=1560"},"modified":"2022-08-26T19:44:37","modified_gmt":"2022-08-26T17:44:37","slug":"supplying-waters","status":"publish","type":"page","link":"https:\/\/www.hidrolab.org\/en\/tratamientos\/supplying-waters\/","title":{"rendered":"PURIFICATION FOR POTABLE WATERS"},"content":{"rendered":"\n<p> Water purification by means of &nbsp;techniques like Filtration, Softening, Disinfection, Reverse Osmosis, etc. Some applications made are: &nbsp;&nbsp; &nbsp;&nbsp;<\/p>\n\n\n\n<ul><li>\u200bPure water supply systems for laboratory.\u00a0<\/li><li>Recarbonatation of domestic supply waters\u00a0<\/li><li>Ionic interchange.\u00a0<\/li><li>Denitrifiers.\u00a0<\/li><li>Iron removal.\u00a0<\/li><\/ul>\n\n\n<div class=\"wp-block-image\">\n<figure class=\"aligncenter size-full is-resized\"><img loading=\"lazy\" src=\"https:\/\/www.hidrolab.org\/en\/wp-content\/uploads\/sites\/3\/2022\/02\/Aguas-de-abastecimiento.jpg\" alt=\"Aguas de abastecimiento\" class=\"wp-image-2096\" width=\"385\" height=\"513\" srcset=\"https:\/\/www.hidrolab.org\/en\/wp-content\/uploads\/sites\/3\/2022\/02\/Aguas-de-abastecimiento.jpg 600w, https:\/\/www.hidrolab.org\/en\/wp-content\/uploads\/sites\/3\/2022\/02\/Aguas-de-abastecimiento-225x300.jpg 225w\" sizes=\"(max-width: 385px) 100vw, 385px\" \/><\/figure><\/div>","protected":false},"excerpt":{"rendered":"<p>Water purification by means of &nbsp;techniques like Filtration, Softening, Disinfection, Reverse Osmosis, etc. Some applications made are: &nbsp;&nbsp; &nbsp;&nbsp; \u200bPure water supply systems for laboratory.\u00a0 Recarbonatation of domestic supply waters\u00a0 Ionic interchange.\u00a0 Denitrifiers.\u00a0 Iron removal.\u00a0<\/p>\n","protected":false},"author":1,"featured_media":2096,"parent":1550,"menu_order":0,"comment_status":"closed","ping_status":"closed","template":"","meta":{"_monsterinsights_skip_tracking":false,"_monsterinsights_sitenote_active":false,"_monsterinsights_sitenote_note":"","_monsterinsights_sitenote_category":0,"_genesis_hide_title":false,"_genesis_hide_breadcrumbs":false,"_genesis_hide_singular_image":false,"_genesis_hide_footer_widgets":false,"_genesis_custom_body_class":"","_genesis_custom_post_class":"","_genesis_layout":""},"yoast_head":"<!-- This site is optimized with the Yoast SEO plugin v19.6.1 - https:\/\/yoast.com\/wordpress\/plugins\/seo\/ -->\n<title>PURIFICATION FOR POTABLE WATERS - Hidrolab<\/title>\n<meta name=\"description\" content=\"Trabajamos todo lo relacionado con tratamientos de aguas de abastecimiento: Purificaci\u00f3n de aguas por decantaci\u00f3n, eliminaci\u00f3n de ars\u00e9nico, otros t\u00f3xicos,\" \/>\n<meta name=\"robots\" content=\"index, follow, max-snippet:-1, max-image-preview:large, max-video-preview:-1\" \/>\n<link rel=\"canonical\" href=\"https:\/\/www.hidrolab.org\/en\/tratamientos\/supplying-waters\/\" \/>\n<meta property=\"og:locale\" content=\"en_GB\" \/>\n<meta property=\"og:type\" content=\"article\" \/>\n<meta property=\"og:title\" content=\"PURIFICATION FOR POTABLE WATERS - Hidrolab\" \/>\n<meta property=\"og:description\" content=\"Trabajamos todo lo relacionado con tratamientos de aguas de abastecimiento: Purificaci\u00f3n de aguas por decantaci\u00f3n, eliminaci\u00f3n de ars\u00e9nico, otros t\u00f3xicos,\" \/>\n<meta property=\"og:url\" content=\"https:\/\/www.hidrolab.org\/en\/tratamientos\/supplying-waters\/\" \/>\n<meta property=\"og:site_name\" content=\"Hidrolab\" \/>\n<meta property=\"article:modified_time\" content=\"2022-08-26T17:44:37+00:00\" \/>\n<meta property=\"og:image\" content=\"https:\/\/www.hidrolab.org\/en\/wp-content\/uploads\/sites\/3\/2022\/02\/Aguas-de-abastecimiento.jpg\" \/>\n\t<meta property=\"og:image:width\" content=\"600\" \/>\n\t<meta property=\"og:image:height\" content=\"800\" \/>\n\t<meta property=\"og:image:type\" content=\"image\/jpeg\" \/>\n<meta name=\"twitter:card\" content=\"summary_large_image\" \/>\n<script type=\"application\/ld+json\" class=\"yoast-schema-graph\">{\"@context\":\"https:\/\/schema.org\",\"@graph\":[{\"@type\":\"WebPage\",\"@id\":\"https:\/\/www.hidrolab.org\/en\/tratamientos\/supplying-waters\/\",\"url\":\"https:\/\/www.hidrolab.org\/en\/tratamientos\/supplying-waters\/\",\"name\":\"PURIFICATION FOR POTABLE WATERS - Hidrolab\",\"isPartOf\":{\"@id\":\"https:\/\/www.hidrolab.org\/en\/#website\"},\"datePublished\":\"2018-08-03T10:43:05+00:00\",\"dateModified\":\"2022-08-26T17:44:37+00:00\",\"description\":\"Trabajamos todo lo relacionado con tratamientos de aguas de abastecimiento: Purificaci\u00f3n de aguas por decantaci\u00f3n, eliminaci\u00f3n de ars\u00e9nico, otros t\u00f3xicos,\",\"breadcrumb\":{\"@id\":\"https:\/\/www.hidrolab.org\/en\/tratamientos\/supplying-waters\/#breadcrumb\"},\"inLanguage\":\"en-GB\",\"potentialAction\":[{\"@type\":\"ReadAction\",\"target\":[\"https:\/\/www.hidrolab.org\/en\/tratamientos\/supplying-waters\/\"]}]},{\"@type\":\"BreadcrumbList\",\"@id\":\"https:\/\/www.hidrolab.org\/en\/tratamientos\/supplying-waters\/#breadcrumb\",\"itemListElement\":[{\"@type\":\"ListItem\",\"position\":1,\"name\":\"Portada\",\"item\":\"https:\/\/www.hidrolab.org\/en\/\"},{\"@type\":\"ListItem\",\"position\":2,\"name\":\"TREATMENT PROCESS FOR ENVIRONMENTAL REMEDIATION\",\"item\":\"https:\/\/www.hidrolab.org\/en\/tratamientos\/\"},{\"@type\":\"ListItem\",\"position\":3,\"name\":\"PURIFICATION FOR POTABLE WATERS\"}]},{\"@type\":\"WebSite\",\"@id\":\"https:\/\/www.hidrolab.org\/en\/#website\",\"url\":\"https:\/\/www.hidrolab.org\/en\/\",\"name\":\"Hidrolab\",\"description\":\"An\u00e1lisis de aguas\",\"publisher\":{\"@id\":\"https:\/\/www.hidrolab.org\/en\/#organization\"},\"potentialAction\":[{\"@type\":\"SearchAction\",\"target\":{\"@type\":\"EntryPoint\",\"urlTemplate\":\"https:\/\/www.hidrolab.org\/en\/?s={search_term_string}\"},\"query-input\":\"required name=search_term_string\"}],\"inLanguage\":\"en-GB\"},{\"@type\":\"Organization\",\"@id\":\"https:\/\/www.hidrolab.org\/en\/#organization\",\"name\":\"Hidrolab\",\"url\":\"https:\/\/www.hidrolab.org\/en\/\",\"sameAs\":[],\"logo\":{\"@type\":\"ImageObject\",\"inLanguage\":\"en-GB\",\"@id\":\"https:\/\/www.hidrolab.org\/en\/#\/schema\/logo\/image\/\",\"url\":\"https:\/\/www.hidrolab.org\/en\/wp-content\/uploads\/sites\/3\/2018\/08\/Logo-Completo.png\",\"contentUrl\":\"https:\/\/www.hidrolab.org\/en\/wp-content\/uploads\/sites\/3\/2018\/08\/Logo-Completo.png\",\"width\":1680,\"height\":440,\"caption\":\"Hidrolab\"},\"image\":{\"@id\":\"https:\/\/www.hidrolab.org\/en\/#\/schema\/logo\/image\/\"}}]}<\/script>\n<!-- \/ Yoast SEO plugin. -->","yoast_head_json":{"title":"PURIFICATION FOR POTABLE WATERS - Hidrolab","description":"Trabajamos todo lo relacionado con tratamientos de aguas de abastecimiento: Purificaci\u00f3n de aguas por decantaci\u00f3n, eliminaci\u00f3n de ars\u00e9nico, otros t\u00f3xicos,","robots":{"index":"index","follow":"follow","max-snippet":"max-snippet:-1","max-image-preview":"max-image-preview:large","max-video-preview":"max-video-preview:-1"},"canonical":"https:\/\/www.hidrolab.org\/en\/tratamientos\/supplying-waters\/","og_locale":"en_GB","og_type":"article","og_title":"PURIFICATION FOR POTABLE WATERS - Hidrolab","og_description":"Trabajamos todo lo relacionado con tratamientos de aguas de abastecimiento: Purificaci\u00f3n de aguas por decantaci\u00f3n, eliminaci\u00f3n de ars\u00e9nico, otros t\u00f3xicos,","og_url":"https:\/\/www.hidrolab.org\/en\/tratamientos\/supplying-waters\/","og_site_name":"Hidrolab","article_modified_time":"2022-08-26T17:44:37+00:00","og_image":[{"width":600,"height":800,"url":"https:\/\/www.hidrolab.org\/en\/wp-content\/uploads\/sites\/3\/2022\/02\/Aguas-de-abastecimiento.jpg","type":"image\/jpeg"}],"twitter_card":"summary_large_image","schema":{"@context":"https:\/\/schema.org","@graph":[{"@type":"WebPage","@id":"https:\/\/www.hidrolab.org\/en\/tratamientos\/supplying-waters\/","url":"https:\/\/www.hidrolab.org\/en\/tratamientos\/supplying-waters\/","name":"PURIFICATION FOR POTABLE WATERS - Hidrolab","isPartOf":{"@id":"https:\/\/www.hidrolab.org\/en\/#website"},"datePublished":"2018-08-03T10:43:05+00:00","dateModified":"2022-08-26T17:44:37+00:00","description":"Trabajamos todo lo relacionado con tratamientos de aguas de abastecimiento: Purificaci\u00f3n de aguas por decantaci\u00f3n, eliminaci\u00f3n de ars\u00e9nico, otros t\u00f3xicos,","breadcrumb":{"@id":"https:\/\/www.hidrolab.org\/en\/tratamientos\/supplying-waters\/#breadcrumb"},"inLanguage":"en-GB","potentialAction":[{"@type":"ReadAction","target":["https:\/\/www.hidrolab.org\/en\/tratamientos\/supplying-waters\/"]}]},{"@type":"BreadcrumbList","@id":"https:\/\/www.hidrolab.org\/en\/tratamientos\/supplying-waters\/#breadcrumb","itemListElement":[{"@type":"ListItem","position":1,"name":"Portada","item":"https:\/\/www.hidrolab.org\/en\/"},{"@type":"ListItem","position":2,"name":"TREATMENT PROCESS FOR ENVIRONMENTAL REMEDIATION","item":"https:\/\/www.hidrolab.org\/en\/tratamientos\/"},{"@type":"ListItem","position":3,"name":"PURIFICATION FOR POTABLE WATERS"}]},{"@type":"WebSite","@id":"https:\/\/www.hidrolab.org\/en\/#website","url":"https:\/\/www.hidrolab.org\/en\/","name":"Hidrolab","description":"An\u00e1lisis de aguas","publisher":{"@id":"https:\/\/www.hidrolab.org\/en\/#organization"},"potentialAction":[{"@type":"SearchAction","target":{"@type":"EntryPoint","urlTemplate":"https:\/\/www.hidrolab.org\/en\/?s={search_term_string}"},"query-input":"required name=search_term_string"}],"inLanguage":"en-GB"},{"@type":"Organization","@id":"https:\/\/www.hidrolab.org\/en\/#organization","name":"Hidrolab","url":"https:\/\/www.hidrolab.org\/en\/","sameAs":[],"logo":{"@type":"ImageObject","inLanguage":"en-GB","@id":"https:\/\/www.hidrolab.org\/en\/#\/schema\/logo\/image\/","url":"https:\/\/www.hidrolab.org\/en\/wp-content\/uploads\/sites\/3\/2018\/08\/Logo-Completo.png","contentUrl":"https:\/\/www.hidrolab.org\/en\/wp-content\/uploads\/sites\/3\/2018\/08\/Logo-Completo.png","width":1680,"height":440,"caption":"Hidrolab"},"image":{"@id":"https:\/\/www.hidrolab.org\/en\/#\/schema\/logo\/image\/"}}]}},"_links":{"self":[{"href":"https:\/\/www.hidrolab.org\/en\/wp-json\/wp\/v2\/pages\/1560"}],"collection":[{"href":"https:\/\/www.hidrolab.org\/en\/wp-json\/wp\/v2\/pages"}],"about":[{"href":"https:\/\/www.hidrolab.org\/en\/wp-json\/wp\/v2\/types\/page"}],"author":[{"embeddable":true,"href":"https:\/\/www.hidrolab.org\/en\/wp-json\/wp\/v2\/users\/1"}],"replies":[{"embeddable":true,"href":"https:\/\/www.hidrolab.org\/en\/wp-json\/wp\/v2\/comments?post=1560"}],"version-history":[{"count":11,"href":"https:\/\/www.hidrolab.org\/en\/wp-json\/wp\/v2\/pages\/1560\/revisions"}],"predecessor-version":[{"id":2353,"href":"https:\/\/www.hidrolab.org\/en\/wp-json\/wp\/v2\/pages\/1560\/revisions\/2353"}],"up":[{"embeddable":true,"href":"https:\/\/www.hidrolab.org\/en\/wp-json\/wp\/v2\/pages\/1550"}],"wp:featuredmedia":[{"embeddable":true,"href":"https:\/\/www.hidrolab.org\/en\/wp-json\/wp\/v2\/media\/2096"}],"wp:attachment":[{"href":"https:\/\/www.hidrolab.org\/en\/wp-json\/wp\/v2\/media?parent=1560"}],"curies":[{"name":"wp","href":"https:\/\/api.w.org\/{rel}","templated":true}]}}