{"id":1554,"date":"2018-08-03T10:40:37","date_gmt":"2018-08-03T10:40:37","guid":{"rendered":"https:\/\/www.hidrolab.org\/?page_id=1554"},"modified":"2022-03-20T12:25:25","modified_gmt":"2022-03-20T11:25:25","slug":"biological-water-purifiers","status":"publish","type":"page","link":"https:\/\/www.hidrolab.org\/en\/tratamientos\/biological-water-purifiers\/","title":{"rendered":"BIOLOGICAL WASTEWATER TREATMENT"},"content":{"rendered":"\n<p> We put at your service our experience and the best engineering companies HIDROLAB collaborates with in matter of biological treatment. &nbsp;This way of processing requires tanks or pools of large relative volumes retention time with a constant supply of oxygen by air injection. In order to get the removal of nutrients, like Nitrogen by nitrification and denitrification process, there is a need of enhance the volume of those tanks. &nbsp;Therefore, it is necessary to &nbsp;keep in mind the construction work as an important part of the total investment. &nbsp;<\/p>\n\n\n\n<p>Because of it, to carry out a complete characterization of the quality and quantity of &nbsp;effluent is always recommended to impruve the solution design, only way to adjust it as possible to its needs. <\/p>\n\n\n\n<p>If it is possible to use this kind of process, you can include our professional advise for the establishment even in your own wastewater tank or pool, to save investments in new works. &nbsp;Also it can be carried out in prefabricated fiberglass reinforced polyester deposits, stainless steel, concrete, etc. &nbsp;&nbsp;The aireation can be carry out by the installation of different devices of experienced designs: diffusers, aerator system, biofilters, etc. as well as the secondary clarifier, recycling and purges of the activated sludge formed. &nbsp;\u200b<\/p>\n\n\n\n<p>You can consult us through the attached request by filling up with your data and making specific questions with your needs and\/or interest, and we will answer you widely <\/p>\n","protected":false},"excerpt":{"rendered":"<p>We put at your service our experience and the best engineering companies HIDROLAB collaborates with in matter of biological treatment. &nbsp;This way of processing requires tanks or pools of large relative volumes retention time with a constant supply of oxygen by air injection. In order to get the removal of nutrients, like Nitrogen by nitrification [&hellip;]<\/p>\n","protected":false},"author":1,"featured_media":2095,"parent":1550,"menu_order":0,"comment_status":"closed","ping_status":"closed","template":"","meta":{"_monsterinsights_skip_tracking":false,"_monsterinsights_sitenote_active":false,"_monsterinsights_sitenote_note":"","_monsterinsights_sitenote_category":0,"_genesis_hide_title":false,"_genesis_hide_breadcrumbs":false,"_genesis_hide_singular_image":false,"_genesis_hide_footer_widgets":false,"_genesis_custom_body_class":"","_genesis_custom_post_class":"","_genesis_layout":""},"yoast_head":"<!-- This site is optimized with the Yoast SEO plugin v19.6.1 - https:\/\/yoast.com\/wordpress\/plugins\/seo\/ -->\n<title>BIOLOGICAL WASTEWATER TREATMENT - Hidrolab<\/title>\n<meta name=\"description\" content=\"En Hidrolab ofrecemos toda la informaci\u00f3n que requieran en torno a an\u00e1lisis de agua y depuradoras biol\u00f3gicas de vertidos, aireaci\u00f3n, etc.\" \/>\n<meta name=\"robots\" content=\"index, follow, max-snippet:-1, max-image-preview:large, max-video-preview:-1\" \/>\n<link rel=\"canonical\" href=\"https:\/\/www.hidrolab.org\/en\/tratamientos\/biological-water-purifiers\/\" \/>\n<meta property=\"og:locale\" content=\"en_GB\" \/>\n<meta property=\"og:type\" content=\"article\" \/>\n<meta property=\"og:title\" content=\"BIOLOGICAL WASTEWATER TREATMENT - Hidrolab\" \/>\n<meta property=\"og:description\" content=\"En Hidrolab ofrecemos toda la informaci\u00f3n que requieran en torno a an\u00e1lisis de agua y depuradoras biol\u00f3gicas de vertidos, aireaci\u00f3n, etc.\" \/>\n<meta property=\"og:url\" content=\"https:\/\/www.hidrolab.org\/en\/tratamientos\/biological-water-purifiers\/\" \/>\n<meta property=\"og:site_name\" content=\"Hidrolab\" \/>\n<meta property=\"article:modified_time\" content=\"2022-03-20T11:25:25+00:00\" \/>\n<meta property=\"og:image\" content=\"https:\/\/www.hidrolab.org\/en\/wp-content\/uploads\/sites\/3\/2022\/02\/D.-biologicas-prefabricadas.jpg\" \/>\n\t<meta property=\"og:image:width\" content=\"1094\" \/>\n\t<meta property=\"og:image:height\" content=\"800\" \/>\n\t<meta property=\"og:image:type\" content=\"image\/jpeg\" \/>\n<meta name=\"twitter:card\" content=\"summary_large_image\" \/>\n<script type=\"application\/ld+json\" class=\"yoast-schema-graph\">{\"@context\":\"https:\/\/schema.org\",\"@graph\":[{\"@type\":\"WebPage\",\"@id\":\"https:\/\/www.hidrolab.org\/en\/tratamientos\/biological-water-purifiers\/\",\"url\":\"https:\/\/www.hidrolab.org\/en\/tratamientos\/biological-water-purifiers\/\",\"name\":\"BIOLOGICAL WASTEWATER TREATMENT - Hidrolab\",\"isPartOf\":{\"@id\":\"https:\/\/www.hidrolab.org\/en\/#website\"},\"datePublished\":\"2018-08-03T10:40:37+00:00\",\"dateModified\":\"2022-03-20T11:25:25+00:00\",\"description\":\"En Hidrolab ofrecemos toda la informaci\u00f3n que requieran en torno a an\u00e1lisis de agua y depuradoras biol\u00f3gicas de vertidos, aireaci\u00f3n, etc.\",\"breadcrumb\":{\"@id\":\"https:\/\/www.hidrolab.org\/en\/tratamientos\/biological-water-purifiers\/#breadcrumb\"},\"inLanguage\":\"en-GB\",\"potentialAction\":[{\"@type\":\"ReadAction\",\"target\":[\"https:\/\/www.hidrolab.org\/en\/tratamientos\/biological-water-purifiers\/\"]}]},{\"@type\":\"BreadcrumbList\",\"@id\":\"https:\/\/www.hidrolab.org\/en\/tratamientos\/biological-water-purifiers\/#breadcrumb\",\"itemListElement\":[{\"@type\":\"ListItem\",\"position\":1,\"name\":\"Portada\",\"item\":\"https:\/\/www.hidrolab.org\/en\/\"},{\"@type\":\"ListItem\",\"position\":2,\"name\":\"TREATMENT PROCESS FOR ENVIRONMENTAL REMEDIATION\",\"item\":\"https:\/\/www.hidrolab.org\/en\/tratamientos\/\"},{\"@type\":\"ListItem\",\"position\":3,\"name\":\"BIOLOGICAL WASTEWATER TREATMENT\"}]},{\"@type\":\"WebSite\",\"@id\":\"https:\/\/www.hidrolab.org\/en\/#website\",\"url\":\"https:\/\/www.hidrolab.org\/en\/\",\"name\":\"Hidrolab\",\"description\":\"An\u00e1lisis de aguas\",\"publisher\":{\"@id\":\"https:\/\/www.hidrolab.org\/en\/#organization\"},\"potentialAction\":[{\"@type\":\"SearchAction\",\"target\":{\"@type\":\"EntryPoint\",\"urlTemplate\":\"https:\/\/www.hidrolab.org\/en\/?s={search_term_string}\"},\"query-input\":\"required name=search_term_string\"}],\"inLanguage\":\"en-GB\"},{\"@type\":\"Organization\",\"@id\":\"https:\/\/www.hidrolab.org\/en\/#organization\",\"name\":\"Hidrolab\",\"url\":\"https:\/\/www.hidrolab.org\/en\/\",\"sameAs\":[],\"logo\":{\"@type\":\"ImageObject\",\"inLanguage\":\"en-GB\",\"@id\":\"https:\/\/www.hidrolab.org\/en\/#\/schema\/logo\/image\/\",\"url\":\"https:\/\/www.hidrolab.org\/en\/wp-content\/uploads\/sites\/3\/2018\/08\/Logo-Completo.png\",\"contentUrl\":\"https:\/\/www.hidrolab.org\/en\/wp-content\/uploads\/sites\/3\/2018\/08\/Logo-Completo.png\",\"width\":1680,\"height\":440,\"caption\":\"Hidrolab\"},\"image\":{\"@id\":\"https:\/\/www.hidrolab.org\/en\/#\/schema\/logo\/image\/\"}}]}<\/script>\n<!-- \/ Yoast SEO plugin. -->","yoast_head_json":{"title":"BIOLOGICAL WASTEWATER TREATMENT - Hidrolab","description":"En Hidrolab ofrecemos toda la informaci\u00f3n que requieran en torno a an\u00e1lisis de agua y depuradoras biol\u00f3gicas de vertidos, aireaci\u00f3n, etc.","robots":{"index":"index","follow":"follow","max-snippet":"max-snippet:-1","max-image-preview":"max-image-preview:large","max-video-preview":"max-video-preview:-1"},"canonical":"https:\/\/www.hidrolab.org\/en\/tratamientos\/biological-water-purifiers\/","og_locale":"en_GB","og_type":"article","og_title":"BIOLOGICAL WASTEWATER TREATMENT - Hidrolab","og_description":"En Hidrolab ofrecemos toda la informaci\u00f3n que requieran en torno a an\u00e1lisis de agua y depuradoras biol\u00f3gicas de vertidos, aireaci\u00f3n, etc.","og_url":"https:\/\/www.hidrolab.org\/en\/tratamientos\/biological-water-purifiers\/","og_site_name":"Hidrolab","article_modified_time":"2022-03-20T11:25:25+00:00","og_image":[{"width":1094,"height":800,"url":"https:\/\/www.hidrolab.org\/en\/wp-content\/uploads\/sites\/3\/2022\/02\/D.-biologicas-prefabricadas.jpg","type":"image\/jpeg"}],"twitter_card":"summary_large_image","schema":{"@context":"https:\/\/schema.org","@graph":[{"@type":"WebPage","@id":"https:\/\/www.hidrolab.org\/en\/tratamientos\/biological-water-purifiers\/","url":"https:\/\/www.hidrolab.org\/en\/tratamientos\/biological-water-purifiers\/","name":"BIOLOGICAL WASTEWATER TREATMENT - Hidrolab","isPartOf":{"@id":"https:\/\/www.hidrolab.org\/en\/#website"},"datePublished":"2018-08-03T10:40:37+00:00","dateModified":"2022-03-20T11:25:25+00:00","description":"En Hidrolab ofrecemos toda la informaci\u00f3n que requieran en torno a an\u00e1lisis de agua y depuradoras biol\u00f3gicas de vertidos, aireaci\u00f3n, etc.","breadcrumb":{"@id":"https:\/\/www.hidrolab.org\/en\/tratamientos\/biological-water-purifiers\/#breadcrumb"},"inLanguage":"en-GB","potentialAction":[{"@type":"ReadAction","target":["https:\/\/www.hidrolab.org\/en\/tratamientos\/biological-water-purifiers\/"]}]},{"@type":"BreadcrumbList","@id":"https:\/\/www.hidrolab.org\/en\/tratamientos\/biological-water-purifiers\/#breadcrumb","itemListElement":[{"@type":"ListItem","position":1,"name":"Portada","item":"https:\/\/www.hidrolab.org\/en\/"},{"@type":"ListItem","position":2,"name":"TREATMENT PROCESS FOR ENVIRONMENTAL REMEDIATION","item":"https:\/\/www.hidrolab.org\/en\/tratamientos\/"},{"@type":"ListItem","position":3,"name":"BIOLOGICAL WASTEWATER TREATMENT"}]},{"@type":"WebSite","@id":"https:\/\/www.hidrolab.org\/en\/#website","url":"https:\/\/www.hidrolab.org\/en\/","name":"Hidrolab","description":"An\u00e1lisis de aguas","publisher":{"@id":"https:\/\/www.hidrolab.org\/en\/#organization"},"potentialAction":[{"@type":"SearchAction","target":{"@type":"EntryPoint","urlTemplate":"https:\/\/www.hidrolab.org\/en\/?s={search_term_string}"},"query-input":"required name=search_term_string"}],"inLanguage":"en-GB"},{"@type":"Organization","@id":"https:\/\/www.hidrolab.org\/en\/#organization","name":"Hidrolab","url":"https:\/\/www.hidrolab.org\/en\/","sameAs":[],"logo":{"@type":"ImageObject","inLanguage":"en-GB","@id":"https:\/\/www.hidrolab.org\/en\/#\/schema\/logo\/image\/","url":"https:\/\/www.hidrolab.org\/en\/wp-content\/uploads\/sites\/3\/2018\/08\/Logo-Completo.png","contentUrl":"https:\/\/www.hidrolab.org\/en\/wp-content\/uploads\/sites\/3\/2018\/08\/Logo-Completo.png","width":1680,"height":440,"caption":"Hidrolab"},"image":{"@id":"https:\/\/www.hidrolab.org\/en\/#\/schema\/logo\/image\/"}}]}},"_links":{"self":[{"href":"https:\/\/www.hidrolab.org\/en\/wp-json\/wp\/v2\/pages\/1554"}],"collection":[{"href":"https:\/\/www.hidrolab.org\/en\/wp-json\/wp\/v2\/pages"}],"about":[{"href":"https:\/\/www.hidrolab.org\/en\/wp-json\/wp\/v2\/types\/page"}],"author":[{"embeddable":true,"href":"https:\/\/www.hidrolab.org\/en\/wp-json\/wp\/v2\/users\/1"}],"replies":[{"embeddable":true,"href":"https:\/\/www.hidrolab.org\/en\/wp-json\/wp\/v2\/comments?post=1554"}],"version-history":[{"count":4,"href":"https:\/\/www.hidrolab.org\/en\/wp-json\/wp\/v2\/pages\/1554\/revisions"}],"predecessor-version":[{"id":2238,"href":"https:\/\/www.hidrolab.org\/en\/wp-json\/wp\/v2\/pages\/1554\/revisions\/2238"}],"up":[{"embeddable":true,"href":"https:\/\/www.hidrolab.org\/en\/wp-json\/wp\/v2\/pages\/1550"}],"wp:featuredmedia":[{"embeddable":true,"href":"https:\/\/www.hidrolab.org\/en\/wp-json\/wp\/v2\/media\/2095"}],"wp:attachment":[{"href":"https:\/\/www.hidrolab.org\/en\/wp-json\/wp\/v2\/media?parent=1554"}],"curies":[{"name":"wp","href":"https:\/\/api.w.org\/{rel}","templated":true}]}}