{"id":1552,"date":"2018-08-03T10:39:47","date_gmt":"2018-08-03T10:39:47","guid":{"rendered":"https:\/\/www.hidrolab.org\/?page_id=1552"},"modified":"2022-04-17T20:04:23","modified_gmt":"2022-04-17T18:04:23","slug":"fisico-chemistries-water-purifiers","status":"publish","type":"page","link":"https:\/\/www.hidrolab.org\/en\/tratamientos\/fisico-chemistries-water-purifiers\/","title":{"rendered":"PHYSICOCHEMICAL WATER TREATMENT SYSTEMS"},"content":{"rendered":"\n<p> If your industry plans to improve the quality of wastewaters, it can benefit of the secure and fast treatment process like our physicochemical water-treatment systems, of limited investment and short retention times for both suspended solid and also part of dissolved matter settling, that facilitates very reduced and compact equipment designs.<\/p>\n\n\n\n<p>Our water treatment systems are delivered with totally automatic control frames, with touch-sensitive screen in which all the process can be displayed. <\/p>\n\n\n\n<p>They are based either in the coagulation of the particulate matter or in the reaction of disolved contamination to form insoluble compounds caused by the mix with the right reagents, that force a quick floc settling. The sludges can be separated either by decanting or flotation, and then are pumped out for its accumulation, dehydration or inertization. <\/p>\n","protected":false},"excerpt":{"rendered":"<p>If your industry plans to improve the quality of wastewaters, it can benefit of the secure and fast treatment process like our physicochemical water-treatment systems, of limited investment and short retention times for both suspended solid and also part of dissolved matter settling, that facilitates very reduced and compact equipment designs. Our water treatment systems [&hellip;]<\/p>\n","protected":false},"author":1,"featured_media":1918,"parent":1550,"menu_order":0,"comment_status":"closed","ping_status":"closed","template":"","meta":{"_monsterinsights_skip_tracking":false,"_monsterinsights_sitenote_active":false,"_monsterinsights_sitenote_note":"","_monsterinsights_sitenote_category":0,"_genesis_hide_title":false,"_genesis_hide_breadcrumbs":false,"_genesis_hide_singular_image":false,"_genesis_hide_footer_widgets":false,"_genesis_custom_body_class":"","_genesis_custom_post_class":"","_genesis_layout":""},"yoast_head":"<!-- This site is optimized with the Yoast SEO plugin v19.6.1 - https:\/\/yoast.com\/wordpress\/plugins\/seo\/ -->\n<title>PHYSICOCHEMICAL WATER TREATMENT SYSTEMS - Hidrolab<\/title>\n<meta name=\"description\" content=\"Ofrecemos depuradoras f\u00edsico qu\u00edmicas de autentica calidad, con sistemas de depuraci\u00f3n r\u00e1pidos y completamente seguros que mejoran la calida de los vertidos\" \/>\n<meta name=\"robots\" content=\"index, follow, max-snippet:-1, max-image-preview:large, max-video-preview:-1\" \/>\n<link rel=\"canonical\" href=\"https:\/\/www.hidrolab.org\/en\/tratamientos\/fisico-chemistries-water-purifiers\/\" \/>\n<meta property=\"og:locale\" content=\"en_GB\" \/>\n<meta property=\"og:type\" content=\"article\" \/>\n<meta property=\"og:title\" content=\"PHYSICOCHEMICAL WATER TREATMENT SYSTEMS - Hidrolab\" \/>\n<meta property=\"og:description\" content=\"Ofrecemos depuradoras f\u00edsico qu\u00edmicas de autentica calidad, con sistemas de depuraci\u00f3n r\u00e1pidos y completamente seguros que mejoran la calida de los vertidos\" \/>\n<meta property=\"og:url\" content=\"https:\/\/www.hidrolab.org\/en\/tratamientos\/fisico-chemistries-water-purifiers\/\" \/>\n<meta property=\"og:site_name\" content=\"Hidrolab\" \/>\n<meta property=\"article:modified_time\" content=\"2022-04-17T18:04:23+00:00\" \/>\n<meta property=\"og:image\" content=\"https:\/\/www.hidrolab.org\/en\/wp-content\/uploads\/sites\/3\/2018\/08\/hidrolab-fisico-quimico-con-contenedores-grandes-de-tratamientos.jpg\" \/>\n\t<meta property=\"og:image:width\" content=\"500\" \/>\n\t<meta property=\"og:image:height\" content=\"375\" \/>\n\t<meta property=\"og:image:type\" content=\"image\/jpeg\" \/>\n<meta name=\"twitter:card\" content=\"summary_large_image\" \/>\n<script type=\"application\/ld+json\" class=\"yoast-schema-graph\">{\"@context\":\"https:\/\/schema.org\",\"@graph\":[{\"@type\":\"WebPage\",\"@id\":\"https:\/\/www.hidrolab.org\/en\/tratamientos\/fisico-chemistries-water-purifiers\/\",\"url\":\"https:\/\/www.hidrolab.org\/en\/tratamientos\/fisico-chemistries-water-purifiers\/\",\"name\":\"PHYSICOCHEMICAL WATER TREATMENT SYSTEMS - Hidrolab\",\"isPartOf\":{\"@id\":\"https:\/\/www.hidrolab.org\/en\/#website\"},\"datePublished\":\"2018-08-03T10:39:47+00:00\",\"dateModified\":\"2022-04-17T18:04:23+00:00\",\"description\":\"Ofrecemos depuradoras f\u00edsico qu\u00edmicas de autentica calidad, con sistemas de depuraci\u00f3n r\u00e1pidos y completamente seguros que mejoran la calida de los vertidos\",\"breadcrumb\":{\"@id\":\"https:\/\/www.hidrolab.org\/en\/tratamientos\/fisico-chemistries-water-purifiers\/#breadcrumb\"},\"inLanguage\":\"en-GB\",\"potentialAction\":[{\"@type\":\"ReadAction\",\"target\":[\"https:\/\/www.hidrolab.org\/en\/tratamientos\/fisico-chemistries-water-purifiers\/\"]}]},{\"@type\":\"BreadcrumbList\",\"@id\":\"https:\/\/www.hidrolab.org\/en\/tratamientos\/fisico-chemistries-water-purifiers\/#breadcrumb\",\"itemListElement\":[{\"@type\":\"ListItem\",\"position\":1,\"name\":\"Portada\",\"item\":\"https:\/\/www.hidrolab.org\/en\/\"},{\"@type\":\"ListItem\",\"position\":2,\"name\":\"TREATMENT PROCESS FOR ENVIRONMENTAL REMEDIATION\",\"item\":\"https:\/\/www.hidrolab.org\/en\/tratamientos\/\"},{\"@type\":\"ListItem\",\"position\":3,\"name\":\"PHYSICOCHEMICAL WATER TREATMENT SYSTEMS\"}]},{\"@type\":\"WebSite\",\"@id\":\"https:\/\/www.hidrolab.org\/en\/#website\",\"url\":\"https:\/\/www.hidrolab.org\/en\/\",\"name\":\"Hidrolab\",\"description\":\"An\u00e1lisis de aguas\",\"publisher\":{\"@id\":\"https:\/\/www.hidrolab.org\/en\/#organization\"},\"potentialAction\":[{\"@type\":\"SearchAction\",\"target\":{\"@type\":\"EntryPoint\",\"urlTemplate\":\"https:\/\/www.hidrolab.org\/en\/?s={search_term_string}\"},\"query-input\":\"required name=search_term_string\"}],\"inLanguage\":\"en-GB\"},{\"@type\":\"Organization\",\"@id\":\"https:\/\/www.hidrolab.org\/en\/#organization\",\"name\":\"Hidrolab\",\"url\":\"https:\/\/www.hidrolab.org\/en\/\",\"sameAs\":[],\"logo\":{\"@type\":\"ImageObject\",\"inLanguage\":\"en-GB\",\"@id\":\"https:\/\/www.hidrolab.org\/en\/#\/schema\/logo\/image\/\",\"url\":\"https:\/\/www.hidrolab.org\/en\/wp-content\/uploads\/sites\/3\/2018\/08\/Logo-Completo.png\",\"contentUrl\":\"https:\/\/www.hidrolab.org\/en\/wp-content\/uploads\/sites\/3\/2018\/08\/Logo-Completo.png\",\"width\":1680,\"height\":440,\"caption\":\"Hidrolab\"},\"image\":{\"@id\":\"https:\/\/www.hidrolab.org\/en\/#\/schema\/logo\/image\/\"}}]}<\/script>\n<!-- \/ Yoast SEO plugin. -->","yoast_head_json":{"title":"PHYSICOCHEMICAL WATER TREATMENT SYSTEMS - Hidrolab","description":"Ofrecemos depuradoras f\u00edsico qu\u00edmicas de autentica calidad, con sistemas de depuraci\u00f3n r\u00e1pidos y completamente seguros que mejoran la calida de los vertidos","robots":{"index":"index","follow":"follow","max-snippet":"max-snippet:-1","max-image-preview":"max-image-preview:large","max-video-preview":"max-video-preview:-1"},"canonical":"https:\/\/www.hidrolab.org\/en\/tratamientos\/fisico-chemistries-water-purifiers\/","og_locale":"en_GB","og_type":"article","og_title":"PHYSICOCHEMICAL WATER TREATMENT SYSTEMS - Hidrolab","og_description":"Ofrecemos depuradoras f\u00edsico qu\u00edmicas de autentica calidad, con sistemas de depuraci\u00f3n r\u00e1pidos y completamente seguros que mejoran la calida de los vertidos","og_url":"https:\/\/www.hidrolab.org\/en\/tratamientos\/fisico-chemistries-water-purifiers\/","og_site_name":"Hidrolab","article_modified_time":"2022-04-17T18:04:23+00:00","og_image":[{"width":500,"height":375,"url":"https:\/\/www.hidrolab.org\/en\/wp-content\/uploads\/sites\/3\/2018\/08\/hidrolab-fisico-quimico-con-contenedores-grandes-de-tratamientos.jpg","type":"image\/jpeg"}],"twitter_card":"summary_large_image","schema":{"@context":"https:\/\/schema.org","@graph":[{"@type":"WebPage","@id":"https:\/\/www.hidrolab.org\/en\/tratamientos\/fisico-chemistries-water-purifiers\/","url":"https:\/\/www.hidrolab.org\/en\/tratamientos\/fisico-chemistries-water-purifiers\/","name":"PHYSICOCHEMICAL WATER TREATMENT SYSTEMS - Hidrolab","isPartOf":{"@id":"https:\/\/www.hidrolab.org\/en\/#website"},"datePublished":"2018-08-03T10:39:47+00:00","dateModified":"2022-04-17T18:04:23+00:00","description":"Ofrecemos depuradoras f\u00edsico qu\u00edmicas de autentica calidad, con sistemas de depuraci\u00f3n r\u00e1pidos y completamente seguros que mejoran la calida de los vertidos","breadcrumb":{"@id":"https:\/\/www.hidrolab.org\/en\/tratamientos\/fisico-chemistries-water-purifiers\/#breadcrumb"},"inLanguage":"en-GB","potentialAction":[{"@type":"ReadAction","target":["https:\/\/www.hidrolab.org\/en\/tratamientos\/fisico-chemistries-water-purifiers\/"]}]},{"@type":"BreadcrumbList","@id":"https:\/\/www.hidrolab.org\/en\/tratamientos\/fisico-chemistries-water-purifiers\/#breadcrumb","itemListElement":[{"@type":"ListItem","position":1,"name":"Portada","item":"https:\/\/www.hidrolab.org\/en\/"},{"@type":"ListItem","position":2,"name":"TREATMENT PROCESS FOR ENVIRONMENTAL REMEDIATION","item":"https:\/\/www.hidrolab.org\/en\/tratamientos\/"},{"@type":"ListItem","position":3,"name":"PHYSICOCHEMICAL WATER TREATMENT SYSTEMS"}]},{"@type":"WebSite","@id":"https:\/\/www.hidrolab.org\/en\/#website","url":"https:\/\/www.hidrolab.org\/en\/","name":"Hidrolab","description":"An\u00e1lisis de aguas","publisher":{"@id":"https:\/\/www.hidrolab.org\/en\/#organization"},"potentialAction":[{"@type":"SearchAction","target":{"@type":"EntryPoint","urlTemplate":"https:\/\/www.hidrolab.org\/en\/?s={search_term_string}"},"query-input":"required name=search_term_string"}],"inLanguage":"en-GB"},{"@type":"Organization","@id":"https:\/\/www.hidrolab.org\/en\/#organization","name":"Hidrolab","url":"https:\/\/www.hidrolab.org\/en\/","sameAs":[],"logo":{"@type":"ImageObject","inLanguage":"en-GB","@id":"https:\/\/www.hidrolab.org\/en\/#\/schema\/logo\/image\/","url":"https:\/\/www.hidrolab.org\/en\/wp-content\/uploads\/sites\/3\/2018\/08\/Logo-Completo.png","contentUrl":"https:\/\/www.hidrolab.org\/en\/wp-content\/uploads\/sites\/3\/2018\/08\/Logo-Completo.png","width":1680,"height":440,"caption":"Hidrolab"},"image":{"@id":"https:\/\/www.hidrolab.org\/en\/#\/schema\/logo\/image\/"}}]}},"_links":{"self":[{"href":"https:\/\/www.hidrolab.org\/en\/wp-json\/wp\/v2\/pages\/1552"}],"collection":[{"href":"https:\/\/www.hidrolab.org\/en\/wp-json\/wp\/v2\/pages"}],"about":[{"href":"https:\/\/www.hidrolab.org\/en\/wp-json\/wp\/v2\/types\/page"}],"author":[{"embeddable":true,"href":"https:\/\/www.hidrolab.org\/en\/wp-json\/wp\/v2\/users\/1"}],"replies":[{"embeddable":true,"href":"https:\/\/www.hidrolab.org\/en\/wp-json\/wp\/v2\/comments?post=1552"}],"version-history":[{"count":6,"href":"https:\/\/www.hidrolab.org\/en\/wp-json\/wp\/v2\/pages\/1552\/revisions"}],"predecessor-version":[{"id":2312,"href":"https:\/\/www.hidrolab.org\/en\/wp-json\/wp\/v2\/pages\/1552\/revisions\/2312"}],"up":[{"embeddable":true,"href":"https:\/\/www.hidrolab.org\/en\/wp-json\/wp\/v2\/pages\/1550"}],"wp:featuredmedia":[{"embeddable":true,"href":"https:\/\/www.hidrolab.org\/en\/wp-json\/wp\/v2\/media\/1918"}],"wp:attachment":[{"href":"https:\/\/www.hidrolab.org\/en\/wp-json\/wp\/v2\/media?parent=1552"}],"curies":[{"name":"wp","href":"https:\/\/api.w.org\/{rel}","templated":true}]}}