{"id":1546,"date":"2018-08-03T10:35:11","date_gmt":"2018-08-03T10:35:11","guid":{"rendered":"https:\/\/www.hidrolab.org\/?page_id=1546"},"modified":"2019-09-27T18:41:02","modified_gmt":"2019-09-27T16:41:02","slug":"food-analysis","status":"publish","type":"page","link":"https:\/\/www.hidrolab.org\/en\/laboratories\/food-analysis\/","title":{"rendered":"ANALYSIS OF FOODS"},"content":{"rendered":"\n<p>\n\nSince the routine control of the microbiological quality for the ARCPC System Protocol, to the most complex physical chemical characterizations as they are enumerated below:&nbsp;<\/p>\n\n\n\n<ul><li>Microbiological analysis<\/li><li>Sampling of surfaces, tools, machines and other instruments, hands, etc.<\/li><li>Nutritional test. &nbsp;Study of the composition for elaboration of the Nutrition Label<\/li><li>Quantification of micronutrients and trace elements<\/li><li>Pesticide waste and other contaminant detection<\/li><li>Edible adulteration tests.<\/li><li>Antibiotic waste<\/li><li>Dietetic properties&nbsp;<\/li><li>Analysis of vitamins<\/li><li>Colorants<\/li><li>Preservatives<\/li><li>Sweetening agents<\/li><li>Specific analysis: Alcoholic degree, saturated and unsaturated fats\u200b<\/li><\/ul>\n","protected":false},"excerpt":{"rendered":"<p>Since the routine control of the microbiological quality for the ARCPC System Protocol, to the most complex physical chemical characterizations as they are enumerated below:&nbsp; Microbiological analysis Sampling of surfaces, tools, machines and other instruments, hands, etc. Nutritional test. &nbsp;Study of the composition for elaboration of the Nutrition Label Quantification of micronutrients and trace elements [&hellip;]<\/p>\n","protected":false},"author":1,"featured_media":1695,"parent":1536,"menu_order":0,"comment_status":"closed","ping_status":"closed","template":"","meta":{"_monsterinsights_skip_tracking":false,"_monsterinsights_sitenote_active":false,"_monsterinsights_sitenote_note":"","_monsterinsights_sitenote_category":0,"_genesis_hide_title":false,"_genesis_hide_breadcrumbs":false,"_genesis_hide_singular_image":false,"_genesis_hide_footer_widgets":false,"_genesis_custom_body_class":"","_genesis_custom_post_class":"","_genesis_layout":""},"yoast_head":"<!-- This site is optimized with the Yoast SEO plugin v19.6.1 - https:\/\/yoast.com\/wordpress\/plugins\/seo\/ -->\n<title>ANALYSIS OF FOODS - Hidrolab<\/title>\n<meta name=\"description\" content=\"Nos dedicamos a realizar an\u00e1lisis de alimentos, realizando un minucioso control de calidad con grandes profesionales y los \u00faltimos protocolos y t\u00e9cnicas\" \/>\n<meta name=\"robots\" content=\"index, follow, max-snippet:-1, max-image-preview:large, max-video-preview:-1\" \/>\n<link rel=\"canonical\" href=\"https:\/\/www.hidrolab.org\/en\/laboratories\/food-analysis\/\" \/>\n<meta property=\"og:locale\" content=\"en_GB\" \/>\n<meta property=\"og:type\" content=\"article\" \/>\n<meta property=\"og:title\" content=\"ANALYSIS OF FOODS - Hidrolab\" \/>\n<meta property=\"og:description\" content=\"Nos dedicamos a realizar an\u00e1lisis de alimentos, realizando un minucioso control de calidad con grandes profesionales y los \u00faltimos protocolos y t\u00e9cnicas\" \/>\n<meta property=\"og:url\" content=\"https:\/\/www.hidrolab.org\/en\/laboratories\/food-analysis\/\" \/>\n<meta property=\"og:site_name\" content=\"Hidrolab\" \/>\n<meta property=\"article:modified_time\" content=\"2019-09-27T16:41:02+00:00\" \/>\n<meta property=\"og:image\" content=\"https:\/\/www.hidrolab.org\/en\/wp-content\/uploads\/sites\/3\/2018\/08\/analisis-de-alimentos-1.jpg\" \/>\n\t<meta property=\"og:image:width\" content=\"678\" \/>\n\t<meta property=\"og:image:height\" content=\"450\" \/>\n\t<meta property=\"og:image:type\" content=\"image\/jpeg\" \/>\n<meta name=\"twitter:card\" content=\"summary_large_image\" \/>\n<script type=\"application\/ld+json\" class=\"yoast-schema-graph\">{\"@context\":\"https:\/\/schema.org\",\"@graph\":[{\"@type\":\"WebPage\",\"@id\":\"https:\/\/www.hidrolab.org\/en\/laboratories\/food-analysis\/\",\"url\":\"https:\/\/www.hidrolab.org\/en\/laboratories\/food-analysis\/\",\"name\":\"ANALYSIS OF FOODS - Hidrolab\",\"isPartOf\":{\"@id\":\"https:\/\/www.hidrolab.org\/en\/#website\"},\"datePublished\":\"2018-08-03T10:35:11+00:00\",\"dateModified\":\"2019-09-27T16:41:02+00:00\",\"description\":\"Nos dedicamos a realizar an\u00e1lisis de alimentos, realizando un minucioso control de calidad con grandes profesionales y los \u00faltimos protocolos y t\u00e9cnicas\",\"breadcrumb\":{\"@id\":\"https:\/\/www.hidrolab.org\/en\/laboratories\/food-analysis\/#breadcrumb\"},\"inLanguage\":\"en-GB\",\"potentialAction\":[{\"@type\":\"ReadAction\",\"target\":[\"https:\/\/www.hidrolab.org\/en\/laboratories\/food-analysis\/\"]}]},{\"@type\":\"BreadcrumbList\",\"@id\":\"https:\/\/www.hidrolab.org\/en\/laboratories\/food-analysis\/#breadcrumb\",\"itemListElement\":[{\"@type\":\"ListItem\",\"position\":1,\"name\":\"Portada\",\"item\":\"https:\/\/www.hidrolab.org\/en\/\"},{\"@type\":\"ListItem\",\"position\":2,\"name\":\"ANALYTICAL LABORATORIES\",\"item\":\"https:\/\/www.hidrolab.org\/en\/laboratories\/\"},{\"@type\":\"ListItem\",\"position\":3,\"name\":\"ANALYSIS OF FOODS\"}]},{\"@type\":\"WebSite\",\"@id\":\"https:\/\/www.hidrolab.org\/en\/#website\",\"url\":\"https:\/\/www.hidrolab.org\/en\/\",\"name\":\"Hidrolab\",\"description\":\"An\u00e1lisis de aguas\",\"publisher\":{\"@id\":\"https:\/\/www.hidrolab.org\/en\/#organization\"},\"potentialAction\":[{\"@type\":\"SearchAction\",\"target\":{\"@type\":\"EntryPoint\",\"urlTemplate\":\"https:\/\/www.hidrolab.org\/en\/?s={search_term_string}\"},\"query-input\":\"required name=search_term_string\"}],\"inLanguage\":\"en-GB\"},{\"@type\":\"Organization\",\"@id\":\"https:\/\/www.hidrolab.org\/en\/#organization\",\"name\":\"Hidrolab\",\"url\":\"https:\/\/www.hidrolab.org\/en\/\",\"sameAs\":[],\"logo\":{\"@type\":\"ImageObject\",\"inLanguage\":\"en-GB\",\"@id\":\"https:\/\/www.hidrolab.org\/en\/#\/schema\/logo\/image\/\",\"url\":\"https:\/\/www.hidrolab.org\/en\/wp-content\/uploads\/sites\/3\/2018\/08\/Logo-Completo.png\",\"contentUrl\":\"https:\/\/www.hidrolab.org\/en\/wp-content\/uploads\/sites\/3\/2018\/08\/Logo-Completo.png\",\"width\":1680,\"height\":440,\"caption\":\"Hidrolab\"},\"image\":{\"@id\":\"https:\/\/www.hidrolab.org\/en\/#\/schema\/logo\/image\/\"}}]}<\/script>\n<!-- \/ Yoast SEO plugin. -->","yoast_head_json":{"title":"ANALYSIS OF FOODS - Hidrolab","description":"Nos dedicamos a realizar an\u00e1lisis de alimentos, realizando un minucioso control de calidad con grandes profesionales y los \u00faltimos protocolos y t\u00e9cnicas","robots":{"index":"index","follow":"follow","max-snippet":"max-snippet:-1","max-image-preview":"max-image-preview:large","max-video-preview":"max-video-preview:-1"},"canonical":"https:\/\/www.hidrolab.org\/en\/laboratories\/food-analysis\/","og_locale":"en_GB","og_type":"article","og_title":"ANALYSIS OF FOODS - Hidrolab","og_description":"Nos dedicamos a realizar an\u00e1lisis de alimentos, realizando un minucioso control de calidad con grandes profesionales y los \u00faltimos protocolos y t\u00e9cnicas","og_url":"https:\/\/www.hidrolab.org\/en\/laboratories\/food-analysis\/","og_site_name":"Hidrolab","article_modified_time":"2019-09-27T16:41:02+00:00","og_image":[{"width":678,"height":450,"url":"https:\/\/www.hidrolab.org\/en\/wp-content\/uploads\/sites\/3\/2018\/08\/analisis-de-alimentos-1.jpg","type":"image\/jpeg"}],"twitter_card":"summary_large_image","schema":{"@context":"https:\/\/schema.org","@graph":[{"@type":"WebPage","@id":"https:\/\/www.hidrolab.org\/en\/laboratories\/food-analysis\/","url":"https:\/\/www.hidrolab.org\/en\/laboratories\/food-analysis\/","name":"ANALYSIS OF FOODS - Hidrolab","isPartOf":{"@id":"https:\/\/www.hidrolab.org\/en\/#website"},"datePublished":"2018-08-03T10:35:11+00:00","dateModified":"2019-09-27T16:41:02+00:00","description":"Nos dedicamos a realizar an\u00e1lisis de alimentos, realizando un minucioso control de calidad con grandes profesionales y los \u00faltimos protocolos y t\u00e9cnicas","breadcrumb":{"@id":"https:\/\/www.hidrolab.org\/en\/laboratories\/food-analysis\/#breadcrumb"},"inLanguage":"en-GB","potentialAction":[{"@type":"ReadAction","target":["https:\/\/www.hidrolab.org\/en\/laboratories\/food-analysis\/"]}]},{"@type":"BreadcrumbList","@id":"https:\/\/www.hidrolab.org\/en\/laboratories\/food-analysis\/#breadcrumb","itemListElement":[{"@type":"ListItem","position":1,"name":"Portada","item":"https:\/\/www.hidrolab.org\/en\/"},{"@type":"ListItem","position":2,"name":"ANALYTICAL LABORATORIES","item":"https:\/\/www.hidrolab.org\/en\/laboratories\/"},{"@type":"ListItem","position":3,"name":"ANALYSIS OF FOODS"}]},{"@type":"WebSite","@id":"https:\/\/www.hidrolab.org\/en\/#website","url":"https:\/\/www.hidrolab.org\/en\/","name":"Hidrolab","description":"An\u00e1lisis de aguas","publisher":{"@id":"https:\/\/www.hidrolab.org\/en\/#organization"},"potentialAction":[{"@type":"SearchAction","target":{"@type":"EntryPoint","urlTemplate":"https:\/\/www.hidrolab.org\/en\/?s={search_term_string}"},"query-input":"required name=search_term_string"}],"inLanguage":"en-GB"},{"@type":"Organization","@id":"https:\/\/www.hidrolab.org\/en\/#organization","name":"Hidrolab","url":"https:\/\/www.hidrolab.org\/en\/","sameAs":[],"logo":{"@type":"ImageObject","inLanguage":"en-GB","@id":"https:\/\/www.hidrolab.org\/en\/#\/schema\/logo\/image\/","url":"https:\/\/www.hidrolab.org\/en\/wp-content\/uploads\/sites\/3\/2018\/08\/Logo-Completo.png","contentUrl":"https:\/\/www.hidrolab.org\/en\/wp-content\/uploads\/sites\/3\/2018\/08\/Logo-Completo.png","width":1680,"height":440,"caption":"Hidrolab"},"image":{"@id":"https:\/\/www.hidrolab.org\/en\/#\/schema\/logo\/image\/"}}]}},"_links":{"self":[{"href":"https:\/\/www.hidrolab.org\/en\/wp-json\/wp\/v2\/pages\/1546"}],"collection":[{"href":"https:\/\/www.hidrolab.org\/en\/wp-json\/wp\/v2\/pages"}],"about":[{"href":"https:\/\/www.hidrolab.org\/en\/wp-json\/wp\/v2\/types\/page"}],"author":[{"embeddable":true,"href":"https:\/\/www.hidrolab.org\/en\/wp-json\/wp\/v2\/users\/1"}],"replies":[{"embeddable":true,"href":"https:\/\/www.hidrolab.org\/en\/wp-json\/wp\/v2\/comments?post=1546"}],"version-history":[{"count":3,"href":"https:\/\/www.hidrolab.org\/en\/wp-json\/wp\/v2\/pages\/1546\/revisions"}],"predecessor-version":[{"id":2032,"href":"https:\/\/www.hidrolab.org\/en\/wp-json\/wp\/v2\/pages\/1546\/revisions\/2032"}],"up":[{"embeddable":true,"href":"https:\/\/www.hidrolab.org\/en\/wp-json\/wp\/v2\/pages\/1536"}],"wp:featuredmedia":[{"embeddable":true,"href":"https:\/\/www.hidrolab.org\/en\/wp-json\/wp\/v2\/media\/1695"}],"wp:attachment":[{"href":"https:\/\/www.hidrolab.org\/en\/wp-json\/wp\/v2\/media?parent=1546"}],"curies":[{"name":"wp","href":"https:\/\/api.w.org\/{rel}","templated":true}]}}