{"id":1544,"date":"2018-08-03T10:34:22","date_gmt":"2018-08-03T10:34:22","guid":{"rendered":"https:\/\/www.hidrolab.org\/?page_id=1544"},"modified":"2022-09-05T12:08:32","modified_gmt":"2022-09-05T10:08:32","slug":"treatability-test","status":"publish","type":"page","link":"https:\/\/www.hidrolab.org\/en\/laboratories\/treatability-test\/","title":{"rendered":"WATER, WASTEWATER AND SLUDGE TREATMENT PROCESS TRIALS"},"content":{"rendered":"\n<p> To complement analytical determinations, HIDROLAB offers the possibility of making pilot tests for the treatment of residual or supply water, as well as other environmental remediations.<\/p>\n\n\n\n<p>The results obtained in the laboratory tests serve to select the process of treatment that has the best performance\/price ratio. In this way real and reliable solutions can be found with guaranteed results to many industrial cases, generating reports with improvement yield in every parameter and the expense of chemical products and other inputs. <\/p>\n\n\n\n<p>You can consult us through the attached request by filling up with your data and making specific questions with your needs and\/or interest, and we will answer to you widely.<\/p>\n\n\n\n<p>Purification of water<\/p>\n\n\n\n<p>They are often carried out treatability test on waste waters samples. They can consist of:<\/p>\n\n\n\n<ul><li>Settling treatment test &#8211; Physical-chemical type test (comparison of different floculation agents..)&nbsp;<\/li><li>Biological treatment test of aireation with activated sludges. &nbsp;<\/li><\/ul>\n\n\n\n<p>Also we carry out flotation tests and others like nitrification, denitrification and removal of phosphorus. <\/p>\n\n\n\n<h2><strong>Sludge<\/strong><\/h2>\n\n\n\n<p>Sludges are drained and compacted for its volume reduction. Dehydration. Thermal drying. &nbsp;Inertization. &nbsp;Emission and odor removal.<\/p>\n\n\n\n<h2><strong>Drinking water<\/strong><\/h2>\n\n\n\n<p>Supply water purification methods are practiced, like settling, filtration, softening and ionic exchange, disinfection, sterilization and others. <\/p>\n\n\n\n<h2><strong>Purification of atmospheric emissions<\/strong><\/h2>\n\n\n\n<p>Test for atmospheric contaminant removal in the most approximated conditions to a real case. <\/p>\n","protected":false},"excerpt":{"rendered":"<p>To complement analytical determinations, HIDROLAB offers the possibility of making pilot tests for the treatment of residual or supply water, as well as other environmental remediations. The results obtained in the laboratory tests serve to select the process of treatment that has the best performance\/price ratio. In this way real and reliable solutions can be [&hellip;]<\/p>\n","protected":false},"author":1,"featured_media":2357,"parent":1536,"menu_order":0,"comment_status":"closed","ping_status":"closed","template":"","meta":{"_monsterinsights_skip_tracking":false,"_monsterinsights_sitenote_active":false,"_monsterinsights_sitenote_note":"","_monsterinsights_sitenote_category":0,"_genesis_hide_title":false,"_genesis_hide_breadcrumbs":false,"_genesis_hide_singular_image":false,"_genesis_hide_footer_widgets":false,"_genesis_custom_body_class":"","_genesis_custom_post_class":"","_genesis_layout":""},"yoast_head":"<!-- This site is optimized with the Yoast SEO plugin v19.6.1 - https:\/\/yoast.com\/wordpress\/plugins\/seo\/ -->\n<title>WATER, WASTEWATER AND SLUDGE TREATMENT PROCESS TRIALS - Hidrolab<\/title>\n<meta name=\"description\" content=\"Realizamos muestreos y ensayos de tratabilidad: depuraci\u00f3n de agua, lodos, aguas de consumo y depuraci\u00f3n de emisiones atmosf\u00e9ricas.\" \/>\n<meta name=\"robots\" content=\"index, follow, max-snippet:-1, max-image-preview:large, max-video-preview:-1\" \/>\n<link rel=\"canonical\" href=\"https:\/\/www.hidrolab.org\/en\/laboratories\/treatability-test\/\" \/>\n<meta property=\"og:locale\" content=\"en_GB\" \/>\n<meta property=\"og:type\" content=\"article\" \/>\n<meta property=\"og:title\" content=\"WATER, WASTEWATER AND SLUDGE TREATMENT PROCESS TRIALS - Hidrolab\" \/>\n<meta property=\"og:description\" content=\"Realizamos muestreos y ensayos de tratabilidad: depuraci\u00f3n de agua, lodos, aguas de consumo y depuraci\u00f3n de emisiones atmosf\u00e9ricas.\" \/>\n<meta property=\"og:url\" content=\"https:\/\/www.hidrolab.org\/en\/laboratories\/treatability-test\/\" \/>\n<meta property=\"og:site_name\" content=\"Hidrolab\" \/>\n<meta property=\"article:modified_time\" content=\"2022-09-05T10:08:32+00:00\" \/>\n<meta property=\"og:image\" content=\"https:\/\/www.hidrolab.org\/en\/wp-content\/uploads\/sites\/3\/2022\/09\/Ensayos-Trazabilidad-Fango-floculado-antes-de-filtrar.jpg\" \/>\n\t<meta property=\"og:image:width\" content=\"306\" \/>\n\t<meta property=\"og:image:height\" content=\"408\" \/>\n\t<meta property=\"og:image:type\" content=\"image\/jpeg\" \/>\n<meta name=\"twitter:card\" content=\"summary_large_image\" \/>\n<script type=\"application\/ld+json\" class=\"yoast-schema-graph\">{\"@context\":\"https:\/\/schema.org\",\"@graph\":[{\"@type\":\"WebPage\",\"@id\":\"https:\/\/www.hidrolab.org\/en\/laboratories\/treatability-test\/\",\"url\":\"https:\/\/www.hidrolab.org\/en\/laboratories\/treatability-test\/\",\"name\":\"WATER, WASTEWATER AND SLUDGE TREATMENT PROCESS TRIALS - Hidrolab\",\"isPartOf\":{\"@id\":\"https:\/\/www.hidrolab.org\/en\/#website\"},\"datePublished\":\"2018-08-03T10:34:22+00:00\",\"dateModified\":\"2022-09-05T10:08:32+00:00\",\"description\":\"Realizamos muestreos y ensayos de tratabilidad: depuraci\u00f3n de agua, lodos, aguas de consumo y depuraci\u00f3n de emisiones atmosf\u00e9ricas.\",\"breadcrumb\":{\"@id\":\"https:\/\/www.hidrolab.org\/en\/laboratories\/treatability-test\/#breadcrumb\"},\"inLanguage\":\"en-GB\",\"potentialAction\":[{\"@type\":\"ReadAction\",\"target\":[\"https:\/\/www.hidrolab.org\/en\/laboratories\/treatability-test\/\"]}]},{\"@type\":\"BreadcrumbList\",\"@id\":\"https:\/\/www.hidrolab.org\/en\/laboratories\/treatability-test\/#breadcrumb\",\"itemListElement\":[{\"@type\":\"ListItem\",\"position\":1,\"name\":\"Portada\",\"item\":\"https:\/\/www.hidrolab.org\/en\/\"},{\"@type\":\"ListItem\",\"position\":2,\"name\":\"ANALYTICAL LABORATORIES\",\"item\":\"https:\/\/www.hidrolab.org\/en\/laboratories\/\"},{\"@type\":\"ListItem\",\"position\":3,\"name\":\"WATER, WASTEWATER AND SLUDGE TREATMENT PROCESS TRIALS\"}]},{\"@type\":\"WebSite\",\"@id\":\"https:\/\/www.hidrolab.org\/en\/#website\",\"url\":\"https:\/\/www.hidrolab.org\/en\/\",\"name\":\"Hidrolab\",\"description\":\"An\u00e1lisis de aguas\",\"publisher\":{\"@id\":\"https:\/\/www.hidrolab.org\/en\/#organization\"},\"potentialAction\":[{\"@type\":\"SearchAction\",\"target\":{\"@type\":\"EntryPoint\",\"urlTemplate\":\"https:\/\/www.hidrolab.org\/en\/?s={search_term_string}\"},\"query-input\":\"required name=search_term_string\"}],\"inLanguage\":\"en-GB\"},{\"@type\":\"Organization\",\"@id\":\"https:\/\/www.hidrolab.org\/en\/#organization\",\"name\":\"Hidrolab\",\"url\":\"https:\/\/www.hidrolab.org\/en\/\",\"sameAs\":[],\"logo\":{\"@type\":\"ImageObject\",\"inLanguage\":\"en-GB\",\"@id\":\"https:\/\/www.hidrolab.org\/en\/#\/schema\/logo\/image\/\",\"url\":\"https:\/\/www.hidrolab.org\/en\/wp-content\/uploads\/sites\/3\/2018\/08\/Logo-Completo.png\",\"contentUrl\":\"https:\/\/www.hidrolab.org\/en\/wp-content\/uploads\/sites\/3\/2018\/08\/Logo-Completo.png\",\"width\":1680,\"height\":440,\"caption\":\"Hidrolab\"},\"image\":{\"@id\":\"https:\/\/www.hidrolab.org\/en\/#\/schema\/logo\/image\/\"}}]}<\/script>\n<!-- \/ Yoast SEO plugin. -->","yoast_head_json":{"title":"WATER, WASTEWATER AND SLUDGE TREATMENT PROCESS TRIALS - Hidrolab","description":"Realizamos muestreos y ensayos de tratabilidad: depuraci\u00f3n de agua, lodos, aguas de consumo y depuraci\u00f3n de emisiones atmosf\u00e9ricas.","robots":{"index":"index","follow":"follow","max-snippet":"max-snippet:-1","max-image-preview":"max-image-preview:large","max-video-preview":"max-video-preview:-1"},"canonical":"https:\/\/www.hidrolab.org\/en\/laboratories\/treatability-test\/","og_locale":"en_GB","og_type":"article","og_title":"WATER, WASTEWATER AND SLUDGE TREATMENT PROCESS TRIALS - Hidrolab","og_description":"Realizamos muestreos y ensayos de tratabilidad: depuraci\u00f3n de agua, lodos, aguas de consumo y depuraci\u00f3n de emisiones atmosf\u00e9ricas.","og_url":"https:\/\/www.hidrolab.org\/en\/laboratories\/treatability-test\/","og_site_name":"Hidrolab","article_modified_time":"2022-09-05T10:08:32+00:00","og_image":[{"width":306,"height":408,"url":"https:\/\/www.hidrolab.org\/en\/wp-content\/uploads\/sites\/3\/2022\/09\/Ensayos-Trazabilidad-Fango-floculado-antes-de-filtrar.jpg","type":"image\/jpeg"}],"twitter_card":"summary_large_image","schema":{"@context":"https:\/\/schema.org","@graph":[{"@type":"WebPage","@id":"https:\/\/www.hidrolab.org\/en\/laboratories\/treatability-test\/","url":"https:\/\/www.hidrolab.org\/en\/laboratories\/treatability-test\/","name":"WATER, WASTEWATER AND SLUDGE TREATMENT PROCESS TRIALS - Hidrolab","isPartOf":{"@id":"https:\/\/www.hidrolab.org\/en\/#website"},"datePublished":"2018-08-03T10:34:22+00:00","dateModified":"2022-09-05T10:08:32+00:00","description":"Realizamos muestreos y ensayos de tratabilidad: depuraci\u00f3n de agua, lodos, aguas de consumo y depuraci\u00f3n de emisiones atmosf\u00e9ricas.","breadcrumb":{"@id":"https:\/\/www.hidrolab.org\/en\/laboratories\/treatability-test\/#breadcrumb"},"inLanguage":"en-GB","potentialAction":[{"@type":"ReadAction","target":["https:\/\/www.hidrolab.org\/en\/laboratories\/treatability-test\/"]}]},{"@type":"BreadcrumbList","@id":"https:\/\/www.hidrolab.org\/en\/laboratories\/treatability-test\/#breadcrumb","itemListElement":[{"@type":"ListItem","position":1,"name":"Portada","item":"https:\/\/www.hidrolab.org\/en\/"},{"@type":"ListItem","position":2,"name":"ANALYTICAL LABORATORIES","item":"https:\/\/www.hidrolab.org\/en\/laboratories\/"},{"@type":"ListItem","position":3,"name":"WATER, WASTEWATER AND SLUDGE TREATMENT PROCESS TRIALS"}]},{"@type":"WebSite","@id":"https:\/\/www.hidrolab.org\/en\/#website","url":"https:\/\/www.hidrolab.org\/en\/","name":"Hidrolab","description":"An\u00e1lisis de aguas","publisher":{"@id":"https:\/\/www.hidrolab.org\/en\/#organization"},"potentialAction":[{"@type":"SearchAction","target":{"@type":"EntryPoint","urlTemplate":"https:\/\/www.hidrolab.org\/en\/?s={search_term_string}"},"query-input":"required name=search_term_string"}],"inLanguage":"en-GB"},{"@type":"Organization","@id":"https:\/\/www.hidrolab.org\/en\/#organization","name":"Hidrolab","url":"https:\/\/www.hidrolab.org\/en\/","sameAs":[],"logo":{"@type":"ImageObject","inLanguage":"en-GB","@id":"https:\/\/www.hidrolab.org\/en\/#\/schema\/logo\/image\/","url":"https:\/\/www.hidrolab.org\/en\/wp-content\/uploads\/sites\/3\/2018\/08\/Logo-Completo.png","contentUrl":"https:\/\/www.hidrolab.org\/en\/wp-content\/uploads\/sites\/3\/2018\/08\/Logo-Completo.png","width":1680,"height":440,"caption":"Hidrolab"},"image":{"@id":"https:\/\/www.hidrolab.org\/en\/#\/schema\/logo\/image\/"}}]}},"_links":{"self":[{"href":"https:\/\/www.hidrolab.org\/en\/wp-json\/wp\/v2\/pages\/1544"}],"collection":[{"href":"https:\/\/www.hidrolab.org\/en\/wp-json\/wp\/v2\/pages"}],"about":[{"href":"https:\/\/www.hidrolab.org\/en\/wp-json\/wp\/v2\/types\/page"}],"author":[{"embeddable":true,"href":"https:\/\/www.hidrolab.org\/en\/wp-json\/wp\/v2\/users\/1"}],"replies":[{"embeddable":true,"href":"https:\/\/www.hidrolab.org\/en\/wp-json\/wp\/v2\/comments?post=1544"}],"version-history":[{"count":7,"href":"https:\/\/www.hidrolab.org\/en\/wp-json\/wp\/v2\/pages\/1544\/revisions"}],"predecessor-version":[{"id":2358,"href":"https:\/\/www.hidrolab.org\/en\/wp-json\/wp\/v2\/pages\/1544\/revisions\/2358"}],"up":[{"embeddable":true,"href":"https:\/\/www.hidrolab.org\/en\/wp-json\/wp\/v2\/pages\/1536"}],"wp:featuredmedia":[{"embeddable":true,"href":"https:\/\/www.hidrolab.org\/en\/wp-json\/wp\/v2\/media\/2357"}],"wp:attachment":[{"href":"https:\/\/www.hidrolab.org\/en\/wp-json\/wp\/v2\/media?parent=1544"}],"curies":[{"name":"wp","href":"https:\/\/api.w.org\/{rel}","templated":true}]}}