{"id":1540,"date":"2018-08-03T10:04:00","date_gmt":"2018-08-03T10:04:00","guid":{"rendered":"https:\/\/www.hidrolab.org\/?page_id=1540"},"modified":"2022-04-17T19:48:04","modified_gmt":"2022-04-17T17:48:04","slug":"solids-muds-and-remainders","status":"publish","type":"page","link":"https:\/\/www.hidrolab.org\/en\/laboratories\/solids-muds-and-remainders\/","title":{"rendered":"Solids, sludges and industrial wastes"},"content":{"rendered":"\n<p>\n\nWe wanted to include those samples of solid type in this section as follows:&nbsp;<\/p>\n\n\n\n<h2><strong>Soils<\/strong><\/h2>\n\n\n\n<ul><li>General composition&nbsp;<\/li><li>Heavy metals&nbsp;<\/li><li>Toxic compounds like oils, hydrocarbons, phenols, etc.&nbsp;<\/li><\/ul>\n\n\n\n<h2><strong>Arids and other construction matterials&nbsp;<\/strong><\/h2>\n\n\n\n<p>They are characterized by the content of: sulfur, extractable sulphate, organic matter, dry matter, and others.<\/p>\n\n\n\n<h2><strong>Sludge of wastewater treatment plants or septic tanks<\/strong><\/h2>\n\n\n\n<p>We characterized its main properties like dry matter, volumetric index, studies of oxygen consumption, etc. All these parameters are interesting to maintain water purification.\u200b<\/p>\n\n\n\n<p>In addition, we analyzed the N-P-K wealth in nutrients like Organic Matter, Kjeldahl Nitrogen, Phosphorus, Potassium and others plus Heavy Metal concentrations. It is possible to value its aptitude as fertilizers and disposal on agriculture soils&#8230;&nbsp;<\/p>\n\n\n\n<h2><strong>Waste<\/strong><\/h2>\n\n\n\n<ul><li>In addition to composition studies, its characterization and classification according to official toxic and dangerous waste disposal norms is usual.<\/li><li>Study of leaching according to these norms.<\/li><\/ul>\n\n\n\n<h2><strong>Solid fertilizeres<\/strong><\/h2>\n\n\n\n<p><a href=\"https:\/\/www.hidrolab.org\/analisis-agricolas\">See Agricultural Analytical service<\/a>.<\/p>\n\n\n\n<h2><strong>Raw materials&nbsp;<\/strong><\/h2>\n\n\n\n<ul><li>&nbsp;Chemical composition.<\/li><li>&nbsp;Physical properties.<\/li><li>&nbsp;Hydrophysical properties.<\/li><li>&nbsp;Granulometry&nbsp;<\/li><\/ul>\n\n\n\n<h2><strong>Combustible Solids or Waste<\/strong><\/h2>\n\n\n\n<ul><li> General and specific composition to estimate its calorific power.  <\/li><\/ul>\n","protected":false},"excerpt":{"rendered":"<p>We wanted to include those samples of solid type in this section as follows:&nbsp; Soils General composition&nbsp; Heavy metals&nbsp; Toxic compounds like oils, hydrocarbons, phenols, etc.&nbsp; Arids and other construction matterials&nbsp; They are characterized by the content of: sulfur, extractable sulphate, organic matter, dry matter, and others. Sludge of wastewater treatment plants or septic tanks [&hellip;]<\/p>\n","protected":false},"author":1,"featured_media":1686,"parent":1536,"menu_order":0,"comment_status":"closed","ping_status":"closed","template":"","meta":{"_monsterinsights_skip_tracking":false,"_monsterinsights_sitenote_active":false,"_monsterinsights_sitenote_note":"","_monsterinsights_sitenote_category":0,"_genesis_hide_title":false,"_genesis_hide_breadcrumbs":false,"_genesis_hide_singular_image":false,"_genesis_hide_footer_widgets":false,"_genesis_custom_body_class":"","_genesis_custom_post_class":"","_genesis_layout":""},"yoast_head":"<!-- This site is optimized with the Yoast SEO plugin v19.6.1 - https:\/\/yoast.com\/wordpress\/plugins\/seo\/ -->\n<title>Solids, sludges and industrial wastes - Hidrolab<\/title>\n<meta name=\"description\" content=\"Ofrecemos diferentes tipos de an\u00e1lisis de s\u00f3lidos lodos y residuos. Disponemos de un avanzado laboratorio de an\u00e1lisis qu\u00edmicos certificado.\" \/>\n<meta name=\"robots\" content=\"index, follow, max-snippet:-1, max-image-preview:large, max-video-preview:-1\" \/>\n<link rel=\"canonical\" href=\"https:\/\/www.hidrolab.org\/en\/laboratories\/solids-muds-and-remainders\/\" \/>\n<meta property=\"og:locale\" content=\"en_GB\" \/>\n<meta property=\"og:type\" content=\"article\" \/>\n<meta property=\"og:title\" content=\"Solids, sludges and industrial wastes - Hidrolab\" \/>\n<meta property=\"og:description\" content=\"Ofrecemos diferentes tipos de an\u00e1lisis de s\u00f3lidos lodos y residuos. Disponemos de un avanzado laboratorio de an\u00e1lisis qu\u00edmicos certificado.\" \/>\n<meta property=\"og:url\" content=\"https:\/\/www.hidrolab.org\/en\/laboratories\/solids-muds-and-remainders\/\" \/>\n<meta property=\"og:site_name\" content=\"Hidrolab\" \/>\n<meta property=\"article:modified_time\" content=\"2022-04-17T17:48:04+00:00\" \/>\n<meta property=\"og:image\" content=\"https:\/\/www.hidrolab.org\/en\/wp-content\/uploads\/sites\/3\/2018\/08\/analisis-solidos-lodos-residuos-1.jpg\" \/>\n\t<meta property=\"og:image:width\" content=\"675\" \/>\n\t<meta property=\"og:image:height\" content=\"450\" \/>\n\t<meta property=\"og:image:type\" content=\"image\/jpeg\" \/>\n<meta name=\"twitter:card\" content=\"summary_large_image\" \/>\n<script type=\"application\/ld+json\" class=\"yoast-schema-graph\">{\"@context\":\"https:\/\/schema.org\",\"@graph\":[{\"@type\":\"WebPage\",\"@id\":\"https:\/\/www.hidrolab.org\/en\/laboratories\/solids-muds-and-remainders\/\",\"url\":\"https:\/\/www.hidrolab.org\/en\/laboratories\/solids-muds-and-remainders\/\",\"name\":\"Solids, sludges and industrial wastes - Hidrolab\",\"isPartOf\":{\"@id\":\"https:\/\/www.hidrolab.org\/en\/#website\"},\"datePublished\":\"2018-08-03T10:04:00+00:00\",\"dateModified\":\"2022-04-17T17:48:04+00:00\",\"description\":\"Ofrecemos diferentes tipos de an\u00e1lisis de s\u00f3lidos lodos y residuos. Disponemos de un avanzado laboratorio de an\u00e1lisis qu\u00edmicos certificado.\",\"breadcrumb\":{\"@id\":\"https:\/\/www.hidrolab.org\/en\/laboratories\/solids-muds-and-remainders\/#breadcrumb\"},\"inLanguage\":\"en-GB\",\"potentialAction\":[{\"@type\":\"ReadAction\",\"target\":[\"https:\/\/www.hidrolab.org\/en\/laboratories\/solids-muds-and-remainders\/\"]}]},{\"@type\":\"BreadcrumbList\",\"@id\":\"https:\/\/www.hidrolab.org\/en\/laboratories\/solids-muds-and-remainders\/#breadcrumb\",\"itemListElement\":[{\"@type\":\"ListItem\",\"position\":1,\"name\":\"Portada\",\"item\":\"https:\/\/www.hidrolab.org\/en\/\"},{\"@type\":\"ListItem\",\"position\":2,\"name\":\"ANALYTICAL LABORATORIES\",\"item\":\"https:\/\/www.hidrolab.org\/en\/laboratories\/\"},{\"@type\":\"ListItem\",\"position\":3,\"name\":\"Solids, sludges and industrial wastes\"}]},{\"@type\":\"WebSite\",\"@id\":\"https:\/\/www.hidrolab.org\/en\/#website\",\"url\":\"https:\/\/www.hidrolab.org\/en\/\",\"name\":\"Hidrolab\",\"description\":\"An\u00e1lisis de aguas\",\"publisher\":{\"@id\":\"https:\/\/www.hidrolab.org\/en\/#organization\"},\"potentialAction\":[{\"@type\":\"SearchAction\",\"target\":{\"@type\":\"EntryPoint\",\"urlTemplate\":\"https:\/\/www.hidrolab.org\/en\/?s={search_term_string}\"},\"query-input\":\"required name=search_term_string\"}],\"inLanguage\":\"en-GB\"},{\"@type\":\"Organization\",\"@id\":\"https:\/\/www.hidrolab.org\/en\/#organization\",\"name\":\"Hidrolab\",\"url\":\"https:\/\/www.hidrolab.org\/en\/\",\"sameAs\":[],\"logo\":{\"@type\":\"ImageObject\",\"inLanguage\":\"en-GB\",\"@id\":\"https:\/\/www.hidrolab.org\/en\/#\/schema\/logo\/image\/\",\"url\":\"https:\/\/www.hidrolab.org\/en\/wp-content\/uploads\/sites\/3\/2018\/08\/Logo-Completo.png\",\"contentUrl\":\"https:\/\/www.hidrolab.org\/en\/wp-content\/uploads\/sites\/3\/2018\/08\/Logo-Completo.png\",\"width\":1680,\"height\":440,\"caption\":\"Hidrolab\"},\"image\":{\"@id\":\"https:\/\/www.hidrolab.org\/en\/#\/schema\/logo\/image\/\"}}]}<\/script>\n<!-- \/ Yoast SEO plugin. -->","yoast_head_json":{"title":"Solids, sludges and industrial wastes - Hidrolab","description":"Ofrecemos diferentes tipos de an\u00e1lisis de s\u00f3lidos lodos y residuos. Disponemos de un avanzado laboratorio de an\u00e1lisis qu\u00edmicos certificado.","robots":{"index":"index","follow":"follow","max-snippet":"max-snippet:-1","max-image-preview":"max-image-preview:large","max-video-preview":"max-video-preview:-1"},"canonical":"https:\/\/www.hidrolab.org\/en\/laboratories\/solids-muds-and-remainders\/","og_locale":"en_GB","og_type":"article","og_title":"Solids, sludges and industrial wastes - Hidrolab","og_description":"Ofrecemos diferentes tipos de an\u00e1lisis de s\u00f3lidos lodos y residuos. Disponemos de un avanzado laboratorio de an\u00e1lisis qu\u00edmicos certificado.","og_url":"https:\/\/www.hidrolab.org\/en\/laboratories\/solids-muds-and-remainders\/","og_site_name":"Hidrolab","article_modified_time":"2022-04-17T17:48:04+00:00","og_image":[{"width":675,"height":450,"url":"https:\/\/www.hidrolab.org\/en\/wp-content\/uploads\/sites\/3\/2018\/08\/analisis-solidos-lodos-residuos-1.jpg","type":"image\/jpeg"}],"twitter_card":"summary_large_image","schema":{"@context":"https:\/\/schema.org","@graph":[{"@type":"WebPage","@id":"https:\/\/www.hidrolab.org\/en\/laboratories\/solids-muds-and-remainders\/","url":"https:\/\/www.hidrolab.org\/en\/laboratories\/solids-muds-and-remainders\/","name":"Solids, sludges and industrial wastes - Hidrolab","isPartOf":{"@id":"https:\/\/www.hidrolab.org\/en\/#website"},"datePublished":"2018-08-03T10:04:00+00:00","dateModified":"2022-04-17T17:48:04+00:00","description":"Ofrecemos diferentes tipos de an\u00e1lisis de s\u00f3lidos lodos y residuos. Disponemos de un avanzado laboratorio de an\u00e1lisis qu\u00edmicos certificado.","breadcrumb":{"@id":"https:\/\/www.hidrolab.org\/en\/laboratories\/solids-muds-and-remainders\/#breadcrumb"},"inLanguage":"en-GB","potentialAction":[{"@type":"ReadAction","target":["https:\/\/www.hidrolab.org\/en\/laboratories\/solids-muds-and-remainders\/"]}]},{"@type":"BreadcrumbList","@id":"https:\/\/www.hidrolab.org\/en\/laboratories\/solids-muds-and-remainders\/#breadcrumb","itemListElement":[{"@type":"ListItem","position":1,"name":"Portada","item":"https:\/\/www.hidrolab.org\/en\/"},{"@type":"ListItem","position":2,"name":"ANALYTICAL LABORATORIES","item":"https:\/\/www.hidrolab.org\/en\/laboratories\/"},{"@type":"ListItem","position":3,"name":"Solids, sludges and industrial wastes"}]},{"@type":"WebSite","@id":"https:\/\/www.hidrolab.org\/en\/#website","url":"https:\/\/www.hidrolab.org\/en\/","name":"Hidrolab","description":"An\u00e1lisis de aguas","publisher":{"@id":"https:\/\/www.hidrolab.org\/en\/#organization"},"potentialAction":[{"@type":"SearchAction","target":{"@type":"EntryPoint","urlTemplate":"https:\/\/www.hidrolab.org\/en\/?s={search_term_string}"},"query-input":"required name=search_term_string"}],"inLanguage":"en-GB"},{"@type":"Organization","@id":"https:\/\/www.hidrolab.org\/en\/#organization","name":"Hidrolab","url":"https:\/\/www.hidrolab.org\/en\/","sameAs":[],"logo":{"@type":"ImageObject","inLanguage":"en-GB","@id":"https:\/\/www.hidrolab.org\/en\/#\/schema\/logo\/image\/","url":"https:\/\/www.hidrolab.org\/en\/wp-content\/uploads\/sites\/3\/2018\/08\/Logo-Completo.png","contentUrl":"https:\/\/www.hidrolab.org\/en\/wp-content\/uploads\/sites\/3\/2018\/08\/Logo-Completo.png","width":1680,"height":440,"caption":"Hidrolab"},"image":{"@id":"https:\/\/www.hidrolab.org\/en\/#\/schema\/logo\/image\/"}}]}},"_links":{"self":[{"href":"https:\/\/www.hidrolab.org\/en\/wp-json\/wp\/v2\/pages\/1540"}],"collection":[{"href":"https:\/\/www.hidrolab.org\/en\/wp-json\/wp\/v2\/pages"}],"about":[{"href":"https:\/\/www.hidrolab.org\/en\/wp-json\/wp\/v2\/types\/page"}],"author":[{"embeddable":true,"href":"https:\/\/www.hidrolab.org\/en\/wp-json\/wp\/v2\/users\/1"}],"replies":[{"embeddable":true,"href":"https:\/\/www.hidrolab.org\/en\/wp-json\/wp\/v2\/comments?post=1540"}],"version-history":[{"count":11,"href":"https:\/\/www.hidrolab.org\/en\/wp-json\/wp\/v2\/pages\/1540\/revisions"}],"predecessor-version":[{"id":2303,"href":"https:\/\/www.hidrolab.org\/en\/wp-json\/wp\/v2\/pages\/1540\/revisions\/2303"}],"up":[{"embeddable":true,"href":"https:\/\/www.hidrolab.org\/en\/wp-json\/wp\/v2\/pages\/1536"}],"wp:featuredmedia":[{"embeddable":true,"href":"https:\/\/www.hidrolab.org\/en\/wp-json\/wp\/v2\/media\/1686"}],"wp:attachment":[{"href":"https:\/\/www.hidrolab.org\/en\/wp-json\/wp\/v2\/media?parent=1540"}],"curies":[{"name":"wp","href":"https:\/\/api.w.org\/{rel}","templated":true}]}}