{"id":1534,"date":"2018-08-03T09:55:06","date_gmt":"2018-08-03T07:55:06","guid":{"rendered":"https:\/\/www.hidrolab.org\/?page_id=1534"},"modified":"2022-04-17T19:24:56","modified_gmt":"2022-04-17T17:24:56","slug":"company","status":"publish","type":"page","link":"https:\/\/www.hidrolab.org\/en\/company\/","title":{"rendered":"Company"},"content":{"rendered":"\t\t<div data-elementor-type=\"wp-post\" data-elementor-id=\"1534\" class=\"elementor elementor-1534\">\n\t\t\t\t\t\t<div class=\"elementor-inner\">\n\t\t\t\t<div class=\"elementor-section-wrap\">\n\t\t\t\t\t\t\t\t\t<section class=\"elementor-section elementor-top-section elementor-element elementor-element-4c23e6a elementor-section-boxed elementor-section-height-default elementor-section-height-default\" data-id=\"4c23e6a\" data-element_type=\"section\">\n\t\t\t\t\t\t<div class=\"elementor-container elementor-column-gap-default\">\n\t\t\t\t\t\t\t<div class=\"elementor-row\">\n\t\t\t\t\t<div class=\"elementor-column elementor-col-50 elementor-top-column elementor-element elementor-element-3fd109f\" data-id=\"3fd109f\" data-element_type=\"column\">\n\t\t\t<div class=\"elementor-column-wrap elementor-element-populated\">\n\t\t\t\t\t\t\t<div class=\"elementor-widget-wrap\">\n\t\t\t\t\t\t<div class=\"elementor-element elementor-element-43f195d elementor-widget elementor-widget-text-editor\" data-id=\"43f195d\" data-element_type=\"widget\" data-widget_type=\"text-editor.default\">\n\t\t\t\t<div class=\"elementor-widget-container\">\n\t\t\t\t\t\t\t\t<div class=\"elementor-text-editor elementor-clearfix\">\n\t\t\t\t<p>Hidrolab offers to you the experience over 30 years in most of its activities, when have developed rendering special care on quality and adapting it to every budget as possible.\u00a0<\/p><div><p>The company is located in an industrial facility of more than 1500 m2, at the center of a great industrial area considered like a model, in order to cover their increasing equipment needs and supplies.<\/p><\/div><h2>Our activities are grouped in the following divisions:<\/h2><h3><span style=\"color: #0000ff;\">Laboratories of Chemical and Microbiological Analytical Services:<\/span><\/h3><p>The study of any problematic subject related to the quality and environment can be undertaken: Water, Soils, Dust and Gas Emission and Inmission. We normally make Analyses of Foods, Fertilyzers, Compost, Wastes and almost any type of sample.<\/p><h3><span style=\"color: #0000ff;\"><strong>Water treatment, processes, equipment and systems:<\/strong><\/span><\/h3><p>From technical advisement to projects execution, mainly for industrial wastewater treatment and water supply purification sector: also sludge treatment, water reuse, etc. We can guarantee the success of every proposal in this activity \u00a0because we always make trials in the laboratory for getting reliable both data and results before the design and execution of every solution.\u00a0<\/p><h3><span style=\"color: #0000ff;\"><strong>Automatic instrumentation of measurement:<\/strong><\/span><\/h3><p>Hidrolab develops and supplies instrumentation systems of continuous quality measurement and environmental monitoring equipment that are completed with supplies of the best recognized firms of the market. They are applied for the sampling and\/or continuous measurement\/recording of Water Quality, Gas Analyzers and Weather \/ Agronomic instrumentation.\u00a0<\/p>\t\t\t\t\t<\/div>\n\t\t\t\t\t\t<\/div>\n\t\t\t\t<\/div>\n\t\t\t\t\t\t<\/div>\n\t\t\t\t\t<\/div>\n\t\t<\/div>\n\t\t\t\t<div class=\"elementor-column elementor-col-50 elementor-top-column elementor-element elementor-element-272ff9c\" data-id=\"272ff9c\" data-element_type=\"column\">\n\t\t\t<div class=\"elementor-column-wrap elementor-element-populated\">\n\t\t\t\t\t\t\t<div class=\"elementor-widget-wrap\">\n\t\t\t\t\t\t<div class=\"elementor-element elementor-element-2eb1afe elementor-widget elementor-widget-image\" data-id=\"2eb1afe\" data-element_type=\"widget\" data-widget_type=\"image.default\">\n\t\t\t\t<div class=\"elementor-widget-container\">\n\t\t\t\t\t\t\t\t<div class=\"elementor-image\">\n\t\t\t\t\t\t\t\t\t\t\t\t<img width=\"259\" height=\"192\" src=\"https:\/\/www.hidrolab.org\/en\/wp-content\/uploads\/sites\/3\/2019\/01\/hidrolab-fachada-del-laboratorio.jpg\" class=\"attachment-large size-large\" alt=\"Fachada de Hidrolab\" loading=\"lazy\" \/>\t\t\t\t\t\t\t\t\t\t\t\t\t\t<\/div>\n\t\t\t\t\t\t<\/div>\n\t\t\t\t<\/div>\n\t\t\t\t<div class=\"elementor-element elementor-element-e329557 elementor-widget elementor-widget-image\" data-id=\"e329557\" data-element_type=\"widget\" data-widget_type=\"image.default\">\n\t\t\t\t<div class=\"elementor-widget-container\">\n\t\t\t\t\t\t\t\t<div class=\"elementor-image\">\n\t\t\t\t\t\t\t\t\t\t\t\t<img width=\"268\" height=\"131\" src=\"https:\/\/www.hidrolab.org\/en\/wp-content\/uploads\/sites\/3\/2019\/01\/hidrolab-automoviles-frente-a-fachada.jpg\" class=\"attachment-large size-large\" alt=\"Puerta principal de Hidrolab\" loading=\"lazy\" \/>\t\t\t\t\t\t\t\t\t\t\t\t\t\t<\/div>\n\t\t\t\t\t\t<\/div>\n\t\t\t\t<\/div>\n\t\t\t\t<div class=\"elementor-element elementor-element-1a4263f elementor-widget elementor-widget-image\" data-id=\"1a4263f\" data-element_type=\"widget\" data-widget_type=\"image.default\">\n\t\t\t\t<div class=\"elementor-widget-container\">\n\t\t\t\t\t\t\t\t<div class=\"elementor-image\">\n\t\t\t\t\t\t\t\t\t\t\t\t<img width=\"259\" height=\"192\" src=\"https:\/\/www.hidrolab.org\/en\/wp-content\/uploads\/sites\/3\/2019\/01\/hidrolab-personas-en-oficina.jpg\" class=\"attachment-large size-large\" alt=\"Oficinas de Hidrolab con personas trabajando\" loading=\"lazy\" \/>\t\t\t\t\t\t\t\t\t\t\t\t\t\t<\/div>\n\t\t\t\t\t\t<\/div>\n\t\t\t\t<\/div>\n\t\t\t\t<div class=\"elementor-element elementor-element-6e2ade5 elementor-widget elementor-widget-image\" data-id=\"6e2ade5\" data-element_type=\"widget\" data-widget_type=\"image.default\">\n\t\t\t\t<div class=\"elementor-widget-container\">\n\t\t\t\t\t\t\t\t<div class=\"elementor-image\">\n\t\t\t\t\t\t\t\t\t\t\t\t<img width=\"259\" height=\"192\" src=\"https:\/\/www.hidrolab.org\/en\/wp-content\/uploads\/sites\/3\/2019\/01\/hidrolab-oficinas.jpg\" class=\"attachment-large size-large\" alt=\"Oficinas de Hidrolab\" loading=\"lazy\" \/>\t\t\t\t\t\t\t\t\t\t\t\t\t\t<\/div>\n\t\t\t\t\t\t<\/div>\n\t\t\t\t<\/div>\n\t\t\t\t<div class=\"elementor-element elementor-element-3c83344 elementor-widget elementor-widget-image\" data-id=\"3c83344\" data-element_type=\"widget\" data-widget_type=\"image.default\">\n\t\t\t\t<div class=\"elementor-widget-container\">\n\t\t\t\t\t\t\t\t<div class=\"elementor-image\">\n\t\t\t\t\t\t\t\t\t\t\t\t<img width=\"259\" height=\"192\" src=\"https:\/\/www.hidrolab.org\/en\/wp-content\/uploads\/sites\/3\/2019\/01\/hidrolab-frascos-para-analisis-quimicos.jpg\" class=\"attachment-large size-large\" alt=\"Frascos de an\u00e1lisis qu\u00edmicos de Hidrolab\" loading=\"lazy\" \/>\t\t\t\t\t\t\t\t\t\t\t\t\t\t<\/div>\n\t\t\t\t\t\t<\/div>\n\t\t\t\t<\/div>\n\t\t\t\t\t\t<\/div>\n\t\t\t\t\t<\/div>\n\t\t<\/div>\n\t\t\t\t\t\t\t\t<\/div>\n\t\t\t\t\t<\/div>\n\t\t<\/section>\n\t\t\t\t\t\t\t\t\t<\/div>\n\t\t\t<\/div>\n\t\t\t\t\t<\/div>\n\t\t","protected":false},"excerpt":{"rendered":"<p>Hidrolab offers to you the experience over 30 years in most of its activities, when have developed rendering special care on quality and adapting it to every budget as possible.&nbsp; The company is located in an industrial facility of more than 1500 m2, at the center of a great industrial area considered like a model, [&hellip;]<\/p>\n","protected":false},"author":1,"featured_media":1665,"parent":0,"menu_order":0,"comment_status":"closed","ping_status":"closed","template":"","meta":{"_monsterinsights_skip_tracking":false,"_monsterinsights_sitenote_active":false,"_monsterinsights_sitenote_note":"","_monsterinsights_sitenote_category":0,"_genesis_hide_title":false,"_genesis_hide_breadcrumbs":false,"_genesis_hide_singular_image":false,"_genesis_hide_footer_widgets":false,"_genesis_custom_body_class":"","_genesis_custom_post_class":"","_genesis_layout":"full-width-content"},"yoast_head":"<!-- This site is optimized with the Yoast SEO plugin v19.6.1 - https:\/\/yoast.com\/wordpress\/plugins\/seo\/ -->\n<title>Company - Hidrolab<\/title>\n<meta name=\"description\" content=\"Hidrolab cuenta m\u00e1s de 20 a\u00f1os de experiencia en todo lo relacionado con el an\u00e1lisis de agua, qu\u00edmicos , lodos, polvo, residuos y microbiol\u00f3gicos\" \/>\n<meta name=\"robots\" content=\"index, follow, max-snippet:-1, max-image-preview:large, max-video-preview:-1\" \/>\n<link rel=\"canonical\" href=\"https:\/\/www.hidrolab.org\/en\/company\/\" \/>\n<meta property=\"og:locale\" content=\"en_GB\" \/>\n<meta property=\"og:type\" content=\"article\" \/>\n<meta property=\"og:title\" content=\"Company - Hidrolab\" \/>\n<meta property=\"og:description\" content=\"Hidrolab cuenta m\u00e1s de 20 a\u00f1os de experiencia en todo lo relacionado con el an\u00e1lisis de agua, qu\u00edmicos , lodos, polvo, residuos y microbiol\u00f3gicos\" \/>\n<meta property=\"og:url\" content=\"https:\/\/www.hidrolab.org\/en\/company\/\" \/>\n<meta property=\"og:site_name\" content=\"Hidrolab\" \/>\n<meta property=\"article:modified_time\" content=\"2022-04-17T17:24:56+00:00\" \/>\n<meta property=\"og:image\" content=\"https:\/\/www.hidrolab.org\/en\/wp-content\/uploads\/sites\/3\/2018\/08\/laboratorio-hidrolab.jpg\" \/>\n\t<meta property=\"og:image:width\" content=\"900\" \/>\n\t<meta property=\"og:image:height\" content=\"600\" \/>\n\t<meta property=\"og:image:type\" content=\"image\/jpeg\" \/>\n<meta name=\"twitter:card\" content=\"summary_large_image\" \/>\n<script type=\"application\/ld+json\" class=\"yoast-schema-graph\">{\"@context\":\"https:\/\/schema.org\",\"@graph\":[{\"@type\":\"WebPage\",\"@id\":\"https:\/\/www.hidrolab.org\/en\/company\/\",\"url\":\"https:\/\/www.hidrolab.org\/en\/company\/\",\"name\":\"Company - Hidrolab\",\"isPartOf\":{\"@id\":\"https:\/\/www.hidrolab.org\/en\/#website\"},\"datePublished\":\"2018-08-03T07:55:06+00:00\",\"dateModified\":\"2022-04-17T17:24:56+00:00\",\"description\":\"Hidrolab cuenta m\u00e1s de 20 a\u00f1os de experiencia en todo lo relacionado con el an\u00e1lisis de agua, qu\u00edmicos , lodos, polvo, residuos y microbiol\u00f3gicos\",\"breadcrumb\":{\"@id\":\"https:\/\/www.hidrolab.org\/en\/company\/#breadcrumb\"},\"inLanguage\":\"en-GB\",\"potentialAction\":[{\"@type\":\"ReadAction\",\"target\":[\"https:\/\/www.hidrolab.org\/en\/company\/\"]}]},{\"@type\":\"BreadcrumbList\",\"@id\":\"https:\/\/www.hidrolab.org\/en\/company\/#breadcrumb\",\"itemListElement\":[{\"@type\":\"ListItem\",\"position\":1,\"name\":\"Portada\",\"item\":\"https:\/\/www.hidrolab.org\/en\/\"},{\"@type\":\"ListItem\",\"position\":2,\"name\":\"Company\"}]},{\"@type\":\"WebSite\",\"@id\":\"https:\/\/www.hidrolab.org\/en\/#website\",\"url\":\"https:\/\/www.hidrolab.org\/en\/\",\"name\":\"Hidrolab\",\"description\":\"An\u00e1lisis de aguas\",\"publisher\":{\"@id\":\"https:\/\/www.hidrolab.org\/en\/#organization\"},\"potentialAction\":[{\"@type\":\"SearchAction\",\"target\":{\"@type\":\"EntryPoint\",\"urlTemplate\":\"https:\/\/www.hidrolab.org\/en\/?s={search_term_string}\"},\"query-input\":\"required name=search_term_string\"}],\"inLanguage\":\"en-GB\"},{\"@type\":\"Organization\",\"@id\":\"https:\/\/www.hidrolab.org\/en\/#organization\",\"name\":\"Hidrolab\",\"url\":\"https:\/\/www.hidrolab.org\/en\/\",\"sameAs\":[],\"logo\":{\"@type\":\"ImageObject\",\"inLanguage\":\"en-GB\",\"@id\":\"https:\/\/www.hidrolab.org\/en\/#\/schema\/logo\/image\/\",\"url\":\"https:\/\/www.hidrolab.org\/en\/wp-content\/uploads\/sites\/3\/2018\/08\/Logo-Completo.png\",\"contentUrl\":\"https:\/\/www.hidrolab.org\/en\/wp-content\/uploads\/sites\/3\/2018\/08\/Logo-Completo.png\",\"width\":1680,\"height\":440,\"caption\":\"Hidrolab\"},\"image\":{\"@id\":\"https:\/\/www.hidrolab.org\/en\/#\/schema\/logo\/image\/\"}}]}<\/script>\n<!-- \/ Yoast SEO plugin. -->","yoast_head_json":{"title":"Company - Hidrolab","description":"Hidrolab cuenta m\u00e1s de 20 a\u00f1os de experiencia en todo lo relacionado con el an\u00e1lisis de agua, qu\u00edmicos , lodos, polvo, residuos y microbiol\u00f3gicos","robots":{"index":"index","follow":"follow","max-snippet":"max-snippet:-1","max-image-preview":"max-image-preview:large","max-video-preview":"max-video-preview:-1"},"canonical":"https:\/\/www.hidrolab.org\/en\/company\/","og_locale":"en_GB","og_type":"article","og_title":"Company - Hidrolab","og_description":"Hidrolab cuenta m\u00e1s de 20 a\u00f1os de experiencia en todo lo relacionado con el an\u00e1lisis de agua, qu\u00edmicos , lodos, polvo, residuos y microbiol\u00f3gicos","og_url":"https:\/\/www.hidrolab.org\/en\/company\/","og_site_name":"Hidrolab","article_modified_time":"2022-04-17T17:24:56+00:00","og_image":[{"width":900,"height":600,"url":"https:\/\/www.hidrolab.org\/en\/wp-content\/uploads\/sites\/3\/2018\/08\/laboratorio-hidrolab.jpg","type":"image\/jpeg"}],"twitter_card":"summary_large_image","schema":{"@context":"https:\/\/schema.org","@graph":[{"@type":"WebPage","@id":"https:\/\/www.hidrolab.org\/en\/company\/","url":"https:\/\/www.hidrolab.org\/en\/company\/","name":"Company - Hidrolab","isPartOf":{"@id":"https:\/\/www.hidrolab.org\/en\/#website"},"datePublished":"2018-08-03T07:55:06+00:00","dateModified":"2022-04-17T17:24:56+00:00","description":"Hidrolab cuenta m\u00e1s de 20 a\u00f1os de experiencia en todo lo relacionado con el an\u00e1lisis de agua, qu\u00edmicos , lodos, polvo, residuos y microbiol\u00f3gicos","breadcrumb":{"@id":"https:\/\/www.hidrolab.org\/en\/company\/#breadcrumb"},"inLanguage":"en-GB","potentialAction":[{"@type":"ReadAction","target":["https:\/\/www.hidrolab.org\/en\/company\/"]}]},{"@type":"BreadcrumbList","@id":"https:\/\/www.hidrolab.org\/en\/company\/#breadcrumb","itemListElement":[{"@type":"ListItem","position":1,"name":"Portada","item":"https:\/\/www.hidrolab.org\/en\/"},{"@type":"ListItem","position":2,"name":"Company"}]},{"@type":"WebSite","@id":"https:\/\/www.hidrolab.org\/en\/#website","url":"https:\/\/www.hidrolab.org\/en\/","name":"Hidrolab","description":"An\u00e1lisis de aguas","publisher":{"@id":"https:\/\/www.hidrolab.org\/en\/#organization"},"potentialAction":[{"@type":"SearchAction","target":{"@type":"EntryPoint","urlTemplate":"https:\/\/www.hidrolab.org\/en\/?s={search_term_string}"},"query-input":"required name=search_term_string"}],"inLanguage":"en-GB"},{"@type":"Organization","@id":"https:\/\/www.hidrolab.org\/en\/#organization","name":"Hidrolab","url":"https:\/\/www.hidrolab.org\/en\/","sameAs":[],"logo":{"@type":"ImageObject","inLanguage":"en-GB","@id":"https:\/\/www.hidrolab.org\/en\/#\/schema\/logo\/image\/","url":"https:\/\/www.hidrolab.org\/en\/wp-content\/uploads\/sites\/3\/2018\/08\/Logo-Completo.png","contentUrl":"https:\/\/www.hidrolab.org\/en\/wp-content\/uploads\/sites\/3\/2018\/08\/Logo-Completo.png","width":1680,"height":440,"caption":"Hidrolab"},"image":{"@id":"https:\/\/www.hidrolab.org\/en\/#\/schema\/logo\/image\/"}}]}},"_links":{"self":[{"href":"https:\/\/www.hidrolab.org\/en\/wp-json\/wp\/v2\/pages\/1534"}],"collection":[{"href":"https:\/\/www.hidrolab.org\/en\/wp-json\/wp\/v2\/pages"}],"about":[{"href":"https:\/\/www.hidrolab.org\/en\/wp-json\/wp\/v2\/types\/page"}],"author":[{"embeddable":true,"href":"https:\/\/www.hidrolab.org\/en\/wp-json\/wp\/v2\/users\/1"}],"replies":[{"embeddable":true,"href":"https:\/\/www.hidrolab.org\/en\/wp-json\/wp\/v2\/comments?post=1534"}],"version-history":[{"count":41,"href":"https:\/\/www.hidrolab.org\/en\/wp-json\/wp\/v2\/pages\/1534\/revisions"}],"predecessor-version":[{"id":2300,"href":"https:\/\/www.hidrolab.org\/en\/wp-json\/wp\/v2\/pages\/1534\/revisions\/2300"}],"wp:featuredmedia":[{"embeddable":true,"href":"https:\/\/www.hidrolab.org\/en\/wp-json\/wp\/v2\/media\/1665"}],"wp:attachment":[{"href":"https:\/\/www.hidrolab.org\/en\/wp-json\/wp\/v2\/media?parent=1534"}],"curies":[{"name":"wp","href":"https:\/\/api.w.org\/{rel}","templated":true}]}}